{"id":18132,"date":"2022-04-08T17:32:24","date_gmt":"2022-04-08T15:32:24","guid":{"rendered":"https:\/\/www.technic-toys.com\/izdelek\/policijski-vojaski-patruljni-coln-406-brez-krtack-750-mm-rtr\/"},"modified":"2024-12-04T19:02:42","modified_gmt":"2024-12-04T18:02:42","slug":"policijski-vojaski-patruljni-coln-406-brez-krtack-750-mm-rtr","status":"publish","type":"product","link":"https:\/\/www.technic-toys.com\/en\/izdelek\/policijski-vojaski-patruljni-coln-406-brez-krtack-750-mm-rtr\/","title":{"rendered":"Policijski\/voja\u0161ki patruljni \u010doln 406 brez krta\u010dk, 750 mm, RTR"},"content":{"rendered":"<p>Patruljni \u010doln 406 Lepa in ro\u010dno izdelana replika znanega patruljnega \u010dolna tipa 406, ki ga na \u0161tevilnih oceanih uporabljata policija in mornarica. Trup je izdelan iz robustnih steklenih vlaken. Pobarvan svetlo modro nad vodno \u010drto. Posledi\u010dno se plemenit videz \u010distega in ljube\u010de obdelanega \u010dolna \u0161e bolje poka\u017ee. Krov je izdelan iz pravega lesa z realisti\u010dnim videzom ladijske deske. Zmogljiv brezkrta\u010dni motor je vodno hlajen, pogon in krmilo sta iz nerjave\u010dega jekla ali aluminija. \u010coln je dostavljen RTR (Ready to Run). Sodoben, digitalni radijski daljinski upravljalnik 2,4 GHz omogo\u010da upravljanje brez motenj. Tehni\u010dni podatki: Dol\u017eina: 715 mm (28&#8221;) \u0160irina: 215 mm Vi\u0161ina 195 mm Material ohi\u0161ja \u010dolna: Fiberglass Material krova \u010dolna: WoodMotor: brezkrta\u010dni, 1620 kv, vodno hlajen cooledDaljinski upravljalnik: 2,4 GHz, FS -GT2, digitalni Obseg dobave: 1 x patruljni \u010doln 4061 x ladijsko stojalo 1 x daljinski upravljalnik za pi\u0161tolo FS-GT2 z 2,4 GHz 1 x monta\u017eni klju\u010d 3 x \u0161estrobni klju\u010d 1 x navodila za uporabo (engl.) Potrebna dodatna oprema: Baterija: 4S -4500mAh LiPo ali ve\u010d 8 x 1,5 V AA mignon baterije (daljinski upravljalnik)<\/p>\n","protected":false},"excerpt":{"rendered":"<p>Patruljni \u010doln 406 Lepa in ro\u010dno izdelana replika znanega patruljnega \u010dolna tipa 406, ki ga na \u0161tevilnih oceanih uporabljata policija in mornarica. Trup je izdelan iz robustnih steklenih vlaken. Pobarvan svetlo modro nad vodno \u010drto. Posledi\u010dno se plemenit videz \u010distega in ljube\u010de obdelanega \u010dolna \u0161e bolje poka\u017ee. Krov je izdelan iz pravega lesa z realisti\u010dnim [&hellip;]<\/p>\n","protected":false},"featured_media":18133,"template":"","meta":[],"product_cat":[364,387],"product_tag":[],"acf":[],"yoast_head":"<!-- This site is optimized with the Yoast SEO plugin v21.7 - https:\/\/yoast.com\/wordpress\/plugins\/seo\/ -->\n<title>Policijski\/voja\u0161ki patruljni \u010doln 406 brez krta\u010dk, 750 mm, RTR - TECHNIC-TOYS.com<\/title>\n<meta name=\"robots\" content=\"index, follow, max-snippet:-1, max-image-preview:large, max-video-preview:-1\" \/>\n<link rel=\"canonical\" href=\"https:\/\/www.technic-toys.com\/izdelek\/policijski-vojaski-patruljni-coln-406-brez-krtack-750-mm-rtr\/\" \/>\n<meta property=\"og:locale\" content=\"en_US\" \/>\n<meta property=\"og:type\" content=\"article\" \/>\n<meta property=\"og:title\" content=\"Policijski\/voja\u0161ki patruljni \u010doln 406 brez krta\u010dk, 750 mm, RTR - TECHNIC-TOYS.com\" \/>\n<meta property=\"og:description\" content=\"Patruljni \u010doln 406 Lepa in ro\u010dno izdelana replika znanega patruljnega \u010dolna tipa 406, ki ga na \u0161tevilnih oceanih uporabljata policija in mornarica. Trup je izdelan iz robustnih steklenih vlaken. Pobarvan svetlo modro nad vodno \u010drto. Posledi\u010dno se plemenit videz \u010distega in ljube\u010de obdelanega \u010dolna \u0161e bolje poka\u017ee. Krov je izdelan iz pravega lesa z realisti\u010dnim [&hellip;]\" \/>\n<meta property=\"og:url\" content=\"https:\/\/www.technic-toys.com\/izdelek\/policijski-vojaski-patruljni-coln-406-brez-krtack-750-mm-rtr\/\" \/>\n<meta property=\"og:site_name\" content=\"TECHNIC-TOYS.com\" \/>\n<meta property=\"article:modified_time\" content=\"2024-12-04T18:02:42+00:00\" \/>\n<meta property=\"og:image\" content=\"https:\/\/www.technic-toys.com\/wp-content\/uploads\/2022\/04\/26040.jpg\" \/>\n\t<meta property=\"og:image:width\" content=\"2560\" \/>\n\t<meta property=\"og:image:height\" content=\"1468\" \/>\n\t<meta property=\"og:image:type\" content=\"image\/jpeg\" \/>\n<meta name=\"twitter:card\" content=\"summary_large_image\" \/>\n<meta name=\"twitter:label1\" content=\"Est. reading time\" \/>\n\t<meta name=\"twitter:data1\" content=\"1 minute\" \/>\n<script type=\"application\/ld+json\" class=\"yoast-schema-graph\">{\"@context\":\"https:\/\/schema.org\",\"@graph\":[{\"@type\":\"WebPage\",\"@id\":\"https:\/\/www.technic-toys.com\/izdelek\/policijski-vojaski-patruljni-coln-406-brez-krtack-750-mm-rtr\/\",\"url\":\"https:\/\/www.technic-toys.com\/izdelek\/policijski-vojaski-patruljni-coln-406-brez-krtack-750-mm-rtr\/\",\"name\":\"Policijski\/voja\u0161ki patruljni \u010doln 406 brez krta\u010dk, 750 mm, RTR - TECHNIC-TOYS.com\",\"isPartOf\":{\"@id\":\"https:\/\/www.technic-toys.com\/en\/#website\"},\"datePublished\":\"2022-04-08T15:32:24+00:00\",\"dateModified\":\"2024-12-04T18:02:42+00:00\",\"breadcrumb\":{\"@id\":\"https:\/\/www.technic-toys.com\/izdelek\/policijski-vojaski-patruljni-coln-406-brez-krtack-750-mm-rtr\/#breadcrumb\"},\"inLanguage\":\"en-US\",\"potentialAction\":[{\"@type\":\"ReadAction\",\"target\":[\"https:\/\/www.technic-toys.com\/izdelek\/policijski-vojaski-patruljni-coln-406-brez-krtack-750-mm-rtr\/\"]}]},{\"@type\":\"BreadcrumbList\",\"@id\":\"https:\/\/www.technic-toys.com\/izdelek\/policijski-vojaski-patruljni-coln-406-brez-krtack-750-mm-rtr\/#breadcrumb\",\"itemListElement\":[{\"@type\":\"ListItem\",\"position\":1,\"name\":\"Domov\",\"item\":\"https:\/\/www.technic-toys.com\/en\/\"},{\"@type\":\"ListItem\",\"position\":2,\"name\":\"Shop\",\"item\":\"https:\/\/www.technic-toys.com\/en\/shop-2\/\"},{\"@type\":\"ListItem\",\"position\":3,\"name\":\"Policijski\/voja\u0161ki patruljni \u010doln 406 brez krta\u010dk, 750 mm, RTR\"}]},{\"@type\":\"WebSite\",\"@id\":\"https:\/\/www.technic-toys.com\/en\/#website\",\"url\":\"https:\/\/www.technic-toys.com\/en\/\",\"name\":\"TECHNIC-TOYS.com\",\"description\":\"\",\"potentialAction\":[{\"@type\":\"SearchAction\",\"target\":{\"@type\":\"EntryPoint\",\"urlTemplate\":\"https:\/\/www.technic-toys.com\/en\/?s={search_term_string}\"},\"query-input\":\"required name=search_term_string\"}],\"inLanguage\":\"en-US\"}]}<\/script>\n<!-- \/ Yoast SEO plugin. -->","yoast_head_json":{"title":"Policijski\/voja\u0161ki patruljni \u010doln 406 brez krta\u010dk, 750 mm, RTR - TECHNIC-TOYS.com","robots":{"index":"index","follow":"follow","max-snippet":"max-snippet:-1","max-image-preview":"max-image-preview:large","max-video-preview":"max-video-preview:-1"},"canonical":"https:\/\/www.technic-toys.com\/izdelek\/policijski-vojaski-patruljni-coln-406-brez-krtack-750-mm-rtr\/","og_locale":"en_US","og_type":"article","og_title":"Policijski\/voja\u0161ki patruljni \u010doln 406 brez krta\u010dk, 750 mm, RTR - TECHNIC-TOYS.com","og_description":"Patruljni \u010doln 406 Lepa in ro\u010dno izdelana replika znanega patruljnega \u010dolna tipa 406, ki ga na \u0161tevilnih oceanih uporabljata policija in mornarica. Trup je izdelan iz robustnih steklenih vlaken. Pobarvan svetlo modro nad vodno \u010drto. Posledi\u010dno se plemenit videz \u010distega in ljube\u010de obdelanega \u010dolna \u0161e bolje poka\u017ee. Krov je izdelan iz pravega lesa z realisti\u010dnim [&hellip;]","og_url":"https:\/\/www.technic-toys.com\/izdelek\/policijski-vojaski-patruljni-coln-406-brez-krtack-750-mm-rtr\/","og_site_name":"TECHNIC-TOYS.com","article_modified_time":"2024-12-04T18:02:42+00:00","og_image":[{"width":2560,"height":1468,"url":"https:\/\/www.technic-toys.com\/wp-content\/uploads\/2022\/04\/26040.jpg","type":"image\/jpeg"}],"twitter_card":"summary_large_image","twitter_misc":{"Est. reading time":"1 minute"},"schema":{"@context":"https:\/\/schema.org","@graph":[{"@type":"WebPage","@id":"https:\/\/www.technic-toys.com\/izdelek\/policijski-vojaski-patruljni-coln-406-brez-krtack-750-mm-rtr\/","url":"https:\/\/www.technic-toys.com\/izdelek\/policijski-vojaski-patruljni-coln-406-brez-krtack-750-mm-rtr\/","name":"Policijski\/voja\u0161ki patruljni \u010doln 406 brez krta\u010dk, 750 mm, RTR - TECHNIC-TOYS.com","isPartOf":{"@id":"https:\/\/www.technic-toys.com\/en\/#website"},"datePublished":"2022-04-08T15:32:24+00:00","dateModified":"2024-12-04T18:02:42+00:00","breadcrumb":{"@id":"https:\/\/www.technic-toys.com\/izdelek\/policijski-vojaski-patruljni-coln-406-brez-krtack-750-mm-rtr\/#breadcrumb"},"inLanguage":"en-US","potentialAction":[{"@type":"ReadAction","target":["https:\/\/www.technic-toys.com\/izdelek\/policijski-vojaski-patruljni-coln-406-brez-krtack-750-mm-rtr\/"]}]},{"@type":"BreadcrumbList","@id":"https:\/\/www.technic-toys.com\/izdelek\/policijski-vojaski-patruljni-coln-406-brez-krtack-750-mm-rtr\/#breadcrumb","itemListElement":[{"@type":"ListItem","position":1,"name":"Domov","item":"https:\/\/www.technic-toys.com\/en\/"},{"@type":"ListItem","position":2,"name":"Shop","item":"https:\/\/www.technic-toys.com\/en\/shop-2\/"},{"@type":"ListItem","position":3,"name":"Policijski\/voja\u0161ki patruljni \u010doln 406 brez krta\u010dk, 750 mm, RTR"}]},{"@type":"WebSite","@id":"https:\/\/www.technic-toys.com\/en\/#website","url":"https:\/\/www.technic-toys.com\/en\/","name":"TECHNIC-TOYS.com","description":"","potentialAction":[{"@type":"SearchAction","target":{"@type":"EntryPoint","urlTemplate":"https:\/\/www.technic-toys.com\/en\/?s={search_term_string}"},"query-input":"required name=search_term_string"}],"inLanguage":"en-US"}]}},"_links":{"self":[{"href":"https:\/\/www.technic-toys.com\/en\/wp-json\/wp\/v2\/product\/18132"}],"collection":[{"href":"https:\/\/www.technic-toys.com\/en\/wp-json\/wp\/v2\/product"}],"about":[{"href":"https:\/\/www.technic-toys.com\/en\/wp-json\/wp\/v2\/types\/product"}],"wp:featuredmedia":[{"embeddable":true,"href":"https:\/\/www.technic-toys.com\/en\/wp-json\/wp\/v2\/media\/18133"}],"wp:attachment":[{"href":"https:\/\/www.technic-toys.com\/en\/wp-json\/wp\/v2\/media?parent=18132"}],"wp:term":[{"taxonomy":"product_cat","embeddable":true,"href":"https:\/\/www.technic-toys.com\/en\/wp-json\/wp\/v2\/product_cat?post=18132"},{"taxonomy":"product_tag","embeddable":true,"href":"https:\/\/www.technic-toys.com\/en\/wp-json\/wp\/v2\/product_tag?post=18132"}],"curies":[{"name":"wp","href":"https:\/\/api.w.org\/{rel}","templated":true}]}}