{"id":18179,"date":"2022-04-08T17:32:24","date_gmt":"2022-04-08T15:32:24","guid":{"rendered":"https:\/\/www.technic-toys.com\/izdelek\/rocket-v-boot-brezkrtacna-shema-genesis-650-mm-rtr\/"},"modified":"2024-12-04T19:02:36","modified_gmt":"2024-12-04T18:02:36","slug":"rocket-v-boot-brezkrtacna-shema-genesis-650-mm-rtr","status":"publish","type":"product","link":"https:\/\/www.technic-toys.com\/en\/izdelek\/rocket-v-boot-brezkrtacna-shema-genesis-650-mm-rtr\/","title":{"rendered":"Rocket V-Boot brezkrta\u010dna shema Genesis, 650 mm, RTR"},"content":{"rendered":"<p>Priljubljena raketa, popolnoma prenovljena in v novem dizajnu, nov eleganten videz, visokokakovosten trup iz steklenih vlaken. Popolnoma usklajen sistem s kombinacijo vodno hlajenega brezkrta\u010dnega motorja 2858KV in 70A ESC (krmilnika) za visoko najvi\u0161jo hitrost. Tekmovalni \u010doln te\u010de kot na tirnicah in se zani\u010di skozi vsak ovinek. Nezapleteno rokovanje. Obe zavoji je mogo\u010de zlo\u017eiti za \u0161e ve\u010djo hitrost med dirkami po desni strani. Rebra in propeler (2 rezila) iz CNC rezkane kovine. \u010coln se lahko poganja z 3S mono baterijo, skladno s predpisi, ali s 4-celi\u010dno LiPo za izjemno mo\u010d.Tehni\u010dni podatki:Tip motorja: 380 brezkrta\u010dni, 2858KV vodno hlajenECS: 70A vodno hlajen, Deans T-priklju\u010dekBaterija: 3 -4 celi\u010dni LiPo od 3300 mAh Dimenzije (D x \u0160 x V): 650 x 200 x 110 mm Te\u017ea: 1100 g Daljinski upravljalnik: 2-kanalni trup iz steklenih vlaken 2,4 GHz Obseg dobave: Racing Racing Boat FS-GT2E daljinski upravljalnik z \u010dolnom 2,4 GHz klju\u010d za monta\u017eo stojala 1 zvitek lepilnega traku Podrobna, ilustrirana navodila za uporabo Zahtevana dodatna oprema: 3-4 (11,1 V &#8211; 14,8 V) celice LiPo od 2100-4500 mAh LiPo s T-priklju\u010dkom Deans je \u0161e vedno potrebnih 4x 1,5 V Mignon AA baterije<\/p>\n","protected":false},"excerpt":{"rendered":"<p>Priljubljena raketa, popolnoma prenovljena in v novem dizajnu, nov eleganten videz, visokokakovosten trup iz steklenih vlaken. Popolnoma usklajen sistem s kombinacijo vodno hlajenega brezkrta\u010dnega motorja 2858KV in 70A ESC (krmilnika) za visoko najvi\u0161jo hitrost. Tekmovalni \u010doln te\u010de kot na tirnicah in se zani\u010di skozi vsak ovinek. Nezapleteno rokovanje. Obe zavoji je mogo\u010de zlo\u017eiti za \u0161e [&hellip;]<\/p>\n","protected":false},"featured_media":18180,"template":"","meta":[],"product_cat":[364,387],"product_tag":[],"acf":[],"yoast_head":"<!-- This site is optimized with the Yoast SEO plugin v21.7 - https:\/\/yoast.com\/wordpress\/plugins\/seo\/ -->\n<title>Rocket V-Boot brezkrta\u010dna shema Genesis, 650 mm, RTR - TECHNIC-TOYS.com<\/title>\n<meta name=\"robots\" content=\"index, follow, max-snippet:-1, max-image-preview:large, max-video-preview:-1\" \/>\n<link rel=\"canonical\" href=\"https:\/\/www.technic-toys.com\/izdelek\/rocket-v-boot-brezkrtacna-shema-genesis-650-mm-rtr\/\" \/>\n<meta property=\"og:locale\" content=\"en_US\" \/>\n<meta property=\"og:type\" content=\"article\" \/>\n<meta property=\"og:title\" content=\"Rocket V-Boot brezkrta\u010dna shema Genesis, 650 mm, RTR - TECHNIC-TOYS.com\" \/>\n<meta property=\"og:description\" content=\"Priljubljena raketa, popolnoma prenovljena in v novem dizajnu, nov eleganten videz, visokokakovosten trup iz steklenih vlaken. Popolnoma usklajen sistem s kombinacijo vodno hlajenega brezkrta\u010dnega motorja 2858KV in 70A ESC (krmilnika) za visoko najvi\u0161jo hitrost. Tekmovalni \u010doln te\u010de kot na tirnicah in se zani\u010di skozi vsak ovinek. Nezapleteno rokovanje. Obe zavoji je mogo\u010de zlo\u017eiti za \u0161e [&hellip;]\" \/>\n<meta property=\"og:url\" content=\"https:\/\/www.technic-toys.com\/izdelek\/rocket-v-boot-brezkrtacna-shema-genesis-650-mm-rtr\/\" \/>\n<meta property=\"og:site_name\" content=\"TECHNIC-TOYS.com\" \/>\n<meta property=\"article:modified_time\" content=\"2024-12-04T18:02:36+00:00\" \/>\n<meta property=\"og:image\" content=\"https:\/\/www.technic-toys.com\/wp-content\/uploads\/2022\/04\/26046-scaled.jpg\" \/>\n\t<meta property=\"og:image:width\" content=\"2560\" \/>\n\t<meta property=\"og:image:height\" content=\"1468\" \/>\n\t<meta property=\"og:image:type\" content=\"image\/jpeg\" \/>\n<meta name=\"twitter:card\" content=\"summary_large_image\" \/>\n<meta name=\"twitter:label1\" content=\"Est. reading time\" \/>\n\t<meta name=\"twitter:data1\" content=\"1 minute\" \/>\n<script type=\"application\/ld+json\" class=\"yoast-schema-graph\">{\"@context\":\"https:\/\/schema.org\",\"@graph\":[{\"@type\":\"WebPage\",\"@id\":\"https:\/\/www.technic-toys.com\/izdelek\/rocket-v-boot-brezkrtacna-shema-genesis-650-mm-rtr\/\",\"url\":\"https:\/\/www.technic-toys.com\/izdelek\/rocket-v-boot-brezkrtacna-shema-genesis-650-mm-rtr\/\",\"name\":\"Rocket V-Boot brezkrta\u010dna shema Genesis, 650 mm, RTR - TECHNIC-TOYS.com\",\"isPartOf\":{\"@id\":\"https:\/\/www.technic-toys.com\/en\/#website\"},\"datePublished\":\"2022-04-08T15:32:24+00:00\",\"dateModified\":\"2024-12-04T18:02:36+00:00\",\"breadcrumb\":{\"@id\":\"https:\/\/www.technic-toys.com\/izdelek\/rocket-v-boot-brezkrtacna-shema-genesis-650-mm-rtr\/#breadcrumb\"},\"inLanguage\":\"en-US\",\"potentialAction\":[{\"@type\":\"ReadAction\",\"target\":[\"https:\/\/www.technic-toys.com\/izdelek\/rocket-v-boot-brezkrtacna-shema-genesis-650-mm-rtr\/\"]}]},{\"@type\":\"BreadcrumbList\",\"@id\":\"https:\/\/www.technic-toys.com\/izdelek\/rocket-v-boot-brezkrtacna-shema-genesis-650-mm-rtr\/#breadcrumb\",\"itemListElement\":[{\"@type\":\"ListItem\",\"position\":1,\"name\":\"Domov\",\"item\":\"https:\/\/www.technic-toys.com\/en\/\"},{\"@type\":\"ListItem\",\"position\":2,\"name\":\"Shop\",\"item\":\"https:\/\/www.technic-toys.com\/en\/shop-2\/\"},{\"@type\":\"ListItem\",\"position\":3,\"name\":\"Rocket V-Boot brezkrta\u010dna shema Genesis, 650 mm, RTR\"}]},{\"@type\":\"WebSite\",\"@id\":\"https:\/\/www.technic-toys.com\/en\/#website\",\"url\":\"https:\/\/www.technic-toys.com\/en\/\",\"name\":\"TECHNIC-TOYS.com\",\"description\":\"\",\"potentialAction\":[{\"@type\":\"SearchAction\",\"target\":{\"@type\":\"EntryPoint\",\"urlTemplate\":\"https:\/\/www.technic-toys.com\/en\/?s={search_term_string}\"},\"query-input\":\"required name=search_term_string\"}],\"inLanguage\":\"en-US\"}]}<\/script>\n<!-- \/ Yoast SEO plugin. -->","yoast_head_json":{"title":"Rocket V-Boot brezkrta\u010dna shema Genesis, 650 mm, RTR - TECHNIC-TOYS.com","robots":{"index":"index","follow":"follow","max-snippet":"max-snippet:-1","max-image-preview":"max-image-preview:large","max-video-preview":"max-video-preview:-1"},"canonical":"https:\/\/www.technic-toys.com\/izdelek\/rocket-v-boot-brezkrtacna-shema-genesis-650-mm-rtr\/","og_locale":"en_US","og_type":"article","og_title":"Rocket V-Boot brezkrta\u010dna shema Genesis, 650 mm, RTR - TECHNIC-TOYS.com","og_description":"Priljubljena raketa, popolnoma prenovljena in v novem dizajnu, nov eleganten videz, visokokakovosten trup iz steklenih vlaken. Popolnoma usklajen sistem s kombinacijo vodno hlajenega brezkrta\u010dnega motorja 2858KV in 70A ESC (krmilnika) za visoko najvi\u0161jo hitrost. Tekmovalni \u010doln te\u010de kot na tirnicah in se zani\u010di skozi vsak ovinek. Nezapleteno rokovanje. Obe zavoji je mogo\u010de zlo\u017eiti za \u0161e [&hellip;]","og_url":"https:\/\/www.technic-toys.com\/izdelek\/rocket-v-boot-brezkrtacna-shema-genesis-650-mm-rtr\/","og_site_name":"TECHNIC-TOYS.com","article_modified_time":"2024-12-04T18:02:36+00:00","og_image":[{"width":2560,"height":1468,"url":"https:\/\/www.technic-toys.com\/wp-content\/uploads\/2022\/04\/26046-scaled.jpg","type":"image\/jpeg"}],"twitter_card":"summary_large_image","twitter_misc":{"Est. reading time":"1 minute"},"schema":{"@context":"https:\/\/schema.org","@graph":[{"@type":"WebPage","@id":"https:\/\/www.technic-toys.com\/izdelek\/rocket-v-boot-brezkrtacna-shema-genesis-650-mm-rtr\/","url":"https:\/\/www.technic-toys.com\/izdelek\/rocket-v-boot-brezkrtacna-shema-genesis-650-mm-rtr\/","name":"Rocket V-Boot brezkrta\u010dna shema Genesis, 650 mm, RTR - TECHNIC-TOYS.com","isPartOf":{"@id":"https:\/\/www.technic-toys.com\/en\/#website"},"datePublished":"2022-04-08T15:32:24+00:00","dateModified":"2024-12-04T18:02:36+00:00","breadcrumb":{"@id":"https:\/\/www.technic-toys.com\/izdelek\/rocket-v-boot-brezkrtacna-shema-genesis-650-mm-rtr\/#breadcrumb"},"inLanguage":"en-US","potentialAction":[{"@type":"ReadAction","target":["https:\/\/www.technic-toys.com\/izdelek\/rocket-v-boot-brezkrtacna-shema-genesis-650-mm-rtr\/"]}]},{"@type":"BreadcrumbList","@id":"https:\/\/www.technic-toys.com\/izdelek\/rocket-v-boot-brezkrtacna-shema-genesis-650-mm-rtr\/#breadcrumb","itemListElement":[{"@type":"ListItem","position":1,"name":"Domov","item":"https:\/\/www.technic-toys.com\/en\/"},{"@type":"ListItem","position":2,"name":"Shop","item":"https:\/\/www.technic-toys.com\/en\/shop-2\/"},{"@type":"ListItem","position":3,"name":"Rocket V-Boot brezkrta\u010dna shema Genesis, 650 mm, RTR"}]},{"@type":"WebSite","@id":"https:\/\/www.technic-toys.com\/en\/#website","url":"https:\/\/www.technic-toys.com\/en\/","name":"TECHNIC-TOYS.com","description":"","potentialAction":[{"@type":"SearchAction","target":{"@type":"EntryPoint","urlTemplate":"https:\/\/www.technic-toys.com\/en\/?s={search_term_string}"},"query-input":"required name=search_term_string"}],"inLanguage":"en-US"}]}},"_links":{"self":[{"href":"https:\/\/www.technic-toys.com\/en\/wp-json\/wp\/v2\/product\/18179"}],"collection":[{"href":"https:\/\/www.technic-toys.com\/en\/wp-json\/wp\/v2\/product"}],"about":[{"href":"https:\/\/www.technic-toys.com\/en\/wp-json\/wp\/v2\/types\/product"}],"wp:featuredmedia":[{"embeddable":true,"href":"https:\/\/www.technic-toys.com\/en\/wp-json\/wp\/v2\/media\/18180"}],"wp:attachment":[{"href":"https:\/\/www.technic-toys.com\/en\/wp-json\/wp\/v2\/media?parent=18179"}],"wp:term":[{"taxonomy":"product_cat","embeddable":true,"href":"https:\/\/www.technic-toys.com\/en\/wp-json\/wp\/v2\/product_cat?post=18179"},{"taxonomy":"product_tag","embeddable":true,"href":"https:\/\/www.technic-toys.com\/en\/wp-json\/wp\/v2\/product_tag?post=18179"}],"curies":[{"name":"wp","href":"https:\/\/api.w.org\/{rel}","templated":true}]}}