{"id":18195,"date":"2022-04-08T17:32:24","date_gmt":"2022-04-08T15:32:24","guid":{"rendered":"https:\/\/www.technic-toys.com\/izdelek\/brezkrtacni-dirkalni-katamaran-genesis-6s\/"},"modified":"2024-12-04T19:02:37","modified_gmt":"2024-12-04T18:02:37","slug":"brezkrtacni-dirkalni-katamaran-genesis-6s","status":"publish","type":"product","link":"https:\/\/www.technic-toys.com\/en\/izdelek\/brezkrtacni-dirkalni-katamaran-genesis-6s\/","title":{"rendered":"Brezkrta\u010dni dirkalni katamaran Genesis 6S"},"content":{"rendered":"<p>Brezkrta\u010dni dirka\u0161ki katamaran Genesis 950 mm Hot race optika v kombinaciji z zmogljivim in vodno hlajenim brezkrta\u010dnim motorjem 2075 kv in 120 A ESC. Trup je izdelan iz steklenih vlaken, odpornih na udarce, osupljiva barva pa pritegne o\u010di na kateri koli vodni povr\u0161ini. Obseg dobave \u017ee vklju\u010duje zelo priro\u010den in ob\u010dutljiv radijski daljinski upravljalnik z 2,4 GHz Genesis ima aluminijasti sistem krmila, ki ga premika 3 kg krmilni servo. V obseg dobave sta poleg lepilnega traku za pokrov trupa vklju\u010dena tudi stojalo za \u010dolne in monta\u017eni klju\u010d Za delovanje sta potrebni 2x 3S 11.1V LiPo baterije Tehni\u010dni podatki: Material trupa: GRP motor: 3674 (2075kv) brezkrta\u010dni (vodno hlajen) krmilnik Hobbywing Seaking 120A vodno hlajen Dol\u017eina: 940 mm \u0160irina: 240 mm Vi\u0161ina: 130 mm Te\u017ea: 2.200 g Propeler: najlon z 2 rezili Vrsta gredi: Flex Rudder sistem: Aluminij krmilni sistem: Aluminij 3kg krmiljenje servo krmiljenja: 2,4 GHz ladijsko stojalo 1x zvitek lepilnega traku Navodila za monta\u017eo z ilustriranimi klju\u010di (nem\u0161\u010dina)<br \/>Dodatki: 2x potrebna 3S 11,1V LiPo baterija LiPo polnilnik4x 1,5V baterije Mignon AA<\/p>\n","protected":false},"excerpt":{"rendered":"<p>Brezkrta\u010dni dirka\u0161ki katamaran Genesis 950 mm Hot race optika v kombinaciji z zmogljivim in vodno hlajenim brezkrta\u010dnim motorjem 2075 kv in 120 A ESC. Trup je izdelan iz steklenih vlaken, odpornih na udarce, osupljiva barva pa pritegne o\u010di na kateri koli vodni povr\u0161ini. Obseg dobave \u017ee vklju\u010duje zelo priro\u010den in ob\u010dutljiv radijski daljinski upravljalnik z [&hellip;]<\/p>\n","protected":false},"featured_media":18196,"template":"","meta":[],"product_cat":[364,387],"product_tag":[],"acf":[],"yoast_head":"<!-- This site is optimized with the Yoast SEO plugin v21.7 - https:\/\/yoast.com\/wordpress\/plugins\/seo\/ -->\n<title>Brezkrta\u010dni dirkalni katamaran Genesis 6S - TECHNIC-TOYS.com<\/title>\n<meta name=\"robots\" content=\"index, follow, max-snippet:-1, max-image-preview:large, max-video-preview:-1\" \/>\n<link rel=\"canonical\" href=\"https:\/\/www.technic-toys.com\/izdelek\/brezkrtacni-dirkalni-katamaran-genesis-6s\/\" \/>\n<meta property=\"og:locale\" content=\"en_US\" \/>\n<meta property=\"og:type\" content=\"article\" \/>\n<meta property=\"og:title\" content=\"Brezkrta\u010dni dirkalni katamaran Genesis 6S - TECHNIC-TOYS.com\" \/>\n<meta property=\"og:description\" content=\"Brezkrta\u010dni dirka\u0161ki katamaran Genesis 950 mm Hot race optika v kombinaciji z zmogljivim in vodno hlajenim brezkrta\u010dnim motorjem 2075 kv in 120 A ESC. Trup je izdelan iz steklenih vlaken, odpornih na udarce, osupljiva barva pa pritegne o\u010di na kateri koli vodni povr\u0161ini. Obseg dobave \u017ee vklju\u010duje zelo priro\u010den in ob\u010dutljiv radijski daljinski upravljalnik z [&hellip;]\" \/>\n<meta property=\"og:url\" content=\"https:\/\/www.technic-toys.com\/izdelek\/brezkrtacni-dirkalni-katamaran-genesis-6s\/\" \/>\n<meta property=\"og:site_name\" content=\"TECHNIC-TOYS.com\" \/>\n<meta property=\"article:modified_time\" content=\"2024-12-04T18:02:37+00:00\" \/>\n<meta property=\"og:image\" content=\"https:\/\/www.technic-toys.com\/wp-content\/uploads\/2022\/04\/26049ayM9RguAu4aE0.jpg\" \/>\n\t<meta property=\"og:image:width\" content=\"2560\" \/>\n\t<meta property=\"og:image:height\" content=\"1468\" \/>\n\t<meta property=\"og:image:type\" content=\"image\/jpeg\" \/>\n<meta name=\"twitter:card\" content=\"summary_large_image\" \/>\n<meta name=\"twitter:label1\" content=\"Est. reading time\" \/>\n\t<meta name=\"twitter:data1\" content=\"1 minute\" \/>\n<script type=\"application\/ld+json\" class=\"yoast-schema-graph\">{\"@context\":\"https:\/\/schema.org\",\"@graph\":[{\"@type\":\"WebPage\",\"@id\":\"https:\/\/www.technic-toys.com\/izdelek\/brezkrtacni-dirkalni-katamaran-genesis-6s\/\",\"url\":\"https:\/\/www.technic-toys.com\/izdelek\/brezkrtacni-dirkalni-katamaran-genesis-6s\/\",\"name\":\"Brezkrta\u010dni dirkalni katamaran Genesis 6S - TECHNIC-TOYS.com\",\"isPartOf\":{\"@id\":\"https:\/\/www.technic-toys.com\/en\/#website\"},\"datePublished\":\"2022-04-08T15:32:24+00:00\",\"dateModified\":\"2024-12-04T18:02:37+00:00\",\"breadcrumb\":{\"@id\":\"https:\/\/www.technic-toys.com\/izdelek\/brezkrtacni-dirkalni-katamaran-genesis-6s\/#breadcrumb\"},\"inLanguage\":\"en-US\",\"potentialAction\":[{\"@type\":\"ReadAction\",\"target\":[\"https:\/\/www.technic-toys.com\/izdelek\/brezkrtacni-dirkalni-katamaran-genesis-6s\/\"]}]},{\"@type\":\"BreadcrumbList\",\"@id\":\"https:\/\/www.technic-toys.com\/izdelek\/brezkrtacni-dirkalni-katamaran-genesis-6s\/#breadcrumb\",\"itemListElement\":[{\"@type\":\"ListItem\",\"position\":1,\"name\":\"Domov\",\"item\":\"https:\/\/www.technic-toys.com\/en\/\"},{\"@type\":\"ListItem\",\"position\":2,\"name\":\"Shop\",\"item\":\"https:\/\/www.technic-toys.com\/en\/shop-2\/\"},{\"@type\":\"ListItem\",\"position\":3,\"name\":\"Brezkrta\u010dni dirkalni katamaran Genesis 6S\"}]},{\"@type\":\"WebSite\",\"@id\":\"https:\/\/www.technic-toys.com\/en\/#website\",\"url\":\"https:\/\/www.technic-toys.com\/en\/\",\"name\":\"TECHNIC-TOYS.com\",\"description\":\"\",\"potentialAction\":[{\"@type\":\"SearchAction\",\"target\":{\"@type\":\"EntryPoint\",\"urlTemplate\":\"https:\/\/www.technic-toys.com\/en\/?s={search_term_string}\"},\"query-input\":\"required name=search_term_string\"}],\"inLanguage\":\"en-US\"}]}<\/script>\n<!-- \/ Yoast SEO plugin. -->","yoast_head_json":{"title":"Brezkrta\u010dni dirkalni katamaran Genesis 6S - TECHNIC-TOYS.com","robots":{"index":"index","follow":"follow","max-snippet":"max-snippet:-1","max-image-preview":"max-image-preview:large","max-video-preview":"max-video-preview:-1"},"canonical":"https:\/\/www.technic-toys.com\/izdelek\/brezkrtacni-dirkalni-katamaran-genesis-6s\/","og_locale":"en_US","og_type":"article","og_title":"Brezkrta\u010dni dirkalni katamaran Genesis 6S - TECHNIC-TOYS.com","og_description":"Brezkrta\u010dni dirka\u0161ki katamaran Genesis 950 mm Hot race optika v kombinaciji z zmogljivim in vodno hlajenim brezkrta\u010dnim motorjem 2075 kv in 120 A ESC. Trup je izdelan iz steklenih vlaken, odpornih na udarce, osupljiva barva pa pritegne o\u010di na kateri koli vodni povr\u0161ini. Obseg dobave \u017ee vklju\u010duje zelo priro\u010den in ob\u010dutljiv radijski daljinski upravljalnik z [&hellip;]","og_url":"https:\/\/www.technic-toys.com\/izdelek\/brezkrtacni-dirkalni-katamaran-genesis-6s\/","og_site_name":"TECHNIC-TOYS.com","article_modified_time":"2024-12-04T18:02:37+00:00","og_image":[{"width":2560,"height":1468,"url":"https:\/\/www.technic-toys.com\/wp-content\/uploads\/2022\/04\/26049ayM9RguAu4aE0.jpg","type":"image\/jpeg"}],"twitter_card":"summary_large_image","twitter_misc":{"Est. reading time":"1 minute"},"schema":{"@context":"https:\/\/schema.org","@graph":[{"@type":"WebPage","@id":"https:\/\/www.technic-toys.com\/izdelek\/brezkrtacni-dirkalni-katamaran-genesis-6s\/","url":"https:\/\/www.technic-toys.com\/izdelek\/brezkrtacni-dirkalni-katamaran-genesis-6s\/","name":"Brezkrta\u010dni dirkalni katamaran Genesis 6S - TECHNIC-TOYS.com","isPartOf":{"@id":"https:\/\/www.technic-toys.com\/en\/#website"},"datePublished":"2022-04-08T15:32:24+00:00","dateModified":"2024-12-04T18:02:37+00:00","breadcrumb":{"@id":"https:\/\/www.technic-toys.com\/izdelek\/brezkrtacni-dirkalni-katamaran-genesis-6s\/#breadcrumb"},"inLanguage":"en-US","potentialAction":[{"@type":"ReadAction","target":["https:\/\/www.technic-toys.com\/izdelek\/brezkrtacni-dirkalni-katamaran-genesis-6s\/"]}]},{"@type":"BreadcrumbList","@id":"https:\/\/www.technic-toys.com\/izdelek\/brezkrtacni-dirkalni-katamaran-genesis-6s\/#breadcrumb","itemListElement":[{"@type":"ListItem","position":1,"name":"Domov","item":"https:\/\/www.technic-toys.com\/en\/"},{"@type":"ListItem","position":2,"name":"Shop","item":"https:\/\/www.technic-toys.com\/en\/shop-2\/"},{"@type":"ListItem","position":3,"name":"Brezkrta\u010dni dirkalni katamaran Genesis 6S"}]},{"@type":"WebSite","@id":"https:\/\/www.technic-toys.com\/en\/#website","url":"https:\/\/www.technic-toys.com\/en\/","name":"TECHNIC-TOYS.com","description":"","potentialAction":[{"@type":"SearchAction","target":{"@type":"EntryPoint","urlTemplate":"https:\/\/www.technic-toys.com\/en\/?s={search_term_string}"},"query-input":"required name=search_term_string"}],"inLanguage":"en-US"}]}},"_links":{"self":[{"href":"https:\/\/www.technic-toys.com\/en\/wp-json\/wp\/v2\/product\/18195"}],"collection":[{"href":"https:\/\/www.technic-toys.com\/en\/wp-json\/wp\/v2\/product"}],"about":[{"href":"https:\/\/www.technic-toys.com\/en\/wp-json\/wp\/v2\/types\/product"}],"wp:featuredmedia":[{"embeddable":true,"href":"https:\/\/www.technic-toys.com\/en\/wp-json\/wp\/v2\/media\/18196"}],"wp:attachment":[{"href":"https:\/\/www.technic-toys.com\/en\/wp-json\/wp\/v2\/media?parent=18195"}],"wp:term":[{"taxonomy":"product_cat","embeddable":true,"href":"https:\/\/www.technic-toys.com\/en\/wp-json\/wp\/v2\/product_cat?post=18195"},{"taxonomy":"product_tag","embeddable":true,"href":"https:\/\/www.technic-toys.com\/en\/wp-json\/wp\/v2\/product_tag?post=18195"}],"curies":[{"name":"wp","href":"https:\/\/api.w.org\/{rel}","templated":true}]}}