{"id":18233,"date":"2022-04-08T17:32:24","date_gmt":"2022-04-08T15:32:24","guid":{"rendered":"https:\/\/www.technic-toys.com\/izdelek\/alpha-mono-racing-boat-1060-mm-4-6s-rumena\/"},"modified":"2024-12-04T19:02:38","modified_gmt":"2024-12-04T18:02:38","slug":"alpha-mono-racing-boat-1060-mm-4-6s-rumena","status":"publish","type":"product","link":"https:\/\/www.technic-toys.com\/en\/izdelek\/alpha-mono-racing-boat-1060-mm-4-6s-rumena\/","title":{"rendered":"Alpha Mono Racing Boat 1060 mm 4-6S Rumena"},"content":{"rendered":"<p>Super dirkalni \u010doln razreda 1 meter v privla\u010dnem dizajnu dirkalnega \u010dolna: Alpha Brushless! Zmogljiv vodno hlajen brezkrta\u010dni teka\u010d, ki ga nadzoruje vodno hlajen, vodoodporen brezkrta\u010dni ESC 90A z BEC, pospe\u0161uje \u010doln v slogu Alpha Flame Scheme s 6S LiPo do pribli\u017eno 80 km\/h. Upravlja se s sodobnim 2,4 GHz daljinskim upravljalnikom. Krmilo je bilo opremljeno iz CNC aluminijeve zlitine, plavut je izdelana iz nerjave\u010dega jekla. \u010coln dobro sedi v vodi, je okreten in ga je mogo\u010de natan\u010dno krmiliti po ovinkih.<br \/>Tehni\u010dni podatki: Motor: Brezkrta\u010dni izgon Dol\u017eina: 1060 mm \u0160irina: 260 mm Te\u017ea brez baterije: 2,6 kg Trup: Plastika ESC: 90A servo: 9 kg metal gear 2,4 GHz baterija za daljinski upravljalnik Y-plug XT90<br \/>Obseg dobave: ALPHA 2,4GHz daljinski upravljalnik 6S propeler 4S stojalo za propeler \u010doln Nem\u0161ka navodila<br \/>Potrebna dodatna oprema: 4x baterije AA Mignon za daljinski upravljalnik 2x 2S 5000 mAh LiPo od 35C s priklju\u010dkom XT90 ali 2x 3S 5000 mAh LiPo od 35C s priklju\u010dkom XT90<\/p>\n","protected":false},"excerpt":{"rendered":"<p>Super dirkalni \u010doln razreda 1 meter v privla\u010dnem dizajnu dirkalnega \u010dolna: Alpha Brushless! Zmogljiv vodno hlajen brezkrta\u010dni teka\u010d, ki ga nadzoruje vodno hlajen, vodoodporen brezkrta\u010dni ESC 90A z BEC, pospe\u0161uje \u010doln v slogu Alpha Flame Scheme s 6S LiPo do pribli\u017eno 80 km\/h. Upravlja se s sodobnim 2,4 GHz daljinskim upravljalnikom. Krmilo je bilo opremljeno [&hellip;]<\/p>\n","protected":false},"featured_media":18234,"template":"","meta":[],"product_cat":[364,387],"product_tag":[],"acf":[],"yoast_head":"<!-- This site is optimized with the Yoast SEO plugin v21.7 - https:\/\/yoast.com\/wordpress\/plugins\/seo\/ -->\n<title>Alpha Mono Racing Boat 1060 mm 4-6S Rumena - TECHNIC-TOYS.com<\/title>\n<meta name=\"robots\" content=\"index, follow, max-snippet:-1, max-image-preview:large, max-video-preview:-1\" \/>\n<link rel=\"canonical\" href=\"https:\/\/www.technic-toys.com\/izdelek\/alpha-mono-racing-boat-1060-mm-4-6s-rumena\/\" \/>\n<meta property=\"og:locale\" content=\"en_US\" \/>\n<meta property=\"og:type\" content=\"article\" \/>\n<meta property=\"og:title\" content=\"Alpha Mono Racing Boat 1060 mm 4-6S Rumena - TECHNIC-TOYS.com\" \/>\n<meta property=\"og:description\" content=\"Super dirkalni \u010doln razreda 1 meter v privla\u010dnem dizajnu dirkalnega \u010dolna: Alpha Brushless! Zmogljiv vodno hlajen brezkrta\u010dni teka\u010d, ki ga nadzoruje vodno hlajen, vodoodporen brezkrta\u010dni ESC 90A z BEC, pospe\u0161uje \u010doln v slogu Alpha Flame Scheme s 6S LiPo do pribli\u017eno 80 km\/h. Upravlja se s sodobnim 2,4 GHz daljinskim upravljalnikom. Krmilo je bilo opremljeno [&hellip;]\" \/>\n<meta property=\"og:url\" content=\"https:\/\/www.technic-toys.com\/izdelek\/alpha-mono-racing-boat-1060-mm-4-6s-rumena\/\" \/>\n<meta property=\"og:site_name\" content=\"TECHNIC-TOYS.com\" \/>\n<meta property=\"article:modified_time\" content=\"2024-12-04T18:02:38+00:00\" \/>\n<meta property=\"og:image\" content=\"https:\/\/www.technic-toys.com\/wp-content\/uploads\/2022\/04\/26054.jpg\" \/>\n\t<meta property=\"og:image:width\" content=\"2560\" \/>\n\t<meta property=\"og:image:height\" content=\"1468\" \/>\n\t<meta property=\"og:image:type\" content=\"image\/jpeg\" \/>\n<meta name=\"twitter:card\" content=\"summary_large_image\" \/>\n<meta name=\"twitter:label1\" content=\"Est. reading time\" \/>\n\t<meta name=\"twitter:data1\" content=\"1 minute\" \/>\n<script type=\"application\/ld+json\" class=\"yoast-schema-graph\">{\"@context\":\"https:\/\/schema.org\",\"@graph\":[{\"@type\":\"WebPage\",\"@id\":\"https:\/\/www.technic-toys.com\/izdelek\/alpha-mono-racing-boat-1060-mm-4-6s-rumena\/\",\"url\":\"https:\/\/www.technic-toys.com\/izdelek\/alpha-mono-racing-boat-1060-mm-4-6s-rumena\/\",\"name\":\"Alpha Mono Racing Boat 1060 mm 4-6S Rumena - TECHNIC-TOYS.com\",\"isPartOf\":{\"@id\":\"https:\/\/www.technic-toys.com\/en\/#website\"},\"datePublished\":\"2022-04-08T15:32:24+00:00\",\"dateModified\":\"2024-12-04T18:02:38+00:00\",\"breadcrumb\":{\"@id\":\"https:\/\/www.technic-toys.com\/izdelek\/alpha-mono-racing-boat-1060-mm-4-6s-rumena\/#breadcrumb\"},\"inLanguage\":\"en-US\",\"potentialAction\":[{\"@type\":\"ReadAction\",\"target\":[\"https:\/\/www.technic-toys.com\/izdelek\/alpha-mono-racing-boat-1060-mm-4-6s-rumena\/\"]}]},{\"@type\":\"BreadcrumbList\",\"@id\":\"https:\/\/www.technic-toys.com\/izdelek\/alpha-mono-racing-boat-1060-mm-4-6s-rumena\/#breadcrumb\",\"itemListElement\":[{\"@type\":\"ListItem\",\"position\":1,\"name\":\"Domov\",\"item\":\"https:\/\/www.technic-toys.com\/en\/\"},{\"@type\":\"ListItem\",\"position\":2,\"name\":\"Shop\",\"item\":\"https:\/\/www.technic-toys.com\/en\/shop-2\/\"},{\"@type\":\"ListItem\",\"position\":3,\"name\":\"Alpha Mono Racing Boat 1060 mm 4-6S Rumena\"}]},{\"@type\":\"WebSite\",\"@id\":\"https:\/\/www.technic-toys.com\/en\/#website\",\"url\":\"https:\/\/www.technic-toys.com\/en\/\",\"name\":\"TECHNIC-TOYS.com\",\"description\":\"\",\"potentialAction\":[{\"@type\":\"SearchAction\",\"target\":{\"@type\":\"EntryPoint\",\"urlTemplate\":\"https:\/\/www.technic-toys.com\/en\/?s={search_term_string}\"},\"query-input\":\"required name=search_term_string\"}],\"inLanguage\":\"en-US\"}]}<\/script>\n<!-- \/ Yoast SEO plugin. -->","yoast_head_json":{"title":"Alpha Mono Racing Boat 1060 mm 4-6S Rumena - TECHNIC-TOYS.com","robots":{"index":"index","follow":"follow","max-snippet":"max-snippet:-1","max-image-preview":"max-image-preview:large","max-video-preview":"max-video-preview:-1"},"canonical":"https:\/\/www.technic-toys.com\/izdelek\/alpha-mono-racing-boat-1060-mm-4-6s-rumena\/","og_locale":"en_US","og_type":"article","og_title":"Alpha Mono Racing Boat 1060 mm 4-6S Rumena - TECHNIC-TOYS.com","og_description":"Super dirkalni \u010doln razreda 1 meter v privla\u010dnem dizajnu dirkalnega \u010dolna: Alpha Brushless! Zmogljiv vodno hlajen brezkrta\u010dni teka\u010d, ki ga nadzoruje vodno hlajen, vodoodporen brezkrta\u010dni ESC 90A z BEC, pospe\u0161uje \u010doln v slogu Alpha Flame Scheme s 6S LiPo do pribli\u017eno 80 km\/h. Upravlja se s sodobnim 2,4 GHz daljinskim upravljalnikom. Krmilo je bilo opremljeno [&hellip;]","og_url":"https:\/\/www.technic-toys.com\/izdelek\/alpha-mono-racing-boat-1060-mm-4-6s-rumena\/","og_site_name":"TECHNIC-TOYS.com","article_modified_time":"2024-12-04T18:02:38+00:00","og_image":[{"width":2560,"height":1468,"url":"https:\/\/www.technic-toys.com\/wp-content\/uploads\/2022\/04\/26054.jpg","type":"image\/jpeg"}],"twitter_card":"summary_large_image","twitter_misc":{"Est. reading time":"1 minute"},"schema":{"@context":"https:\/\/schema.org","@graph":[{"@type":"WebPage","@id":"https:\/\/www.technic-toys.com\/izdelek\/alpha-mono-racing-boat-1060-mm-4-6s-rumena\/","url":"https:\/\/www.technic-toys.com\/izdelek\/alpha-mono-racing-boat-1060-mm-4-6s-rumena\/","name":"Alpha Mono Racing Boat 1060 mm 4-6S Rumena - TECHNIC-TOYS.com","isPartOf":{"@id":"https:\/\/www.technic-toys.com\/en\/#website"},"datePublished":"2022-04-08T15:32:24+00:00","dateModified":"2024-12-04T18:02:38+00:00","breadcrumb":{"@id":"https:\/\/www.technic-toys.com\/izdelek\/alpha-mono-racing-boat-1060-mm-4-6s-rumena\/#breadcrumb"},"inLanguage":"en-US","potentialAction":[{"@type":"ReadAction","target":["https:\/\/www.technic-toys.com\/izdelek\/alpha-mono-racing-boat-1060-mm-4-6s-rumena\/"]}]},{"@type":"BreadcrumbList","@id":"https:\/\/www.technic-toys.com\/izdelek\/alpha-mono-racing-boat-1060-mm-4-6s-rumena\/#breadcrumb","itemListElement":[{"@type":"ListItem","position":1,"name":"Domov","item":"https:\/\/www.technic-toys.com\/en\/"},{"@type":"ListItem","position":2,"name":"Shop","item":"https:\/\/www.technic-toys.com\/en\/shop-2\/"},{"@type":"ListItem","position":3,"name":"Alpha Mono Racing Boat 1060 mm 4-6S Rumena"}]},{"@type":"WebSite","@id":"https:\/\/www.technic-toys.com\/en\/#website","url":"https:\/\/www.technic-toys.com\/en\/","name":"TECHNIC-TOYS.com","description":"","potentialAction":[{"@type":"SearchAction","target":{"@type":"EntryPoint","urlTemplate":"https:\/\/www.technic-toys.com\/en\/?s={search_term_string}"},"query-input":"required name=search_term_string"}],"inLanguage":"en-US"}]}},"_links":{"self":[{"href":"https:\/\/www.technic-toys.com\/en\/wp-json\/wp\/v2\/product\/18233"}],"collection":[{"href":"https:\/\/www.technic-toys.com\/en\/wp-json\/wp\/v2\/product"}],"about":[{"href":"https:\/\/www.technic-toys.com\/en\/wp-json\/wp\/v2\/types\/product"}],"wp:featuredmedia":[{"embeddable":true,"href":"https:\/\/www.technic-toys.com\/en\/wp-json\/wp\/v2\/media\/18234"}],"wp:attachment":[{"href":"https:\/\/www.technic-toys.com\/en\/wp-json\/wp\/v2\/media?parent=18233"}],"wp:term":[{"taxonomy":"product_cat","embeddable":true,"href":"https:\/\/www.technic-toys.com\/en\/wp-json\/wp\/v2\/product_cat?post=18233"},{"taxonomy":"product_tag","embeddable":true,"href":"https:\/\/www.technic-toys.com\/en\/wp-json\/wp\/v2\/product_tag?post=18233"}],"curies":[{"name":"wp","href":"https:\/\/api.w.org\/{rel}","templated":true}]}}