{"id":18249,"date":"2022-04-08T17:37:40","date_gmt":"2022-04-08T15:37:40","guid":{"rendered":"https:\/\/www.technic-toys.com\/izdelek\/jahta-big-princess-kit-amx-coln-line-1310mm\/"},"modified":"2024-12-04T19:02:29","modified_gmt":"2024-12-04T18:02:29","slug":"jahta-big-princess-kit-amx-coln-line-1310mm","status":"publish","type":"product","link":"https:\/\/www.technic-toys.com\/en\/izdelek\/jahta-big-princess-kit-amx-coln-line-1310mm\/","title":{"rendered":"Jahta Big Princess KIT AMX \u010doln line 1310mm"},"content":{"rendered":"<p>Big Princess KitTa \u010dudovita jahta ima impresivno dol\u017eino 1310 mm Ta jahta je dostavljena kot komplet za samostojno gradnjo za izku\u0161ene izdelovalce modelov V kompletu so vklju\u010deni ladijski ja\u0161ek, majhni deli in \u010dvrst aluminijast dvojni sistem krmila.Tehni\u010dni podatki: Dol\u017eina : 1310 mm \u0160irina: 320 mm Vi\u0161ina: 340 mm Material trupa: GRPS Obseg dobave: Komplet Big Princess Dodatna oprema (sistem gredi, sistem krmila, razli\u010dni majhni deli) Zahtevani dodatki: Motor z brezkrta\u010dnim krmilnikom ali baterijskim oddajnikom in sprejemnikom<\/p>\n","protected":false},"excerpt":{"rendered":"<p>Big Princess KitTa \u010dudovita jahta ima impresivno dol\u017eino 1310 mm Ta jahta je dostavljena kot komplet za samostojno gradnjo za izku\u0161ene izdelovalce modelov V kompletu so vklju\u010deni ladijski ja\u0161ek, majhni deli in \u010dvrst aluminijast dvojni sistem krmila.Tehni\u010dni podatki: Dol\u017eina : 1310 mm \u0160irina: 320 mm Vi\u0161ina: 340 mm Material trupa: GRPS Obseg dobave: Komplet Big [&hellip;]<\/p>\n","protected":false},"featured_media":18250,"template":"","meta":[],"product_cat":[364,387],"product_tag":[],"acf":[],"yoast_head":"<!-- This site is optimized with the Yoast SEO plugin v21.7 - https:\/\/yoast.com\/wordpress\/plugins\/seo\/ -->\n<title>Jahta Big Princess KIT AMX \u010doln line 1310mm - TECHNIC-TOYS.com<\/title>\n<meta name=\"robots\" content=\"index, follow, max-snippet:-1, max-image-preview:large, max-video-preview:-1\" \/>\n<link rel=\"canonical\" href=\"https:\/\/www.technic-toys.com\/izdelek\/jahta-big-princess-kit-amx-coln-line-1310mm\/\" \/>\n<meta property=\"og:locale\" content=\"en_US\" \/>\n<meta property=\"og:type\" content=\"article\" \/>\n<meta property=\"og:title\" content=\"Jahta Big Princess KIT AMX \u010doln line 1310mm - TECHNIC-TOYS.com\" \/>\n<meta property=\"og:description\" content=\"Big Princess KitTa \u010dudovita jahta ima impresivno dol\u017eino 1310 mm Ta jahta je dostavljena kot komplet za samostojno gradnjo za izku\u0161ene izdelovalce modelov V kompletu so vklju\u010deni ladijski ja\u0161ek, majhni deli in \u010dvrst aluminijast dvojni sistem krmila.Tehni\u010dni podatki: Dol\u017eina : 1310 mm \u0160irina: 320 mm Vi\u0161ina: 340 mm Material trupa: GRPS Obseg dobave: Komplet Big [&hellip;]\" \/>\n<meta property=\"og:url\" content=\"https:\/\/www.technic-toys.com\/izdelek\/jahta-big-princess-kit-amx-coln-line-1310mm\/\" \/>\n<meta property=\"og:site_name\" content=\"TECHNIC-TOYS.com\" \/>\n<meta property=\"article:modified_time\" content=\"2024-12-04T18:02:29+00:00\" \/>\n<meta property=\"og:image\" content=\"https:\/\/www.technic-toys.com\/wp-content\/uploads\/2022\/04\/26056.jpg\" \/>\n\t<meta property=\"og:image:width\" content=\"2560\" \/>\n\t<meta property=\"og:image:height\" content=\"1468\" \/>\n\t<meta property=\"og:image:type\" content=\"image\/jpeg\" \/>\n<meta name=\"twitter:card\" content=\"summary_large_image\" \/>\n<script type=\"application\/ld+json\" class=\"yoast-schema-graph\">{\"@context\":\"https:\/\/schema.org\",\"@graph\":[{\"@type\":\"WebPage\",\"@id\":\"https:\/\/www.technic-toys.com\/izdelek\/jahta-big-princess-kit-amx-coln-line-1310mm\/\",\"url\":\"https:\/\/www.technic-toys.com\/izdelek\/jahta-big-princess-kit-amx-coln-line-1310mm\/\",\"name\":\"Jahta Big Princess KIT AMX \u010doln line 1310mm - TECHNIC-TOYS.com\",\"isPartOf\":{\"@id\":\"https:\/\/www.technic-toys.com\/en\/#website\"},\"datePublished\":\"2022-04-08T15:37:40+00:00\",\"dateModified\":\"2024-12-04T18:02:29+00:00\",\"breadcrumb\":{\"@id\":\"https:\/\/www.technic-toys.com\/izdelek\/jahta-big-princess-kit-amx-coln-line-1310mm\/#breadcrumb\"},\"inLanguage\":\"en-US\",\"potentialAction\":[{\"@type\":\"ReadAction\",\"target\":[\"https:\/\/www.technic-toys.com\/izdelek\/jahta-big-princess-kit-amx-coln-line-1310mm\/\"]}]},{\"@type\":\"BreadcrumbList\",\"@id\":\"https:\/\/www.technic-toys.com\/izdelek\/jahta-big-princess-kit-amx-coln-line-1310mm\/#breadcrumb\",\"itemListElement\":[{\"@type\":\"ListItem\",\"position\":1,\"name\":\"Domov\",\"item\":\"https:\/\/www.technic-toys.com\/en\/\"},{\"@type\":\"ListItem\",\"position\":2,\"name\":\"Shop\",\"item\":\"https:\/\/www.technic-toys.com\/en\/shop-2\/\"},{\"@type\":\"ListItem\",\"position\":3,\"name\":\"Jahta Big Princess KIT AMX \u010doln line 1310mm\"}]},{\"@type\":\"WebSite\",\"@id\":\"https:\/\/www.technic-toys.com\/en\/#website\",\"url\":\"https:\/\/www.technic-toys.com\/en\/\",\"name\":\"TECHNIC-TOYS.com\",\"description\":\"\",\"potentialAction\":[{\"@type\":\"SearchAction\",\"target\":{\"@type\":\"EntryPoint\",\"urlTemplate\":\"https:\/\/www.technic-toys.com\/en\/?s={search_term_string}\"},\"query-input\":\"required name=search_term_string\"}],\"inLanguage\":\"en-US\"}]}<\/script>\n<!-- \/ Yoast SEO plugin. -->","yoast_head_json":{"title":"Jahta Big Princess KIT AMX \u010doln line 1310mm - TECHNIC-TOYS.com","robots":{"index":"index","follow":"follow","max-snippet":"max-snippet:-1","max-image-preview":"max-image-preview:large","max-video-preview":"max-video-preview:-1"},"canonical":"https:\/\/www.technic-toys.com\/izdelek\/jahta-big-princess-kit-amx-coln-line-1310mm\/","og_locale":"en_US","og_type":"article","og_title":"Jahta Big Princess KIT AMX \u010doln line 1310mm - TECHNIC-TOYS.com","og_description":"Big Princess KitTa \u010dudovita jahta ima impresivno dol\u017eino 1310 mm Ta jahta je dostavljena kot komplet za samostojno gradnjo za izku\u0161ene izdelovalce modelov V kompletu so vklju\u010deni ladijski ja\u0161ek, majhni deli in \u010dvrst aluminijast dvojni sistem krmila.Tehni\u010dni podatki: Dol\u017eina : 1310 mm \u0160irina: 320 mm Vi\u0161ina: 340 mm Material trupa: GRPS Obseg dobave: Komplet Big [&hellip;]","og_url":"https:\/\/www.technic-toys.com\/izdelek\/jahta-big-princess-kit-amx-coln-line-1310mm\/","og_site_name":"TECHNIC-TOYS.com","article_modified_time":"2024-12-04T18:02:29+00:00","og_image":[{"width":2560,"height":1468,"url":"https:\/\/www.technic-toys.com\/wp-content\/uploads\/2022\/04\/26056.jpg","type":"image\/jpeg"}],"twitter_card":"summary_large_image","schema":{"@context":"https:\/\/schema.org","@graph":[{"@type":"WebPage","@id":"https:\/\/www.technic-toys.com\/izdelek\/jahta-big-princess-kit-amx-coln-line-1310mm\/","url":"https:\/\/www.technic-toys.com\/izdelek\/jahta-big-princess-kit-amx-coln-line-1310mm\/","name":"Jahta Big Princess KIT AMX \u010doln line 1310mm - TECHNIC-TOYS.com","isPartOf":{"@id":"https:\/\/www.technic-toys.com\/en\/#website"},"datePublished":"2022-04-08T15:37:40+00:00","dateModified":"2024-12-04T18:02:29+00:00","breadcrumb":{"@id":"https:\/\/www.technic-toys.com\/izdelek\/jahta-big-princess-kit-amx-coln-line-1310mm\/#breadcrumb"},"inLanguage":"en-US","potentialAction":[{"@type":"ReadAction","target":["https:\/\/www.technic-toys.com\/izdelek\/jahta-big-princess-kit-amx-coln-line-1310mm\/"]}]},{"@type":"BreadcrumbList","@id":"https:\/\/www.technic-toys.com\/izdelek\/jahta-big-princess-kit-amx-coln-line-1310mm\/#breadcrumb","itemListElement":[{"@type":"ListItem","position":1,"name":"Domov","item":"https:\/\/www.technic-toys.com\/en\/"},{"@type":"ListItem","position":2,"name":"Shop","item":"https:\/\/www.technic-toys.com\/en\/shop-2\/"},{"@type":"ListItem","position":3,"name":"Jahta Big Princess KIT AMX \u010doln line 1310mm"}]},{"@type":"WebSite","@id":"https:\/\/www.technic-toys.com\/en\/#website","url":"https:\/\/www.technic-toys.com\/en\/","name":"TECHNIC-TOYS.com","description":"","potentialAction":[{"@type":"SearchAction","target":{"@type":"EntryPoint","urlTemplate":"https:\/\/www.technic-toys.com\/en\/?s={search_term_string}"},"query-input":"required name=search_term_string"}],"inLanguage":"en-US"}]}},"_links":{"self":[{"href":"https:\/\/www.technic-toys.com\/en\/wp-json\/wp\/v2\/product\/18249"}],"collection":[{"href":"https:\/\/www.technic-toys.com\/en\/wp-json\/wp\/v2\/product"}],"about":[{"href":"https:\/\/www.technic-toys.com\/en\/wp-json\/wp\/v2\/types\/product"}],"wp:featuredmedia":[{"embeddable":true,"href":"https:\/\/www.technic-toys.com\/en\/wp-json\/wp\/v2\/media\/18250"}],"wp:attachment":[{"href":"https:\/\/www.technic-toys.com\/en\/wp-json\/wp\/v2\/media?parent=18249"}],"wp:term":[{"taxonomy":"product_cat","embeddable":true,"href":"https:\/\/www.technic-toys.com\/en\/wp-json\/wp\/v2\/product_cat?post=18249"},{"taxonomy":"product_tag","embeddable":true,"href":"https:\/\/www.technic-toys.com\/en\/wp-json\/wp\/v2\/product_tag?post=18249"}],"curies":[{"name":"wp","href":"https:\/\/api.w.org\/{rel}","templated":true}]}}