{"id":18253,"date":"2022-04-08T17:37:40","date_gmt":"2022-04-08T15:37:40","guid":{"rendered":"https:\/\/www.technic-toys.com\/izdelek\/binarno-jadrnica-katamarana-40-cm-24-ghz\/"},"modified":"2024-12-04T19:02:31","modified_gmt":"2024-12-04T18:02:31","slug":"binarno-jadrnica-katamarana-40-cm-24-ghz","status":"publish","type":"product","link":"https:\/\/www.technic-toys.com\/en\/izdelek\/binarno-jadrnica-katamarana-40-cm-24-ghz\/","title":{"rendered":"Binarno &#8211; jadrnica katamarana 40 cm, 2,4 GHz"},"content":{"rendered":"<p>Oblikovan, eleganten in enostaven za plovbo katamaran. Ni pomembno, ali gre za bazen, ribnik ali kamnolom: zabava je zagotovljena. Odli\u010dne lastnosti jadranja zagotavljajo odli\u010dni materiali, kot sta jambor in roka iz steklenih vlaken, 2 x 9 g servomotorji, proporcionalni radijski daljinski upravljalnik 2,4 GHz in dva dobro drsna trupa. Monta\u017ea je enostavna &#8211; zato je katamaran enako primeren tako za za\u010detnike kot za izku\u0161ene kapetane.<br \/>Tehni\u010dni podatki: Dol\u017eina: 400mm \u0160irina: 255mm Vi\u0161ina jambora: 656mm Skupna vi\u0161ina: 710mm RTR te\u017ea: 360g povr\u0161ina jadra prednje jadro: 2,6dm\u00b2 povr\u0161ina jadra glavno jadro: 5, 3dm\u00b2 skupna povr\u0161ina jadra: 7,9dm\u00b2 Material trupa: ABS plastika<br \/>Obseg dobave: 1x binarni katamaran 1x 2,4 GHz radijski daljinski upravljalnik 1x stojalo za \u010doln 1x navodila za uporabo (nem\u0161ko\/angle\u0161ko)< br \/>Potrebna dodatna oprema: 4x AA 1,5V baterije za oddajnik 3x AAA 1,5V baterije za sprejemnik<\/p>\n","protected":false},"excerpt":{"rendered":"<p>Oblikovan, eleganten in enostaven za plovbo katamaran. Ni pomembno, ali gre za bazen, ribnik ali kamnolom: zabava je zagotovljena. Odli\u010dne lastnosti jadranja zagotavljajo odli\u010dni materiali, kot sta jambor in roka iz steklenih vlaken, 2 x 9 g servomotorji, proporcionalni radijski daljinski upravljalnik 2,4 GHz in dva dobro drsna trupa. Monta\u017ea je enostavna &#8211; zato je [&hellip;]<\/p>\n","protected":false},"featured_media":18254,"template":"","meta":[],"product_cat":[364,388],"product_tag":[],"acf":[],"yoast_head":"<!-- This site is optimized with the Yoast SEO plugin v21.7 - https:\/\/yoast.com\/wordpress\/plugins\/seo\/ -->\n<title>Binarno - jadrnica katamarana 40 cm, 2,4 GHz - TECHNIC-TOYS.com<\/title>\n<meta name=\"robots\" content=\"index, follow, max-snippet:-1, max-image-preview:large, max-video-preview:-1\" \/>\n<link rel=\"canonical\" href=\"https:\/\/www.technic-toys.com\/izdelek\/binarno-jadrnica-katamarana-40-cm-24-ghz\/\" \/>\n<meta property=\"og:locale\" content=\"en_US\" \/>\n<meta property=\"og:type\" content=\"article\" \/>\n<meta property=\"og:title\" content=\"Binarno - jadrnica katamarana 40 cm, 2,4 GHz - TECHNIC-TOYS.com\" \/>\n<meta property=\"og:description\" content=\"Oblikovan, eleganten in enostaven za plovbo katamaran. Ni pomembno, ali gre za bazen, ribnik ali kamnolom: zabava je zagotovljena. Odli\u010dne lastnosti jadranja zagotavljajo odli\u010dni materiali, kot sta jambor in roka iz steklenih vlaken, 2 x 9 g servomotorji, proporcionalni radijski daljinski upravljalnik 2,4 GHz in dva dobro drsna trupa. Monta\u017ea je enostavna &#8211; zato je [&hellip;]\" \/>\n<meta property=\"og:url\" content=\"https:\/\/www.technic-toys.com\/izdelek\/binarno-jadrnica-katamarana-40-cm-24-ghz\/\" \/>\n<meta property=\"og:site_name\" content=\"TECHNIC-TOYS.com\" \/>\n<meta property=\"article:modified_time\" content=\"2024-12-04T18:02:31+00:00\" \/>\n<meta property=\"og:image\" content=\"https:\/\/www.technic-toys.com\/wp-content\/uploads\/2022\/04\/26059.jpg\" \/>\n\t<meta property=\"og:image:width\" content=\"2560\" \/>\n\t<meta property=\"og:image:height\" content=\"1468\" \/>\n\t<meta property=\"og:image:type\" content=\"image\/jpeg\" \/>\n<meta name=\"twitter:card\" content=\"summary_large_image\" \/>\n<meta name=\"twitter:label1\" content=\"Est. reading time\" \/>\n\t<meta name=\"twitter:data1\" content=\"1 minute\" \/>\n<script type=\"application\/ld+json\" class=\"yoast-schema-graph\">{\"@context\":\"https:\/\/schema.org\",\"@graph\":[{\"@type\":\"WebPage\",\"@id\":\"https:\/\/www.technic-toys.com\/izdelek\/binarno-jadrnica-katamarana-40-cm-24-ghz\/\",\"url\":\"https:\/\/www.technic-toys.com\/izdelek\/binarno-jadrnica-katamarana-40-cm-24-ghz\/\",\"name\":\"Binarno - jadrnica katamarana 40 cm, 2,4 GHz - TECHNIC-TOYS.com\",\"isPartOf\":{\"@id\":\"https:\/\/www.technic-toys.com\/en\/#website\"},\"datePublished\":\"2022-04-08T15:37:40+00:00\",\"dateModified\":\"2024-12-04T18:02:31+00:00\",\"breadcrumb\":{\"@id\":\"https:\/\/www.technic-toys.com\/izdelek\/binarno-jadrnica-katamarana-40-cm-24-ghz\/#breadcrumb\"},\"inLanguage\":\"en-US\",\"potentialAction\":[{\"@type\":\"ReadAction\",\"target\":[\"https:\/\/www.technic-toys.com\/izdelek\/binarno-jadrnica-katamarana-40-cm-24-ghz\/\"]}]},{\"@type\":\"BreadcrumbList\",\"@id\":\"https:\/\/www.technic-toys.com\/izdelek\/binarno-jadrnica-katamarana-40-cm-24-ghz\/#breadcrumb\",\"itemListElement\":[{\"@type\":\"ListItem\",\"position\":1,\"name\":\"Domov\",\"item\":\"https:\/\/www.technic-toys.com\/en\/\"},{\"@type\":\"ListItem\",\"position\":2,\"name\":\"Shop\",\"item\":\"https:\/\/www.technic-toys.com\/en\/shop-2\/\"},{\"@type\":\"ListItem\",\"position\":3,\"name\":\"Binarno &#8211; jadrnica katamarana 40 cm, 2,4 GHz\"}]},{\"@type\":\"WebSite\",\"@id\":\"https:\/\/www.technic-toys.com\/en\/#website\",\"url\":\"https:\/\/www.technic-toys.com\/en\/\",\"name\":\"TECHNIC-TOYS.com\",\"description\":\"\",\"potentialAction\":[{\"@type\":\"SearchAction\",\"target\":{\"@type\":\"EntryPoint\",\"urlTemplate\":\"https:\/\/www.technic-toys.com\/en\/?s={search_term_string}\"},\"query-input\":\"required name=search_term_string\"}],\"inLanguage\":\"en-US\"}]}<\/script>\n<!-- \/ Yoast SEO plugin. -->","yoast_head_json":{"title":"Binarno - jadrnica katamarana 40 cm, 2,4 GHz - TECHNIC-TOYS.com","robots":{"index":"index","follow":"follow","max-snippet":"max-snippet:-1","max-image-preview":"max-image-preview:large","max-video-preview":"max-video-preview:-1"},"canonical":"https:\/\/www.technic-toys.com\/izdelek\/binarno-jadrnica-katamarana-40-cm-24-ghz\/","og_locale":"en_US","og_type":"article","og_title":"Binarno - jadrnica katamarana 40 cm, 2,4 GHz - TECHNIC-TOYS.com","og_description":"Oblikovan, eleganten in enostaven za plovbo katamaran. Ni pomembno, ali gre za bazen, ribnik ali kamnolom: zabava je zagotovljena. Odli\u010dne lastnosti jadranja zagotavljajo odli\u010dni materiali, kot sta jambor in roka iz steklenih vlaken, 2 x 9 g servomotorji, proporcionalni radijski daljinski upravljalnik 2,4 GHz in dva dobro drsna trupa. Monta\u017ea je enostavna &#8211; zato je [&hellip;]","og_url":"https:\/\/www.technic-toys.com\/izdelek\/binarno-jadrnica-katamarana-40-cm-24-ghz\/","og_site_name":"TECHNIC-TOYS.com","article_modified_time":"2024-12-04T18:02:31+00:00","og_image":[{"width":2560,"height":1468,"url":"https:\/\/www.technic-toys.com\/wp-content\/uploads\/2022\/04\/26059.jpg","type":"image\/jpeg"}],"twitter_card":"summary_large_image","twitter_misc":{"Est. reading time":"1 minute"},"schema":{"@context":"https:\/\/schema.org","@graph":[{"@type":"WebPage","@id":"https:\/\/www.technic-toys.com\/izdelek\/binarno-jadrnica-katamarana-40-cm-24-ghz\/","url":"https:\/\/www.technic-toys.com\/izdelek\/binarno-jadrnica-katamarana-40-cm-24-ghz\/","name":"Binarno - jadrnica katamarana 40 cm, 2,4 GHz - TECHNIC-TOYS.com","isPartOf":{"@id":"https:\/\/www.technic-toys.com\/en\/#website"},"datePublished":"2022-04-08T15:37:40+00:00","dateModified":"2024-12-04T18:02:31+00:00","breadcrumb":{"@id":"https:\/\/www.technic-toys.com\/izdelek\/binarno-jadrnica-katamarana-40-cm-24-ghz\/#breadcrumb"},"inLanguage":"en-US","potentialAction":[{"@type":"ReadAction","target":["https:\/\/www.technic-toys.com\/izdelek\/binarno-jadrnica-katamarana-40-cm-24-ghz\/"]}]},{"@type":"BreadcrumbList","@id":"https:\/\/www.technic-toys.com\/izdelek\/binarno-jadrnica-katamarana-40-cm-24-ghz\/#breadcrumb","itemListElement":[{"@type":"ListItem","position":1,"name":"Domov","item":"https:\/\/www.technic-toys.com\/en\/"},{"@type":"ListItem","position":2,"name":"Shop","item":"https:\/\/www.technic-toys.com\/en\/shop-2\/"},{"@type":"ListItem","position":3,"name":"Binarno &#8211; jadrnica katamarana 40 cm, 2,4 GHz"}]},{"@type":"WebSite","@id":"https:\/\/www.technic-toys.com\/en\/#website","url":"https:\/\/www.technic-toys.com\/en\/","name":"TECHNIC-TOYS.com","description":"","potentialAction":[{"@type":"SearchAction","target":{"@type":"EntryPoint","urlTemplate":"https:\/\/www.technic-toys.com\/en\/?s={search_term_string}"},"query-input":"required name=search_term_string"}],"inLanguage":"en-US"}]}},"_links":{"self":[{"href":"https:\/\/www.technic-toys.com\/en\/wp-json\/wp\/v2\/product\/18253"}],"collection":[{"href":"https:\/\/www.technic-toys.com\/en\/wp-json\/wp\/v2\/product"}],"about":[{"href":"https:\/\/www.technic-toys.com\/en\/wp-json\/wp\/v2\/types\/product"}],"wp:featuredmedia":[{"embeddable":true,"href":"https:\/\/www.technic-toys.com\/en\/wp-json\/wp\/v2\/media\/18254"}],"wp:attachment":[{"href":"https:\/\/www.technic-toys.com\/en\/wp-json\/wp\/v2\/media?parent=18253"}],"wp:term":[{"taxonomy":"product_cat","embeddable":true,"href":"https:\/\/www.technic-toys.com\/en\/wp-json\/wp\/v2\/product_cat?post=18253"},{"taxonomy":"product_tag","embeddable":true,"href":"https:\/\/www.technic-toys.com\/en\/wp-json\/wp\/v2\/product_tag?post=18253"}],"curies":[{"name":"wp","href":"https:\/\/api.w.org\/{rel}","templated":true}]}}