{"id":18263,"date":"2022-04-08T17:37:40","date_gmt":"2022-04-08T15:37:40","guid":{"rendered":"https:\/\/www.technic-toys.com\/izdelek\/focus-v2-100-cm-dirkalna-jahta-24-ghz-rtr\/"},"modified":"2024-12-04T19:02:32","modified_gmt":"2024-12-04T18:02:32","slug":"focus-v2-100-cm-dirkalna-jahta-24-ghz-rtr","status":"publish","type":"product","link":"https:\/\/www.technic-toys.com\/en\/izdelek\/focus-v2-100-cm-dirkalna-jahta-24-ghz-rtr\/","title":{"rendered":"Focus V2 &#8211; 100 cm dirkalna jahta 2,4 GHz, RTR"},"content":{"rendered":"<p>Focus V2 &#8211; 100 cm dolge vo\u017enje dirkalne jahte &#8211; stara pomorska modrost \u0161e nikoli ni bila bolj uporabna kot pri dirkalni jahti Focus II. Visokotrden plasti\u010dni trup, optimiziran za visoke hitrosti, in veliko jadro s skupno povr\u0161ino ve\u010d kot 500 cm\u00b2 omogo\u010data, da \u010doln impresivno drsi nad vodo. Jambor je izdelan iz ogljikovih vlaken, oprema pa je bila preoblikovana za natan\u010dnej\u0161o vodljivost. Ta urejen \u010doln je absolutna pa\u0161a za o\u010di na vsakem jezeru. Tehni\u010dni podatki: Skupna dol\u017eina: 995 mm \u0160irina: 170 mm Vi\u0161ina jambora: 1578 mm Skupna vi\u0161ina: 2046 mm RTR te\u017ea: 3450 g povr\u0161ina jadra prednje jadro: 15,88 dm\u00b2 povr\u0161ina jadra glavno jadro: 36,85 dm\u00b2 2.4 GHz 2.4 GHz daljinski upravljalnik 1x dostava GHz radijski daljinski upravljalnik 1x stojalo za \u010dolne 1x navodila za uporabo (nem\u0161\u010dina\/angle\u0161\u010dina) Potrebna dodatna oprema: 8x 1,5V AA Mignon baterije za oddajnik in \u010doln<\/p>\n","protected":false},"excerpt":{"rendered":"<p>Focus V2 &#8211; 100 cm dolge vo\u017enje dirkalne jahte &#8211; stara pomorska modrost \u0161e nikoli ni bila bolj uporabna kot pri dirkalni jahti Focus II. Visokotrden plasti\u010dni trup, optimiziran za visoke hitrosti, in veliko jadro s skupno povr\u0161ino ve\u010d kot 500 cm\u00b2 omogo\u010data, da \u010doln impresivno drsi nad vodo. Jambor je izdelan iz ogljikovih vlaken, [&hellip;]<\/p>\n","protected":false},"featured_media":18264,"template":"","meta":[],"product_cat":[364,388],"product_tag":[],"acf":[],"yoast_head":"<!-- This site is optimized with the Yoast SEO plugin v21.7 - https:\/\/yoast.com\/wordpress\/plugins\/seo\/ -->\n<title>Focus V2 - 100 cm dirkalna jahta 2,4 GHz, RTR - TECHNIC-TOYS.com<\/title>\n<meta name=\"robots\" content=\"index, follow, max-snippet:-1, max-image-preview:large, max-video-preview:-1\" \/>\n<link rel=\"canonical\" href=\"https:\/\/www.technic-toys.com\/izdelek\/focus-v2-100-cm-dirkalna-jahta-24-ghz-rtr\/\" \/>\n<meta property=\"og:locale\" content=\"en_US\" \/>\n<meta property=\"og:type\" content=\"article\" \/>\n<meta property=\"og:title\" content=\"Focus V2 - 100 cm dirkalna jahta 2,4 GHz, RTR - TECHNIC-TOYS.com\" \/>\n<meta property=\"og:description\" content=\"Focus V2 &#8211; 100 cm dolge vo\u017enje dirkalne jahte &#8211; stara pomorska modrost \u0161e nikoli ni bila bolj uporabna kot pri dirkalni jahti Focus II. Visokotrden plasti\u010dni trup, optimiziran za visoke hitrosti, in veliko jadro s skupno povr\u0161ino ve\u010d kot 500 cm\u00b2 omogo\u010data, da \u010doln impresivno drsi nad vodo. Jambor je izdelan iz ogljikovih vlaken, [&hellip;]\" \/>\n<meta property=\"og:url\" content=\"https:\/\/www.technic-toys.com\/izdelek\/focus-v2-100-cm-dirkalna-jahta-24-ghz-rtr\/\" \/>\n<meta property=\"og:site_name\" content=\"TECHNIC-TOYS.com\" \/>\n<meta property=\"article:modified_time\" content=\"2024-12-04T18:02:32+00:00\" \/>\n<meta property=\"og:image\" content=\"https:\/\/www.technic-toys.com\/wp-content\/uploads\/2022\/04\/26061.jpg\" \/>\n\t<meta property=\"og:image:width\" content=\"2560\" \/>\n\t<meta property=\"og:image:height\" content=\"1468\" \/>\n\t<meta property=\"og:image:type\" content=\"image\/jpeg\" \/>\n<meta name=\"twitter:card\" content=\"summary_large_image\" \/>\n<meta name=\"twitter:label1\" content=\"Est. reading time\" \/>\n\t<meta name=\"twitter:data1\" content=\"1 minute\" \/>\n<script type=\"application\/ld+json\" class=\"yoast-schema-graph\">{\"@context\":\"https:\/\/schema.org\",\"@graph\":[{\"@type\":\"WebPage\",\"@id\":\"https:\/\/www.technic-toys.com\/izdelek\/focus-v2-100-cm-dirkalna-jahta-24-ghz-rtr\/\",\"url\":\"https:\/\/www.technic-toys.com\/izdelek\/focus-v2-100-cm-dirkalna-jahta-24-ghz-rtr\/\",\"name\":\"Focus V2 - 100 cm dirkalna jahta 2,4 GHz, RTR - TECHNIC-TOYS.com\",\"isPartOf\":{\"@id\":\"https:\/\/www.technic-toys.com\/en\/#website\"},\"datePublished\":\"2022-04-08T15:37:40+00:00\",\"dateModified\":\"2024-12-04T18:02:32+00:00\",\"breadcrumb\":{\"@id\":\"https:\/\/www.technic-toys.com\/izdelek\/focus-v2-100-cm-dirkalna-jahta-24-ghz-rtr\/#breadcrumb\"},\"inLanguage\":\"en-US\",\"potentialAction\":[{\"@type\":\"ReadAction\",\"target\":[\"https:\/\/www.technic-toys.com\/izdelek\/focus-v2-100-cm-dirkalna-jahta-24-ghz-rtr\/\"]}]},{\"@type\":\"BreadcrumbList\",\"@id\":\"https:\/\/www.technic-toys.com\/izdelek\/focus-v2-100-cm-dirkalna-jahta-24-ghz-rtr\/#breadcrumb\",\"itemListElement\":[{\"@type\":\"ListItem\",\"position\":1,\"name\":\"Domov\",\"item\":\"https:\/\/www.technic-toys.com\/en\/\"},{\"@type\":\"ListItem\",\"position\":2,\"name\":\"Shop\",\"item\":\"https:\/\/www.technic-toys.com\/en\/shop-2\/\"},{\"@type\":\"ListItem\",\"position\":3,\"name\":\"Focus V2 &#8211; 100 cm dirkalna jahta 2,4 GHz, RTR\"}]},{\"@type\":\"WebSite\",\"@id\":\"https:\/\/www.technic-toys.com\/en\/#website\",\"url\":\"https:\/\/www.technic-toys.com\/en\/\",\"name\":\"TECHNIC-TOYS.com\",\"description\":\"\",\"potentialAction\":[{\"@type\":\"SearchAction\",\"target\":{\"@type\":\"EntryPoint\",\"urlTemplate\":\"https:\/\/www.technic-toys.com\/en\/?s={search_term_string}\"},\"query-input\":\"required name=search_term_string\"}],\"inLanguage\":\"en-US\"}]}<\/script>\n<!-- \/ Yoast SEO plugin. -->","yoast_head_json":{"title":"Focus V2 - 100 cm dirkalna jahta 2,4 GHz, RTR - TECHNIC-TOYS.com","robots":{"index":"index","follow":"follow","max-snippet":"max-snippet:-1","max-image-preview":"max-image-preview:large","max-video-preview":"max-video-preview:-1"},"canonical":"https:\/\/www.technic-toys.com\/izdelek\/focus-v2-100-cm-dirkalna-jahta-24-ghz-rtr\/","og_locale":"en_US","og_type":"article","og_title":"Focus V2 - 100 cm dirkalna jahta 2,4 GHz, RTR - TECHNIC-TOYS.com","og_description":"Focus V2 &#8211; 100 cm dolge vo\u017enje dirkalne jahte &#8211; stara pomorska modrost \u0161e nikoli ni bila bolj uporabna kot pri dirkalni jahti Focus II. Visokotrden plasti\u010dni trup, optimiziran za visoke hitrosti, in veliko jadro s skupno povr\u0161ino ve\u010d kot 500 cm\u00b2 omogo\u010data, da \u010doln impresivno drsi nad vodo. Jambor je izdelan iz ogljikovih vlaken, [&hellip;]","og_url":"https:\/\/www.technic-toys.com\/izdelek\/focus-v2-100-cm-dirkalna-jahta-24-ghz-rtr\/","og_site_name":"TECHNIC-TOYS.com","article_modified_time":"2024-12-04T18:02:32+00:00","og_image":[{"width":2560,"height":1468,"url":"https:\/\/www.technic-toys.com\/wp-content\/uploads\/2022\/04\/26061.jpg","type":"image\/jpeg"}],"twitter_card":"summary_large_image","twitter_misc":{"Est. reading time":"1 minute"},"schema":{"@context":"https:\/\/schema.org","@graph":[{"@type":"WebPage","@id":"https:\/\/www.technic-toys.com\/izdelek\/focus-v2-100-cm-dirkalna-jahta-24-ghz-rtr\/","url":"https:\/\/www.technic-toys.com\/izdelek\/focus-v2-100-cm-dirkalna-jahta-24-ghz-rtr\/","name":"Focus V2 - 100 cm dirkalna jahta 2,4 GHz, RTR - TECHNIC-TOYS.com","isPartOf":{"@id":"https:\/\/www.technic-toys.com\/en\/#website"},"datePublished":"2022-04-08T15:37:40+00:00","dateModified":"2024-12-04T18:02:32+00:00","breadcrumb":{"@id":"https:\/\/www.technic-toys.com\/izdelek\/focus-v2-100-cm-dirkalna-jahta-24-ghz-rtr\/#breadcrumb"},"inLanguage":"en-US","potentialAction":[{"@type":"ReadAction","target":["https:\/\/www.technic-toys.com\/izdelek\/focus-v2-100-cm-dirkalna-jahta-24-ghz-rtr\/"]}]},{"@type":"BreadcrumbList","@id":"https:\/\/www.technic-toys.com\/izdelek\/focus-v2-100-cm-dirkalna-jahta-24-ghz-rtr\/#breadcrumb","itemListElement":[{"@type":"ListItem","position":1,"name":"Domov","item":"https:\/\/www.technic-toys.com\/en\/"},{"@type":"ListItem","position":2,"name":"Shop","item":"https:\/\/www.technic-toys.com\/en\/shop-2\/"},{"@type":"ListItem","position":3,"name":"Focus V2 &#8211; 100 cm dirkalna jahta 2,4 GHz, RTR"}]},{"@type":"WebSite","@id":"https:\/\/www.technic-toys.com\/en\/#website","url":"https:\/\/www.technic-toys.com\/en\/","name":"TECHNIC-TOYS.com","description":"","potentialAction":[{"@type":"SearchAction","target":{"@type":"EntryPoint","urlTemplate":"https:\/\/www.technic-toys.com\/en\/?s={search_term_string}"},"query-input":"required name=search_term_string"}],"inLanguage":"en-US"}]}},"_links":{"self":[{"href":"https:\/\/www.technic-toys.com\/en\/wp-json\/wp\/v2\/product\/18263"}],"collection":[{"href":"https:\/\/www.technic-toys.com\/en\/wp-json\/wp\/v2\/product"}],"about":[{"href":"https:\/\/www.technic-toys.com\/en\/wp-json\/wp\/v2\/types\/product"}],"wp:featuredmedia":[{"embeddable":true,"href":"https:\/\/www.technic-toys.com\/en\/wp-json\/wp\/v2\/media\/18264"}],"wp:attachment":[{"href":"https:\/\/www.technic-toys.com\/en\/wp-json\/wp\/v2\/media?parent=18263"}],"wp:term":[{"taxonomy":"product_cat","embeddable":true,"href":"https:\/\/www.technic-toys.com\/en\/wp-json\/wp\/v2\/product_cat?post=18263"},{"taxonomy":"product_tag","embeddable":true,"href":"https:\/\/www.technic-toys.com\/en\/wp-json\/wp\/v2\/product_tag?post=18263"}],"curies":[{"name":"wp","href":"https:\/\/api.w.org\/{rel}","templated":true}]}}