{"id":18302,"date":"2022-04-08T17:37:40","date_gmt":"2022-04-08T15:37:40","guid":{"rendered":"https:\/\/www.technic-toys.com\/izdelek\/dirkaski-katamaran-adventure-red-24-ghz-30-km-h\/"},"modified":"2024-12-04T19:02:33","modified_gmt":"2024-12-04T18:02:33","slug":"dirkaski-katamaran-adventure-red-24-ghz-30-km-h","status":"publish","type":"product","link":"https:\/\/www.technic-toys.com\/en\/izdelek\/dirkaski-katamaran-adventure-red-24-ghz-30-km-h\/","title":{"rendered":"Dirka\u0161ki katamaran Adventure red 2,4 GHz 30 km\/h"},"content":{"rendered":"<p>Racing Catamaran Adventure<br \/>\nHiter, srednje velik dirka\u0161ki katamaran z privla\u010dno barvo in vrhunsko kakovostjo. S \u0161tevilnimi tehni\u010dnimi izbolj\u0161avami, kot je vodno hlajenje (motor) ali varnostni krog (\u010doln deluje samo v vodi). Krmilni sistem je urejen preko oddajnika, visoko trdni ABS trup pa poudarja visoko kakovost tega modela. Najve\u010dja hitrost je okoli 30 km\/h. Natan\u010den radijski sistem 2,4 GHz omogo\u010da ob\u010dutljiv nadzor nad plinom in krmilom. Model ima vzvratno prestavo &#8211; zato ima visoko manevriranje. Trup ima &#8220;\u017eagasti profil&#8221; proti zadnjemu delu, kar zagotavlja umirjeno in samozavestno izku\u0161njo vo\u017enje. Poleg tega se pove\u010da stabilnost v ovinkih.<\/p>\n<p>Lastnosti:<br \/>\nZelo hitro (do 30 km\/h)<br \/>\nVarno delovanje (2,4 Ghz)<br \/>\nZa\u0161\u010diteno pred brizganjem vode&lt; br \/&gt;Skoraj nepotopljiv<br \/>\nPopolnoma proporcionalen<br \/>\nVzvratna prestava<br \/>\nRTR (vse vklju\u010deno razen baterij oddajnika)<br \/>\nZelo stabilen v ovinkih<br \/>\nBaterija s priklju\u010dkom Mini Tamya<\/p>\n<p>Tehni\u010dni podatki:<br \/>\nDol\u017eina: 450mm<br \/>\n\u0160irina: 150mm<br \/>\nVi\u0161ina: 120mm<br \/>\nTe\u017ea: 690gr<br \/>\nBaterija: LiIon 7.4V 1800mAh<br \/>\nMaks . Hitrost: 30 km\/h<br \/>\nMaks. Domet: 80 m<br \/>\n\u010cas vo\u017enje: pribli\u017eno 20 minut<br \/>\n\u010cas polnjenja: pribli\u017eno 120 minut<\/p>\n<p>Obseg dobave:<br \/>\nRed dirka\u0161ki katamaran<br \/>\nOddajnik 2.4 GHz<br \/>\nBaterija Li-Ion 1800mAh 7,4V<br \/>\nUSB polnilni kabel<br \/>\nNavodila DE\/EN<\/p>\n<p>Potrebna dodatna oprema:<br \/>\n3x AA baterija 1,5V mignon<br \/>\nLepilni trak za maskiranje kabine<\/p>\n<p>Tehni\u010dna opomba:<br \/>\nNapo je treba med delovanjem zamaskirati z lepilnim trakom (npr. Tesa ali izolacijskim trakom).<\/p>\n","protected":false},"excerpt":{"rendered":"<p>Racing Catamaran Adventure Hiter, srednje velik dirka\u0161ki katamaran z privla\u010dno barvo in vrhunsko kakovostjo. S \u0161tevilnimi tehni\u010dnimi izbolj\u0161avami, kot je vodno hlajenje (motor) ali varnostni krog (\u010doln deluje samo v vodi). Krmilni sistem je urejen preko oddajnika, visoko trdni ABS trup pa poudarja visoko kakovost tega modela. Najve\u010dja hitrost je okoli 30 km\/h. Natan\u010den radijski [&hellip;]<\/p>\n","protected":false},"featured_media":18303,"template":"","meta":[],"product_cat":[364,387],"product_tag":[],"acf":[],"yoast_head":"<!-- This site is optimized with the Yoast SEO plugin v21.7 - https:\/\/yoast.com\/wordpress\/plugins\/seo\/ -->\n<title>Dirka\u0161ki katamaran Adventure red 2,4 GHz 30 km\/h - TECHNIC-TOYS.com<\/title>\n<meta name=\"robots\" content=\"index, follow, max-snippet:-1, max-image-preview:large, max-video-preview:-1\" \/>\n<link rel=\"canonical\" href=\"https:\/\/www.technic-toys.com\/izdelek\/dirkaski-katamaran-adventure-red-24-ghz-30-km-h\/\" \/>\n<meta property=\"og:locale\" content=\"en_US\" \/>\n<meta property=\"og:type\" content=\"article\" \/>\n<meta property=\"og:title\" content=\"Dirka\u0161ki katamaran Adventure red 2,4 GHz 30 km\/h - TECHNIC-TOYS.com\" \/>\n<meta property=\"og:description\" content=\"Racing Catamaran Adventure Hiter, srednje velik dirka\u0161ki katamaran z privla\u010dno barvo in vrhunsko kakovostjo. S \u0161tevilnimi tehni\u010dnimi izbolj\u0161avami, kot je vodno hlajenje (motor) ali varnostni krog (\u010doln deluje samo v vodi). Krmilni sistem je urejen preko oddajnika, visoko trdni ABS trup pa poudarja visoko kakovost tega modela. Najve\u010dja hitrost je okoli 30 km\/h. Natan\u010den radijski [&hellip;]\" \/>\n<meta property=\"og:url\" content=\"https:\/\/www.technic-toys.com\/izdelek\/dirkaski-katamaran-adventure-red-24-ghz-30-km-h\/\" \/>\n<meta property=\"og:site_name\" content=\"TECHNIC-TOYS.com\" \/>\n<meta property=\"article:modified_time\" content=\"2024-12-04T18:02:33+00:00\" \/>\n<meta property=\"og:image\" content=\"https:\/\/www.technic-toys.com\/wp-content\/uploads\/2022\/04\/26070.jpg\" \/>\n\t<meta property=\"og:image:width\" content=\"2560\" \/>\n\t<meta property=\"og:image:height\" content=\"1468\" \/>\n\t<meta property=\"og:image:type\" content=\"image\/jpeg\" \/>\n<meta name=\"twitter:card\" content=\"summary_large_image\" \/>\n<meta name=\"twitter:label1\" content=\"Est. reading time\" \/>\n\t<meta name=\"twitter:data1\" content=\"1 minute\" \/>\n<script type=\"application\/ld+json\" class=\"yoast-schema-graph\">{\"@context\":\"https:\/\/schema.org\",\"@graph\":[{\"@type\":\"WebPage\",\"@id\":\"https:\/\/www.technic-toys.com\/izdelek\/dirkaski-katamaran-adventure-red-24-ghz-30-km-h\/\",\"url\":\"https:\/\/www.technic-toys.com\/izdelek\/dirkaski-katamaran-adventure-red-24-ghz-30-km-h\/\",\"name\":\"Dirka\u0161ki katamaran Adventure red 2,4 GHz 30 km\/h - TECHNIC-TOYS.com\",\"isPartOf\":{\"@id\":\"https:\/\/www.technic-toys.com\/en\/#website\"},\"datePublished\":\"2022-04-08T15:37:40+00:00\",\"dateModified\":\"2024-12-04T18:02:33+00:00\",\"breadcrumb\":{\"@id\":\"https:\/\/www.technic-toys.com\/izdelek\/dirkaski-katamaran-adventure-red-24-ghz-30-km-h\/#breadcrumb\"},\"inLanguage\":\"en-US\",\"potentialAction\":[{\"@type\":\"ReadAction\",\"target\":[\"https:\/\/www.technic-toys.com\/izdelek\/dirkaski-katamaran-adventure-red-24-ghz-30-km-h\/\"]}]},{\"@type\":\"BreadcrumbList\",\"@id\":\"https:\/\/www.technic-toys.com\/izdelek\/dirkaski-katamaran-adventure-red-24-ghz-30-km-h\/#breadcrumb\",\"itemListElement\":[{\"@type\":\"ListItem\",\"position\":1,\"name\":\"Domov\",\"item\":\"https:\/\/www.technic-toys.com\/en\/\"},{\"@type\":\"ListItem\",\"position\":2,\"name\":\"Shop\",\"item\":\"https:\/\/www.technic-toys.com\/en\/shop-2\/\"},{\"@type\":\"ListItem\",\"position\":3,\"name\":\"Dirka\u0161ki katamaran Adventure red 2,4 GHz 30 km\/h\"}]},{\"@type\":\"WebSite\",\"@id\":\"https:\/\/www.technic-toys.com\/en\/#website\",\"url\":\"https:\/\/www.technic-toys.com\/en\/\",\"name\":\"TECHNIC-TOYS.com\",\"description\":\"\",\"potentialAction\":[{\"@type\":\"SearchAction\",\"target\":{\"@type\":\"EntryPoint\",\"urlTemplate\":\"https:\/\/www.technic-toys.com\/en\/?s={search_term_string}\"},\"query-input\":\"required name=search_term_string\"}],\"inLanguage\":\"en-US\"}]}<\/script>\n<!-- \/ Yoast SEO plugin. -->","yoast_head_json":{"title":"Dirka\u0161ki katamaran Adventure red 2,4 GHz 30 km\/h - TECHNIC-TOYS.com","robots":{"index":"index","follow":"follow","max-snippet":"max-snippet:-1","max-image-preview":"max-image-preview:large","max-video-preview":"max-video-preview:-1"},"canonical":"https:\/\/www.technic-toys.com\/izdelek\/dirkaski-katamaran-adventure-red-24-ghz-30-km-h\/","og_locale":"en_US","og_type":"article","og_title":"Dirka\u0161ki katamaran Adventure red 2,4 GHz 30 km\/h - TECHNIC-TOYS.com","og_description":"Racing Catamaran Adventure Hiter, srednje velik dirka\u0161ki katamaran z privla\u010dno barvo in vrhunsko kakovostjo. S \u0161tevilnimi tehni\u010dnimi izbolj\u0161avami, kot je vodno hlajenje (motor) ali varnostni krog (\u010doln deluje samo v vodi). Krmilni sistem je urejen preko oddajnika, visoko trdni ABS trup pa poudarja visoko kakovost tega modela. Najve\u010dja hitrost je okoli 30 km\/h. Natan\u010den radijski [&hellip;]","og_url":"https:\/\/www.technic-toys.com\/izdelek\/dirkaski-katamaran-adventure-red-24-ghz-30-km-h\/","og_site_name":"TECHNIC-TOYS.com","article_modified_time":"2024-12-04T18:02:33+00:00","og_image":[{"width":2560,"height":1468,"url":"https:\/\/www.technic-toys.com\/wp-content\/uploads\/2022\/04\/26070.jpg","type":"image\/jpeg"}],"twitter_card":"summary_large_image","twitter_misc":{"Est. reading time":"1 minute"},"schema":{"@context":"https:\/\/schema.org","@graph":[{"@type":"WebPage","@id":"https:\/\/www.technic-toys.com\/izdelek\/dirkaski-katamaran-adventure-red-24-ghz-30-km-h\/","url":"https:\/\/www.technic-toys.com\/izdelek\/dirkaski-katamaran-adventure-red-24-ghz-30-km-h\/","name":"Dirka\u0161ki katamaran Adventure red 2,4 GHz 30 km\/h - TECHNIC-TOYS.com","isPartOf":{"@id":"https:\/\/www.technic-toys.com\/en\/#website"},"datePublished":"2022-04-08T15:37:40+00:00","dateModified":"2024-12-04T18:02:33+00:00","breadcrumb":{"@id":"https:\/\/www.technic-toys.com\/izdelek\/dirkaski-katamaran-adventure-red-24-ghz-30-km-h\/#breadcrumb"},"inLanguage":"en-US","potentialAction":[{"@type":"ReadAction","target":["https:\/\/www.technic-toys.com\/izdelek\/dirkaski-katamaran-adventure-red-24-ghz-30-km-h\/"]}]},{"@type":"BreadcrumbList","@id":"https:\/\/www.technic-toys.com\/izdelek\/dirkaski-katamaran-adventure-red-24-ghz-30-km-h\/#breadcrumb","itemListElement":[{"@type":"ListItem","position":1,"name":"Domov","item":"https:\/\/www.technic-toys.com\/en\/"},{"@type":"ListItem","position":2,"name":"Shop","item":"https:\/\/www.technic-toys.com\/en\/shop-2\/"},{"@type":"ListItem","position":3,"name":"Dirka\u0161ki katamaran Adventure red 2,4 GHz 30 km\/h"}]},{"@type":"WebSite","@id":"https:\/\/www.technic-toys.com\/en\/#website","url":"https:\/\/www.technic-toys.com\/en\/","name":"TECHNIC-TOYS.com","description":"","potentialAction":[{"@type":"SearchAction","target":{"@type":"EntryPoint","urlTemplate":"https:\/\/www.technic-toys.com\/en\/?s={search_term_string}"},"query-input":"required name=search_term_string"}],"inLanguage":"en-US"}]}},"_links":{"self":[{"href":"https:\/\/www.technic-toys.com\/en\/wp-json\/wp\/v2\/product\/18302"}],"collection":[{"href":"https:\/\/www.technic-toys.com\/en\/wp-json\/wp\/v2\/product"}],"about":[{"href":"https:\/\/www.technic-toys.com\/en\/wp-json\/wp\/v2\/types\/product"}],"wp:featuredmedia":[{"embeddable":true,"href":"https:\/\/www.technic-toys.com\/en\/wp-json\/wp\/v2\/media\/18303"}],"wp:attachment":[{"href":"https:\/\/www.technic-toys.com\/en\/wp-json\/wp\/v2\/media?parent=18302"}],"wp:term":[{"taxonomy":"product_cat","embeddable":true,"href":"https:\/\/www.technic-toys.com\/en\/wp-json\/wp\/v2\/product_cat?post=18302"},{"taxonomy":"product_tag","embeddable":true,"href":"https:\/\/www.technic-toys.com\/en\/wp-json\/wp\/v2\/product_tag?post=18302"}],"curies":[{"name":"wp","href":"https:\/\/api.w.org\/{rel}","templated":true}]}}