{"id":18352,"date":"2022-04-08T17:37:40","date_gmt":"2022-04-08T15:37:40","guid":{"rendered":"https:\/\/www.technic-toys.com\/izdelek\/f1-boat-mad-shark-v2-brezkrtacni-24-ghz-rtr\/"},"modified":"2024-12-04T19:02:34","modified_gmt":"2024-12-04T18:02:34","slug":"f1-boat-mad-shark-v2-brezkrtacni-24-ghz-rtr","status":"publish","type":"product","link":"https:\/\/www.technic-toys.com\/en\/izdelek\/f1-boat-mad-shark-v2-brezkrtacni-24-ghz-rtr\/","title":{"rendered":"F1 Boat Mad Shark V2 Brezkrta\u010dni 2,4 GHz RTR"},"content":{"rendered":"<p>Mad Shark V2 je opremljen z vodno hlajenim brezkrta\u010dnim teka\u010dem 2212 s 3300KV, ki omogo\u010da hitrosti do 60 km\/h. 430 mm dolg trup je izdelan iz ABS plastike, odporne na udarce, in ima visokokakovostno barvno prevleko. \u010coln je krmiljen preko natan\u010dnega krmilnega servo krmiljenja s krmnim krmilom brez zra\u010dnosti. \u010coln je sestavljen pripravljen za uporabo in opremljen s proporcionalnim daljinskim upravljalnikom 2,4 GHz. V \u010doln je bil integriran tudi poplavni kanal, tako da se samodejno pokonci v le\u017ee\u010dem polo\u017eaju. Za delovanje je potrebna samo baterija 3S 11,1 V LiPo.<\/p>\n<p>Tehni\u010dni podatki:<br \/>Dol\u017eina trupa: 430mm<br \/>Skupna dol\u017eina: 430mm<br \/>\u0160irina: 170mm<br \/> Te\u017ea: 455 g<br \/>Motor: brezkrta\u010dni outrunner 2212-3300kv vodno hlajen<br \/>Servo krmiljenja: 9g<br \/>ESC: 30A vodno hlajen s XT60<br \/>Hitrost: 60 km\/h<br \/ >Maksimalna velikost baterije: 73x36x18mm<br \/>Daljinski upravljalnik: 2-kanalni digitalni proporcionalni 2,4GHz<br \/>Materijal trupa: ABS plastika<br \/>Barva: oran\u017eno-bela-\u010drna<\/p>\n<p>Obseg dostava:<br \/>Prvi <br \/>Daljinski upravljalnik pi\u0161tole 2,4 GHz<br \/>Stojalo za \u010dolne iz stiropora<br \/>2,5 in 2 mm imbus klju\u010d<br \/>1 x rezervni vijak<br \/>Navodila za uporabo (nem\u0161\u010dina in angle\u0161\u010dina)<br \/>< br \/>Potrebna dodatna oprema:<br \/>Baterija: 11,1V \/ 20C LiPo 1200mAh z vti\u010dem XT60<br \/>LiPo polnilnik<br \/>8 AA baterij za daljinski upravljalnik<\/p>\n","protected":false},"excerpt":{"rendered":"<p>Mad Shark V2 je opremljen z vodno hlajenim brezkrta\u010dnim teka\u010dem 2212 s 3300KV, ki omogo\u010da hitrosti do 60 km\/h. 430 mm dolg trup je izdelan iz ABS plastike, odporne na udarce, in ima visokokakovostno barvno prevleko. \u010coln je krmiljen preko natan\u010dnega krmilnega servo krmiljenja s krmnim krmilom brez zra\u010dnosti. \u010coln je sestavljen pripravljen za uporabo [&hellip;]<\/p>\n","protected":false},"featured_media":18353,"template":"","meta":[],"product_cat":[364,387],"product_tag":[],"acf":[],"yoast_head":"<!-- This site is optimized with the Yoast SEO plugin v21.7 - https:\/\/yoast.com\/wordpress\/plugins\/seo\/ -->\n<title>F1 Boat Mad Shark V2 Brezkrta\u010dni 2,4 GHz RTR - TECHNIC-TOYS.com<\/title>\n<meta name=\"robots\" content=\"index, follow, max-snippet:-1, max-image-preview:large, max-video-preview:-1\" \/>\n<link rel=\"canonical\" href=\"https:\/\/www.technic-toys.com\/izdelek\/f1-boat-mad-shark-v2-brezkrtacni-24-ghz-rtr\/\" \/>\n<meta property=\"og:locale\" content=\"en_US\" \/>\n<meta property=\"og:type\" content=\"article\" \/>\n<meta property=\"og:title\" content=\"F1 Boat Mad Shark V2 Brezkrta\u010dni 2,4 GHz RTR - TECHNIC-TOYS.com\" \/>\n<meta property=\"og:description\" content=\"Mad Shark V2 je opremljen z vodno hlajenim brezkrta\u010dnim teka\u010dem 2212 s 3300KV, ki omogo\u010da hitrosti do 60 km\/h. 430 mm dolg trup je izdelan iz ABS plastike, odporne na udarce, in ima visokokakovostno barvno prevleko. \u010coln je krmiljen preko natan\u010dnega krmilnega servo krmiljenja s krmnim krmilom brez zra\u010dnosti. \u010coln je sestavljen pripravljen za uporabo [&hellip;]\" \/>\n<meta property=\"og:url\" content=\"https:\/\/www.technic-toys.com\/izdelek\/f1-boat-mad-shark-v2-brezkrtacni-24-ghz-rtr\/\" \/>\n<meta property=\"og:site_name\" content=\"TECHNIC-TOYS.com\" \/>\n<meta property=\"article:modified_time\" content=\"2024-12-04T18:02:34+00:00\" \/>\n<meta property=\"og:image\" content=\"https:\/\/www.technic-toys.com\/wp-content\/uploads\/2022\/04\/26075.jpg\" \/>\n\t<meta property=\"og:image:width\" content=\"2560\" \/>\n\t<meta property=\"og:image:height\" content=\"1468\" \/>\n\t<meta property=\"og:image:type\" content=\"image\/jpeg\" \/>\n<meta name=\"twitter:card\" content=\"summary_large_image\" \/>\n<meta name=\"twitter:label1\" content=\"Est. reading time\" \/>\n\t<meta name=\"twitter:data1\" content=\"1 minute\" \/>\n<script type=\"application\/ld+json\" class=\"yoast-schema-graph\">{\"@context\":\"https:\/\/schema.org\",\"@graph\":[{\"@type\":\"WebPage\",\"@id\":\"https:\/\/www.technic-toys.com\/izdelek\/f1-boat-mad-shark-v2-brezkrtacni-24-ghz-rtr\/\",\"url\":\"https:\/\/www.technic-toys.com\/izdelek\/f1-boat-mad-shark-v2-brezkrtacni-24-ghz-rtr\/\",\"name\":\"F1 Boat Mad Shark V2 Brezkrta\u010dni 2,4 GHz RTR - TECHNIC-TOYS.com\",\"isPartOf\":{\"@id\":\"https:\/\/www.technic-toys.com\/en\/#website\"},\"datePublished\":\"2022-04-08T15:37:40+00:00\",\"dateModified\":\"2024-12-04T18:02:34+00:00\",\"breadcrumb\":{\"@id\":\"https:\/\/www.technic-toys.com\/izdelek\/f1-boat-mad-shark-v2-brezkrtacni-24-ghz-rtr\/#breadcrumb\"},\"inLanguage\":\"en-US\",\"potentialAction\":[{\"@type\":\"ReadAction\",\"target\":[\"https:\/\/www.technic-toys.com\/izdelek\/f1-boat-mad-shark-v2-brezkrtacni-24-ghz-rtr\/\"]}]},{\"@type\":\"BreadcrumbList\",\"@id\":\"https:\/\/www.technic-toys.com\/izdelek\/f1-boat-mad-shark-v2-brezkrtacni-24-ghz-rtr\/#breadcrumb\",\"itemListElement\":[{\"@type\":\"ListItem\",\"position\":1,\"name\":\"Domov\",\"item\":\"https:\/\/www.technic-toys.com\/en\/\"},{\"@type\":\"ListItem\",\"position\":2,\"name\":\"Shop\",\"item\":\"https:\/\/www.technic-toys.com\/en\/shop-2\/\"},{\"@type\":\"ListItem\",\"position\":3,\"name\":\"F1 Boat Mad Shark V2 Brezkrta\u010dni 2,4 GHz RTR\"}]},{\"@type\":\"WebSite\",\"@id\":\"https:\/\/www.technic-toys.com\/en\/#website\",\"url\":\"https:\/\/www.technic-toys.com\/en\/\",\"name\":\"TECHNIC-TOYS.com\",\"description\":\"\",\"potentialAction\":[{\"@type\":\"SearchAction\",\"target\":{\"@type\":\"EntryPoint\",\"urlTemplate\":\"https:\/\/www.technic-toys.com\/en\/?s={search_term_string}\"},\"query-input\":\"required name=search_term_string\"}],\"inLanguage\":\"en-US\"}]}<\/script>\n<!-- \/ Yoast SEO plugin. -->","yoast_head_json":{"title":"F1 Boat Mad Shark V2 Brezkrta\u010dni 2,4 GHz RTR - TECHNIC-TOYS.com","robots":{"index":"index","follow":"follow","max-snippet":"max-snippet:-1","max-image-preview":"max-image-preview:large","max-video-preview":"max-video-preview:-1"},"canonical":"https:\/\/www.technic-toys.com\/izdelek\/f1-boat-mad-shark-v2-brezkrtacni-24-ghz-rtr\/","og_locale":"en_US","og_type":"article","og_title":"F1 Boat Mad Shark V2 Brezkrta\u010dni 2,4 GHz RTR - TECHNIC-TOYS.com","og_description":"Mad Shark V2 je opremljen z vodno hlajenim brezkrta\u010dnim teka\u010dem 2212 s 3300KV, ki omogo\u010da hitrosti do 60 km\/h. 430 mm dolg trup je izdelan iz ABS plastike, odporne na udarce, in ima visokokakovostno barvno prevleko. \u010coln je krmiljen preko natan\u010dnega krmilnega servo krmiljenja s krmnim krmilom brez zra\u010dnosti. \u010coln je sestavljen pripravljen za uporabo [&hellip;]","og_url":"https:\/\/www.technic-toys.com\/izdelek\/f1-boat-mad-shark-v2-brezkrtacni-24-ghz-rtr\/","og_site_name":"TECHNIC-TOYS.com","article_modified_time":"2024-12-04T18:02:34+00:00","og_image":[{"width":2560,"height":1468,"url":"https:\/\/www.technic-toys.com\/wp-content\/uploads\/2022\/04\/26075.jpg","type":"image\/jpeg"}],"twitter_card":"summary_large_image","twitter_misc":{"Est. reading time":"1 minute"},"schema":{"@context":"https:\/\/schema.org","@graph":[{"@type":"WebPage","@id":"https:\/\/www.technic-toys.com\/izdelek\/f1-boat-mad-shark-v2-brezkrtacni-24-ghz-rtr\/","url":"https:\/\/www.technic-toys.com\/izdelek\/f1-boat-mad-shark-v2-brezkrtacni-24-ghz-rtr\/","name":"F1 Boat Mad Shark V2 Brezkrta\u010dni 2,4 GHz RTR - TECHNIC-TOYS.com","isPartOf":{"@id":"https:\/\/www.technic-toys.com\/en\/#website"},"datePublished":"2022-04-08T15:37:40+00:00","dateModified":"2024-12-04T18:02:34+00:00","breadcrumb":{"@id":"https:\/\/www.technic-toys.com\/izdelek\/f1-boat-mad-shark-v2-brezkrtacni-24-ghz-rtr\/#breadcrumb"},"inLanguage":"en-US","potentialAction":[{"@type":"ReadAction","target":["https:\/\/www.technic-toys.com\/izdelek\/f1-boat-mad-shark-v2-brezkrtacni-24-ghz-rtr\/"]}]},{"@type":"BreadcrumbList","@id":"https:\/\/www.technic-toys.com\/izdelek\/f1-boat-mad-shark-v2-brezkrtacni-24-ghz-rtr\/#breadcrumb","itemListElement":[{"@type":"ListItem","position":1,"name":"Domov","item":"https:\/\/www.technic-toys.com\/en\/"},{"@type":"ListItem","position":2,"name":"Shop","item":"https:\/\/www.technic-toys.com\/en\/shop-2\/"},{"@type":"ListItem","position":3,"name":"F1 Boat Mad Shark V2 Brezkrta\u010dni 2,4 GHz RTR"}]},{"@type":"WebSite","@id":"https:\/\/www.technic-toys.com\/en\/#website","url":"https:\/\/www.technic-toys.com\/en\/","name":"TECHNIC-TOYS.com","description":"","potentialAction":[{"@type":"SearchAction","target":{"@type":"EntryPoint","urlTemplate":"https:\/\/www.technic-toys.com\/en\/?s={search_term_string}"},"query-input":"required name=search_term_string"}],"inLanguage":"en-US"}]}},"_links":{"self":[{"href":"https:\/\/www.technic-toys.com\/en\/wp-json\/wp\/v2\/product\/18352"}],"collection":[{"href":"https:\/\/www.technic-toys.com\/en\/wp-json\/wp\/v2\/product"}],"about":[{"href":"https:\/\/www.technic-toys.com\/en\/wp-json\/wp\/v2\/types\/product"}],"wp:featuredmedia":[{"embeddable":true,"href":"https:\/\/www.technic-toys.com\/en\/wp-json\/wp\/v2\/media\/18353"}],"wp:attachment":[{"href":"https:\/\/www.technic-toys.com\/en\/wp-json\/wp\/v2\/media?parent=18352"}],"wp:term":[{"taxonomy":"product_cat","embeddable":true,"href":"https:\/\/www.technic-toys.com\/en\/wp-json\/wp\/v2\/product_cat?post=18352"},{"taxonomy":"product_tag","embeddable":true,"href":"https:\/\/www.technic-toys.com\/en\/wp-json\/wp\/v2\/product_tag?post=18352"}],"curies":[{"name":"wp","href":"https:\/\/api.w.org\/{rel}","templated":true}]}}