{"id":18399,"date":"2022-04-08T17:37:40","date_gmt":"2022-04-08T15:37:40","guid":{"rendered":"https:\/\/www.technic-toys.com\/izdelek\/big-storm-racing-catamaran-brezkrtacni-740-mm-artr\/"},"modified":"2024-12-04T19:02:34","modified_gmt":"2024-12-04T18:02:34","slug":"big-storm-racing-catamaran-brezkrtacni-740-mm-artr","status":"publish","type":"product","link":"https:\/\/www.technic-toys.com\/en\/izdelek\/big-storm-racing-catamaran-brezkrtacni-740-mm-artr\/","title":{"rendered":"Big Storm Racing Catamaran Brezkrta\u010dni 740 mm ARTR"},"content":{"rendered":"<p>Hitri dirkalni katamaran s popolnoma briljantnim videzom. Barvna shema je takoj prepri\u010dljiva in celotna oprema tega modela je dovr\u0161ena do najsodobnej\u0161ega. Brezkrta\u010dni outrunner motor 2815 popelje katamaran do osupljivih 60 &#8211; 65 km\/h &#8220;iz \u0161katle&#8221; (baterija ni prilo\u017eena). Prilo\u017eeni 2,4 GHz daljinski upravljalnik je zelo ob\u010dutljiv in upogibe krmiljenja je mogo\u010de prilagajati lo\u010deno. Tako je mogo\u010de brez te\u017eav dose\u010di realisti\u010den vzorec vo\u017enje. Ta odli\u010den tekmovalni \u010doln prepri\u010da z zmogljivostjo, opremo in optiko. <\/p>\n<p>Lastnosti:<br \/>Materijal trupa: ABS plastika<br \/>Konektor za krmilnik 60A vodno hlajen XT60<br \/>37g krmilni servo (vodoodporen)<br \/>Pogonski sistem: Flex gred 4mm <br \/>Kormilo: CNC aluminij<br \/>Propeler 3-kraki kovinski<br \/>Maks. Hitrost: +60km\/h<\/p>\n<p>Tehni\u010dni podatki:<br \/>Dol\u017eina trupa: 640mm<br \/>Skupna dol\u017eina: 740mm<br \/>\u0160irina: 180mm<br \/>Te\u017ea: 1,2kg (samo model brez baterij)<br \/>Oddajnik: 2,4GHz 2-kanalni<br \/>ESC: 60A vodno hlajen BEC<br \/>Motor: brezkrta\u010dni 2815 outrunner vodno hlajen<\/p>\n<p>Obseg dobave:< br \/>\u010coln pripravljen za vo\u017enjo <br \/>2-kanalni oddajnik 2,4 GHz<br \/>Stojalo za \u010doln<br \/>2x imbus klju\u010da<br \/>Kabelske vezice<br \/>Balon za tesnjenje sprejemnika<br \/> 2x XT60 kontakti za baterije za spajkanje <br \/>Navodila za uporabo (nem\u0161\u010dina\/angle\u0161\u010dina)<\/p>\n<p>Potrebna dodatna oprema:<br \/>4x baterije za oddajnik 1,5V Mignon AA<br \/>2x 2S LiPo 7,4V 3000 &#8211; 4000 mAh 40C z vti\u010dnico XT60< br \/>LiPo polnilnik<br \/>wave mast<\/p>\n","protected":false},"excerpt":{"rendered":"<p>Hitri dirkalni katamaran s popolnoma briljantnim videzom. Barvna shema je takoj prepri\u010dljiva in celotna oprema tega modela je dovr\u0161ena do najsodobnej\u0161ega. Brezkrta\u010dni outrunner motor 2815 popelje katamaran do osupljivih 60 &#8211; 65 km\/h &#8220;iz \u0161katle&#8221; (baterija ni prilo\u017eena). Prilo\u017eeni 2,4 GHz daljinski upravljalnik je zelo ob\u010dutljiv in upogibe krmiljenja je mogo\u010de prilagajati lo\u010deno. Tako je [&hellip;]<\/p>\n","protected":false},"featured_media":0,"template":"","meta":[],"product_cat":[364,387],"product_tag":[],"acf":[],"yoast_head":"<!-- This site is optimized with the Yoast SEO plugin v21.7 - https:\/\/yoast.com\/wordpress\/plugins\/seo\/ -->\n<title>Big Storm Racing Catamaran Brezkrta\u010dni 740 mm ARTR - TECHNIC-TOYS.com<\/title>\n<meta name=\"robots\" content=\"index, follow, max-snippet:-1, max-image-preview:large, max-video-preview:-1\" \/>\n<link rel=\"canonical\" href=\"https:\/\/www.technic-toys.com\/izdelek\/big-storm-racing-catamaran-brezkrtacni-740-mm-artr\/\" \/>\n<meta property=\"og:locale\" content=\"en_US\" \/>\n<meta property=\"og:type\" content=\"article\" \/>\n<meta property=\"og:title\" content=\"Big Storm Racing Catamaran Brezkrta\u010dni 740 mm ARTR - TECHNIC-TOYS.com\" \/>\n<meta property=\"og:description\" content=\"Hitri dirkalni katamaran s popolnoma briljantnim videzom. Barvna shema je takoj prepri\u010dljiva in celotna oprema tega modela je dovr\u0161ena do najsodobnej\u0161ega. Brezkrta\u010dni outrunner motor 2815 popelje katamaran do osupljivih 60 &#8211; 65 km\/h &#8220;iz \u0161katle&#8221; (baterija ni prilo\u017eena). Prilo\u017eeni 2,4 GHz daljinski upravljalnik je zelo ob\u010dutljiv in upogibe krmiljenja je mogo\u010de prilagajati lo\u010deno. Tako je [&hellip;]\" \/>\n<meta property=\"og:url\" content=\"https:\/\/www.technic-toys.com\/izdelek\/big-storm-racing-catamaran-brezkrtacni-740-mm-artr\/\" \/>\n<meta property=\"og:site_name\" content=\"TECHNIC-TOYS.com\" \/>\n<meta property=\"article:modified_time\" content=\"2024-12-04T18:02:34+00:00\" \/>\n<meta name=\"twitter:card\" content=\"summary_large_image\" \/>\n<meta name=\"twitter:label1\" content=\"Est. reading time\" \/>\n\t<meta name=\"twitter:data1\" content=\"1 minute\" \/>\n<script type=\"application\/ld+json\" class=\"yoast-schema-graph\">{\"@context\":\"https:\/\/schema.org\",\"@graph\":[{\"@type\":\"WebPage\",\"@id\":\"https:\/\/www.technic-toys.com\/izdelek\/big-storm-racing-catamaran-brezkrtacni-740-mm-artr\/\",\"url\":\"https:\/\/www.technic-toys.com\/izdelek\/big-storm-racing-catamaran-brezkrtacni-740-mm-artr\/\",\"name\":\"Big Storm Racing Catamaran Brezkrta\u010dni 740 mm ARTR - TECHNIC-TOYS.com\",\"isPartOf\":{\"@id\":\"https:\/\/www.technic-toys.com\/en\/#website\"},\"datePublished\":\"2022-04-08T15:37:40+00:00\",\"dateModified\":\"2024-12-04T18:02:34+00:00\",\"breadcrumb\":{\"@id\":\"https:\/\/www.technic-toys.com\/izdelek\/big-storm-racing-catamaran-brezkrtacni-740-mm-artr\/#breadcrumb\"},\"inLanguage\":\"en-US\",\"potentialAction\":[{\"@type\":\"ReadAction\",\"target\":[\"https:\/\/www.technic-toys.com\/izdelek\/big-storm-racing-catamaran-brezkrtacni-740-mm-artr\/\"]}]},{\"@type\":\"BreadcrumbList\",\"@id\":\"https:\/\/www.technic-toys.com\/izdelek\/big-storm-racing-catamaran-brezkrtacni-740-mm-artr\/#breadcrumb\",\"itemListElement\":[{\"@type\":\"ListItem\",\"position\":1,\"name\":\"Domov\",\"item\":\"https:\/\/www.technic-toys.com\/en\/\"},{\"@type\":\"ListItem\",\"position\":2,\"name\":\"Shop\",\"item\":\"https:\/\/www.technic-toys.com\/en\/shop-2\/\"},{\"@type\":\"ListItem\",\"position\":3,\"name\":\"Big Storm Racing Catamaran Brezkrta\u010dni 740 mm ARTR\"}]},{\"@type\":\"WebSite\",\"@id\":\"https:\/\/www.technic-toys.com\/en\/#website\",\"url\":\"https:\/\/www.technic-toys.com\/en\/\",\"name\":\"TECHNIC-TOYS.com\",\"description\":\"\",\"potentialAction\":[{\"@type\":\"SearchAction\",\"target\":{\"@type\":\"EntryPoint\",\"urlTemplate\":\"https:\/\/www.technic-toys.com\/en\/?s={search_term_string}\"},\"query-input\":\"required name=search_term_string\"}],\"inLanguage\":\"en-US\"}]}<\/script>\n<!-- \/ Yoast SEO plugin. -->","yoast_head_json":{"title":"Big Storm Racing Catamaran Brezkrta\u010dni 740 mm ARTR - TECHNIC-TOYS.com","robots":{"index":"index","follow":"follow","max-snippet":"max-snippet:-1","max-image-preview":"max-image-preview:large","max-video-preview":"max-video-preview:-1"},"canonical":"https:\/\/www.technic-toys.com\/izdelek\/big-storm-racing-catamaran-brezkrtacni-740-mm-artr\/","og_locale":"en_US","og_type":"article","og_title":"Big Storm Racing Catamaran Brezkrta\u010dni 740 mm ARTR - TECHNIC-TOYS.com","og_description":"Hitri dirkalni katamaran s popolnoma briljantnim videzom. Barvna shema je takoj prepri\u010dljiva in celotna oprema tega modela je dovr\u0161ena do najsodobnej\u0161ega. Brezkrta\u010dni outrunner motor 2815 popelje katamaran do osupljivih 60 &#8211; 65 km\/h &#8220;iz \u0161katle&#8221; (baterija ni prilo\u017eena). Prilo\u017eeni 2,4 GHz daljinski upravljalnik je zelo ob\u010dutljiv in upogibe krmiljenja je mogo\u010de prilagajati lo\u010deno. Tako je [&hellip;]","og_url":"https:\/\/www.technic-toys.com\/izdelek\/big-storm-racing-catamaran-brezkrtacni-740-mm-artr\/","og_site_name":"TECHNIC-TOYS.com","article_modified_time":"2024-12-04T18:02:34+00:00","twitter_card":"summary_large_image","twitter_misc":{"Est. reading time":"1 minute"},"schema":{"@context":"https:\/\/schema.org","@graph":[{"@type":"WebPage","@id":"https:\/\/www.technic-toys.com\/izdelek\/big-storm-racing-catamaran-brezkrtacni-740-mm-artr\/","url":"https:\/\/www.technic-toys.com\/izdelek\/big-storm-racing-catamaran-brezkrtacni-740-mm-artr\/","name":"Big Storm Racing Catamaran Brezkrta\u010dni 740 mm ARTR - TECHNIC-TOYS.com","isPartOf":{"@id":"https:\/\/www.technic-toys.com\/en\/#website"},"datePublished":"2022-04-08T15:37:40+00:00","dateModified":"2024-12-04T18:02:34+00:00","breadcrumb":{"@id":"https:\/\/www.technic-toys.com\/izdelek\/big-storm-racing-catamaran-brezkrtacni-740-mm-artr\/#breadcrumb"},"inLanguage":"en-US","potentialAction":[{"@type":"ReadAction","target":["https:\/\/www.technic-toys.com\/izdelek\/big-storm-racing-catamaran-brezkrtacni-740-mm-artr\/"]}]},{"@type":"BreadcrumbList","@id":"https:\/\/www.technic-toys.com\/izdelek\/big-storm-racing-catamaran-brezkrtacni-740-mm-artr\/#breadcrumb","itemListElement":[{"@type":"ListItem","position":1,"name":"Domov","item":"https:\/\/www.technic-toys.com\/en\/"},{"@type":"ListItem","position":2,"name":"Shop","item":"https:\/\/www.technic-toys.com\/en\/shop-2\/"},{"@type":"ListItem","position":3,"name":"Big Storm Racing Catamaran Brezkrta\u010dni 740 mm ARTR"}]},{"@type":"WebSite","@id":"https:\/\/www.technic-toys.com\/en\/#website","url":"https:\/\/www.technic-toys.com\/en\/","name":"TECHNIC-TOYS.com","description":"","potentialAction":[{"@type":"SearchAction","target":{"@type":"EntryPoint","urlTemplate":"https:\/\/www.technic-toys.com\/en\/?s={search_term_string}"},"query-input":"required name=search_term_string"}],"inLanguage":"en-US"}]}},"_links":{"self":[{"href":"https:\/\/www.technic-toys.com\/en\/wp-json\/wp\/v2\/product\/18399"}],"collection":[{"href":"https:\/\/www.technic-toys.com\/en\/wp-json\/wp\/v2\/product"}],"about":[{"href":"https:\/\/www.technic-toys.com\/en\/wp-json\/wp\/v2\/types\/product"}],"wp:attachment":[{"href":"https:\/\/www.technic-toys.com\/en\/wp-json\/wp\/v2\/media?parent=18399"}],"wp:term":[{"taxonomy":"product_cat","embeddable":true,"href":"https:\/\/www.technic-toys.com\/en\/wp-json\/wp\/v2\/product_cat?post=18399"},{"taxonomy":"product_tag","embeddable":true,"href":"https:\/\/www.technic-toys.com\/en\/wp-json\/wp\/v2\/product_tag?post=18399"}],"curies":[{"name":"wp","href":"https:\/\/api.w.org\/{rel}","templated":true}]}}