{"id":18425,"date":"2022-04-08T17:37:40","date_gmt":"2022-04-08T15:37:40","guid":{"rendered":"https:\/\/www.technic-toys.com\/izdelek\/dragonflite-95-racing-jadrnica-950-mm-rtr\/"},"modified":"2024-12-04T19:02:35","modified_gmt":"2024-12-04T18:02:35","slug":"dragonflite-95-racing-jadrnica-950-mm-rtr","status":"publish","type":"product","link":"https:\/\/www.technic-toys.com\/en\/izdelek\/dragonflite-95-racing-jadrnica-950-mm-rtr\/","title":{"rendered":"DragonFlite 95 Racing Jadrnica 950 mm, RTR"},"content":{"rendered":"<p>DragonFlite 95 je najbolje prodajan \u010doln v klasi\u010dnem tekmovalnem dizajnu. DragonFlite 95 ponuja pravo dirka\u0161ko izku\u0161njo. Vsak vidik DragonFlite 95 je bil razvit z uporabo najnovej\u0161ih konceptov, konstrukcije in komponent za RC jadranje, da bi zagotovili prvovrstno dirka\u0161ko izku\u0161njo. Vse. potreben za jadranje je \u017ee vklju\u010den. DragonFlite 95, najbolje prodajan \u010doln s klasi\u010dnim tekmovalnim dizajnom. DragonFlite 95 ponuja pravo dirka\u0161ko izku\u0161njo. Vsak vidik DragonFlite 95 je bil razvit z uporabo najnovej\u0161ih konceptov, konstrukcije in komponent RC jadranja za zagotavljanje vrhunske dirkalne izku\u0161nje. Vse potrebno za jadranje je \u017ee vklju\u010deno. Vse kar morate storiti je, da sestavite jambor in ogrodje ter obesite jadra. Vstavite baterije in \u017ee ste pripravljeni. DragonFlite 95 je jahta, ki je z dol\u017eino 95 cm dobra velikost tako v vodi kot za transport. Majhna te\u017ea in dolg, ozek trup omogo\u010data zmogljivost v rahlem vetru, o \u010demer lahko ve\u010dina RC jadrnic le sanja. Obi\u010dajno pa je to linijo te\u017eko pluti v mo\u010dnem vetru. Vendar ne z DragonFlite 95. Temu se je izognilo s prilagoditvijo zasnove opreme in jadra, da bi zagotovili popolno ravnovesje pri rokovanju. Tudi ko je \u010doln v te\u017ekih razmerah, ostane zlahka vodljiv v vetru in pridobi izjemno hitrost proti vetru. DragonFlite 95 je uradno priznan razred razli\u010dnih zdru\u017eenj RC jaht po vsem svetu Lastnosti: Material trupa: ABS plastika 50 mikronov Mylar Film Racing platno Ekstrudirani jambor in cevi iz ogljikovih vlaken Aluminijasta kobilica z maso iz cinkove zlitine Digitalni servo s kovinskimi zobniki in hitrim, zmogljiv jadrni vitel Digitalni daljinski upravljalnik, proporcionalen, 2,4GHz Stojalo za \u010doln iz plastike in GRP Tehni\u010dni podatki: Dol\u017eina: 950 mm \u0160irina: 125 mm Vi\u0161ina jambora 1050 mm Skupna vi\u0161ina: 1470 mm Te\u017ea: 2,0 kg (samo model) Glavno jadro 2314 cm&#038;sup2. Jadrnica: 1422 cm&#038;sup 2. Obseg dobave: Jadrne vrvi za jadrnico Oddajnik 2,4GHz stojalo za \u010doln Navodila za uporabo Potrebna dodatna oprema: 4x AA baterije za \u010doln 4x AA baterije za oddajnik<\/p>\n","protected":false},"excerpt":{"rendered":"<p>DragonFlite 95 je najbolje prodajan \u010doln v klasi\u010dnem tekmovalnem dizajnu. DragonFlite 95 ponuja pravo dirka\u0161ko izku\u0161njo. Vsak vidik DragonFlite 95 je bil razvit z uporabo najnovej\u0161ih konceptov, konstrukcije in komponent za RC jadranje, da bi zagotovili prvovrstno dirka\u0161ko izku\u0161njo. Vse. potreben za jadranje je \u017ee vklju\u010den. DragonFlite 95, najbolje prodajan \u010doln s klasi\u010dnim tekmovalnim dizajnom. [&hellip;]<\/p>\n","protected":false},"featured_media":18426,"template":"","meta":[],"product_cat":[364,388],"product_tag":[],"acf":[],"yoast_head":"<!-- This site is optimized with the Yoast SEO plugin v21.7 - https:\/\/yoast.com\/wordpress\/plugins\/seo\/ -->\n<title>DragonFlite 95 Racing Jadrnica 950 mm, RTR - TECHNIC-TOYS.com<\/title>\n<meta name=\"robots\" content=\"index, follow, max-snippet:-1, max-image-preview:large, max-video-preview:-1\" \/>\n<link rel=\"canonical\" href=\"https:\/\/www.technic-toys.com\/izdelek\/dragonflite-95-racing-jadrnica-950-mm-rtr\/\" \/>\n<meta property=\"og:locale\" content=\"en_US\" \/>\n<meta property=\"og:type\" content=\"article\" \/>\n<meta property=\"og:title\" content=\"DragonFlite 95 Racing Jadrnica 950 mm, RTR - TECHNIC-TOYS.com\" \/>\n<meta property=\"og:description\" content=\"DragonFlite 95 je najbolje prodajan \u010doln v klasi\u010dnem tekmovalnem dizajnu. DragonFlite 95 ponuja pravo dirka\u0161ko izku\u0161njo. Vsak vidik DragonFlite 95 je bil razvit z uporabo najnovej\u0161ih konceptov, konstrukcije in komponent za RC jadranje, da bi zagotovili prvovrstno dirka\u0161ko izku\u0161njo. Vse. potreben za jadranje je \u017ee vklju\u010den. DragonFlite 95, najbolje prodajan \u010doln s klasi\u010dnim tekmovalnim dizajnom. [&hellip;]\" \/>\n<meta property=\"og:url\" content=\"https:\/\/www.technic-toys.com\/izdelek\/dragonflite-95-racing-jadrnica-950-mm-rtr\/\" \/>\n<meta property=\"og:site_name\" content=\"TECHNIC-TOYS.com\" \/>\n<meta property=\"article:modified_time\" content=\"2024-12-04T18:02:35+00:00\" \/>\n<meta property=\"og:image\" content=\"https:\/\/www.technic-toys.com\/wp-content\/uploads\/2022\/04\/26079.jpg\" \/>\n\t<meta property=\"og:image:width\" content=\"2560\" \/>\n\t<meta property=\"og:image:height\" content=\"1468\" \/>\n\t<meta property=\"og:image:type\" content=\"image\/jpeg\" \/>\n<meta name=\"twitter:card\" content=\"summary_large_image\" \/>\n<meta name=\"twitter:label1\" content=\"Est. reading time\" \/>\n\t<meta name=\"twitter:data1\" content=\"2 minutes\" \/>\n<script type=\"application\/ld+json\" class=\"yoast-schema-graph\">{\"@context\":\"https:\/\/schema.org\",\"@graph\":[{\"@type\":\"WebPage\",\"@id\":\"https:\/\/www.technic-toys.com\/izdelek\/dragonflite-95-racing-jadrnica-950-mm-rtr\/\",\"url\":\"https:\/\/www.technic-toys.com\/izdelek\/dragonflite-95-racing-jadrnica-950-mm-rtr\/\",\"name\":\"DragonFlite 95 Racing Jadrnica 950 mm, RTR - TECHNIC-TOYS.com\",\"isPartOf\":{\"@id\":\"https:\/\/www.technic-toys.com\/en\/#website\"},\"datePublished\":\"2022-04-08T15:37:40+00:00\",\"dateModified\":\"2024-12-04T18:02:35+00:00\",\"breadcrumb\":{\"@id\":\"https:\/\/www.technic-toys.com\/izdelek\/dragonflite-95-racing-jadrnica-950-mm-rtr\/#breadcrumb\"},\"inLanguage\":\"en-US\",\"potentialAction\":[{\"@type\":\"ReadAction\",\"target\":[\"https:\/\/www.technic-toys.com\/izdelek\/dragonflite-95-racing-jadrnica-950-mm-rtr\/\"]}]},{\"@type\":\"BreadcrumbList\",\"@id\":\"https:\/\/www.technic-toys.com\/izdelek\/dragonflite-95-racing-jadrnica-950-mm-rtr\/#breadcrumb\",\"itemListElement\":[{\"@type\":\"ListItem\",\"position\":1,\"name\":\"Domov\",\"item\":\"https:\/\/www.technic-toys.com\/en\/\"},{\"@type\":\"ListItem\",\"position\":2,\"name\":\"Shop\",\"item\":\"https:\/\/www.technic-toys.com\/en\/shop-2\/\"},{\"@type\":\"ListItem\",\"position\":3,\"name\":\"DragonFlite 95 Racing Jadrnica 950 mm, RTR\"}]},{\"@type\":\"WebSite\",\"@id\":\"https:\/\/www.technic-toys.com\/en\/#website\",\"url\":\"https:\/\/www.technic-toys.com\/en\/\",\"name\":\"TECHNIC-TOYS.com\",\"description\":\"\",\"potentialAction\":[{\"@type\":\"SearchAction\",\"target\":{\"@type\":\"EntryPoint\",\"urlTemplate\":\"https:\/\/www.technic-toys.com\/en\/?s={search_term_string}\"},\"query-input\":\"required name=search_term_string\"}],\"inLanguage\":\"en-US\"}]}<\/script>\n<!-- \/ Yoast SEO plugin. -->","yoast_head_json":{"title":"DragonFlite 95 Racing Jadrnica 950 mm, RTR - TECHNIC-TOYS.com","robots":{"index":"index","follow":"follow","max-snippet":"max-snippet:-1","max-image-preview":"max-image-preview:large","max-video-preview":"max-video-preview:-1"},"canonical":"https:\/\/www.technic-toys.com\/izdelek\/dragonflite-95-racing-jadrnica-950-mm-rtr\/","og_locale":"en_US","og_type":"article","og_title":"DragonFlite 95 Racing Jadrnica 950 mm, RTR - TECHNIC-TOYS.com","og_description":"DragonFlite 95 je najbolje prodajan \u010doln v klasi\u010dnem tekmovalnem dizajnu. DragonFlite 95 ponuja pravo dirka\u0161ko izku\u0161njo. Vsak vidik DragonFlite 95 je bil razvit z uporabo najnovej\u0161ih konceptov, konstrukcije in komponent za RC jadranje, da bi zagotovili prvovrstno dirka\u0161ko izku\u0161njo. Vse. potreben za jadranje je \u017ee vklju\u010den. DragonFlite 95, najbolje prodajan \u010doln s klasi\u010dnim tekmovalnim dizajnom. [&hellip;]","og_url":"https:\/\/www.technic-toys.com\/izdelek\/dragonflite-95-racing-jadrnica-950-mm-rtr\/","og_site_name":"TECHNIC-TOYS.com","article_modified_time":"2024-12-04T18:02:35+00:00","og_image":[{"width":2560,"height":1468,"url":"https:\/\/www.technic-toys.com\/wp-content\/uploads\/2022\/04\/26079.jpg","type":"image\/jpeg"}],"twitter_card":"summary_large_image","twitter_misc":{"Est. reading time":"2 minutes"},"schema":{"@context":"https:\/\/schema.org","@graph":[{"@type":"WebPage","@id":"https:\/\/www.technic-toys.com\/izdelek\/dragonflite-95-racing-jadrnica-950-mm-rtr\/","url":"https:\/\/www.technic-toys.com\/izdelek\/dragonflite-95-racing-jadrnica-950-mm-rtr\/","name":"DragonFlite 95 Racing Jadrnica 950 mm, RTR - TECHNIC-TOYS.com","isPartOf":{"@id":"https:\/\/www.technic-toys.com\/en\/#website"},"datePublished":"2022-04-08T15:37:40+00:00","dateModified":"2024-12-04T18:02:35+00:00","breadcrumb":{"@id":"https:\/\/www.technic-toys.com\/izdelek\/dragonflite-95-racing-jadrnica-950-mm-rtr\/#breadcrumb"},"inLanguage":"en-US","potentialAction":[{"@type":"ReadAction","target":["https:\/\/www.technic-toys.com\/izdelek\/dragonflite-95-racing-jadrnica-950-mm-rtr\/"]}]},{"@type":"BreadcrumbList","@id":"https:\/\/www.technic-toys.com\/izdelek\/dragonflite-95-racing-jadrnica-950-mm-rtr\/#breadcrumb","itemListElement":[{"@type":"ListItem","position":1,"name":"Domov","item":"https:\/\/www.technic-toys.com\/en\/"},{"@type":"ListItem","position":2,"name":"Shop","item":"https:\/\/www.technic-toys.com\/en\/shop-2\/"},{"@type":"ListItem","position":3,"name":"DragonFlite 95 Racing Jadrnica 950 mm, RTR"}]},{"@type":"WebSite","@id":"https:\/\/www.technic-toys.com\/en\/#website","url":"https:\/\/www.technic-toys.com\/en\/","name":"TECHNIC-TOYS.com","description":"","potentialAction":[{"@type":"SearchAction","target":{"@type":"EntryPoint","urlTemplate":"https:\/\/www.technic-toys.com\/en\/?s={search_term_string}"},"query-input":"required name=search_term_string"}],"inLanguage":"en-US"}]}},"_links":{"self":[{"href":"https:\/\/www.technic-toys.com\/en\/wp-json\/wp\/v2\/product\/18425"}],"collection":[{"href":"https:\/\/www.technic-toys.com\/en\/wp-json\/wp\/v2\/product"}],"about":[{"href":"https:\/\/www.technic-toys.com\/en\/wp-json\/wp\/v2\/types\/product"}],"wp:featuredmedia":[{"embeddable":true,"href":"https:\/\/www.technic-toys.com\/en\/wp-json\/wp\/v2\/media\/18426"}],"wp:attachment":[{"href":"https:\/\/www.technic-toys.com\/en\/wp-json\/wp\/v2\/media?parent=18425"}],"wp:term":[{"taxonomy":"product_cat","embeddable":true,"href":"https:\/\/www.technic-toys.com\/en\/wp-json\/wp\/v2\/product_cat?post=18425"},{"taxonomy":"product_tag","embeddable":true,"href":"https:\/\/www.technic-toys.com\/en\/wp-json\/wp\/v2\/product_tag?post=18425"}],"curies":[{"name":"wp","href":"https:\/\/api.w.org\/{rel}","templated":true}]}}