{"id":18438,"date":"2022-04-08T17:37:40","date_gmt":"2022-04-08T15:37:40","guid":{"rendered":"https:\/\/www.technic-toys.com\/izdelek\/coln-z-vabo-500-v3-24ghz-rtr\/"},"modified":"2024-12-04T19:02:29","modified_gmt":"2024-12-04T18:02:29","slug":"coln-z-vabo-500-v3-24ghz-rtr","status":"publish","type":"product","link":"https:\/\/www.technic-toys.com\/en\/izdelek\/coln-z-vabo-500-v3-24ghz-rtr\/","title":{"rendered":"\u010coln z vabo 500 V3 2,4GHz RTR"},"content":{"rendered":"<p>B500 v razli\u010dici V3 je mo\u010dan in kompakten \u010doln za vabo za ljubitelje ribi\u010dev in ribi\u010dev. S svojim velikim lijakom B500 ponuja dovolj kapacitete za 500 g ribje hrane. \u010coln za vabo ponuja tudi mo\u017enost, da vle\u010dete ribi\u0161ko vrvico in jo ustrezno namestite. Robusten trup iz ABS plastike je izdelan tako, da traja. Na vrhu ima ro\u010daj za prena\u0161anje za enostaven transport. Pri no\u010dni vo\u017enji barvne LED pozicijske lu\u010di pomagajo pri orientaciji. <br \/>Baterija, ki je vklju\u010dena v obseg dobave, omogo\u010da pribli\u017eno 1,5 ure vo\u017enje. <br \/>Zaradi lahke konstrukcije in visoke funkcionalnosti je ta model popoln pomo\u010dnik vsem ljubiteljskim ribi\u010dem. <br \/>Vzvratno vo\u017enjo je bilo v razli\u010dici V3 izbolj\u0161ano in dovodni lijak ima nihajna vrata namesto drsnih vrat v tej razli\u010dici.<\/p>\n<p>Lastnosti:<br \/>Kompaktna dol\u017eina s 556 mm<br \/>Navzgor do 200 m dosega< br \/>500 g obremenitve<br \/>Z LED osvetlitvijo za no\u010dno vo\u017enjo<br \/>S nadzorom baterije<br \/>vklj. 4 x magnetna dr\u017eala za ribi\u0161ko vrvico<br \/>kakovostna transportna torba je \u017ee prilo\u017eena<\/p>\n<p>tehni\u010dni podatki:<br \/>dol\u017eina: 556mm<br \/>\u0161irina: 240mm<br \/>prazna te\u017ea: 1650g <br \/ >Skupna te\u017ea: 2150g<br \/>Domet: 200m<br \/>Obremenitev: 500g <br \/>Hitrost praznega: 1,2m\/s <br \/>Nalo\u017eena hitrost: 1m\/s <br \/> Krog obra\u010danja: 1 &#8211; 2m <br \/>\u010cas vo\u017enje: pribli\u017eno 1,5 ure<br \/>\u010cas polnjenja: pribli\u017eno 7 ur<\/p>\n<p>Obseg dobave:<br \/>Kopalka <br \/> 2,4GHz oddajnik <br \/>4,8V 5000mAh NiMH baterija <br \/> USB polnilec <br \/> Transportna torba <br \/> 4x magnetno dr\u017ealo <br \/> Navodila (nem\u0161\u010dina\/angle\u0161\u010dina) <\/p>\n<p> Zahtevano dodatki: <br \/> 4x AA mignon baterije za postajo<\/p>\n","protected":false},"excerpt":{"rendered":"<p>B500 v razli\u010dici V3 je mo\u010dan in kompakten \u010doln za vabo za ljubitelje ribi\u010dev in ribi\u010dev. S svojim velikim lijakom B500 ponuja dovolj kapacitete za 500 g ribje hrane. \u010coln za vabo ponuja tudi mo\u017enost, da vle\u010dete ribi\u0161ko vrvico in jo ustrezno namestite. Robusten trup iz ABS plastike je izdelan tako, da traja. Na vrhu [&hellip;]<\/p>\n","protected":false},"featured_media":18439,"template":"","meta":[],"product_cat":[364,399],"product_tag":[],"acf":[],"yoast_head":"<!-- This site is optimized with the Yoast SEO plugin v21.7 - https:\/\/yoast.com\/wordpress\/plugins\/seo\/ -->\n<title>\u010coln z vabo 500 V3 2,4GHz RTR - TECHNIC-TOYS.com<\/title>\n<meta name=\"robots\" content=\"index, follow, max-snippet:-1, max-image-preview:large, max-video-preview:-1\" \/>\n<link rel=\"canonical\" href=\"https:\/\/www.technic-toys.com\/izdelek\/coln-z-vabo-500-v3-24ghz-rtr\/\" \/>\n<meta property=\"og:locale\" content=\"en_US\" \/>\n<meta property=\"og:type\" content=\"article\" \/>\n<meta property=\"og:title\" content=\"\u010coln z vabo 500 V3 2,4GHz RTR - TECHNIC-TOYS.com\" \/>\n<meta property=\"og:description\" content=\"B500 v razli\u010dici V3 je mo\u010dan in kompakten \u010doln za vabo za ljubitelje ribi\u010dev in ribi\u010dev. S svojim velikim lijakom B500 ponuja dovolj kapacitete za 500 g ribje hrane. \u010coln za vabo ponuja tudi mo\u017enost, da vle\u010dete ribi\u0161ko vrvico in jo ustrezno namestite. Robusten trup iz ABS plastike je izdelan tako, da traja. Na vrhu [&hellip;]\" \/>\n<meta property=\"og:url\" content=\"https:\/\/www.technic-toys.com\/izdelek\/coln-z-vabo-500-v3-24ghz-rtr\/\" \/>\n<meta property=\"og:site_name\" content=\"TECHNIC-TOYS.com\" \/>\n<meta property=\"article:modified_time\" content=\"2024-12-04T18:02:29+00:00\" \/>\n<meta property=\"og:image\" content=\"https:\/\/www.technic-toys.com\/wp-content\/uploads\/2022\/04\/26080.jpg\" \/>\n\t<meta property=\"og:image:width\" content=\"2560\" \/>\n\t<meta property=\"og:image:height\" content=\"1468\" \/>\n\t<meta property=\"og:image:type\" content=\"image\/jpeg\" \/>\n<meta name=\"twitter:card\" content=\"summary_large_image\" \/>\n<meta name=\"twitter:label1\" content=\"Est. reading time\" \/>\n\t<meta name=\"twitter:data1\" content=\"1 minute\" \/>\n<script type=\"application\/ld+json\" class=\"yoast-schema-graph\">{\"@context\":\"https:\/\/schema.org\",\"@graph\":[{\"@type\":\"WebPage\",\"@id\":\"https:\/\/www.technic-toys.com\/izdelek\/coln-z-vabo-500-v3-24ghz-rtr\/\",\"url\":\"https:\/\/www.technic-toys.com\/izdelek\/coln-z-vabo-500-v3-24ghz-rtr\/\",\"name\":\"\u010coln z vabo 500 V3 2,4GHz RTR - TECHNIC-TOYS.com\",\"isPartOf\":{\"@id\":\"https:\/\/www.technic-toys.com\/en\/#website\"},\"datePublished\":\"2022-04-08T15:37:40+00:00\",\"dateModified\":\"2024-12-04T18:02:29+00:00\",\"breadcrumb\":{\"@id\":\"https:\/\/www.technic-toys.com\/izdelek\/coln-z-vabo-500-v3-24ghz-rtr\/#breadcrumb\"},\"inLanguage\":\"en-US\",\"potentialAction\":[{\"@type\":\"ReadAction\",\"target\":[\"https:\/\/www.technic-toys.com\/izdelek\/coln-z-vabo-500-v3-24ghz-rtr\/\"]}]},{\"@type\":\"BreadcrumbList\",\"@id\":\"https:\/\/www.technic-toys.com\/izdelek\/coln-z-vabo-500-v3-24ghz-rtr\/#breadcrumb\",\"itemListElement\":[{\"@type\":\"ListItem\",\"position\":1,\"name\":\"Domov\",\"item\":\"https:\/\/www.technic-toys.com\/en\/\"},{\"@type\":\"ListItem\",\"position\":2,\"name\":\"Shop\",\"item\":\"https:\/\/www.technic-toys.com\/en\/shop-2\/\"},{\"@type\":\"ListItem\",\"position\":3,\"name\":\"\u010coln z vabo 500 V3 2,4GHz RTR\"}]},{\"@type\":\"WebSite\",\"@id\":\"https:\/\/www.technic-toys.com\/en\/#website\",\"url\":\"https:\/\/www.technic-toys.com\/en\/\",\"name\":\"TECHNIC-TOYS.com\",\"description\":\"\",\"potentialAction\":[{\"@type\":\"SearchAction\",\"target\":{\"@type\":\"EntryPoint\",\"urlTemplate\":\"https:\/\/www.technic-toys.com\/en\/?s={search_term_string}\"},\"query-input\":\"required name=search_term_string\"}],\"inLanguage\":\"en-US\"}]}<\/script>\n<!-- \/ Yoast SEO plugin. -->","yoast_head_json":{"title":"\u010coln z vabo 500 V3 2,4GHz RTR - TECHNIC-TOYS.com","robots":{"index":"index","follow":"follow","max-snippet":"max-snippet:-1","max-image-preview":"max-image-preview:large","max-video-preview":"max-video-preview:-1"},"canonical":"https:\/\/www.technic-toys.com\/izdelek\/coln-z-vabo-500-v3-24ghz-rtr\/","og_locale":"en_US","og_type":"article","og_title":"\u010coln z vabo 500 V3 2,4GHz RTR - TECHNIC-TOYS.com","og_description":"B500 v razli\u010dici V3 je mo\u010dan in kompakten \u010doln za vabo za ljubitelje ribi\u010dev in ribi\u010dev. S svojim velikim lijakom B500 ponuja dovolj kapacitete za 500 g ribje hrane. \u010coln za vabo ponuja tudi mo\u017enost, da vle\u010dete ribi\u0161ko vrvico in jo ustrezno namestite. Robusten trup iz ABS plastike je izdelan tako, da traja. Na vrhu [&hellip;]","og_url":"https:\/\/www.technic-toys.com\/izdelek\/coln-z-vabo-500-v3-24ghz-rtr\/","og_site_name":"TECHNIC-TOYS.com","article_modified_time":"2024-12-04T18:02:29+00:00","og_image":[{"width":2560,"height":1468,"url":"https:\/\/www.technic-toys.com\/wp-content\/uploads\/2022\/04\/26080.jpg","type":"image\/jpeg"}],"twitter_card":"summary_large_image","twitter_misc":{"Est. reading time":"1 minute"},"schema":{"@context":"https:\/\/schema.org","@graph":[{"@type":"WebPage","@id":"https:\/\/www.technic-toys.com\/izdelek\/coln-z-vabo-500-v3-24ghz-rtr\/","url":"https:\/\/www.technic-toys.com\/izdelek\/coln-z-vabo-500-v3-24ghz-rtr\/","name":"\u010coln z vabo 500 V3 2,4GHz RTR - TECHNIC-TOYS.com","isPartOf":{"@id":"https:\/\/www.technic-toys.com\/en\/#website"},"datePublished":"2022-04-08T15:37:40+00:00","dateModified":"2024-12-04T18:02:29+00:00","breadcrumb":{"@id":"https:\/\/www.technic-toys.com\/izdelek\/coln-z-vabo-500-v3-24ghz-rtr\/#breadcrumb"},"inLanguage":"en-US","potentialAction":[{"@type":"ReadAction","target":["https:\/\/www.technic-toys.com\/izdelek\/coln-z-vabo-500-v3-24ghz-rtr\/"]}]},{"@type":"BreadcrumbList","@id":"https:\/\/www.technic-toys.com\/izdelek\/coln-z-vabo-500-v3-24ghz-rtr\/#breadcrumb","itemListElement":[{"@type":"ListItem","position":1,"name":"Domov","item":"https:\/\/www.technic-toys.com\/en\/"},{"@type":"ListItem","position":2,"name":"Shop","item":"https:\/\/www.technic-toys.com\/en\/shop-2\/"},{"@type":"ListItem","position":3,"name":"\u010coln z vabo 500 V3 2,4GHz RTR"}]},{"@type":"WebSite","@id":"https:\/\/www.technic-toys.com\/en\/#website","url":"https:\/\/www.technic-toys.com\/en\/","name":"TECHNIC-TOYS.com","description":"","potentialAction":[{"@type":"SearchAction","target":{"@type":"EntryPoint","urlTemplate":"https:\/\/www.technic-toys.com\/en\/?s={search_term_string}"},"query-input":"required name=search_term_string"}],"inLanguage":"en-US"}]}},"_links":{"self":[{"href":"https:\/\/www.technic-toys.com\/en\/wp-json\/wp\/v2\/product\/18438"}],"collection":[{"href":"https:\/\/www.technic-toys.com\/en\/wp-json\/wp\/v2\/product"}],"about":[{"href":"https:\/\/www.technic-toys.com\/en\/wp-json\/wp\/v2\/types\/product"}],"wp:featuredmedia":[{"embeddable":true,"href":"https:\/\/www.technic-toys.com\/en\/wp-json\/wp\/v2\/media\/18439"}],"wp:attachment":[{"href":"https:\/\/www.technic-toys.com\/en\/wp-json\/wp\/v2\/media?parent=18438"}],"wp:term":[{"taxonomy":"product_cat","embeddable":true,"href":"https:\/\/www.technic-toys.com\/en\/wp-json\/wp\/v2\/product_cat?post=18438"},{"taxonomy":"product_tag","embeddable":true,"href":"https:\/\/www.technic-toys.com\/en\/wp-json\/wp\/v2\/product_tag?post=18438"}],"curies":[{"name":"wp","href":"https:\/\/api.w.org\/{rel}","templated":true}]}}