{"id":18554,"date":"2022-04-08T17:42:19","date_gmt":"2022-04-08T15:42:19","guid":{"rendered":"https:\/\/www.technic-toys.com\/izdelek\/jadrnica-orion-v2-rdeca-465-cm-24-ghz\/"},"modified":"2024-12-04T19:02:26","modified_gmt":"2024-12-04T18:02:26","slug":"jadrnica-orion-v2-rdeca-465-cm-24-ghz","status":"publish","type":"product","link":"https:\/\/www.technic-toys.com\/en\/izdelek\/jadrnica-orion-v2-rdeca-465-cm-24-ghz\/","title":{"rendered":"Jadrnica Orion V2, rde\u010da 46,5 cm, 2,4 GHz"},"content":{"rendered":"<p>Orion V2 &#8211; jadrnica pripravljena za dirkanje v novem sve\u017eem dizajnu. Hitro sestavljena jadrnica Orion je pripravljena za izlet po jezeru ali ribniku. Idealen \u010doln za nadobudne kapitane. \u010coln ima jambor iz steklenih vlaken, cinkov balast, podstavke iz steklenih vlaken, ABS kobilico, proporcionalni in digitalni 2,4 GHz daljinski upravljalnik, robusten plasti\u010dni trup \u010dolna in prakti\u010dno stojalo za shranjevanje. Tehni\u010dni podatki: Dol\u017eina: 465 mm \u0160irina: 150 mm Skupna vi\u0161ina: 9 mm povr\u0161ina jadra: glavno jadro: 7,39 dm 2. povr\u0161ina jadra prednje jadro: 3,78 dm 2. skupna povr\u0161ina jadra: 11,17 dm 2. te\u017ea RTR 950 g servo: 37 g in 9 g obseg dobave: 1x jadrnica Orion V21x radio 2,4 daljinski upravljalnik 1x stojalo za \u010dolne 1x navodila za uporabo (nem\u0161\u010dina\/angle\u0161\u010dina) potrebna dodatna oprema: 4x 1,5V AA Mignon baterije za sprejemnik 4x 1,5V AA Mignon baterije za oddajnik<\/p>\n","protected":false},"excerpt":{"rendered":"<p>Orion V2 &#8211; jadrnica pripravljena za dirkanje v novem sve\u017eem dizajnu. Hitro sestavljena jadrnica Orion je pripravljena za izlet po jezeru ali ribniku. Idealen \u010doln za nadobudne kapitane. \u010coln ima jambor iz steklenih vlaken, cinkov balast, podstavke iz steklenih vlaken, ABS kobilico, proporcionalni in digitalni 2,4 GHz daljinski upravljalnik, robusten plasti\u010dni trup \u010dolna in prakti\u010dno [&hellip;]<\/p>\n","protected":false},"featured_media":18555,"template":"","meta":[],"product_cat":[364,388],"product_tag":[],"acf":[],"yoast_head":"<!-- This site is optimized with the Yoast SEO plugin v21.7 - https:\/\/yoast.com\/wordpress\/plugins\/seo\/ -->\n<title>Jadrnica Orion V2, rde\u010da 46,5 cm, 2,4 GHz - TECHNIC-TOYS.com<\/title>\n<meta name=\"robots\" content=\"index, follow, max-snippet:-1, max-image-preview:large, max-video-preview:-1\" \/>\n<link rel=\"canonical\" href=\"https:\/\/www.technic-toys.com\/izdelek\/jadrnica-orion-v2-rdeca-465-cm-24-ghz\/\" \/>\n<meta property=\"og:locale\" content=\"en_US\" \/>\n<meta property=\"og:type\" content=\"article\" \/>\n<meta property=\"og:title\" content=\"Jadrnica Orion V2, rde\u010da 46,5 cm, 2,4 GHz - TECHNIC-TOYS.com\" \/>\n<meta property=\"og:description\" content=\"Orion V2 &#8211; jadrnica pripravljena za dirkanje v novem sve\u017eem dizajnu. Hitro sestavljena jadrnica Orion je pripravljena za izlet po jezeru ali ribniku. Idealen \u010doln za nadobudne kapitane. \u010coln ima jambor iz steklenih vlaken, cinkov balast, podstavke iz steklenih vlaken, ABS kobilico, proporcionalni in digitalni 2,4 GHz daljinski upravljalnik, robusten plasti\u010dni trup \u010dolna in prakti\u010dno [&hellip;]\" \/>\n<meta property=\"og:url\" content=\"https:\/\/www.technic-toys.com\/izdelek\/jadrnica-orion-v2-rdeca-465-cm-24-ghz\/\" \/>\n<meta property=\"og:site_name\" content=\"TECHNIC-TOYS.com\" \/>\n<meta property=\"article:modified_time\" content=\"2024-12-04T18:02:26+00:00\" \/>\n<meta property=\"og:image\" content=\"https:\/\/www.technic-toys.com\/wp-content\/uploads\/2022\/04\/26086.jpg\" \/>\n\t<meta property=\"og:image:width\" content=\"2560\" \/>\n\t<meta property=\"og:image:height\" content=\"1468\" \/>\n\t<meta property=\"og:image:type\" content=\"image\/jpeg\" \/>\n<meta name=\"twitter:card\" content=\"summary_large_image\" \/>\n<meta name=\"twitter:label1\" content=\"Est. reading time\" \/>\n\t<meta name=\"twitter:data1\" content=\"1 minute\" \/>\n<script type=\"application\/ld+json\" class=\"yoast-schema-graph\">{\"@context\":\"https:\/\/schema.org\",\"@graph\":[{\"@type\":\"WebPage\",\"@id\":\"https:\/\/www.technic-toys.com\/izdelek\/jadrnica-orion-v2-rdeca-465-cm-24-ghz\/\",\"url\":\"https:\/\/www.technic-toys.com\/izdelek\/jadrnica-orion-v2-rdeca-465-cm-24-ghz\/\",\"name\":\"Jadrnica Orion V2, rde\u010da 46,5 cm, 2,4 GHz - TECHNIC-TOYS.com\",\"isPartOf\":{\"@id\":\"https:\/\/www.technic-toys.com\/en\/#website\"},\"datePublished\":\"2022-04-08T15:42:19+00:00\",\"dateModified\":\"2024-12-04T18:02:26+00:00\",\"breadcrumb\":{\"@id\":\"https:\/\/www.technic-toys.com\/izdelek\/jadrnica-orion-v2-rdeca-465-cm-24-ghz\/#breadcrumb\"},\"inLanguage\":\"en-US\",\"potentialAction\":[{\"@type\":\"ReadAction\",\"target\":[\"https:\/\/www.technic-toys.com\/izdelek\/jadrnica-orion-v2-rdeca-465-cm-24-ghz\/\"]}]},{\"@type\":\"BreadcrumbList\",\"@id\":\"https:\/\/www.technic-toys.com\/izdelek\/jadrnica-orion-v2-rdeca-465-cm-24-ghz\/#breadcrumb\",\"itemListElement\":[{\"@type\":\"ListItem\",\"position\":1,\"name\":\"Domov\",\"item\":\"https:\/\/www.technic-toys.com\/en\/\"},{\"@type\":\"ListItem\",\"position\":2,\"name\":\"Shop\",\"item\":\"https:\/\/www.technic-toys.com\/en\/shop-2\/\"},{\"@type\":\"ListItem\",\"position\":3,\"name\":\"Jadrnica Orion V2, rde\u010da 46,5 cm, 2,4 GHz\"}]},{\"@type\":\"WebSite\",\"@id\":\"https:\/\/www.technic-toys.com\/en\/#website\",\"url\":\"https:\/\/www.technic-toys.com\/en\/\",\"name\":\"TECHNIC-TOYS.com\",\"description\":\"\",\"potentialAction\":[{\"@type\":\"SearchAction\",\"target\":{\"@type\":\"EntryPoint\",\"urlTemplate\":\"https:\/\/www.technic-toys.com\/en\/?s={search_term_string}\"},\"query-input\":\"required name=search_term_string\"}],\"inLanguage\":\"en-US\"}]}<\/script>\n<!-- \/ Yoast SEO plugin. -->","yoast_head_json":{"title":"Jadrnica Orion V2, rde\u010da 46,5 cm, 2,4 GHz - TECHNIC-TOYS.com","robots":{"index":"index","follow":"follow","max-snippet":"max-snippet:-1","max-image-preview":"max-image-preview:large","max-video-preview":"max-video-preview:-1"},"canonical":"https:\/\/www.technic-toys.com\/izdelek\/jadrnica-orion-v2-rdeca-465-cm-24-ghz\/","og_locale":"en_US","og_type":"article","og_title":"Jadrnica Orion V2, rde\u010da 46,5 cm, 2,4 GHz - TECHNIC-TOYS.com","og_description":"Orion V2 &#8211; jadrnica pripravljena za dirkanje v novem sve\u017eem dizajnu. Hitro sestavljena jadrnica Orion je pripravljena za izlet po jezeru ali ribniku. Idealen \u010doln za nadobudne kapitane. \u010coln ima jambor iz steklenih vlaken, cinkov balast, podstavke iz steklenih vlaken, ABS kobilico, proporcionalni in digitalni 2,4 GHz daljinski upravljalnik, robusten plasti\u010dni trup \u010dolna in prakti\u010dno [&hellip;]","og_url":"https:\/\/www.technic-toys.com\/izdelek\/jadrnica-orion-v2-rdeca-465-cm-24-ghz\/","og_site_name":"TECHNIC-TOYS.com","article_modified_time":"2024-12-04T18:02:26+00:00","og_image":[{"width":2560,"height":1468,"url":"https:\/\/www.technic-toys.com\/wp-content\/uploads\/2022\/04\/26086.jpg","type":"image\/jpeg"}],"twitter_card":"summary_large_image","twitter_misc":{"Est. reading time":"1 minute"},"schema":{"@context":"https:\/\/schema.org","@graph":[{"@type":"WebPage","@id":"https:\/\/www.technic-toys.com\/izdelek\/jadrnica-orion-v2-rdeca-465-cm-24-ghz\/","url":"https:\/\/www.technic-toys.com\/izdelek\/jadrnica-orion-v2-rdeca-465-cm-24-ghz\/","name":"Jadrnica Orion V2, rde\u010da 46,5 cm, 2,4 GHz - TECHNIC-TOYS.com","isPartOf":{"@id":"https:\/\/www.technic-toys.com\/en\/#website"},"datePublished":"2022-04-08T15:42:19+00:00","dateModified":"2024-12-04T18:02:26+00:00","breadcrumb":{"@id":"https:\/\/www.technic-toys.com\/izdelek\/jadrnica-orion-v2-rdeca-465-cm-24-ghz\/#breadcrumb"},"inLanguage":"en-US","potentialAction":[{"@type":"ReadAction","target":["https:\/\/www.technic-toys.com\/izdelek\/jadrnica-orion-v2-rdeca-465-cm-24-ghz\/"]}]},{"@type":"BreadcrumbList","@id":"https:\/\/www.technic-toys.com\/izdelek\/jadrnica-orion-v2-rdeca-465-cm-24-ghz\/#breadcrumb","itemListElement":[{"@type":"ListItem","position":1,"name":"Domov","item":"https:\/\/www.technic-toys.com\/en\/"},{"@type":"ListItem","position":2,"name":"Shop","item":"https:\/\/www.technic-toys.com\/en\/shop-2\/"},{"@type":"ListItem","position":3,"name":"Jadrnica Orion V2, rde\u010da 46,5 cm, 2,4 GHz"}]},{"@type":"WebSite","@id":"https:\/\/www.technic-toys.com\/en\/#website","url":"https:\/\/www.technic-toys.com\/en\/","name":"TECHNIC-TOYS.com","description":"","potentialAction":[{"@type":"SearchAction","target":{"@type":"EntryPoint","urlTemplate":"https:\/\/www.technic-toys.com\/en\/?s={search_term_string}"},"query-input":"required name=search_term_string"}],"inLanguage":"en-US"}]}},"_links":{"self":[{"href":"https:\/\/www.technic-toys.com\/en\/wp-json\/wp\/v2\/product\/18554"}],"collection":[{"href":"https:\/\/www.technic-toys.com\/en\/wp-json\/wp\/v2\/product"}],"about":[{"href":"https:\/\/www.technic-toys.com\/en\/wp-json\/wp\/v2\/types\/product"}],"wp:featuredmedia":[{"embeddable":true,"href":"https:\/\/www.technic-toys.com\/en\/wp-json\/wp\/v2\/media\/18555"}],"wp:attachment":[{"href":"https:\/\/www.technic-toys.com\/en\/wp-json\/wp\/v2\/media?parent=18554"}],"wp:term":[{"taxonomy":"product_cat","embeddable":true,"href":"https:\/\/www.technic-toys.com\/en\/wp-json\/wp\/v2\/product_cat?post=18554"},{"taxonomy":"product_tag","embeddable":true,"href":"https:\/\/www.technic-toys.com\/en\/wp-json\/wp\/v2\/product_tag?post=18554"}],"curies":[{"name":"wp","href":"https:\/\/api.w.org\/{rel}","templated":true}]}}