{"id":18670,"date":"2022-04-08T17:42:19","date_gmt":"2022-04-08T15:42:19","guid":{"rendered":"https:\/\/www.technic-toys.com\/izdelek\/mad-flow-v3-formula-1-coln-590-mm-3s-brez-krtack\/"},"modified":"2024-12-04T19:02:28","modified_gmt":"2024-12-04T18:02:28","slug":"mad-flow-v3-formula-1-coln-590-mm-3s-brez-krtack","status":"publish","type":"product","link":"https:\/\/www.technic-toys.com\/en\/izdelek\/mad-flow-v3-formula-1-coln-590-mm-3s-brez-krtack\/","title":{"rendered":"Mad Flow V3 Formula 1 \u010coln 590 mm 3S brez krta\u010dk"},"content":{"rendered":"<p>Hiter in vodljiv \u010doln s kompaktnimi in priro\u010dnimi zunanjimi dimenzijami. Zmogljiv, vodno hlajen 3S 11,1 V brezkrta\u010dni motor pospe\u0161uje \u010doln do ve\u010d kot 55 km\/h. 30A ESC s priklju\u010dkom BEC, 9g nepremo\u010dljiv kovinski krmilni servo gonila in ob\u010dutljiv 2,4 GHz digitalni proporcionalni daljinski upravljalnik so nadaljnji poudarki hitrega \u010dolna Mad Flow. Robusten trup je samostojen zaradi poplavnega kanala. Zato je \u010doln primeren tako za za\u010detnike kot tudi za napredne uporabnike.<\/p>\n<p>Tehni\u010dni podatki:<br \/>\nDol\u017eina: 590mm<br \/>\nTe\u017ea praznega: 990g<br \/>\nTrup: Plastika<br \/>\n30A ESC<br \/>\nBrezkrta\u010dni motor za izhod<br \/>\n2,4 GHz 2-kanalni daljinski upravljalnik<br \/>\n9g kovinski servo gonilo<br \/>\nKonektor baterije: DEAN<\/p>\n<p>Obseg dobave:<br \/>\nbrezkrta\u010dni hitri \u010doln MAD FLOW&lt; br \/&gt;2,4 GHz daljinski upravljalnik<br \/>\nRezervni propeler<br \/>\nStojalo za ladjo<br \/>\nNavodila (nem\u0161ko)<\/p>\n<p>Potrebna dodatna oprema:<br \/>\n3S 11,1V 2200mAh s priklju\u010dkom XT60<br \/>\n4x 1,5V AA mignon baterije za oddajnik<\/p>\n","protected":false},"excerpt":{"rendered":"<p>Hiter in vodljiv \u010doln s kompaktnimi in priro\u010dnimi zunanjimi dimenzijami. Zmogljiv, vodno hlajen 3S 11,1 V brezkrta\u010dni motor pospe\u0161uje \u010doln do ve\u010d kot 55 km\/h. 30A ESC s priklju\u010dkom BEC, 9g nepremo\u010dljiv kovinski krmilni servo gonila in ob\u010dutljiv 2,4 GHz digitalni proporcionalni daljinski upravljalnik so nadaljnji poudarki hitrega \u010dolna Mad Flow. Robusten trup je samostojen [&hellip;]<\/p>\n","protected":false},"featured_media":18692,"template":"","meta":[],"product_cat":[364,387],"product_tag":[],"acf":[],"yoast_head":"<!-- This site is optimized with the Yoast SEO plugin v21.7 - https:\/\/yoast.com\/wordpress\/plugins\/seo\/ -->\n<title>Mad Flow V3 Formula 1 \u010coln 590 mm 3S brez krta\u010dk - TECHNIC-TOYS.com<\/title>\n<meta name=\"robots\" content=\"index, follow, max-snippet:-1, max-image-preview:large, max-video-preview:-1\" \/>\n<link rel=\"canonical\" href=\"https:\/\/www.technic-toys.com\/izdelek\/mad-flow-v3-formula-1-coln-590-mm-3s-brez-krtack\/\" \/>\n<meta property=\"og:locale\" content=\"en_US\" \/>\n<meta property=\"og:type\" content=\"article\" \/>\n<meta property=\"og:title\" content=\"Mad Flow V3 Formula 1 \u010coln 590 mm 3S brez krta\u010dk - TECHNIC-TOYS.com\" \/>\n<meta property=\"og:description\" content=\"Hiter in vodljiv \u010doln s kompaktnimi in priro\u010dnimi zunanjimi dimenzijami. Zmogljiv, vodno hlajen 3S 11,1 V brezkrta\u010dni motor pospe\u0161uje \u010doln do ve\u010d kot 55 km\/h. 30A ESC s priklju\u010dkom BEC, 9g nepremo\u010dljiv kovinski krmilni servo gonila in ob\u010dutljiv 2,4 GHz digitalni proporcionalni daljinski upravljalnik so nadaljnji poudarki hitrega \u010dolna Mad Flow. Robusten trup je samostojen [&hellip;]\" \/>\n<meta property=\"og:url\" content=\"https:\/\/www.technic-toys.com\/izdelek\/mad-flow-v3-formula-1-coln-590-mm-3s-brez-krtack\/\" \/>\n<meta property=\"og:site_name\" content=\"TECHNIC-TOYS.com\" \/>\n<meta property=\"article:modified_time\" content=\"2024-12-04T18:02:28+00:00\" \/>\n<meta property=\"og:image\" content=\"https:\/\/www.technic-toys.com\/wp-content\/uploads\/2022\/04\/26091_07.jpg\" \/>\n\t<meta property=\"og:image:width\" content=\"2560\" \/>\n\t<meta property=\"og:image:height\" content=\"1468\" \/>\n\t<meta property=\"og:image:type\" content=\"image\/jpeg\" \/>\n<meta name=\"twitter:card\" content=\"summary_large_image\" \/>\n<meta name=\"twitter:label1\" content=\"Est. reading time\" \/>\n\t<meta name=\"twitter:data1\" content=\"1 minute\" \/>\n<script type=\"application\/ld+json\" class=\"yoast-schema-graph\">{\"@context\":\"https:\/\/schema.org\",\"@graph\":[{\"@type\":\"WebPage\",\"@id\":\"https:\/\/www.technic-toys.com\/izdelek\/mad-flow-v3-formula-1-coln-590-mm-3s-brez-krtack\/\",\"url\":\"https:\/\/www.technic-toys.com\/izdelek\/mad-flow-v3-formula-1-coln-590-mm-3s-brez-krtack\/\",\"name\":\"Mad Flow V3 Formula 1 \u010coln 590 mm 3S brez krta\u010dk - TECHNIC-TOYS.com\",\"isPartOf\":{\"@id\":\"https:\/\/www.technic-toys.com\/en\/#website\"},\"datePublished\":\"2022-04-08T15:42:19+00:00\",\"dateModified\":\"2024-12-04T18:02:28+00:00\",\"breadcrumb\":{\"@id\":\"https:\/\/www.technic-toys.com\/izdelek\/mad-flow-v3-formula-1-coln-590-mm-3s-brez-krtack\/#breadcrumb\"},\"inLanguage\":\"en-US\",\"potentialAction\":[{\"@type\":\"ReadAction\",\"target\":[\"https:\/\/www.technic-toys.com\/izdelek\/mad-flow-v3-formula-1-coln-590-mm-3s-brez-krtack\/\"]}]},{\"@type\":\"BreadcrumbList\",\"@id\":\"https:\/\/www.technic-toys.com\/izdelek\/mad-flow-v3-formula-1-coln-590-mm-3s-brez-krtack\/#breadcrumb\",\"itemListElement\":[{\"@type\":\"ListItem\",\"position\":1,\"name\":\"Domov\",\"item\":\"https:\/\/www.technic-toys.com\/en\/\"},{\"@type\":\"ListItem\",\"position\":2,\"name\":\"Shop\",\"item\":\"https:\/\/www.technic-toys.com\/en\/shop-2\/\"},{\"@type\":\"ListItem\",\"position\":3,\"name\":\"Mad Flow V3 Formula 1 \u010coln 590 mm 3S brez krta\u010dk\"}]},{\"@type\":\"WebSite\",\"@id\":\"https:\/\/www.technic-toys.com\/en\/#website\",\"url\":\"https:\/\/www.technic-toys.com\/en\/\",\"name\":\"TECHNIC-TOYS.com\",\"description\":\"\",\"potentialAction\":[{\"@type\":\"SearchAction\",\"target\":{\"@type\":\"EntryPoint\",\"urlTemplate\":\"https:\/\/www.technic-toys.com\/en\/?s={search_term_string}\"},\"query-input\":\"required name=search_term_string\"}],\"inLanguage\":\"en-US\"}]}<\/script>\n<!-- \/ Yoast SEO plugin. -->","yoast_head_json":{"title":"Mad Flow V3 Formula 1 \u010coln 590 mm 3S brez krta\u010dk - TECHNIC-TOYS.com","robots":{"index":"index","follow":"follow","max-snippet":"max-snippet:-1","max-image-preview":"max-image-preview:large","max-video-preview":"max-video-preview:-1"},"canonical":"https:\/\/www.technic-toys.com\/izdelek\/mad-flow-v3-formula-1-coln-590-mm-3s-brez-krtack\/","og_locale":"en_US","og_type":"article","og_title":"Mad Flow V3 Formula 1 \u010coln 590 mm 3S brez krta\u010dk - TECHNIC-TOYS.com","og_description":"Hiter in vodljiv \u010doln s kompaktnimi in priro\u010dnimi zunanjimi dimenzijami. Zmogljiv, vodno hlajen 3S 11,1 V brezkrta\u010dni motor pospe\u0161uje \u010doln do ve\u010d kot 55 km\/h. 30A ESC s priklju\u010dkom BEC, 9g nepremo\u010dljiv kovinski krmilni servo gonila in ob\u010dutljiv 2,4 GHz digitalni proporcionalni daljinski upravljalnik so nadaljnji poudarki hitrega \u010dolna Mad Flow. Robusten trup je samostojen [&hellip;]","og_url":"https:\/\/www.technic-toys.com\/izdelek\/mad-flow-v3-formula-1-coln-590-mm-3s-brez-krtack\/","og_site_name":"TECHNIC-TOYS.com","article_modified_time":"2024-12-04T18:02:28+00:00","og_image":[{"width":2560,"height":1468,"url":"https:\/\/www.technic-toys.com\/wp-content\/uploads\/2022\/04\/26091_07.jpg","type":"image\/jpeg"}],"twitter_card":"summary_large_image","twitter_misc":{"Est. reading time":"1 minute"},"schema":{"@context":"https:\/\/schema.org","@graph":[{"@type":"WebPage","@id":"https:\/\/www.technic-toys.com\/izdelek\/mad-flow-v3-formula-1-coln-590-mm-3s-brez-krtack\/","url":"https:\/\/www.technic-toys.com\/izdelek\/mad-flow-v3-formula-1-coln-590-mm-3s-brez-krtack\/","name":"Mad Flow V3 Formula 1 \u010coln 590 mm 3S brez krta\u010dk - TECHNIC-TOYS.com","isPartOf":{"@id":"https:\/\/www.technic-toys.com\/en\/#website"},"datePublished":"2022-04-08T15:42:19+00:00","dateModified":"2024-12-04T18:02:28+00:00","breadcrumb":{"@id":"https:\/\/www.technic-toys.com\/izdelek\/mad-flow-v3-formula-1-coln-590-mm-3s-brez-krtack\/#breadcrumb"},"inLanguage":"en-US","potentialAction":[{"@type":"ReadAction","target":["https:\/\/www.technic-toys.com\/izdelek\/mad-flow-v3-formula-1-coln-590-mm-3s-brez-krtack\/"]}]},{"@type":"BreadcrumbList","@id":"https:\/\/www.technic-toys.com\/izdelek\/mad-flow-v3-formula-1-coln-590-mm-3s-brez-krtack\/#breadcrumb","itemListElement":[{"@type":"ListItem","position":1,"name":"Domov","item":"https:\/\/www.technic-toys.com\/en\/"},{"@type":"ListItem","position":2,"name":"Shop","item":"https:\/\/www.technic-toys.com\/en\/shop-2\/"},{"@type":"ListItem","position":3,"name":"Mad Flow V3 Formula 1 \u010coln 590 mm 3S brez krta\u010dk"}]},{"@type":"WebSite","@id":"https:\/\/www.technic-toys.com\/en\/#website","url":"https:\/\/www.technic-toys.com\/en\/","name":"TECHNIC-TOYS.com","description":"","potentialAction":[{"@type":"SearchAction","target":{"@type":"EntryPoint","urlTemplate":"https:\/\/www.technic-toys.com\/en\/?s={search_term_string}"},"query-input":"required name=search_term_string"}],"inLanguage":"en-US"}]}},"_links":{"self":[{"href":"https:\/\/www.technic-toys.com\/en\/wp-json\/wp\/v2\/product\/18670"}],"collection":[{"href":"https:\/\/www.technic-toys.com\/en\/wp-json\/wp\/v2\/product"}],"about":[{"href":"https:\/\/www.technic-toys.com\/en\/wp-json\/wp\/v2\/types\/product"}],"wp:featuredmedia":[{"embeddable":true,"href":"https:\/\/www.technic-toys.com\/en\/wp-json\/wp\/v2\/media\/18692"}],"wp:attachment":[{"href":"https:\/\/www.technic-toys.com\/en\/wp-json\/wp\/v2\/media?parent=18670"}],"wp:term":[{"taxonomy":"product_cat","embeddable":true,"href":"https:\/\/www.technic-toys.com\/en\/wp-json\/wp\/v2\/product_cat?post=18670"},{"taxonomy":"product_tag","embeddable":true,"href":"https:\/\/www.technic-toys.com\/en\/wp-json\/wp\/v2\/product_tag?post=18670"}],"curies":[{"name":"wp","href":"https:\/\/api.w.org\/{rel}","templated":true}]}}