{"id":18798,"date":"2022-04-08T17:42:19","date_gmt":"2022-04-08T15:42:19","guid":{"rendered":"https:\/\/www.technic-toys.com\/izdelek\/bullet-v4-mono-dirkalni-coln-4s-brezkrtacni-artr\/"},"modified":"2024-12-04T19:02:25","modified_gmt":"2024-12-04T18:02:25","slug":"bullet-v4-mono-dirkalni-coln-4s-brezkrtacni-artr","status":"publish","type":"product","link":"https:\/\/www.technic-toys.com\/en\/izdelek\/bullet-v4-mono-dirkalni-coln-4s-brezkrtacni-artr\/","title":{"rendered":"Bullet V4 mono dirkalni \u010doln 4S brezkrta\u010dni ARTR"},"content":{"rendered":"<p>Hiter (pribli\u017eno 60 km\/h hiter) gliser Bullet V4 navdu\u0161uje z zmogljivim brezkrta\u010dnim motorjem 2815 in pogonom 4S LiPo v povezavi z visoko zmogljivim krmilnikom 60A.<br \/>\nOdli\u010den lak poudarja \u0161portni zna\u010daj tega tekmovalnega \u010dolna. Priklju\u010dni sistem tega odli\u010dnega dirkalnega \u010dolna je bil spremenjen na kontakte XT60, da bi izkoristili ves potencial modela. Za dodatno varnost poskrbi \u017ee name\u0161\u010deno vodno hlajenje, 2,4 GHz oddajnik, ki dobro le\u017ei v roki, pa zagotavlja nemoteno varnost pri vo\u017enji s popolnim nadzorom nad vsemi krmilnimi funkcijami. Krmilni sistem in propeler sta izdelana iz visokokakovostne kovine. S pomo\u010djo daljinskega upravljalnika 2,4 GHz lahko \u010doln ne\u017eno raz\u0161irite do svojih meja.<\/p>\n<p>Lastnosti:<br \/>\nEleganten dizajn<br \/>\nVisokokakovostna elektronika<br \/>\nZelo hitra (do pribl. 60 km\/h)<br \/>\nZelo dober nadzorni sistem 2,4 GHz<br \/>\nTrimiranje na oddajniku za plin in krmiljenje Dvojna stopnja za krmiljenje levo in desno je mogo\u010de nadzorovati lo\u010deno (hod krmila)<br \/>\nRobusten trup iz ABS-a<br \/>\nVodo za\u0161\u010ditena elektronika<br \/>\nSistem krmila in propeler iz kovine<\/p>\n<p>Tehni\u010dni podatki:<br \/>\nDol\u017eina: 729mm<br \/>\n\u0160irina: 180mm<br \/>\nVi\u0161ina: 125 mm<br \/>\nTe\u017ea: 1,35 kg (brez baterije)<br \/>\n2,4 GHz 3-kanalni digitalni proporcionalni<br \/>\nPogon: 4 S LiPo (2x 2S 3500 &#8211; 4000mAh 7,4V min. 35C)&lt; br \/&gt;<br \/>\nObseg dobave:<br \/>\nBullet V4 Boat<br \/>\nDaljinski upravljalnik za pi\u0161tolo 2,4 GHz<br \/>\nStojalo za \u010doln<br \/>\nDodatki<br \/>\nNavodila za uporabo nem\u0161ki \/ angle\u0161ki<\/p>\n<p>Potrebna dodatna oprema:<br \/>\nBaterija: 2x 7,4V 3500mAh &#8211; 4000mAh min 35C LiPo s priklju\u010dki XT60,<br \/>\nLiPo polnilec za polnjenje baterij<br \/>\n4x 1,5V AA Mignon Ba ter za daljinski upravljalnik<\/p>\n","protected":false},"excerpt":{"rendered":"<p>Hiter (pribli\u017eno 60 km\/h hiter) gliser Bullet V4 navdu\u0161uje z zmogljivim brezkrta\u010dnim motorjem 2815 in pogonom 4S LiPo v povezavi z visoko zmogljivim krmilnikom 60A. Odli\u010den lak poudarja \u0161portni zna\u010daj tega tekmovalnega \u010dolna. Priklju\u010dni sistem tega odli\u010dnega dirkalnega \u010dolna je bil spremenjen na kontakte XT60, da bi izkoristili ves potencial modela. Za dodatno varnost poskrbi [&hellip;]<\/p>\n","protected":false},"featured_media":18802,"template":"","meta":[],"product_cat":[364,387],"product_tag":[],"acf":[],"yoast_head":"<!-- This site is optimized with the Yoast SEO plugin v21.7 - https:\/\/yoast.com\/wordpress\/plugins\/seo\/ -->\n<title>Bullet V4 mono dirkalni \u010doln 4S brezkrta\u010dni ARTR - TECHNIC-TOYS.com<\/title>\n<meta name=\"robots\" content=\"index, follow, max-snippet:-1, max-image-preview:large, max-video-preview:-1\" \/>\n<link rel=\"canonical\" href=\"https:\/\/www.technic-toys.com\/izdelek\/bullet-v4-mono-dirkalni-coln-4s-brezkrtacni-artr\/\" \/>\n<meta property=\"og:locale\" content=\"en_US\" \/>\n<meta property=\"og:type\" content=\"article\" \/>\n<meta property=\"og:title\" content=\"Bullet V4 mono dirkalni \u010doln 4S brezkrta\u010dni ARTR - TECHNIC-TOYS.com\" \/>\n<meta property=\"og:description\" content=\"Hiter (pribli\u017eno 60 km\/h hiter) gliser Bullet V4 navdu\u0161uje z zmogljivim brezkrta\u010dnim motorjem 2815 in pogonom 4S LiPo v povezavi z visoko zmogljivim krmilnikom 60A. Odli\u010den lak poudarja \u0161portni zna\u010daj tega tekmovalnega \u010dolna. Priklju\u010dni sistem tega odli\u010dnega dirkalnega \u010dolna je bil spremenjen na kontakte XT60, da bi izkoristili ves potencial modela. Za dodatno varnost poskrbi [&hellip;]\" \/>\n<meta property=\"og:url\" content=\"https:\/\/www.technic-toys.com\/izdelek\/bullet-v4-mono-dirkalni-coln-4s-brezkrtacni-artr\/\" \/>\n<meta property=\"og:site_name\" content=\"TECHNIC-TOYS.com\" \/>\n<meta property=\"article:modified_time\" content=\"2024-12-04T18:02:25+00:00\" \/>\n<meta property=\"og:image\" content=\"https:\/\/www.technic-toys.com\/wp-content\/uploads\/2022\/04\/26097_01.jpg\" \/>\n\t<meta property=\"og:image:width\" content=\"2560\" \/>\n\t<meta property=\"og:image:height\" content=\"1468\" \/>\n\t<meta property=\"og:image:type\" content=\"image\/jpeg\" \/>\n<meta name=\"twitter:card\" content=\"summary_large_image\" \/>\n<meta name=\"twitter:label1\" content=\"Est. reading time\" \/>\n\t<meta name=\"twitter:data1\" content=\"1 minute\" \/>\n<script type=\"application\/ld+json\" class=\"yoast-schema-graph\">{\"@context\":\"https:\/\/schema.org\",\"@graph\":[{\"@type\":\"WebPage\",\"@id\":\"https:\/\/www.technic-toys.com\/izdelek\/bullet-v4-mono-dirkalni-coln-4s-brezkrtacni-artr\/\",\"url\":\"https:\/\/www.technic-toys.com\/izdelek\/bullet-v4-mono-dirkalni-coln-4s-brezkrtacni-artr\/\",\"name\":\"Bullet V4 mono dirkalni \u010doln 4S brezkrta\u010dni ARTR - TECHNIC-TOYS.com\",\"isPartOf\":{\"@id\":\"https:\/\/www.technic-toys.com\/en\/#website\"},\"datePublished\":\"2022-04-08T15:42:19+00:00\",\"dateModified\":\"2024-12-04T18:02:25+00:00\",\"breadcrumb\":{\"@id\":\"https:\/\/www.technic-toys.com\/izdelek\/bullet-v4-mono-dirkalni-coln-4s-brezkrtacni-artr\/#breadcrumb\"},\"inLanguage\":\"en-US\",\"potentialAction\":[{\"@type\":\"ReadAction\",\"target\":[\"https:\/\/www.technic-toys.com\/izdelek\/bullet-v4-mono-dirkalni-coln-4s-brezkrtacni-artr\/\"]}]},{\"@type\":\"BreadcrumbList\",\"@id\":\"https:\/\/www.technic-toys.com\/izdelek\/bullet-v4-mono-dirkalni-coln-4s-brezkrtacni-artr\/#breadcrumb\",\"itemListElement\":[{\"@type\":\"ListItem\",\"position\":1,\"name\":\"Domov\",\"item\":\"https:\/\/www.technic-toys.com\/en\/\"},{\"@type\":\"ListItem\",\"position\":2,\"name\":\"Shop\",\"item\":\"https:\/\/www.technic-toys.com\/en\/shop-2\/\"},{\"@type\":\"ListItem\",\"position\":3,\"name\":\"Bullet V4 mono dirkalni \u010doln 4S brezkrta\u010dni ARTR\"}]},{\"@type\":\"WebSite\",\"@id\":\"https:\/\/www.technic-toys.com\/en\/#website\",\"url\":\"https:\/\/www.technic-toys.com\/en\/\",\"name\":\"TECHNIC-TOYS.com\",\"description\":\"\",\"potentialAction\":[{\"@type\":\"SearchAction\",\"target\":{\"@type\":\"EntryPoint\",\"urlTemplate\":\"https:\/\/www.technic-toys.com\/en\/?s={search_term_string}\"},\"query-input\":\"required name=search_term_string\"}],\"inLanguage\":\"en-US\"}]}<\/script>\n<!-- \/ Yoast SEO plugin. -->","yoast_head_json":{"title":"Bullet V4 mono dirkalni \u010doln 4S brezkrta\u010dni ARTR - TECHNIC-TOYS.com","robots":{"index":"index","follow":"follow","max-snippet":"max-snippet:-1","max-image-preview":"max-image-preview:large","max-video-preview":"max-video-preview:-1"},"canonical":"https:\/\/www.technic-toys.com\/izdelek\/bullet-v4-mono-dirkalni-coln-4s-brezkrtacni-artr\/","og_locale":"en_US","og_type":"article","og_title":"Bullet V4 mono dirkalni \u010doln 4S brezkrta\u010dni ARTR - TECHNIC-TOYS.com","og_description":"Hiter (pribli\u017eno 60 km\/h hiter) gliser Bullet V4 navdu\u0161uje z zmogljivim brezkrta\u010dnim motorjem 2815 in pogonom 4S LiPo v povezavi z visoko zmogljivim krmilnikom 60A. Odli\u010den lak poudarja \u0161portni zna\u010daj tega tekmovalnega \u010dolna. Priklju\u010dni sistem tega odli\u010dnega dirkalnega \u010dolna je bil spremenjen na kontakte XT60, da bi izkoristili ves potencial modela. Za dodatno varnost poskrbi [&hellip;]","og_url":"https:\/\/www.technic-toys.com\/izdelek\/bullet-v4-mono-dirkalni-coln-4s-brezkrtacni-artr\/","og_site_name":"TECHNIC-TOYS.com","article_modified_time":"2024-12-04T18:02:25+00:00","og_image":[{"width":2560,"height":1468,"url":"https:\/\/www.technic-toys.com\/wp-content\/uploads\/2022\/04\/26097_01.jpg","type":"image\/jpeg"}],"twitter_card":"summary_large_image","twitter_misc":{"Est. reading time":"1 minute"},"schema":{"@context":"https:\/\/schema.org","@graph":[{"@type":"WebPage","@id":"https:\/\/www.technic-toys.com\/izdelek\/bullet-v4-mono-dirkalni-coln-4s-brezkrtacni-artr\/","url":"https:\/\/www.technic-toys.com\/izdelek\/bullet-v4-mono-dirkalni-coln-4s-brezkrtacni-artr\/","name":"Bullet V4 mono dirkalni \u010doln 4S brezkrta\u010dni ARTR - TECHNIC-TOYS.com","isPartOf":{"@id":"https:\/\/www.technic-toys.com\/en\/#website"},"datePublished":"2022-04-08T15:42:19+00:00","dateModified":"2024-12-04T18:02:25+00:00","breadcrumb":{"@id":"https:\/\/www.technic-toys.com\/izdelek\/bullet-v4-mono-dirkalni-coln-4s-brezkrtacni-artr\/#breadcrumb"},"inLanguage":"en-US","potentialAction":[{"@type":"ReadAction","target":["https:\/\/www.technic-toys.com\/izdelek\/bullet-v4-mono-dirkalni-coln-4s-brezkrtacni-artr\/"]}]},{"@type":"BreadcrumbList","@id":"https:\/\/www.technic-toys.com\/izdelek\/bullet-v4-mono-dirkalni-coln-4s-brezkrtacni-artr\/#breadcrumb","itemListElement":[{"@type":"ListItem","position":1,"name":"Domov","item":"https:\/\/www.technic-toys.com\/en\/"},{"@type":"ListItem","position":2,"name":"Shop","item":"https:\/\/www.technic-toys.com\/en\/shop-2\/"},{"@type":"ListItem","position":3,"name":"Bullet V4 mono dirkalni \u010doln 4S brezkrta\u010dni ARTR"}]},{"@type":"WebSite","@id":"https:\/\/www.technic-toys.com\/en\/#website","url":"https:\/\/www.technic-toys.com\/en\/","name":"TECHNIC-TOYS.com","description":"","potentialAction":[{"@type":"SearchAction","target":{"@type":"EntryPoint","urlTemplate":"https:\/\/www.technic-toys.com\/en\/?s={search_term_string}"},"query-input":"required name=search_term_string"}],"inLanguage":"en-US"}]}},"_links":{"self":[{"href":"https:\/\/www.technic-toys.com\/en\/wp-json\/wp\/v2\/product\/18798"}],"collection":[{"href":"https:\/\/www.technic-toys.com\/en\/wp-json\/wp\/v2\/product"}],"about":[{"href":"https:\/\/www.technic-toys.com\/en\/wp-json\/wp\/v2\/types\/product"}],"wp:featuredmedia":[{"embeddable":true,"href":"https:\/\/www.technic-toys.com\/en\/wp-json\/wp\/v2\/media\/18802"}],"wp:attachment":[{"href":"https:\/\/www.technic-toys.com\/en\/wp-json\/wp\/v2\/media?parent=18798"}],"wp:term":[{"taxonomy":"product_cat","embeddable":true,"href":"https:\/\/www.technic-toys.com\/en\/wp-json\/wp\/v2\/product_cat?post=18798"},{"taxonomy":"product_tag","embeddable":true,"href":"https:\/\/www.technic-toys.com\/en\/wp-json\/wp\/v2\/product_tag?post=18798"}],"curies":[{"name":"wp","href":"https:\/\/api.w.org\/{rel}","templated":true}]}}