{"id":18823,"date":"2022-04-08T17:42:19","date_gmt":"2022-04-08T15:42:19","guid":{"rendered":"https:\/\/www.technic-toys.com\/izdelek\/inteligentni-rc-robot-24-ghz-zelen\/"},"modified":"2024-12-04T19:02:27","modified_gmt":"2024-12-04T18:02:27","slug":"inteligentni-rc-robot-24-ghz-zelen","status":"publish","type":"product","link":"https:\/\/www.technic-toys.com\/en\/izdelek\/inteligentni-rc-robot-24-ghz-zelen\/","title":{"rendered":"Inteligentni RC robot 2,4 GHz, zelen"},"content":{"rendered":"<p>Cady Wiri &#8211; inteligentni robot z 2,4 GHz Odli\u010den robot s \u0161tevilnimi pametnimi funkcijami, kot so hoja in valjanje v vse smeri, petje in ples, funkcija snemanja in glasovni na\u010din. Upravlja se preko zaslona na dotik. Dolg \u010das predvajanja zahvaljujo\u010d veliki bateriji. S demo na\u010dinom in osvetlitvijo. Ker &#8216;Cadi Wiri&#8217; govori angle\u0161ko, pomaga tudi pri u\u010denju tujega jezika na igriv na\u010din. Funkcije Touch control Jezikovni na\u010din (angle\u0161\u010dina) Dolga \u010das pripravljenosti Hodite in se premikajte v vse smeri Razi\u0161\u010diZapisPej in ple\u0161i Osvetlitev RGB Na\u010din programiranja Tehni\u010dni podatki: Mere: 160x04x17x17x17x16mm \u010das: 90-120 minut\u010cas predvajanja: 60-90 minut Domet daljinskega upravljalnika: pribli\u017eno 10 metrov Obseg dobave: Robot Cady WiriDaljinski upravljalnikPriro\u010dnik (nem\u0161\u010dina, angle\u0161\u010dina)Potrebna dodatna oprema 2x AAA baterije za daljinski upravljalnik<\/p>\n","protected":false},"excerpt":{"rendered":"<p>Cady Wiri &#8211; inteligentni robot z 2,4 GHz Odli\u010den robot s \u0161tevilnimi pametnimi funkcijami, kot so hoja in valjanje v vse smeri, petje in ples, funkcija snemanja in glasovni na\u010din. Upravlja se preko zaslona na dotik. Dolg \u010das predvajanja zahvaljujo\u010d veliki bateriji. S demo na\u010dinom in osvetlitvijo. Ker &#8216;Cadi Wiri&#8217; govori angle\u0161ko, pomaga tudi pri [&hellip;]<\/p>\n","protected":false},"featured_media":18824,"template":"","meta":[],"product_cat":[385],"product_tag":[],"acf":[],"yoast_head":"<!-- This site is optimized with the Yoast SEO plugin v21.7 - https:\/\/yoast.com\/wordpress\/plugins\/seo\/ -->\n<title>Inteligentni RC robot 2,4 GHz, zelen - TECHNIC-TOYS.com<\/title>\n<meta name=\"robots\" content=\"index, follow, max-snippet:-1, max-image-preview:large, max-video-preview:-1\" \/>\n<link rel=\"canonical\" href=\"https:\/\/www.technic-toys.com\/izdelek\/inteligentni-rc-robot-24-ghz-zelen\/\" \/>\n<meta property=\"og:locale\" content=\"en_US\" \/>\n<meta property=\"og:type\" content=\"article\" \/>\n<meta property=\"og:title\" content=\"Inteligentni RC robot 2,4 GHz, zelen - TECHNIC-TOYS.com\" \/>\n<meta property=\"og:description\" content=\"Cady Wiri &#8211; inteligentni robot z 2,4 GHz Odli\u010den robot s \u0161tevilnimi pametnimi funkcijami, kot so hoja in valjanje v vse smeri, petje in ples, funkcija snemanja in glasovni na\u010din. Upravlja se preko zaslona na dotik. Dolg \u010das predvajanja zahvaljujo\u010d veliki bateriji. S demo na\u010dinom in osvetlitvijo. Ker &#8216;Cadi Wiri&#8217; govori angle\u0161ko, pomaga tudi pri [&hellip;]\" \/>\n<meta property=\"og:url\" content=\"https:\/\/www.technic-toys.com\/izdelek\/inteligentni-rc-robot-24-ghz-zelen\/\" \/>\n<meta property=\"og:site_name\" content=\"TECHNIC-TOYS.com\" \/>\n<meta property=\"article:modified_time\" content=\"2024-12-04T18:02:27+00:00\" \/>\n<meta property=\"og:image\" content=\"https:\/\/www.technic-toys.com\/wp-content\/uploads\/2022\/04\/40006.jpg\" \/>\n\t<meta property=\"og:image:width\" content=\"1768\" \/>\n\t<meta property=\"og:image:height\" content=\"1014\" \/>\n\t<meta property=\"og:image:type\" content=\"image\/jpeg\" \/>\n<meta name=\"twitter:card\" content=\"summary_large_image\" \/>\n<meta name=\"twitter:label1\" content=\"Est. reading time\" \/>\n\t<meta name=\"twitter:data1\" content=\"1 minute\" \/>\n<script type=\"application\/ld+json\" class=\"yoast-schema-graph\">{\"@context\":\"https:\/\/schema.org\",\"@graph\":[{\"@type\":\"WebPage\",\"@id\":\"https:\/\/www.technic-toys.com\/izdelek\/inteligentni-rc-robot-24-ghz-zelen\/\",\"url\":\"https:\/\/www.technic-toys.com\/izdelek\/inteligentni-rc-robot-24-ghz-zelen\/\",\"name\":\"Inteligentni RC robot 2,4 GHz, zelen - TECHNIC-TOYS.com\",\"isPartOf\":{\"@id\":\"https:\/\/www.technic-toys.com\/en\/#website\"},\"datePublished\":\"2022-04-08T15:42:19+00:00\",\"dateModified\":\"2024-12-04T18:02:27+00:00\",\"breadcrumb\":{\"@id\":\"https:\/\/www.technic-toys.com\/izdelek\/inteligentni-rc-robot-24-ghz-zelen\/#breadcrumb\"},\"inLanguage\":\"en-US\",\"potentialAction\":[{\"@type\":\"ReadAction\",\"target\":[\"https:\/\/www.technic-toys.com\/izdelek\/inteligentni-rc-robot-24-ghz-zelen\/\"]}]},{\"@type\":\"BreadcrumbList\",\"@id\":\"https:\/\/www.technic-toys.com\/izdelek\/inteligentni-rc-robot-24-ghz-zelen\/#breadcrumb\",\"itemListElement\":[{\"@type\":\"ListItem\",\"position\":1,\"name\":\"Domov\",\"item\":\"https:\/\/www.technic-toys.com\/en\/\"},{\"@type\":\"ListItem\",\"position\":2,\"name\":\"Shop\",\"item\":\"https:\/\/www.technic-toys.com\/en\/shop-2\/\"},{\"@type\":\"ListItem\",\"position\":3,\"name\":\"Inteligentni RC robot 2,4 GHz, zelen\"}]},{\"@type\":\"WebSite\",\"@id\":\"https:\/\/www.technic-toys.com\/en\/#website\",\"url\":\"https:\/\/www.technic-toys.com\/en\/\",\"name\":\"TECHNIC-TOYS.com\",\"description\":\"\",\"potentialAction\":[{\"@type\":\"SearchAction\",\"target\":{\"@type\":\"EntryPoint\",\"urlTemplate\":\"https:\/\/www.technic-toys.com\/en\/?s={search_term_string}\"},\"query-input\":\"required name=search_term_string\"}],\"inLanguage\":\"en-US\"}]}<\/script>\n<!-- \/ Yoast SEO plugin. -->","yoast_head_json":{"title":"Inteligentni RC robot 2,4 GHz, zelen - TECHNIC-TOYS.com","robots":{"index":"index","follow":"follow","max-snippet":"max-snippet:-1","max-image-preview":"max-image-preview:large","max-video-preview":"max-video-preview:-1"},"canonical":"https:\/\/www.technic-toys.com\/izdelek\/inteligentni-rc-robot-24-ghz-zelen\/","og_locale":"en_US","og_type":"article","og_title":"Inteligentni RC robot 2,4 GHz, zelen - TECHNIC-TOYS.com","og_description":"Cady Wiri &#8211; inteligentni robot z 2,4 GHz Odli\u010den robot s \u0161tevilnimi pametnimi funkcijami, kot so hoja in valjanje v vse smeri, petje in ples, funkcija snemanja in glasovni na\u010din. Upravlja se preko zaslona na dotik. Dolg \u010das predvajanja zahvaljujo\u010d veliki bateriji. S demo na\u010dinom in osvetlitvijo. Ker &#8216;Cadi Wiri&#8217; govori angle\u0161ko, pomaga tudi pri [&hellip;]","og_url":"https:\/\/www.technic-toys.com\/izdelek\/inteligentni-rc-robot-24-ghz-zelen\/","og_site_name":"TECHNIC-TOYS.com","article_modified_time":"2024-12-04T18:02:27+00:00","og_image":[{"width":1768,"height":1014,"url":"https:\/\/www.technic-toys.com\/wp-content\/uploads\/2022\/04\/40006.jpg","type":"image\/jpeg"}],"twitter_card":"summary_large_image","twitter_misc":{"Est. reading time":"1 minute"},"schema":{"@context":"https:\/\/schema.org","@graph":[{"@type":"WebPage","@id":"https:\/\/www.technic-toys.com\/izdelek\/inteligentni-rc-robot-24-ghz-zelen\/","url":"https:\/\/www.technic-toys.com\/izdelek\/inteligentni-rc-robot-24-ghz-zelen\/","name":"Inteligentni RC robot 2,4 GHz, zelen - TECHNIC-TOYS.com","isPartOf":{"@id":"https:\/\/www.technic-toys.com\/en\/#website"},"datePublished":"2022-04-08T15:42:19+00:00","dateModified":"2024-12-04T18:02:27+00:00","breadcrumb":{"@id":"https:\/\/www.technic-toys.com\/izdelek\/inteligentni-rc-robot-24-ghz-zelen\/#breadcrumb"},"inLanguage":"en-US","potentialAction":[{"@type":"ReadAction","target":["https:\/\/www.technic-toys.com\/izdelek\/inteligentni-rc-robot-24-ghz-zelen\/"]}]},{"@type":"BreadcrumbList","@id":"https:\/\/www.technic-toys.com\/izdelek\/inteligentni-rc-robot-24-ghz-zelen\/#breadcrumb","itemListElement":[{"@type":"ListItem","position":1,"name":"Domov","item":"https:\/\/www.technic-toys.com\/en\/"},{"@type":"ListItem","position":2,"name":"Shop","item":"https:\/\/www.technic-toys.com\/en\/shop-2\/"},{"@type":"ListItem","position":3,"name":"Inteligentni RC robot 2,4 GHz, zelen"}]},{"@type":"WebSite","@id":"https:\/\/www.technic-toys.com\/en\/#website","url":"https:\/\/www.technic-toys.com\/en\/","name":"TECHNIC-TOYS.com","description":"","potentialAction":[{"@type":"SearchAction","target":{"@type":"EntryPoint","urlTemplate":"https:\/\/www.technic-toys.com\/en\/?s={search_term_string}"},"query-input":"required name=search_term_string"}],"inLanguage":"en-US"}]}},"_links":{"self":[{"href":"https:\/\/www.technic-toys.com\/en\/wp-json\/wp\/v2\/product\/18823"}],"collection":[{"href":"https:\/\/www.technic-toys.com\/en\/wp-json\/wp\/v2\/product"}],"about":[{"href":"https:\/\/www.technic-toys.com\/en\/wp-json\/wp\/v2\/types\/product"}],"wp:featuredmedia":[{"embeddable":true,"href":"https:\/\/www.technic-toys.com\/en\/wp-json\/wp\/v2\/media\/18824"}],"wp:attachment":[{"href":"https:\/\/www.technic-toys.com\/en\/wp-json\/wp\/v2\/media?parent=18823"}],"wp:term":[{"taxonomy":"product_cat","embeddable":true,"href":"https:\/\/www.technic-toys.com\/en\/wp-json\/wp\/v2\/product_cat?post=18823"},{"taxonomy":"product_tag","embeddable":true,"href":"https:\/\/www.technic-toys.com\/en\/wp-json\/wp\/v2\/product_tag?post=18823"}],"curies":[{"name":"wp","href":"https:\/\/api.w.org\/{rel}","templated":true}]}}