{"id":20175,"date":"2022-05-22T10:42:01","date_gmt":"2022-05-22T08:42:01","guid":{"rendered":"https:\/\/www.technic-toys.com\/?post_type=product&#038;p=20175"},"modified":"2024-12-10T10:39:56","modified_gmt":"2024-12-10T09:39:56","slug":"otroski-gokart-na-pedala-fiat-abarth-original-avto-formula","status":"publish","type":"product","link":"https:\/\/www.technic-toys.com\/en\/izdelek\/otroski-gokart-na-pedala-fiat-abarth-original-avto-formula\/","title":{"rendered":"Otro\u0161ki GOKART na pedala, Fiat Abarth original avto formula, BELA"},"content":{"rendered":"<p>BREZPLA\u010cNA DOSTAVA<\/p>\n<p>GO-CART ABARTH White- Kolesa EVA<br \/>\nGo-Cart je zasnovan za otroke, ki imajo radi aktivnosti na prostem in aktiven \u017eivljenjski slog.<br \/>\n-moderna oblika, udoben sede\u017e z oporo za hrbet<br \/>\n-maksimalna obremenitev do 30 kg<br \/>\n&#8211; zavora na obeh kolesih<br \/>\n-mehka kolesa material EVA<br \/>\n&#8211; mo\u017enost vo\u017enje naprej in nazaj<br \/>\n&#8211; kovinski elementi<br \/>\n&#8211; krmilni sistem<br \/>\n&#8211; pogon zadnja os<br \/>\n&#8211; dol\u017eina &#8211; 113 cm, \u0161irina &#8211; 57 cm, vi\u0161ina &#8211; 73 cm<\/p>\n<p>starost otroka : 3 leta +<br \/>\nBlagovna znamka : Abarth Fiat<br \/>\nVrsta pogona : na pedalih<br \/>\nNajve\u010dja obremenitev : 30kg<\/p>\n<p>Ta model je bil zasnovan za otroke, starej\u0161e od 3 let. Vsi materiali uporabljeni za izdelavo tega velikega in elegantnega vozila, so izdelani iz zelo mo\u010dnih, a okolju prijaznih delov. Vozilo ima CE certifikat, ki zagotavlja varno uporabo po normativih Evropske unije. Vozilo je pakirano v originalni \u0161katli z navodili za samostojno sestavljanje (priporo\u010dilo youtube).<\/p>\n","protected":false},"excerpt":{"rendered":"<p>BREZPLA\u010cNA DOSTAVA GO-CART ABARTH White- Kolesa EVA Go-Cart je zasnovan za otroke, ki imajo radi aktivnosti na prostem in aktiven \u017eivljenjski slog. -moderna oblika, udoben sede\u017e z oporo za hrbet -maksimalna obremenitev do 30 kg &#8211; zavora na obeh kolesih -mehka kolesa material EVA &#8211; mo\u017enost vo\u017enje naprej in nazaj &#8211; kovinski elementi &#8211; krmilni [&hellip;]<\/p>\n","protected":false},"featured_media":20168,"template":"","meta":[],"product_cat":[374,466],"product_tag":[],"acf":[],"yoast_head":"<!-- This site is optimized with the Yoast SEO plugin v21.7 - https:\/\/yoast.com\/wordpress\/plugins\/seo\/ -->\n<title>Otro\u0161ki GOKART na pedala, Fiat Abarth original avto formula, BELA - TECHNIC-TOYS.com<\/title>\n<meta name=\"description\" content=\"GOKART Fiat Abarth original, avto formula na pedalaGOKART Fiat Abarth original, avto formula na pedala za otroka, BELA\" \/>\n<meta name=\"robots\" content=\"index, follow, max-snippet:-1, max-image-preview:large, max-video-preview:-1\" \/>\n<link rel=\"canonical\" href=\"https:\/\/www.technic-toys.com\/izdelek\/otroski-gokart-na-pedala-fiat-abarth-original-avto-formula\/\" \/>\n<meta property=\"og:locale\" content=\"en_US\" \/>\n<meta property=\"og:type\" content=\"article\" \/>\n<meta property=\"og:title\" content=\"Otro\u0161ki GOKART na pedala, Fiat Abarth original avto formula, BELA - TECHNIC-TOYS.com\" \/>\n<meta property=\"og:description\" content=\"GOKART Fiat Abarth original, avto formula na pedalaGOKART Fiat Abarth original, avto formula na pedala za otroka, BELA\" \/>\n<meta property=\"og:url\" content=\"https:\/\/www.technic-toys.com\/izdelek\/otroski-gokart-na-pedala-fiat-abarth-original-avto-formula\/\" \/>\n<meta property=\"og:site_name\" content=\"TECHNIC-TOYS.com\" \/>\n<meta property=\"article:modified_time\" content=\"2024-12-10T09:39:56+00:00\" \/>\n<meta property=\"og:image\" content=\"https:\/\/www.technic-toys.com\/wp-content\/uploads\/2022\/05\/abarth-fiat_white5.jpg\" \/>\n\t<meta property=\"og:image:width\" content=\"826\" \/>\n\t<meta property=\"og:image:height\" content=\"578\" \/>\n\t<meta property=\"og:image:type\" content=\"image\/jpeg\" \/>\n<meta name=\"twitter:card\" content=\"summary_large_image\" \/>\n<meta name=\"twitter:label1\" content=\"Est. reading time\" \/>\n\t<meta name=\"twitter:data1\" content=\"1 minute\" \/>\n<script type=\"application\/ld+json\" class=\"yoast-schema-graph\">{\"@context\":\"https:\/\/schema.org\",\"@graph\":[{\"@type\":\"WebPage\",\"@id\":\"https:\/\/www.technic-toys.com\/izdelek\/otroski-gokart-na-pedala-fiat-abarth-original-avto-formula\/\",\"url\":\"https:\/\/www.technic-toys.com\/izdelek\/otroski-gokart-na-pedala-fiat-abarth-original-avto-formula\/\",\"name\":\"Otro\u0161ki GOKART na pedala, Fiat Abarth original avto formula, BELA - TECHNIC-TOYS.com\",\"isPartOf\":{\"@id\":\"https:\/\/www.technic-toys.com\/en\/#website\"},\"datePublished\":\"2022-05-22T08:42:01+00:00\",\"dateModified\":\"2024-12-10T09:39:56+00:00\",\"description\":\"GOKART Fiat Abarth original, avto formula na pedalaGOKART Fiat Abarth original, avto formula na pedala za otroka, BELA\",\"breadcrumb\":{\"@id\":\"https:\/\/www.technic-toys.com\/izdelek\/otroski-gokart-na-pedala-fiat-abarth-original-avto-formula\/#breadcrumb\"},\"inLanguage\":\"en-US\",\"potentialAction\":[{\"@type\":\"ReadAction\",\"target\":[\"https:\/\/www.technic-toys.com\/izdelek\/otroski-gokart-na-pedala-fiat-abarth-original-avto-formula\/\"]}]},{\"@type\":\"BreadcrumbList\",\"@id\":\"https:\/\/www.technic-toys.com\/izdelek\/otroski-gokart-na-pedala-fiat-abarth-original-avto-formula\/#breadcrumb\",\"itemListElement\":[{\"@type\":\"ListItem\",\"position\":1,\"name\":\"Domov\",\"item\":\"https:\/\/www.technic-toys.com\/en\/\"},{\"@type\":\"ListItem\",\"position\":2,\"name\":\"Shop\",\"item\":\"https:\/\/www.technic-toys.com\/en\/shop-2\/\"},{\"@type\":\"ListItem\",\"position\":3,\"name\":\"Otro\u0161ki GOKART na pedala, Fiat Abarth original avto formula, BELA\"}]},{\"@type\":\"WebSite\",\"@id\":\"https:\/\/www.technic-toys.com\/en\/#website\",\"url\":\"https:\/\/www.technic-toys.com\/en\/\",\"name\":\"TECHNIC-TOYS.com\",\"description\":\"\",\"potentialAction\":[{\"@type\":\"SearchAction\",\"target\":{\"@type\":\"EntryPoint\",\"urlTemplate\":\"https:\/\/www.technic-toys.com\/en\/?s={search_term_string}\"},\"query-input\":\"required name=search_term_string\"}],\"inLanguage\":\"en-US\"}]}<\/script>\n<!-- \/ Yoast SEO plugin. -->","yoast_head_json":{"title":"Otro\u0161ki GOKART na pedala, Fiat Abarth original avto formula, BELA - TECHNIC-TOYS.com","description":"GOKART Fiat Abarth original, avto formula na pedalaGOKART Fiat Abarth original, avto formula na pedala za otroka, BELA","robots":{"index":"index","follow":"follow","max-snippet":"max-snippet:-1","max-image-preview":"max-image-preview:large","max-video-preview":"max-video-preview:-1"},"canonical":"https:\/\/www.technic-toys.com\/izdelek\/otroski-gokart-na-pedala-fiat-abarth-original-avto-formula\/","og_locale":"en_US","og_type":"article","og_title":"Otro\u0161ki GOKART na pedala, Fiat Abarth original avto formula, BELA - TECHNIC-TOYS.com","og_description":"GOKART Fiat Abarth original, avto formula na pedalaGOKART Fiat Abarth original, avto formula na pedala za otroka, BELA","og_url":"https:\/\/www.technic-toys.com\/izdelek\/otroski-gokart-na-pedala-fiat-abarth-original-avto-formula\/","og_site_name":"TECHNIC-TOYS.com","article_modified_time":"2024-12-10T09:39:56+00:00","og_image":[{"width":826,"height":578,"url":"https:\/\/www.technic-toys.com\/wp-content\/uploads\/2022\/05\/abarth-fiat_white5.jpg","type":"image\/jpeg"}],"twitter_card":"summary_large_image","twitter_misc":{"Est. reading time":"1 minute"},"schema":{"@context":"https:\/\/schema.org","@graph":[{"@type":"WebPage","@id":"https:\/\/www.technic-toys.com\/izdelek\/otroski-gokart-na-pedala-fiat-abarth-original-avto-formula\/","url":"https:\/\/www.technic-toys.com\/izdelek\/otroski-gokart-na-pedala-fiat-abarth-original-avto-formula\/","name":"Otro\u0161ki GOKART na pedala, Fiat Abarth original avto formula, BELA - TECHNIC-TOYS.com","isPartOf":{"@id":"https:\/\/www.technic-toys.com\/en\/#website"},"datePublished":"2022-05-22T08:42:01+00:00","dateModified":"2024-12-10T09:39:56+00:00","description":"GOKART Fiat Abarth original, avto formula na pedalaGOKART Fiat Abarth original, avto formula na pedala za otroka, BELA","breadcrumb":{"@id":"https:\/\/www.technic-toys.com\/izdelek\/otroski-gokart-na-pedala-fiat-abarth-original-avto-formula\/#breadcrumb"},"inLanguage":"en-US","potentialAction":[{"@type":"ReadAction","target":["https:\/\/www.technic-toys.com\/izdelek\/otroski-gokart-na-pedala-fiat-abarth-original-avto-formula\/"]}]},{"@type":"BreadcrumbList","@id":"https:\/\/www.technic-toys.com\/izdelek\/otroski-gokart-na-pedala-fiat-abarth-original-avto-formula\/#breadcrumb","itemListElement":[{"@type":"ListItem","position":1,"name":"Domov","item":"https:\/\/www.technic-toys.com\/en\/"},{"@type":"ListItem","position":2,"name":"Shop","item":"https:\/\/www.technic-toys.com\/en\/shop-2\/"},{"@type":"ListItem","position":3,"name":"Otro\u0161ki GOKART na pedala, Fiat Abarth original avto formula, BELA"}]},{"@type":"WebSite","@id":"https:\/\/www.technic-toys.com\/en\/#website","url":"https:\/\/www.technic-toys.com\/en\/","name":"TECHNIC-TOYS.com","description":"","potentialAction":[{"@type":"SearchAction","target":{"@type":"EntryPoint","urlTemplate":"https:\/\/www.technic-toys.com\/en\/?s={search_term_string}"},"query-input":"required name=search_term_string"}],"inLanguage":"en-US"}]}},"_links":{"self":[{"href":"https:\/\/www.technic-toys.com\/en\/wp-json\/wp\/v2\/product\/20175"}],"collection":[{"href":"https:\/\/www.technic-toys.com\/en\/wp-json\/wp\/v2\/product"}],"about":[{"href":"https:\/\/www.technic-toys.com\/en\/wp-json\/wp\/v2\/types\/product"}],"wp:featuredmedia":[{"embeddable":true,"href":"https:\/\/www.technic-toys.com\/en\/wp-json\/wp\/v2\/media\/20168"}],"wp:attachment":[{"href":"https:\/\/www.technic-toys.com\/en\/wp-json\/wp\/v2\/media?parent=20175"}],"wp:term":[{"taxonomy":"product_cat","embeddable":true,"href":"https:\/\/www.technic-toys.com\/en\/wp-json\/wp\/v2\/product_cat?post=20175"},{"taxonomy":"product_tag","embeddable":true,"href":"https:\/\/www.technic-toys.com\/en\/wp-json\/wp\/v2\/product_tag?post=20175"}],"curies":[{"name":"wp","href":"https:\/\/api.w.org\/{rel}","templated":true}]}}