{"id":20240,"date":"2022-05-23T20:05:36","date_gmt":"2022-05-23T18:05:36","guid":{"rendered":"https:\/\/www.technic-toys.com\/?post_type=product&#038;p=20240"},"modified":"2024-12-04T19:02:22","modified_gmt":"2024-12-04T18:02:22","slug":"otrosko-motorno-kolo-piaggio-vespa-gts-300-na-akumulator-baterijo-skuter-bez","status":"publish","type":"product","link":"https:\/\/www.technic-toys.com\/en\/izdelek\/otrosko-motorno-kolo-piaggio-vespa-gts-300-na-akumulator-baterijo-skuter-bez\/","title":{"rendered":"Otro\u0161ko motorno kolo PIAGGIO VESPA GTS 300 na akumulator baterijo, skuter, BE\u017d"},"content":{"rendered":"<p>1. NAJCENEJE<br \/>\n2. BREZPLA\u010cNA DOSTAVA<br \/>\n3. NOVO IN ZAPAKIRANO<br \/>\n4. kakovostna konstrukcija, italijanski dizajn<br \/>\n5. Elektri\u010dni skuter Piaggio Vespa GTS 300 (original licenca)<\/p>\n<p>Od zdaj ima lahko va\u0161 otrok svoj skuter! Uresni\u010dite sanje svojega mal\u010dka z nakupom udobnega baterijskega skuterja Vespa GTS 300 v privla\u010dni modri barvi. Razvijte otrokovo strast zdaj, ki jo boste lahko delili v prihodnosti in skupaj premagovali \u0161iroke poti. Naj za\u010duti veselje in svobodo lastne vo\u017enje!<\/p>\n<p>Otro\u0161ko vozilo na akumulator je videti kot pravi skiro \u2013 s to razliko, da je prilagojeno ve\u010dletnemu otroku. Trdna in mo\u010dna konstrukcija iz visokokakovostnih materialov skrbi za nenehno zabavo \u017ee vrsto let. Akumulatorski skuter Vespa GTS 300 je zasnovan v sodobnem slogu, ki bo zadovoljil okuse ne le najmlaj\u0161ih ljubiteljev avtomobilskih igra\u010d, ampak tudi njihovih star\u0161ev. Notranjost, prefinjena do najmanj\u0161ega palca in elementi, ki posnemajo prave dele, se bodo va\u0161emu otroku zdeli kot pravi skuter. Z njim bo starej\u0161im osebam prevladala nostalgij v srcu..<\/p>\n<p>Vozilo igra\u010da Vespa GTS 300 je namenjena vsem otrokom, starej\u0161im od 3 let, pod va\u0161im budnim o\u010desom pa jo lahko uporabljajo tudi mlaj\u0161i kolesarji. Predstavljeni avto na akumulator je CE certificiran in njegova monta\u017ea je izjemno enostavna in kratka \u2013 vzela vam bo pribli\u017eno 30 minut.<\/p>\n<p>Velikost paketa:<br \/>\n96 cm x 34 cm x 51 cm<\/p>\n<p>ELEKTRI\u010cNA VO\u017dNJA Z VOZILOM<br \/>\nModel avtomobila : Skuter Vespa GTS 300<br \/>\nTEHNI\u010cNI PODATKI<br \/>\nmotor : 2x45W<br \/>\nbaterija : 2x6V4,5 Ah<br \/>\nmenjalnik : 2 prestavi (naprej\/nazaj)<br \/>\ndimenzije : 108 cm x 49 cm x 75 cm<br \/>\nmaks. hitrost : 3 km\/h<br \/>\nMasa praznega vozila : 9,8 kg<br \/>\nmaks. obremenitev : 30 kg<br \/>\n\u010cas polnjenja : 8 ur<br \/>\nTrajanje uporabe : do 1 ure<br \/>\nzavora : Samodejno ob izpustu plina<br \/>\nOPREMA<br \/>\nsede\u017e : Eko usnje<br \/>\nKolesa : Plastika z gumijasto \u010drto<br \/>\nlu\u010di : \u017darometi<br \/>\nZvok : MP3, USB glasbena plo\u0161\u010da<br \/>\nStan : Novo<br \/>\nstarost otroka : 3 leta +<br \/>\nBlagovna znamka : Vespa<\/p>\n<p>Ta model je bil zasnovan za otroke, starej\u0161e od 3 let. Vsi materiali uporabljeni za izdelavo tega velikega in elegantnega vozila, so izdelani iz zelo mo\u010dnih, a okolju prijaznih delov. Vozilo ima CE certifikat, ki zagotavlja varno uporabo po normativih Evropske unije. Vozilo je pakirano v originalni \u0161katli z navodili za samostojno sestavljanje (priporo\u010dilo youtube).<\/p>\n","protected":false},"excerpt":{"rendered":"<p>1. NAJCENEJE 2. BREZPLA\u010cNA DOSTAVA 3. NOVO IN ZAPAKIRANO 4. kakovostna konstrukcija, italijanski dizajn 5. Elektri\u010dni skuter Piaggio Vespa GTS 300 (original licenca) Od zdaj ima lahko va\u0161 otrok svoj skuter! Uresni\u010dite sanje svojega mal\u010dka z nakupom udobnega baterijskega skuterja Vespa GTS 300 v privla\u010dni modri barvi. Razvijte otrokovo strast zdaj, ki jo boste lahko [&hellip;]<\/p>\n","protected":false},"featured_media":20243,"template":"","meta":[],"product_cat":[374,469],"product_tag":[],"acf":[],"yoast_head":"<!-- This site is optimized with the Yoast SEO plugin v21.7 - https:\/\/yoast.com\/wordpress\/plugins\/seo\/ -->\n<title>Otro\u0161ko motorno kolo PIAGGIO VESPA GTS 300 na akumulator baterijo, skuter, BE\u017d - TECHNIC-TOYS.com<\/title>\n<meta name=\"description\" content=\"PIAGGIO VESPA GTS 300 na akumulator baterijo, skuter, BE\u017d\" \/>\n<meta name=\"robots\" content=\"index, follow, max-snippet:-1, max-image-preview:large, max-video-preview:-1\" \/>\n<link rel=\"canonical\" href=\"https:\/\/www.technic-toys.com\/izdelek\/otrosko-motorno-kolo-piaggio-vespa-gts-300-na-akumulator-baterijo-skuter-bez\/\" \/>\n<meta property=\"og:locale\" content=\"en_US\" \/>\n<meta property=\"og:type\" content=\"article\" \/>\n<meta property=\"og:title\" content=\"Otro\u0161ko motorno kolo PIAGGIO VESPA GTS 300 na akumulator baterijo, skuter, BE\u017d - TECHNIC-TOYS.com\" \/>\n<meta property=\"og:description\" content=\"PIAGGIO VESPA GTS 300 na akumulator baterijo, skuter, BE\u017d\" \/>\n<meta property=\"og:url\" content=\"https:\/\/www.technic-toys.com\/izdelek\/otrosko-motorno-kolo-piaggio-vespa-gts-300-na-akumulator-baterijo-skuter-bez\/\" \/>\n<meta property=\"og:site_name\" content=\"TECHNIC-TOYS.com\" \/>\n<meta property=\"article:modified_time\" content=\"2024-12-04T18:02:22+00:00\" \/>\n<meta property=\"og:image\" content=\"https:\/\/www.technic-toys.com\/wp-content\/uploads\/2022\/05\/vespa-GTS-300_krem1.jpg\" \/>\n\t<meta property=\"og:image:width\" content=\"826\" \/>\n\t<meta property=\"og:image:height\" content=\"578\" \/>\n\t<meta property=\"og:image:type\" content=\"image\/jpeg\" \/>\n<meta name=\"twitter:card\" content=\"summary_large_image\" \/>\n<meta name=\"twitter:label1\" content=\"Est. reading time\" \/>\n\t<meta name=\"twitter:data1\" content=\"2 minutes\" \/>\n<script type=\"application\/ld+json\" class=\"yoast-schema-graph\">{\"@context\":\"https:\/\/schema.org\",\"@graph\":[{\"@type\":\"WebPage\",\"@id\":\"https:\/\/www.technic-toys.com\/izdelek\/otrosko-motorno-kolo-piaggio-vespa-gts-300-na-akumulator-baterijo-skuter-bez\/\",\"url\":\"https:\/\/www.technic-toys.com\/izdelek\/otrosko-motorno-kolo-piaggio-vespa-gts-300-na-akumulator-baterijo-skuter-bez\/\",\"name\":\"Otro\u0161ko motorno kolo PIAGGIO VESPA GTS 300 na akumulator baterijo, skuter, BE\u017d - TECHNIC-TOYS.com\",\"isPartOf\":{\"@id\":\"https:\/\/www.technic-toys.com\/en\/#website\"},\"datePublished\":\"2022-05-23T18:05:36+00:00\",\"dateModified\":\"2024-12-04T18:02:22+00:00\",\"description\":\"PIAGGIO VESPA GTS 300 na akumulator baterijo, skuter, BE\u017d\",\"breadcrumb\":{\"@id\":\"https:\/\/www.technic-toys.com\/izdelek\/otrosko-motorno-kolo-piaggio-vespa-gts-300-na-akumulator-baterijo-skuter-bez\/#breadcrumb\"},\"inLanguage\":\"en-US\",\"potentialAction\":[{\"@type\":\"ReadAction\",\"target\":[\"https:\/\/www.technic-toys.com\/izdelek\/otrosko-motorno-kolo-piaggio-vespa-gts-300-na-akumulator-baterijo-skuter-bez\/\"]}]},{\"@type\":\"BreadcrumbList\",\"@id\":\"https:\/\/www.technic-toys.com\/izdelek\/otrosko-motorno-kolo-piaggio-vespa-gts-300-na-akumulator-baterijo-skuter-bez\/#breadcrumb\",\"itemListElement\":[{\"@type\":\"ListItem\",\"position\":1,\"name\":\"Domov\",\"item\":\"https:\/\/www.technic-toys.com\/en\/\"},{\"@type\":\"ListItem\",\"position\":2,\"name\":\"Shop\",\"item\":\"https:\/\/www.technic-toys.com\/en\/shop-2\/\"},{\"@type\":\"ListItem\",\"position\":3,\"name\":\"Otro\u0161ko motorno kolo PIAGGIO VESPA GTS 300 na akumulator baterijo, skuter, BE\u017d\"}]},{\"@type\":\"WebSite\",\"@id\":\"https:\/\/www.technic-toys.com\/en\/#website\",\"url\":\"https:\/\/www.technic-toys.com\/en\/\",\"name\":\"TECHNIC-TOYS.com\",\"description\":\"\",\"potentialAction\":[{\"@type\":\"SearchAction\",\"target\":{\"@type\":\"EntryPoint\",\"urlTemplate\":\"https:\/\/www.technic-toys.com\/en\/?s={search_term_string}\"},\"query-input\":\"required name=search_term_string\"}],\"inLanguage\":\"en-US\"}]}<\/script>\n<!-- \/ Yoast SEO plugin. -->","yoast_head_json":{"title":"Otro\u0161ko motorno kolo PIAGGIO VESPA GTS 300 na akumulator baterijo, skuter, BE\u017d - TECHNIC-TOYS.com","description":"PIAGGIO VESPA GTS 300 na akumulator baterijo, skuter, BE\u017d","robots":{"index":"index","follow":"follow","max-snippet":"max-snippet:-1","max-image-preview":"max-image-preview:large","max-video-preview":"max-video-preview:-1"},"canonical":"https:\/\/www.technic-toys.com\/izdelek\/otrosko-motorno-kolo-piaggio-vespa-gts-300-na-akumulator-baterijo-skuter-bez\/","og_locale":"en_US","og_type":"article","og_title":"Otro\u0161ko motorno kolo PIAGGIO VESPA GTS 300 na akumulator baterijo, skuter, BE\u017d - TECHNIC-TOYS.com","og_description":"PIAGGIO VESPA GTS 300 na akumulator baterijo, skuter, BE\u017d","og_url":"https:\/\/www.technic-toys.com\/izdelek\/otrosko-motorno-kolo-piaggio-vespa-gts-300-na-akumulator-baterijo-skuter-bez\/","og_site_name":"TECHNIC-TOYS.com","article_modified_time":"2024-12-04T18:02:22+00:00","og_image":[{"width":826,"height":578,"url":"https:\/\/www.technic-toys.com\/wp-content\/uploads\/2022\/05\/vespa-GTS-300_krem1.jpg","type":"image\/jpeg"}],"twitter_card":"summary_large_image","twitter_misc":{"Est. reading time":"2 minutes"},"schema":{"@context":"https:\/\/schema.org","@graph":[{"@type":"WebPage","@id":"https:\/\/www.technic-toys.com\/izdelek\/otrosko-motorno-kolo-piaggio-vespa-gts-300-na-akumulator-baterijo-skuter-bez\/","url":"https:\/\/www.technic-toys.com\/izdelek\/otrosko-motorno-kolo-piaggio-vespa-gts-300-na-akumulator-baterijo-skuter-bez\/","name":"Otro\u0161ko motorno kolo PIAGGIO VESPA GTS 300 na akumulator baterijo, skuter, BE\u017d - TECHNIC-TOYS.com","isPartOf":{"@id":"https:\/\/www.technic-toys.com\/en\/#website"},"datePublished":"2022-05-23T18:05:36+00:00","dateModified":"2024-12-04T18:02:22+00:00","description":"PIAGGIO VESPA GTS 300 na akumulator baterijo, skuter, BE\u017d","breadcrumb":{"@id":"https:\/\/www.technic-toys.com\/izdelek\/otrosko-motorno-kolo-piaggio-vespa-gts-300-na-akumulator-baterijo-skuter-bez\/#breadcrumb"},"inLanguage":"en-US","potentialAction":[{"@type":"ReadAction","target":["https:\/\/www.technic-toys.com\/izdelek\/otrosko-motorno-kolo-piaggio-vespa-gts-300-na-akumulator-baterijo-skuter-bez\/"]}]},{"@type":"BreadcrumbList","@id":"https:\/\/www.technic-toys.com\/izdelek\/otrosko-motorno-kolo-piaggio-vespa-gts-300-na-akumulator-baterijo-skuter-bez\/#breadcrumb","itemListElement":[{"@type":"ListItem","position":1,"name":"Domov","item":"https:\/\/www.technic-toys.com\/en\/"},{"@type":"ListItem","position":2,"name":"Shop","item":"https:\/\/www.technic-toys.com\/en\/shop-2\/"},{"@type":"ListItem","position":3,"name":"Otro\u0161ko motorno kolo PIAGGIO VESPA GTS 300 na akumulator baterijo, skuter, BE\u017d"}]},{"@type":"WebSite","@id":"https:\/\/www.technic-toys.com\/en\/#website","url":"https:\/\/www.technic-toys.com\/en\/","name":"TECHNIC-TOYS.com","description":"","potentialAction":[{"@type":"SearchAction","target":{"@type":"EntryPoint","urlTemplate":"https:\/\/www.technic-toys.com\/en\/?s={search_term_string}"},"query-input":"required name=search_term_string"}],"inLanguage":"en-US"}]}},"_links":{"self":[{"href":"https:\/\/www.technic-toys.com\/en\/wp-json\/wp\/v2\/product\/20240"}],"collection":[{"href":"https:\/\/www.technic-toys.com\/en\/wp-json\/wp\/v2\/product"}],"about":[{"href":"https:\/\/www.technic-toys.com\/en\/wp-json\/wp\/v2\/types\/product"}],"wp:featuredmedia":[{"embeddable":true,"href":"https:\/\/www.technic-toys.com\/en\/wp-json\/wp\/v2\/media\/20243"}],"wp:attachment":[{"href":"https:\/\/www.technic-toys.com\/en\/wp-json\/wp\/v2\/media?parent=20240"}],"wp:term":[{"taxonomy":"product_cat","embeddable":true,"href":"https:\/\/www.technic-toys.com\/en\/wp-json\/wp\/v2\/product_cat?post=20240"},{"taxonomy":"product_tag","embeddable":true,"href":"https:\/\/www.technic-toys.com\/en\/wp-json\/wp\/v2\/product_tag?post=20240"}],"curies":[{"name":"wp","href":"https:\/\/api.w.org\/{rel}","templated":true}]}}