{"id":20249,"date":"2022-05-23T20:14:20","date_gmt":"2022-05-23T18:14:20","guid":{"rendered":"https:\/\/www.technic-toys.com\/?post_type=product&#038;p=20249"},"modified":"2024-12-04T19:02:21","modified_gmt":"2024-12-04T18:02:21","slug":"otrosko-motorno-kolo-motocikel-piaggio-vespa-gts-300-mini-na-akumulator-baterijo-skuter-turkizna","status":"publish","type":"product","link":"https:\/\/www.technic-toys.com\/en\/izdelek\/otrosko-motorno-kolo-motocikel-piaggio-vespa-gts-300-mini-na-akumulator-baterijo-skuter-turkizna\/","title":{"rendered":"Otro\u0161ko motorno kolo motocikel PIAGGIO VESPA GTS 300 MINI na akumulator baterijo, skuter, TURKIZNA"},"content":{"rendered":"<p>1. NAJCENEJE<br \/>\n2. BREZPLA\u010cNA DOSTAVA<br \/>\n3. NOVO IN ZAPAKIRANO<br \/>\n4. kakovostna konstrukcija, italijanski dizajn<br \/>\n5. Elektri\u010dni skuter Piaggio Vespa GTS 300 mini (original licenca)<\/p>\n<p>Model : Mini skuter Vespa GTS 300 &#8211; Od zdaj naprej ima lahko va\u0161 otrok svoj skuter! Uresni\u010dite sanje va\u0161ega mal\u010dka z\u00a0nakupom udobnega baterijskega skuterja Vespa GTS 300\u00a0Mini v\u00a0privla\u010dnem turkiznem okolju. Zdaj razvijajte otrokovo strast, ki jo boste lahko skupaj delili v\u00a0prihodnosti in skupaj premagali \u0161iroke poti. Naj za\u010duti veselje in svobodo lastne vo\u017enje!<\/p>\n<p>Otro\u0161ko vozilo na baterijski pogon izgleda kot pravi skuter\u00a0\u2013 s\u00a0to razliko, da je prilagojeno otroku, staremu ve\u010d let. Trdna in mo\u010dna konstrukcija iz visokokakovostnih materialov je dolga leta odgovorna za stalno zabavo. Baterijski skuter Vespa GTS 300\u00a0Mini je oblikovan v\u00a0sodobnem slogu, ki bo zadovoljil okuse ne le najmlaj\u0161ih ljubiteljev avtomobilskih igra\u010d, ampak tudi njihovih star\u0161ev. Notranjost, rafinirana v\u00a0najmanj\u0161em palcu, in elementi, ki posnemajo prave dele, bodo va\u0161ega otroka po\u010dutili kot pravi skuter.<\/p>\n<p>Avtomobilska igra\u010da Vespa GTS 300\u00a0Mini je namenjena vsem otrokom, starej\u0161im od 3\u00a0let, a pod va\u0161im budnim o\u010desom jo lahko uporabljajo tudi mlaj\u0161i kolesarji. Predstavljeni avto na akumulatorju ima certifikat CE in njegova monta\u017ea je izjemno preprosta in kratka\u00a0\u2013 vzelo vam bo pribli\u017eno 30\u00a0minut.<\/p>\n<p>TEHNI\u010cNI PODATKI<br \/>\nMotor: 1\u00d735W<br \/>\nBaterija: 1\u00d76V4,5Ah<br \/>\nMenjalnik: spredaj<br \/>\nDimenzije: 66,5\u00a0\u00d7\u00a038\u00a0\u00d7\u00a052 cm<br \/>\nMaks. Hitrost: 2,5\u00a0km \/ h<br \/>\nTe\u017ea praznega vozila: 4,5\u00a0kg<br \/>\nMaks. Nosilnost: 25\u00a0kg<br \/>\n\u010cas polnjenja: 8\u00a0ur<br \/>\nTrajanje uporabe: do 1\u00a0ure\u00a0\u2013 odvisno od te\u017ee na vozilu in na\u010dina uporabe<br \/>\nZavora: samodejna, ko spustite stopalko za plin<br \/>\nOPREMA<br \/>\nSede\u017e: imitacija usnjen sede\u017e<br \/>\nLu\u010di: \u017earomet<\/p>\n<p>Ta model je bil zasnovan za otroke, starej\u0161e od 3 let. Vsi materiali uporabljeni za izdelavo tega velikega in elegantnega vozila, so izdelani iz zelo mo\u010dnih, a okolju prijaznih delov. Vozilo ima CE certifikat, ki zagotavlja varno uporabo po normativih Evropske unije. Vozilo je pakirano v originalni \u0161katli z navodili za samostojno sestavljanje (priporo\u010dilo youtube).<\/p>\n","protected":false},"excerpt":{"rendered":"<p>1. NAJCENEJE 2. BREZPLA\u010cNA DOSTAVA 3. NOVO IN ZAPAKIRANO 4. kakovostna konstrukcija, italijanski dizajn 5. Elektri\u010dni skuter Piaggio Vespa GTS 300 mini (original licenca) Model : Mini skuter Vespa GTS 300 &#8211; Od zdaj naprej ima lahko va\u0161 otrok svoj skuter! Uresni\u010dite sanje va\u0161ega mal\u010dka z\u00a0nakupom udobnega baterijskega skuterja Vespa GTS 300\u00a0Mini v\u00a0privla\u010dnem turkiznem okolju. [&hellip;]<\/p>\n","protected":false},"featured_media":20353,"template":"","meta":[],"product_cat":[374,469],"product_tag":[],"acf":[],"yoast_head":"<!-- This site is optimized with the Yoast SEO plugin v21.7 - https:\/\/yoast.com\/wordpress\/plugins\/seo\/ -->\n<title>Otro\u0161ko motorno kolo motocikel PIAGGIO VESPA GTS 300 MINI na akumulator baterijo, skuter, TURKIZNA - TECHNIC-TOYS.com<\/title>\n<meta name=\"description\" content=\"Otro\u0161ko motorno kolo motocikel PIAGGIO VESPA GTS 300 MINI na akumulator baterijo, skuter, TURKIZNA\" \/>\n<meta name=\"robots\" content=\"index, follow, max-snippet:-1, max-image-preview:large, max-video-preview:-1\" \/>\n<link rel=\"canonical\" href=\"https:\/\/www.technic-toys.com\/izdelek\/otrosko-motorno-kolo-motocikel-piaggio-vespa-gts-300-mini-na-akumulator-baterijo-skuter-turkizna\/\" \/>\n<meta property=\"og:locale\" content=\"en_US\" \/>\n<meta property=\"og:type\" content=\"article\" \/>\n<meta property=\"og:title\" content=\"Otro\u0161ko motorno kolo motocikel PIAGGIO VESPA GTS 300 MINI na akumulator baterijo, skuter, TURKIZNA - TECHNIC-TOYS.com\" \/>\n<meta property=\"og:description\" content=\"Otro\u0161ko motorno kolo motocikel PIAGGIO VESPA GTS 300 MINI na akumulator baterijo, skuter, TURKIZNA\" \/>\n<meta property=\"og:url\" content=\"https:\/\/www.technic-toys.com\/izdelek\/otrosko-motorno-kolo-motocikel-piaggio-vespa-gts-300-mini-na-akumulator-baterijo-skuter-turkizna\/\" \/>\n<meta property=\"og:site_name\" content=\"TECHNIC-TOYS.com\" \/>\n<meta property=\"article:modified_time\" content=\"2024-12-04T18:02:21+00:00\" \/>\n<meta property=\"og:image\" content=\"https:\/\/www.technic-toys.com\/wp-content\/uploads\/2022\/05\/Turquoise-Electric-Scooter-Vespa-GTS-300-Mini_technic-toys_1-1.jpg\" \/>\n\t<meta property=\"og:image:width\" content=\"826\" \/>\n\t<meta property=\"og:image:height\" content=\"578\" \/>\n\t<meta property=\"og:image:type\" content=\"image\/jpeg\" \/>\n<meta name=\"twitter:card\" content=\"summary_large_image\" \/>\n<meta name=\"twitter:label1\" content=\"Est. reading time\" \/>\n\t<meta name=\"twitter:data1\" content=\"2 minutes\" \/>\n<script type=\"application\/ld+json\" class=\"yoast-schema-graph\">{\"@context\":\"https:\/\/schema.org\",\"@graph\":[{\"@type\":\"WebPage\",\"@id\":\"https:\/\/www.technic-toys.com\/izdelek\/otrosko-motorno-kolo-motocikel-piaggio-vespa-gts-300-mini-na-akumulator-baterijo-skuter-turkizna\/\",\"url\":\"https:\/\/www.technic-toys.com\/izdelek\/otrosko-motorno-kolo-motocikel-piaggio-vespa-gts-300-mini-na-akumulator-baterijo-skuter-turkizna\/\",\"name\":\"Otro\u0161ko motorno kolo motocikel PIAGGIO VESPA GTS 300 MINI na akumulator baterijo, skuter, TURKIZNA - TECHNIC-TOYS.com\",\"isPartOf\":{\"@id\":\"https:\/\/www.technic-toys.com\/en\/#website\"},\"datePublished\":\"2022-05-23T18:14:20+00:00\",\"dateModified\":\"2024-12-04T18:02:21+00:00\",\"description\":\"Otro\u0161ko motorno kolo motocikel PIAGGIO VESPA GTS 300 MINI na akumulator baterijo, skuter, TURKIZNA\",\"breadcrumb\":{\"@id\":\"https:\/\/www.technic-toys.com\/izdelek\/otrosko-motorno-kolo-motocikel-piaggio-vespa-gts-300-mini-na-akumulator-baterijo-skuter-turkizna\/#breadcrumb\"},\"inLanguage\":\"en-US\",\"potentialAction\":[{\"@type\":\"ReadAction\",\"target\":[\"https:\/\/www.technic-toys.com\/izdelek\/otrosko-motorno-kolo-motocikel-piaggio-vespa-gts-300-mini-na-akumulator-baterijo-skuter-turkizna\/\"]}]},{\"@type\":\"BreadcrumbList\",\"@id\":\"https:\/\/www.technic-toys.com\/izdelek\/otrosko-motorno-kolo-motocikel-piaggio-vespa-gts-300-mini-na-akumulator-baterijo-skuter-turkizna\/#breadcrumb\",\"itemListElement\":[{\"@type\":\"ListItem\",\"position\":1,\"name\":\"Domov\",\"item\":\"https:\/\/www.technic-toys.com\/en\/\"},{\"@type\":\"ListItem\",\"position\":2,\"name\":\"Shop\",\"item\":\"https:\/\/www.technic-toys.com\/en\/shop-2\/\"},{\"@type\":\"ListItem\",\"position\":3,\"name\":\"Otro\u0161ko motorno kolo motocikel PIAGGIO VESPA GTS 300 MINI na akumulator baterijo, skuter, TURKIZNA\"}]},{\"@type\":\"WebSite\",\"@id\":\"https:\/\/www.technic-toys.com\/en\/#website\",\"url\":\"https:\/\/www.technic-toys.com\/en\/\",\"name\":\"TECHNIC-TOYS.com\",\"description\":\"\",\"potentialAction\":[{\"@type\":\"SearchAction\",\"target\":{\"@type\":\"EntryPoint\",\"urlTemplate\":\"https:\/\/www.technic-toys.com\/en\/?s={search_term_string}\"},\"query-input\":\"required name=search_term_string\"}],\"inLanguage\":\"en-US\"}]}<\/script>\n<!-- \/ Yoast SEO plugin. -->","yoast_head_json":{"title":"Otro\u0161ko motorno kolo motocikel PIAGGIO VESPA GTS 300 MINI na akumulator baterijo, skuter, TURKIZNA - TECHNIC-TOYS.com","description":"Otro\u0161ko motorno kolo motocikel PIAGGIO VESPA GTS 300 MINI na akumulator baterijo, skuter, TURKIZNA","robots":{"index":"index","follow":"follow","max-snippet":"max-snippet:-1","max-image-preview":"max-image-preview:large","max-video-preview":"max-video-preview:-1"},"canonical":"https:\/\/www.technic-toys.com\/izdelek\/otrosko-motorno-kolo-motocikel-piaggio-vespa-gts-300-mini-na-akumulator-baterijo-skuter-turkizna\/","og_locale":"en_US","og_type":"article","og_title":"Otro\u0161ko motorno kolo motocikel PIAGGIO VESPA GTS 300 MINI na akumulator baterijo, skuter, TURKIZNA - TECHNIC-TOYS.com","og_description":"Otro\u0161ko motorno kolo motocikel PIAGGIO VESPA GTS 300 MINI na akumulator baterijo, skuter, TURKIZNA","og_url":"https:\/\/www.technic-toys.com\/izdelek\/otrosko-motorno-kolo-motocikel-piaggio-vespa-gts-300-mini-na-akumulator-baterijo-skuter-turkizna\/","og_site_name":"TECHNIC-TOYS.com","article_modified_time":"2024-12-04T18:02:21+00:00","og_image":[{"width":826,"height":578,"url":"https:\/\/www.technic-toys.com\/wp-content\/uploads\/2022\/05\/Turquoise-Electric-Scooter-Vespa-GTS-300-Mini_technic-toys_1-1.jpg","type":"image\/jpeg"}],"twitter_card":"summary_large_image","twitter_misc":{"Est. reading time":"2 minutes"},"schema":{"@context":"https:\/\/schema.org","@graph":[{"@type":"WebPage","@id":"https:\/\/www.technic-toys.com\/izdelek\/otrosko-motorno-kolo-motocikel-piaggio-vespa-gts-300-mini-na-akumulator-baterijo-skuter-turkizna\/","url":"https:\/\/www.technic-toys.com\/izdelek\/otrosko-motorno-kolo-motocikel-piaggio-vespa-gts-300-mini-na-akumulator-baterijo-skuter-turkizna\/","name":"Otro\u0161ko motorno kolo motocikel PIAGGIO VESPA GTS 300 MINI na akumulator baterijo, skuter, TURKIZNA - TECHNIC-TOYS.com","isPartOf":{"@id":"https:\/\/www.technic-toys.com\/en\/#website"},"datePublished":"2022-05-23T18:14:20+00:00","dateModified":"2024-12-04T18:02:21+00:00","description":"Otro\u0161ko motorno kolo motocikel PIAGGIO VESPA GTS 300 MINI na akumulator baterijo, skuter, TURKIZNA","breadcrumb":{"@id":"https:\/\/www.technic-toys.com\/izdelek\/otrosko-motorno-kolo-motocikel-piaggio-vespa-gts-300-mini-na-akumulator-baterijo-skuter-turkizna\/#breadcrumb"},"inLanguage":"en-US","potentialAction":[{"@type":"ReadAction","target":["https:\/\/www.technic-toys.com\/izdelek\/otrosko-motorno-kolo-motocikel-piaggio-vespa-gts-300-mini-na-akumulator-baterijo-skuter-turkizna\/"]}]},{"@type":"BreadcrumbList","@id":"https:\/\/www.technic-toys.com\/izdelek\/otrosko-motorno-kolo-motocikel-piaggio-vespa-gts-300-mini-na-akumulator-baterijo-skuter-turkizna\/#breadcrumb","itemListElement":[{"@type":"ListItem","position":1,"name":"Domov","item":"https:\/\/www.technic-toys.com\/en\/"},{"@type":"ListItem","position":2,"name":"Shop","item":"https:\/\/www.technic-toys.com\/en\/shop-2\/"},{"@type":"ListItem","position":3,"name":"Otro\u0161ko motorno kolo motocikel PIAGGIO VESPA GTS 300 MINI na akumulator baterijo, skuter, TURKIZNA"}]},{"@type":"WebSite","@id":"https:\/\/www.technic-toys.com\/en\/#website","url":"https:\/\/www.technic-toys.com\/en\/","name":"TECHNIC-TOYS.com","description":"","potentialAction":[{"@type":"SearchAction","target":{"@type":"EntryPoint","urlTemplate":"https:\/\/www.technic-toys.com\/en\/?s={search_term_string}"},"query-input":"required name=search_term_string"}],"inLanguage":"en-US"}]}},"_links":{"self":[{"href":"https:\/\/www.technic-toys.com\/en\/wp-json\/wp\/v2\/product\/20249"}],"collection":[{"href":"https:\/\/www.technic-toys.com\/en\/wp-json\/wp\/v2\/product"}],"about":[{"href":"https:\/\/www.technic-toys.com\/en\/wp-json\/wp\/v2\/types\/product"}],"wp:featuredmedia":[{"embeddable":true,"href":"https:\/\/www.technic-toys.com\/en\/wp-json\/wp\/v2\/media\/20353"}],"wp:attachment":[{"href":"https:\/\/www.technic-toys.com\/en\/wp-json\/wp\/v2\/media?parent=20249"}],"wp:term":[{"taxonomy":"product_cat","embeddable":true,"href":"https:\/\/www.technic-toys.com\/en\/wp-json\/wp\/v2\/product_cat?post=20249"},{"taxonomy":"product_tag","embeddable":true,"href":"https:\/\/www.technic-toys.com\/en\/wp-json\/wp\/v2\/product_tag?post=20249"}],"curies":[{"name":"wp","href":"https:\/\/api.w.org\/{rel}","templated":true}]}}