{"id":20600,"date":"2022-06-28T15:12:51","date_gmt":"2022-06-28T13:12:51","guid":{"rendered":"https:\/\/www.technic-toys.com\/?post_type=product&#038;p=20600"},"modified":"2024-12-04T19:02:20","modified_gmt":"2024-12-04T18:02:20","slug":"otroski-avto-na-akumulator-6x6-mercedes-benz-g63-amg-bela-2","status":"publish","type":"product","link":"https:\/\/www.technic-toys.com\/en\/izdelek\/otroski-avto-na-akumulator-6x6-mercedes-benz-g63-amg-bela-2\/","title":{"rendered":"Otro\u0161ki avto na akumulator 6&#215;6 MERCEDES-BENZ G63 AMG, \u010drna"},"content":{"rendered":"<p>1. NAJCENEJE<br \/>\n2. BREZPLA\u010cNA DOSTAVA<br \/>\n3. NOVO IN ZAPAKIRANO<br \/>\n4. KAKOVOSTNA KONSTRUKCIJA, ORIGINAL LICENCA<\/p>\n<p>Motor: 6x45W<br \/>\nbaterija: 12V10Ah<br \/>\nMenjalnik: 2 prestavi (naprej\/nazaj)<br \/>\nDimenzije 120cm x 68 cm x 61 cm, dimenzije paketa 120 cm x 60 cm x 35 cm<br \/>\nmaks. Hitrost 3-6 km\/h<br \/>\nTe\u017ea max. 25 kg (simboli\u010dna slika odraslega*)<br \/>\nmaks. Nalo\u017ei 25 kg<br \/>\n\u010cas polnjenja 8 ur<br \/>\nTrajanje uporabe do 1 ure<br \/>\nZavora Samodejno ob izpustu plina<br \/>\nZasilna zavora RC<br \/>\nVarnostni pas+<br \/>\nOdpiranje vrat +<br \/>\nSede\u017e Eko usnje<br \/>\nKolesa EVA<br \/>\nDaljinec 2,4G<br \/>\nLu\u010di \u017darometi, LED diode na armaturni plo\u0161\u010di<br \/>\nAmortizerji+4<br \/>\nZvok USB, SD kartice<br \/>\nGlasbena plo\u0161\u010da z MP3, USB, SD, MP3 AUX<\/p>\n<p>Ta model je bil zasnovan za otroke, starej\u0161e od 3 let. Vsi materiali uporabljeni za izdelavo tega velikega in elegantnega vozila, so izdelani iz zelo mo\u010dnih, a okolju prijaznih delov. Vozilo ima CE certifikat, ki zagotavlja varno uporabo po normativih Evropske unije. Vozilo je pakirano v originalni \u0161katli z navodili za samostojno sestavljanje (priporo\u010dilo youtube).<\/p>\n","protected":false},"excerpt":{"rendered":"<p>1. NAJCENEJE 2. BREZPLA\u010cNA DOSTAVA 3. NOVO IN ZAPAKIRANO 4. KAKOVOSTNA KONSTRUKCIJA, ORIGINAL LICENCA Motor: 6x45W baterija: 12V10Ah Menjalnik: 2 prestavi (naprej\/nazaj) Dimenzije 120cm x 68 cm x 61 cm, dimenzije paketa 120 cm x 60 cm x 35 cm maks. Hitrost 3-6 km\/h Te\u017ea max. 25 kg (simboli\u010dna slika odraslega*) maks. Nalo\u017ei 25 kg [&hellip;]<\/p>\n","protected":false},"featured_media":21848,"template":"","meta":[],"product_cat":[374,469],"product_tag":[],"acf":[],"yoast_head":"<!-- This site is optimized with the Yoast SEO plugin v21.7 - https:\/\/yoast.com\/wordpress\/plugins\/seo\/ -->\n<title>Otro\u0161ki avto na akumulator 6x6 MERCEDES-BENZ G63 AMG, \u010drna - TECHNIC-TOYS.com<\/title>\n<meta name=\"description\" content=\"Otro\u0161ki avto na akumulator 6x6 MERCEDES-BENZ G63 AMG, bela\" \/>\n<meta name=\"robots\" content=\"index, follow, max-snippet:-1, max-image-preview:large, max-video-preview:-1\" \/>\n<link rel=\"canonical\" href=\"https:\/\/www.technic-toys.com\/izdelek\/otroski-avto-na-akumulator-6x6-mercedes-benz-g63-amg-bela-2\/\" \/>\n<meta property=\"og:locale\" content=\"en_US\" \/>\n<meta property=\"og:type\" content=\"article\" \/>\n<meta property=\"og:title\" content=\"Otro\u0161ki avto na akumulator 6x6 MERCEDES-BENZ G63 AMG, \u010drna - TECHNIC-TOYS.com\" \/>\n<meta property=\"og:description\" content=\"Otro\u0161ki avto na akumulator 6x6 MERCEDES-BENZ G63 AMG, bela\" \/>\n<meta property=\"og:url\" content=\"https:\/\/www.technic-toys.com\/izdelek\/otroski-avto-na-akumulator-6x6-mercedes-benz-g63-amg-bela-2\/\" \/>\n<meta property=\"og:site_name\" content=\"TECHNIC-TOYS.com\" \/>\n<meta property=\"article:modified_time\" content=\"2024-12-04T18:02:20+00:00\" \/>\n<meta property=\"og:image\" content=\"https:\/\/www.technic-toys.com\/wp-content\/uploads\/2022\/06\/automobil-na-akumulator-Electric-Ride-On-Car-Mercedes-Benz-G63-Black-9814_6.jpg\" \/>\n\t<meta property=\"og:image:width\" content=\"1000\" \/>\n\t<meta property=\"og:image:height\" content=\"666\" \/>\n\t<meta property=\"og:image:type\" content=\"image\/jpeg\" \/>\n<meta name=\"twitter:card\" content=\"summary_large_image\" \/>\n<meta name=\"twitter:label1\" content=\"Est. reading time\" \/>\n\t<meta name=\"twitter:data1\" content=\"1 minute\" \/>\n<script type=\"application\/ld+json\" class=\"yoast-schema-graph\">{\"@context\":\"https:\/\/schema.org\",\"@graph\":[{\"@type\":\"WebPage\",\"@id\":\"https:\/\/www.technic-toys.com\/izdelek\/otroski-avto-na-akumulator-6x6-mercedes-benz-g63-amg-bela-2\/\",\"url\":\"https:\/\/www.technic-toys.com\/izdelek\/otroski-avto-na-akumulator-6x6-mercedes-benz-g63-amg-bela-2\/\",\"name\":\"Otro\u0161ki avto na akumulator 6x6 MERCEDES-BENZ G63 AMG, \u010drna - TECHNIC-TOYS.com\",\"isPartOf\":{\"@id\":\"https:\/\/www.technic-toys.com\/en\/#website\"},\"datePublished\":\"2022-06-28T13:12:51+00:00\",\"dateModified\":\"2024-12-04T18:02:20+00:00\",\"description\":\"Otro\u0161ki avto na akumulator 6x6 MERCEDES-BENZ G63 AMG, bela\",\"breadcrumb\":{\"@id\":\"https:\/\/www.technic-toys.com\/izdelek\/otroski-avto-na-akumulator-6x6-mercedes-benz-g63-amg-bela-2\/#breadcrumb\"},\"inLanguage\":\"en-US\",\"potentialAction\":[{\"@type\":\"ReadAction\",\"target\":[\"https:\/\/www.technic-toys.com\/izdelek\/otroski-avto-na-akumulator-6x6-mercedes-benz-g63-amg-bela-2\/\"]}]},{\"@type\":\"BreadcrumbList\",\"@id\":\"https:\/\/www.technic-toys.com\/izdelek\/otroski-avto-na-akumulator-6x6-mercedes-benz-g63-amg-bela-2\/#breadcrumb\",\"itemListElement\":[{\"@type\":\"ListItem\",\"position\":1,\"name\":\"Domov\",\"item\":\"https:\/\/www.technic-toys.com\/en\/\"},{\"@type\":\"ListItem\",\"position\":2,\"name\":\"Shop\",\"item\":\"https:\/\/www.technic-toys.com\/en\/shop-2\/\"},{\"@type\":\"ListItem\",\"position\":3,\"name\":\"Otro\u0161ki avto na akumulator 6&#215;6 MERCEDES-BENZ G63 AMG, \u010drna\"}]},{\"@type\":\"WebSite\",\"@id\":\"https:\/\/www.technic-toys.com\/en\/#website\",\"url\":\"https:\/\/www.technic-toys.com\/en\/\",\"name\":\"TECHNIC-TOYS.com\",\"description\":\"\",\"potentialAction\":[{\"@type\":\"SearchAction\",\"target\":{\"@type\":\"EntryPoint\",\"urlTemplate\":\"https:\/\/www.technic-toys.com\/en\/?s={search_term_string}\"},\"query-input\":\"required name=search_term_string\"}],\"inLanguage\":\"en-US\"}]}<\/script>\n<!-- \/ Yoast SEO plugin. -->","yoast_head_json":{"title":"Otro\u0161ki avto na akumulator 6x6 MERCEDES-BENZ G63 AMG, \u010drna - TECHNIC-TOYS.com","description":"Otro\u0161ki avto na akumulator 6x6 MERCEDES-BENZ G63 AMG, bela","robots":{"index":"index","follow":"follow","max-snippet":"max-snippet:-1","max-image-preview":"max-image-preview:large","max-video-preview":"max-video-preview:-1"},"canonical":"https:\/\/www.technic-toys.com\/izdelek\/otroski-avto-na-akumulator-6x6-mercedes-benz-g63-amg-bela-2\/","og_locale":"en_US","og_type":"article","og_title":"Otro\u0161ki avto na akumulator 6x6 MERCEDES-BENZ G63 AMG, \u010drna - TECHNIC-TOYS.com","og_description":"Otro\u0161ki avto na akumulator 6x6 MERCEDES-BENZ G63 AMG, bela","og_url":"https:\/\/www.technic-toys.com\/izdelek\/otroski-avto-na-akumulator-6x6-mercedes-benz-g63-amg-bela-2\/","og_site_name":"TECHNIC-TOYS.com","article_modified_time":"2024-12-04T18:02:20+00:00","og_image":[{"width":1000,"height":666,"url":"https:\/\/www.technic-toys.com\/wp-content\/uploads\/2022\/06\/automobil-na-akumulator-Electric-Ride-On-Car-Mercedes-Benz-G63-Black-9814_6.jpg","type":"image\/jpeg"}],"twitter_card":"summary_large_image","twitter_misc":{"Est. reading time":"1 minute"},"schema":{"@context":"https:\/\/schema.org","@graph":[{"@type":"WebPage","@id":"https:\/\/www.technic-toys.com\/izdelek\/otroski-avto-na-akumulator-6x6-mercedes-benz-g63-amg-bela-2\/","url":"https:\/\/www.technic-toys.com\/izdelek\/otroski-avto-na-akumulator-6x6-mercedes-benz-g63-amg-bela-2\/","name":"Otro\u0161ki avto na akumulator 6x6 MERCEDES-BENZ G63 AMG, \u010drna - TECHNIC-TOYS.com","isPartOf":{"@id":"https:\/\/www.technic-toys.com\/en\/#website"},"datePublished":"2022-06-28T13:12:51+00:00","dateModified":"2024-12-04T18:02:20+00:00","description":"Otro\u0161ki avto na akumulator 6x6 MERCEDES-BENZ G63 AMG, bela","breadcrumb":{"@id":"https:\/\/www.technic-toys.com\/izdelek\/otroski-avto-na-akumulator-6x6-mercedes-benz-g63-amg-bela-2\/#breadcrumb"},"inLanguage":"en-US","potentialAction":[{"@type":"ReadAction","target":["https:\/\/www.technic-toys.com\/izdelek\/otroski-avto-na-akumulator-6x6-mercedes-benz-g63-amg-bela-2\/"]}]},{"@type":"BreadcrumbList","@id":"https:\/\/www.technic-toys.com\/izdelek\/otroski-avto-na-akumulator-6x6-mercedes-benz-g63-amg-bela-2\/#breadcrumb","itemListElement":[{"@type":"ListItem","position":1,"name":"Domov","item":"https:\/\/www.technic-toys.com\/en\/"},{"@type":"ListItem","position":2,"name":"Shop","item":"https:\/\/www.technic-toys.com\/en\/shop-2\/"},{"@type":"ListItem","position":3,"name":"Otro\u0161ki avto na akumulator 6&#215;6 MERCEDES-BENZ G63 AMG, \u010drna"}]},{"@type":"WebSite","@id":"https:\/\/www.technic-toys.com\/en\/#website","url":"https:\/\/www.technic-toys.com\/en\/","name":"TECHNIC-TOYS.com","description":"","potentialAction":[{"@type":"SearchAction","target":{"@type":"EntryPoint","urlTemplate":"https:\/\/www.technic-toys.com\/en\/?s={search_term_string}"},"query-input":"required name=search_term_string"}],"inLanguage":"en-US"}]}},"_links":{"self":[{"href":"https:\/\/www.technic-toys.com\/en\/wp-json\/wp\/v2\/product\/20600"}],"collection":[{"href":"https:\/\/www.technic-toys.com\/en\/wp-json\/wp\/v2\/product"}],"about":[{"href":"https:\/\/www.technic-toys.com\/en\/wp-json\/wp\/v2\/types\/product"}],"wp:featuredmedia":[{"embeddable":true,"href":"https:\/\/www.technic-toys.com\/en\/wp-json\/wp\/v2\/media\/21848"}],"wp:attachment":[{"href":"https:\/\/www.technic-toys.com\/en\/wp-json\/wp\/v2\/media?parent=20600"}],"wp:term":[{"taxonomy":"product_cat","embeddable":true,"href":"https:\/\/www.technic-toys.com\/en\/wp-json\/wp\/v2\/product_cat?post=20600"},{"taxonomy":"product_tag","embeddable":true,"href":"https:\/\/www.technic-toys.com\/en\/wp-json\/wp\/v2\/product_tag?post=20600"}],"curies":[{"name":"wp","href":"https:\/\/api.w.org\/{rel}","templated":true}]}}