{"id":20605,"date":"2022-06-28T19:10:17","date_gmt":"2022-06-28T17:10:17","guid":{"rendered":"https:\/\/www.technic-toys.com\/?post_type=product&#038;p=20605"},"modified":"2024-12-10T10:58:28","modified_gmt":"2024-12-10T09:58:28","slug":"otroski-avto-na-akumulator-mercedes-benz-oldtimer-retro-540k-w29-1936-rdec-bel-crn","status":"publish","type":"product","link":"https:\/\/www.technic-toys.com\/en\/izdelek\/otroski-avto-na-akumulator-mercedes-benz-oldtimer-retro-540k-w29-1936-rdec-bel-crn\/","title":{"rendered":"Otro\u0161ki avto na akumulator MERCEDES-BENZ oldtimer retro 540K (W29), 1936, rde\u010d\/bel\/\u010drn"},"content":{"rendered":"<p>1. NAJCENEJE<br \/>\n2. BREZPLA\u010cNA DOSTAVA<br \/>\n3. NOVO IN ZAPAKIRANO<br \/>\n4. KAKOVOSTNA KONSTRUKCIJA, ORIGINAL LICENCA<\/p>\n<p>Izredno redek primer vozil na akumulator, Mecedesova ve\u010dnost: primerno za hotele, avtohi\u0161e, rojstne dneve mal\u010dkov ali porok pri dostavi prstana \ud83d\ude42<\/p>\n<p>Retro Mercedes-Benz 540K je premium avtomobil visokega razreda. Odlikuje ga predvsem futuristi\u010dna linija karoserije in izjemno skrbna obdelava z vsako ozna\u010deno podrobnostjo. Eleganten oldtimer ima dvovratno kupejevo karoserijo, v kateri je \u0161iroka klop iz lahkega, mehkega eko usnja.<\/p>\n<p>Zakaj je Mercedes-Benz 540K tako priljubljen?<br \/>\n&#8211; originalno licenco Mercedes-Benza,<br \/>\n&#8211; z dizajnom, zna\u010dilnim za vintage oldtimerje,<br \/>\n&#8211; notranjost, ki jo navdihuje klasi\u010dni Mercedes 540K<br \/>\n&#8211; kromirani elementi in svetla plo\u0161\u010da, ki spominja na oreh,<br \/>\n&#8211; LED lu\u010di pove\u010dujejo varnost igre,<br \/>\n&#8211; odpiranje pokrova prtlja\u017enika,<br \/>\n&#8211; funkcija po\u010dasnega zagona,<br \/>\n&#8211; komponente najvi\u0161je kakovosti<\/p>\n<p>V notranjosti Mercedesa so elementi, ki so podobni opremi standardnega modela vozila za odrasle. Armaturna plo\u0161\u010da kremne barve ima stikalo za vozilo, pa tudi predvajalnik glasbe, povezan z re\u017eo za pomnilni\u0161ko kartico ter USB in MP3 priklju\u010dkom. Med temi elementi je ergonomsko oblikovan volan.<\/p>\n<p>Velika prednost vozila je trebu\u0161ni pas, ki skrbi za varnost mal\u010dka, ter odpiranje prtlja\u017enih vrat, ozna\u010deno z logotipom znamke in tipom vozila. Vozilo na baterijski pogon je name\u0161\u010deno na kolesih iz EVA materiala, kar omogo\u010da vo\u017enjo po razli\u010dnih vrstah povr\u0161in.<\/p>\n<p>Miniaturizirana retro razli\u010dica Mercedesa ni le fantasti\u010den videz. Avto pod pokrovom skriva motorje 4x45W in baterijo 12V10Ah, zahvaljujo\u010d kateri lahko ve\u010dletni voznik potuje s hitrostjo od 5 do 7 km \/ h. V kompletu je inovativen 2.4G daljinski upravljalnik, ki omogo\u010da daljinsko upravljanje avtomobila. Konstrukcija daljinskega upravljalnika vklju\u010duje gumbe, ki vam omogo\u010dajo izbiro smeri: desno \/ levo, naprej \/ nazaj, pa tudi izbiro hitrosti in zasilno, takoj\u0161njo zaustavitev. Zahvaljujo\u010d tej re\u0161itvi lahko Mercedes 540K uporabljajo tudi mlaj\u0161i otroci, ki se vozijo v vozilu, ki ga nadzorujejo njihovi skrbniki.<\/p>\n<p>Retro akumulatorski avtomobil je namenjen vsem otrokom, starej\u0161im od 3 let. Model je ozna\u010den s certifikatom CE, ki zagotavlja varnost uporabe igra\u010de. Izdelan je iz certificiranih materialov, kar je v kombinaciji s preprosto strukturo brez ostrih koncev in elementov zaslu\u017eno za visoko udobje uporabe. Mercedes za otroke je pakiran v estetski \u0161katli, kot nala\u0161\u010d za darilo za nekaj let stare otroke.<br \/>\nDimenzije paketa: 130 cm x 59 cm x 37 cm<br \/>\nTe\u017ea z embala\u017eo: 26,5 kg<\/p>\n<p>Ta model je bil zasnovan za otroke, starej\u0161e od 3 let. Vsi materiali uporabljeni za izdelavo tega velikega in elegantnega vozila, so izdelani iz zelo mo\u010dnih, a okolju prijaznih delov. Vozilo ima CE certifikat, ki zagotavlja varno uporabo po normativih Evropske unije. Vozilo je pakirano v originalni \u0161katli z navodili za samostojno sestavljanje (priporo\u010dilo youtube).<\/p>\n","protected":false},"excerpt":{"rendered":"<p>1. NAJCENEJE 2. BREZPLA\u010cNA DOSTAVA 3. NOVO IN ZAPAKIRANO 4. KAKOVOSTNA KONSTRUKCIJA, ORIGINAL LICENCA Izredno redek primer vozil na akumulator, Mecedesova ve\u010dnost: primerno za hotele, avtohi\u0161e, rojstne dneve mal\u010dkov ali porok pri dostavi prstana \ud83d\ude42 Retro Mercedes-Benz 540K je premium avtomobil visokega razreda. Odlikuje ga predvsem futuristi\u010dna linija karoserije in izjemno skrbna obdelava z vsako [&hellip;]<\/p>\n","protected":false},"featured_media":20616,"template":"","meta":[],"product_cat":[374,469],"product_tag":[],"acf":[],"yoast_head":"<!-- This site is optimized with the Yoast SEO plugin v21.7 - https:\/\/yoast.com\/wordpress\/plugins\/seo\/ -->\n<title>Otro\u0161ki avto na akumulator MERCEDES-BENZ oldtimer retro 540K (W29), 1936, rde\u010d\/bel\/\u010drn - TECHNIC-TOYS.com<\/title>\n<meta name=\"description\" content=\"Otro\u0161ki avto na akumulator MERCEDES-BENZ oldtimer retro 540K (W29), 1936, rde\u010d\" \/>\n<meta name=\"robots\" content=\"index, follow, max-snippet:-1, max-image-preview:large, max-video-preview:-1\" \/>\n<link rel=\"canonical\" href=\"https:\/\/www.technic-toys.com\/izdelek\/otroski-avto-na-akumulator-mercedes-benz-oldtimer-retro-540k-w29-1936-rdec-bel-crn\/\" \/>\n<meta property=\"og:locale\" content=\"en_US\" \/>\n<meta property=\"og:type\" content=\"article\" \/>\n<meta property=\"og:title\" content=\"Otro\u0161ki avto na akumulator MERCEDES-BENZ oldtimer retro 540K (W29), 1936, rde\u010d\/bel\/\u010drn - TECHNIC-TOYS.com\" \/>\n<meta property=\"og:description\" content=\"Otro\u0161ki avto na akumulator MERCEDES-BENZ oldtimer retro 540K (W29), 1936, rde\u010d\" \/>\n<meta property=\"og:url\" content=\"https:\/\/www.technic-toys.com\/izdelek\/otroski-avto-na-akumulator-mercedes-benz-oldtimer-retro-540k-w29-1936-rdec-bel-crn\/\" \/>\n<meta property=\"og:site_name\" content=\"TECHNIC-TOYS.com\" \/>\n<meta property=\"article:modified_time\" content=\"2024-12-10T09:58:28+00:00\" \/>\n<meta property=\"og:image\" content=\"https:\/\/www.technic-toys.com\/wp-content\/uploads\/2022\/06\/Electric-Ride-On-Car-Mercedes-540K-Red-7724_oldtimer-avto-auto-na-akumulator_1.jpg\" \/>\n\t<meta property=\"og:image:width\" content=\"1000\" \/>\n\t<meta property=\"og:image:height\" content=\"750\" \/>\n\t<meta property=\"og:image:type\" content=\"image\/jpeg\" \/>\n<meta name=\"twitter:card\" content=\"summary_large_image\" \/>\n<meta name=\"twitter:label1\" content=\"Est. reading time\" \/>\n\t<meta name=\"twitter:data1\" content=\"3 minutes\" \/>\n<script type=\"application\/ld+json\" class=\"yoast-schema-graph\">{\"@context\":\"https:\/\/schema.org\",\"@graph\":[{\"@type\":\"WebPage\",\"@id\":\"https:\/\/www.technic-toys.com\/izdelek\/otroski-avto-na-akumulator-mercedes-benz-oldtimer-retro-540k-w29-1936-rdec-bel-crn\/\",\"url\":\"https:\/\/www.technic-toys.com\/izdelek\/otroski-avto-na-akumulator-mercedes-benz-oldtimer-retro-540k-w29-1936-rdec-bel-crn\/\",\"name\":\"Otro\u0161ki avto na akumulator MERCEDES-BENZ oldtimer retro 540K (W29), 1936, rde\u010d\/bel\/\u010drn - TECHNIC-TOYS.com\",\"isPartOf\":{\"@id\":\"https:\/\/www.technic-toys.com\/en\/#website\"},\"datePublished\":\"2022-06-28T17:10:17+00:00\",\"dateModified\":\"2024-12-10T09:58:28+00:00\",\"description\":\"Otro\u0161ki avto na akumulator MERCEDES-BENZ oldtimer retro 540K (W29), 1936, rde\u010d\",\"breadcrumb\":{\"@id\":\"https:\/\/www.technic-toys.com\/izdelek\/otroski-avto-na-akumulator-mercedes-benz-oldtimer-retro-540k-w29-1936-rdec-bel-crn\/#breadcrumb\"},\"inLanguage\":\"en-US\",\"potentialAction\":[{\"@type\":\"ReadAction\",\"target\":[\"https:\/\/www.technic-toys.com\/izdelek\/otroski-avto-na-akumulator-mercedes-benz-oldtimer-retro-540k-w29-1936-rdec-bel-crn\/\"]}]},{\"@type\":\"BreadcrumbList\",\"@id\":\"https:\/\/www.technic-toys.com\/izdelek\/otroski-avto-na-akumulator-mercedes-benz-oldtimer-retro-540k-w29-1936-rdec-bel-crn\/#breadcrumb\",\"itemListElement\":[{\"@type\":\"ListItem\",\"position\":1,\"name\":\"Domov\",\"item\":\"https:\/\/www.technic-toys.com\/en\/\"},{\"@type\":\"ListItem\",\"position\":2,\"name\":\"Shop\",\"item\":\"https:\/\/www.technic-toys.com\/en\/shop-2\/\"},{\"@type\":\"ListItem\",\"position\":3,\"name\":\"Otro\u0161ki avto na akumulator MERCEDES-BENZ oldtimer retro 540K (W29), 1936, rde\u010d\/bel\/\u010drn\"}]},{\"@type\":\"WebSite\",\"@id\":\"https:\/\/www.technic-toys.com\/en\/#website\",\"url\":\"https:\/\/www.technic-toys.com\/en\/\",\"name\":\"TECHNIC-TOYS.com\",\"description\":\"\",\"potentialAction\":[{\"@type\":\"SearchAction\",\"target\":{\"@type\":\"EntryPoint\",\"urlTemplate\":\"https:\/\/www.technic-toys.com\/en\/?s={search_term_string}\"},\"query-input\":\"required name=search_term_string\"}],\"inLanguage\":\"en-US\"}]}<\/script>\n<!-- \/ Yoast SEO plugin. -->","yoast_head_json":{"title":"Otro\u0161ki avto na akumulator MERCEDES-BENZ oldtimer retro 540K (W29), 1936, rde\u010d\/bel\/\u010drn - TECHNIC-TOYS.com","description":"Otro\u0161ki avto na akumulator MERCEDES-BENZ oldtimer retro 540K (W29), 1936, rde\u010d","robots":{"index":"index","follow":"follow","max-snippet":"max-snippet:-1","max-image-preview":"max-image-preview:large","max-video-preview":"max-video-preview:-1"},"canonical":"https:\/\/www.technic-toys.com\/izdelek\/otroski-avto-na-akumulator-mercedes-benz-oldtimer-retro-540k-w29-1936-rdec-bel-crn\/","og_locale":"en_US","og_type":"article","og_title":"Otro\u0161ki avto na akumulator MERCEDES-BENZ oldtimer retro 540K (W29), 1936, rde\u010d\/bel\/\u010drn - TECHNIC-TOYS.com","og_description":"Otro\u0161ki avto na akumulator MERCEDES-BENZ oldtimer retro 540K (W29), 1936, rde\u010d","og_url":"https:\/\/www.technic-toys.com\/izdelek\/otroski-avto-na-akumulator-mercedes-benz-oldtimer-retro-540k-w29-1936-rdec-bel-crn\/","og_site_name":"TECHNIC-TOYS.com","article_modified_time":"2024-12-10T09:58:28+00:00","og_image":[{"width":1000,"height":750,"url":"https:\/\/www.technic-toys.com\/wp-content\/uploads\/2022\/06\/Electric-Ride-On-Car-Mercedes-540K-Red-7724_oldtimer-avto-auto-na-akumulator_1.jpg","type":"image\/jpeg"}],"twitter_card":"summary_large_image","twitter_misc":{"Est. reading time":"3 minutes"},"schema":{"@context":"https:\/\/schema.org","@graph":[{"@type":"WebPage","@id":"https:\/\/www.technic-toys.com\/izdelek\/otroski-avto-na-akumulator-mercedes-benz-oldtimer-retro-540k-w29-1936-rdec-bel-crn\/","url":"https:\/\/www.technic-toys.com\/izdelek\/otroski-avto-na-akumulator-mercedes-benz-oldtimer-retro-540k-w29-1936-rdec-bel-crn\/","name":"Otro\u0161ki avto na akumulator MERCEDES-BENZ oldtimer retro 540K (W29), 1936, rde\u010d\/bel\/\u010drn - TECHNIC-TOYS.com","isPartOf":{"@id":"https:\/\/www.technic-toys.com\/en\/#website"},"datePublished":"2022-06-28T17:10:17+00:00","dateModified":"2024-12-10T09:58:28+00:00","description":"Otro\u0161ki avto na akumulator MERCEDES-BENZ oldtimer retro 540K (W29), 1936, rde\u010d","breadcrumb":{"@id":"https:\/\/www.technic-toys.com\/izdelek\/otroski-avto-na-akumulator-mercedes-benz-oldtimer-retro-540k-w29-1936-rdec-bel-crn\/#breadcrumb"},"inLanguage":"en-US","potentialAction":[{"@type":"ReadAction","target":["https:\/\/www.technic-toys.com\/izdelek\/otroski-avto-na-akumulator-mercedes-benz-oldtimer-retro-540k-w29-1936-rdec-bel-crn\/"]}]},{"@type":"BreadcrumbList","@id":"https:\/\/www.technic-toys.com\/izdelek\/otroski-avto-na-akumulator-mercedes-benz-oldtimer-retro-540k-w29-1936-rdec-bel-crn\/#breadcrumb","itemListElement":[{"@type":"ListItem","position":1,"name":"Domov","item":"https:\/\/www.technic-toys.com\/en\/"},{"@type":"ListItem","position":2,"name":"Shop","item":"https:\/\/www.technic-toys.com\/en\/shop-2\/"},{"@type":"ListItem","position":3,"name":"Otro\u0161ki avto na akumulator MERCEDES-BENZ oldtimer retro 540K (W29), 1936, rde\u010d\/bel\/\u010drn"}]},{"@type":"WebSite","@id":"https:\/\/www.technic-toys.com\/en\/#website","url":"https:\/\/www.technic-toys.com\/en\/","name":"TECHNIC-TOYS.com","description":"","potentialAction":[{"@type":"SearchAction","target":{"@type":"EntryPoint","urlTemplate":"https:\/\/www.technic-toys.com\/en\/?s={search_term_string}"},"query-input":"required name=search_term_string"}],"inLanguage":"en-US"}]}},"_links":{"self":[{"href":"https:\/\/www.technic-toys.com\/en\/wp-json\/wp\/v2\/product\/20605"}],"collection":[{"href":"https:\/\/www.technic-toys.com\/en\/wp-json\/wp\/v2\/product"}],"about":[{"href":"https:\/\/www.technic-toys.com\/en\/wp-json\/wp\/v2\/types\/product"}],"wp:featuredmedia":[{"embeddable":true,"href":"https:\/\/www.technic-toys.com\/en\/wp-json\/wp\/v2\/media\/20616"}],"wp:attachment":[{"href":"https:\/\/www.technic-toys.com\/en\/wp-json\/wp\/v2\/media?parent=20605"}],"wp:term":[{"taxonomy":"product_cat","embeddable":true,"href":"https:\/\/www.technic-toys.com\/en\/wp-json\/wp\/v2\/product_cat?post=20605"},{"taxonomy":"product_tag","embeddable":true,"href":"https:\/\/www.technic-toys.com\/en\/wp-json\/wp\/v2\/product_tag?post=20605"}],"curies":[{"name":"wp","href":"https:\/\/api.w.org\/{rel}","templated":true}]}}