{"id":20664,"date":"2022-06-29T11:47:46","date_gmt":"2022-06-29T09:47:46","guid":{"rendered":"https:\/\/www.technic-toys.com\/?post_type=product&#038;p=20664"},"modified":"2024-12-04T19:02:18","modified_gmt":"2024-12-04T18:02:18","slug":"otroski-elektricni-stirikolesnik-quad-atv-na-akumulator-rumen","status":"publish","type":"product","link":"https:\/\/www.technic-toys.com\/en\/izdelek\/otroski-elektricni-stirikolesnik-quad-atv-na-akumulator-rumen\/","title":{"rendered":"Otro\u0161ki elektri\u010dni \u0161tirikolesnik QUAD ATV na akumulator, rumen"},"content":{"rendered":"<p>1. NAJCENEJE<br \/>\n2. BREZPLA\u010cNA DOSTAVA<br \/>\n3. NOVO IN ZAPAKIRANO<br \/>\n4. KAKOVOSTNA KONSTRUKCIJA, ORIGINAL LICENCA<\/p>\n<p>Elektri\u010dni otro\u0161ki \u0161tirikolesnik QUAD ATV na akumulator<\/p>\n<p>QUAD ATV z zelo mo\u010dnim motorjem<br \/>\nmo\u010dni motorji 4x45W<br \/>\nzdr\u017eljiva baterija 12V10Ah<br \/>\nDimenzije 103 cm x 65 cm x 73 cm<br \/>\nmax. Hitrost 3-6 km\/h<br \/>\nte\u017ea 19 kg<br \/>\nmaks. Nalo\u017ei 30 kg<br \/>\n\u010cas polnjenja 8 ur<br \/>\nTrajanje uporabe do 1 ure<br \/>\nZavora Samodejno ob izpustu plina<br \/>\noprema<br \/>\nSede\u017e<br \/>\nKolesa EVA<br \/>\nLu\u010di<br \/>\n\u017darometi<br \/>\nZvok<br \/>\nRadio FM<br \/>\nBluetooth<br \/>\nMP3, USB glasbena plo\u0161\u010da<\/p>\n<p>Ta model je bil zasnovan za otroke, starej\u0161e od 3 let. Vsi materiali uporabljeni za izdelavo tega velikega in elegantnega vozila, so izdelani iz zelo mo\u010dnih, a okolju prijaznih delov. Vozilo ima CE certifikat, ki zagotavlja varno uporabo po normativih Evropske unije. Vozilo je pakirano v originalni \u0161katli z navodili za samostojno sestavljanje (priporo\u010dilo youtube).<\/p>\n","protected":false},"excerpt":{"rendered":"<p>1. NAJCENEJE 2. BREZPLA\u010cNA DOSTAVA 3. NOVO IN ZAPAKIRANO 4. KAKOVOSTNA KONSTRUKCIJA, ORIGINAL LICENCA Elektri\u010dni otro\u0161ki \u0161tirikolesnik QUAD ATV na akumulator QUAD ATV z zelo mo\u010dnim motorjem mo\u010dni motorji 4x45W zdr\u017eljiva baterija 12V10Ah Dimenzije 103 cm x 65 cm x 73 cm max. Hitrost 3-6 km\/h te\u017ea 19 kg maks. Nalo\u017ei 30 kg \u010cas polnjenja [&hellip;]<\/p>\n","protected":false},"featured_media":20992,"template":"","meta":[],"product_cat":[374,469],"product_tag":[],"acf":[],"yoast_head":"<!-- This site is optimized with the Yoast SEO plugin v21.7 - https:\/\/yoast.com\/wordpress\/plugins\/seo\/ -->\n<title>Otro\u0161ki elektri\u010dni \u0161tirikolesnik QUAD ATV na akumulator, rumen - TECHNIC-TOYS.com<\/title>\n<meta name=\"description\" content=\"Otro\u0161ki elektri\u010dni \u0161tirikolesnik QUAD ATV na akumulator, rumen\" \/>\n<meta name=\"robots\" content=\"index, follow, max-snippet:-1, max-image-preview:large, max-video-preview:-1\" \/>\n<link rel=\"canonical\" href=\"https:\/\/www.technic-toys.com\/izdelek\/otroski-elektricni-stirikolesnik-quad-atv-na-akumulator-rumen\/\" \/>\n<meta property=\"og:locale\" content=\"en_US\" \/>\n<meta property=\"og:type\" content=\"article\" \/>\n<meta property=\"og:title\" content=\"Otro\u0161ki elektri\u010dni \u0161tirikolesnik QUAD ATV na akumulator, rumen - TECHNIC-TOYS.com\" \/>\n<meta property=\"og:description\" content=\"Otro\u0161ki elektri\u010dni \u0161tirikolesnik QUAD ATV na akumulator, rumen\" \/>\n<meta property=\"og:url\" content=\"https:\/\/www.technic-toys.com\/izdelek\/otroski-elektricni-stirikolesnik-quad-atv-na-akumulator-rumen\/\" \/>\n<meta property=\"og:site_name\" content=\"TECHNIC-TOYS.com\" \/>\n<meta property=\"article:modified_time\" content=\"2024-12-04T18:02:18+00:00\" \/>\n<meta property=\"og:image\" content=\"https:\/\/www.technic-toys.com\/wp-content\/uploads\/2022\/06\/electric-ride-on-akumulator-djecji-auto-elektricni-otroski-atv-quad-technic-toys_4-1.jpg\" \/>\n\t<meta property=\"og:image:width\" content=\"800\" \/>\n\t<meta property=\"og:image:height\" content=\"698\" \/>\n\t<meta property=\"og:image:type\" content=\"image\/jpeg\" \/>\n<meta name=\"twitter:card\" content=\"summary_large_image\" \/>\n<meta name=\"twitter:label1\" content=\"Est. reading time\" \/>\n\t<meta name=\"twitter:data1\" content=\"1 minute\" \/>\n<script type=\"application\/ld+json\" class=\"yoast-schema-graph\">{\"@context\":\"https:\/\/schema.org\",\"@graph\":[{\"@type\":\"WebPage\",\"@id\":\"https:\/\/www.technic-toys.com\/izdelek\/otroski-elektricni-stirikolesnik-quad-atv-na-akumulator-rumen\/\",\"url\":\"https:\/\/www.technic-toys.com\/izdelek\/otroski-elektricni-stirikolesnik-quad-atv-na-akumulator-rumen\/\",\"name\":\"Otro\u0161ki elektri\u010dni \u0161tirikolesnik QUAD ATV na akumulator, rumen - TECHNIC-TOYS.com\",\"isPartOf\":{\"@id\":\"https:\/\/www.technic-toys.com\/en\/#website\"},\"datePublished\":\"2022-06-29T09:47:46+00:00\",\"dateModified\":\"2024-12-04T18:02:18+00:00\",\"description\":\"Otro\u0161ki elektri\u010dni \u0161tirikolesnik QUAD ATV na akumulator, rumen\",\"breadcrumb\":{\"@id\":\"https:\/\/www.technic-toys.com\/izdelek\/otroski-elektricni-stirikolesnik-quad-atv-na-akumulator-rumen\/#breadcrumb\"},\"inLanguage\":\"en-US\",\"potentialAction\":[{\"@type\":\"ReadAction\",\"target\":[\"https:\/\/www.technic-toys.com\/izdelek\/otroski-elektricni-stirikolesnik-quad-atv-na-akumulator-rumen\/\"]}]},{\"@type\":\"BreadcrumbList\",\"@id\":\"https:\/\/www.technic-toys.com\/izdelek\/otroski-elektricni-stirikolesnik-quad-atv-na-akumulator-rumen\/#breadcrumb\",\"itemListElement\":[{\"@type\":\"ListItem\",\"position\":1,\"name\":\"Domov\",\"item\":\"https:\/\/www.technic-toys.com\/en\/\"},{\"@type\":\"ListItem\",\"position\":2,\"name\":\"Shop\",\"item\":\"https:\/\/www.technic-toys.com\/en\/shop-2\/\"},{\"@type\":\"ListItem\",\"position\":3,\"name\":\"Otro\u0161ki elektri\u010dni \u0161tirikolesnik QUAD ATV na akumulator, rumen\"}]},{\"@type\":\"WebSite\",\"@id\":\"https:\/\/www.technic-toys.com\/en\/#website\",\"url\":\"https:\/\/www.technic-toys.com\/en\/\",\"name\":\"TECHNIC-TOYS.com\",\"description\":\"\",\"potentialAction\":[{\"@type\":\"SearchAction\",\"target\":{\"@type\":\"EntryPoint\",\"urlTemplate\":\"https:\/\/www.technic-toys.com\/en\/?s={search_term_string}\"},\"query-input\":\"required name=search_term_string\"}],\"inLanguage\":\"en-US\"}]}<\/script>\n<!-- \/ Yoast SEO plugin. -->","yoast_head_json":{"title":"Otro\u0161ki elektri\u010dni \u0161tirikolesnik QUAD ATV na akumulator, rumen - TECHNIC-TOYS.com","description":"Otro\u0161ki elektri\u010dni \u0161tirikolesnik QUAD ATV na akumulator, rumen","robots":{"index":"index","follow":"follow","max-snippet":"max-snippet:-1","max-image-preview":"max-image-preview:large","max-video-preview":"max-video-preview:-1"},"canonical":"https:\/\/www.technic-toys.com\/izdelek\/otroski-elektricni-stirikolesnik-quad-atv-na-akumulator-rumen\/","og_locale":"en_US","og_type":"article","og_title":"Otro\u0161ki elektri\u010dni \u0161tirikolesnik QUAD ATV na akumulator, rumen - TECHNIC-TOYS.com","og_description":"Otro\u0161ki elektri\u010dni \u0161tirikolesnik QUAD ATV na akumulator, rumen","og_url":"https:\/\/www.technic-toys.com\/izdelek\/otroski-elektricni-stirikolesnik-quad-atv-na-akumulator-rumen\/","og_site_name":"TECHNIC-TOYS.com","article_modified_time":"2024-12-04T18:02:18+00:00","og_image":[{"width":800,"height":698,"url":"https:\/\/www.technic-toys.com\/wp-content\/uploads\/2022\/06\/electric-ride-on-akumulator-djecji-auto-elektricni-otroski-atv-quad-technic-toys_4-1.jpg","type":"image\/jpeg"}],"twitter_card":"summary_large_image","twitter_misc":{"Est. reading time":"1 minute"},"schema":{"@context":"https:\/\/schema.org","@graph":[{"@type":"WebPage","@id":"https:\/\/www.technic-toys.com\/izdelek\/otroski-elektricni-stirikolesnik-quad-atv-na-akumulator-rumen\/","url":"https:\/\/www.technic-toys.com\/izdelek\/otroski-elektricni-stirikolesnik-quad-atv-na-akumulator-rumen\/","name":"Otro\u0161ki elektri\u010dni \u0161tirikolesnik QUAD ATV na akumulator, rumen - TECHNIC-TOYS.com","isPartOf":{"@id":"https:\/\/www.technic-toys.com\/en\/#website"},"datePublished":"2022-06-29T09:47:46+00:00","dateModified":"2024-12-04T18:02:18+00:00","description":"Otro\u0161ki elektri\u010dni \u0161tirikolesnik QUAD ATV na akumulator, rumen","breadcrumb":{"@id":"https:\/\/www.technic-toys.com\/izdelek\/otroski-elektricni-stirikolesnik-quad-atv-na-akumulator-rumen\/#breadcrumb"},"inLanguage":"en-US","potentialAction":[{"@type":"ReadAction","target":["https:\/\/www.technic-toys.com\/izdelek\/otroski-elektricni-stirikolesnik-quad-atv-na-akumulator-rumen\/"]}]},{"@type":"BreadcrumbList","@id":"https:\/\/www.technic-toys.com\/izdelek\/otroski-elektricni-stirikolesnik-quad-atv-na-akumulator-rumen\/#breadcrumb","itemListElement":[{"@type":"ListItem","position":1,"name":"Domov","item":"https:\/\/www.technic-toys.com\/en\/"},{"@type":"ListItem","position":2,"name":"Shop","item":"https:\/\/www.technic-toys.com\/en\/shop-2\/"},{"@type":"ListItem","position":3,"name":"Otro\u0161ki elektri\u010dni \u0161tirikolesnik QUAD ATV na akumulator, rumen"}]},{"@type":"WebSite","@id":"https:\/\/www.technic-toys.com\/en\/#website","url":"https:\/\/www.technic-toys.com\/en\/","name":"TECHNIC-TOYS.com","description":"","potentialAction":[{"@type":"SearchAction","target":{"@type":"EntryPoint","urlTemplate":"https:\/\/www.technic-toys.com\/en\/?s={search_term_string}"},"query-input":"required name=search_term_string"}],"inLanguage":"en-US"}]}},"_links":{"self":[{"href":"https:\/\/www.technic-toys.com\/en\/wp-json\/wp\/v2\/product\/20664"}],"collection":[{"href":"https:\/\/www.technic-toys.com\/en\/wp-json\/wp\/v2\/product"}],"about":[{"href":"https:\/\/www.technic-toys.com\/en\/wp-json\/wp\/v2\/types\/product"}],"wp:featuredmedia":[{"embeddable":true,"href":"https:\/\/www.technic-toys.com\/en\/wp-json\/wp\/v2\/media\/20992"}],"wp:attachment":[{"href":"https:\/\/www.technic-toys.com\/en\/wp-json\/wp\/v2\/media?parent=20664"}],"wp:term":[{"taxonomy":"product_cat","embeddable":true,"href":"https:\/\/www.technic-toys.com\/en\/wp-json\/wp\/v2\/product_cat?post=20664"},{"taxonomy":"product_tag","embeddable":true,"href":"https:\/\/www.technic-toys.com\/en\/wp-json\/wp\/v2\/product_tag?post=20664"}],"curies":[{"name":"wp","href":"https:\/\/api.w.org\/{rel}","templated":true}]}}