{"id":20731,"date":"2022-06-29T12:46:14","date_gmt":"2022-06-29T10:46:14","guid":{"rendered":"https:\/\/www.technic-toys.com\/?post_type=product&#038;p=20731"},"modified":"2024-12-04T19:02:17","modified_gmt":"2024-12-04T18:02:17","slug":"otroski-elektricni-traktor-s-prikolico-na-akumulator-rdec","status":"publish","type":"product","link":"https:\/\/www.technic-toys.com\/en\/izdelek\/otroski-elektricni-traktor-s-prikolico-na-akumulator-rdec\/","title":{"rendered":"Otro\u0161ki elektri\u010dni TRAKTOR s PRIKOLICO HZB-200 na akumulator baterijo 12V, rde\u010d"},"content":{"rendered":"<p>1. NAJCENEJE<br \/>\n2. BREZPLA\u010cNA DOSTAVA<br \/>\n3. NOVO IN ZAPAKIRANO<br \/>\n4. KAKOVOSTNA KONSTRUKCIJA, ORIGINAL LICENCA<\/p>\n<p>Motor 2 x 45W<br \/>\nbaterija 1 x 12V 7 Ah<br \/>\nMenjalnik 2 prestavi (naprej\/nazaj)<br \/>\nDimenzije 150 cm x 70 cm x 70 cm<br \/>\nmax. Hitrost 3-7 km\/h<br \/>\nte\u017ea 18,5<br \/>\nmax. Nalo\u017ei 30 kg<br \/>\n\u010cas polnjenja 8 ur<br \/>\nTrajanje uporabe do 1 ure<br \/>\nZavora Samodejno ob izpustu plina<\/p>\n<p>Ta model je bil zasnovan za otroke, starej\u0161e od 3 let. Vsi materiali uporabljeni za izdelavo tega velikega in elegantnega vozila, so izdelani iz zelo mo\u010dnih, a okolju prijaznih delov. Vozilo ima CE certifikat, ki zagotavlja varno uporabo po normativih Evropske unije. Vozilo je pakirano v originalni \u0161katli z navodili za samostojno sestavljanje (priporo\u010dilo youtube).<\/p>\n","protected":false},"excerpt":{"rendered":"<p>1. NAJCENEJE 2. BREZPLA\u010cNA DOSTAVA 3. NOVO IN ZAPAKIRANO 4. KAKOVOSTNA KONSTRUKCIJA, ORIGINAL LICENCA Motor 2 x 45W baterija 1 x 12V 7 Ah Menjalnik 2 prestavi (naprej\/nazaj) Dimenzije 150 cm x 70 cm x 70 cm max. Hitrost 3-7 km\/h te\u017ea 18,5 max. Nalo\u017ei 30 kg \u010cas polnjenja 8 ur Trajanje uporabe do 1 [&hellip;]<\/p>\n","protected":false},"featured_media":21417,"template":"","meta":[],"product_cat":[374,469,409],"product_tag":[],"acf":[],"yoast_head":"<!-- This site is optimized with the Yoast SEO plugin v21.7 - https:\/\/yoast.com\/wordpress\/plugins\/seo\/ -->\n<title>Otro\u0161ki elektri\u010dni TRAKTOR s PRIKOLICO HZB-200 na akumulator baterijo 12V, rde\u010d - TECHNIC-TOYS.com<\/title>\n<meta name=\"description\" content=\"Otro\u0161ki elektri\u010dni TRAKTOR s PRIKOLICO na akumulator, rde\u010d\" \/>\n<meta name=\"robots\" content=\"index, follow, max-snippet:-1, max-image-preview:large, max-video-preview:-1\" \/>\n<link rel=\"canonical\" href=\"https:\/\/www.technic-toys.com\/izdelek\/otroski-elektricni-traktor-s-prikolico-na-akumulator-rdec\/\" \/>\n<meta property=\"og:locale\" content=\"en_US\" \/>\n<meta property=\"og:type\" content=\"article\" \/>\n<meta property=\"og:title\" content=\"Otro\u0161ki elektri\u010dni TRAKTOR s PRIKOLICO HZB-200 na akumulator baterijo 12V, rde\u010d - TECHNIC-TOYS.com\" \/>\n<meta property=\"og:description\" content=\"Otro\u0161ki elektri\u010dni TRAKTOR s PRIKOLICO na akumulator, rde\u010d\" \/>\n<meta property=\"og:url\" content=\"https:\/\/www.technic-toys.com\/izdelek\/otroski-elektricni-traktor-s-prikolico-na-akumulator-rdec\/\" \/>\n<meta property=\"og:site_name\" content=\"TECHNIC-TOYS.com\" \/>\n<meta property=\"article:modified_time\" content=\"2024-12-04T18:02:17+00:00\" \/>\n<meta property=\"og:image\" content=\"https:\/\/www.technic-toys.com\/wp-content\/uploads\/2022\/06\/djecji-elektricni-traktor-prikolicom-akumulator-crveni-slika-188117798.jpg\" \/>\n\t<meta property=\"og:image:width\" content=\"363\" \/>\n\t<meta property=\"og:image:height\" content=\"336\" \/>\n\t<meta property=\"og:image:type\" content=\"image\/jpeg\" \/>\n<meta name=\"twitter:card\" content=\"summary_large_image\" \/>\n<meta name=\"twitter:label1\" content=\"Est. reading time\" \/>\n\t<meta name=\"twitter:data1\" content=\"1 minute\" \/>\n<script type=\"application\/ld+json\" class=\"yoast-schema-graph\">{\"@context\":\"https:\/\/schema.org\",\"@graph\":[{\"@type\":\"WebPage\",\"@id\":\"https:\/\/www.technic-toys.com\/izdelek\/otroski-elektricni-traktor-s-prikolico-na-akumulator-rdec\/\",\"url\":\"https:\/\/www.technic-toys.com\/izdelek\/otroski-elektricni-traktor-s-prikolico-na-akumulator-rdec\/\",\"name\":\"Otro\u0161ki elektri\u010dni TRAKTOR s PRIKOLICO HZB-200 na akumulator baterijo 12V, rde\u010d - TECHNIC-TOYS.com\",\"isPartOf\":{\"@id\":\"https:\/\/www.technic-toys.com\/en\/#website\"},\"datePublished\":\"2022-06-29T10:46:14+00:00\",\"dateModified\":\"2024-12-04T18:02:17+00:00\",\"description\":\"Otro\u0161ki elektri\u010dni TRAKTOR s PRIKOLICO na akumulator, rde\u010d\",\"breadcrumb\":{\"@id\":\"https:\/\/www.technic-toys.com\/izdelek\/otroski-elektricni-traktor-s-prikolico-na-akumulator-rdec\/#breadcrumb\"},\"inLanguage\":\"en-US\",\"potentialAction\":[{\"@type\":\"ReadAction\",\"target\":[\"https:\/\/www.technic-toys.com\/izdelek\/otroski-elektricni-traktor-s-prikolico-na-akumulator-rdec\/\"]}]},{\"@type\":\"BreadcrumbList\",\"@id\":\"https:\/\/www.technic-toys.com\/izdelek\/otroski-elektricni-traktor-s-prikolico-na-akumulator-rdec\/#breadcrumb\",\"itemListElement\":[{\"@type\":\"ListItem\",\"position\":1,\"name\":\"Domov\",\"item\":\"https:\/\/www.technic-toys.com\/en\/\"},{\"@type\":\"ListItem\",\"position\":2,\"name\":\"Shop\",\"item\":\"https:\/\/www.technic-toys.com\/en\/shop-2\/\"},{\"@type\":\"ListItem\",\"position\":3,\"name\":\"Otro\u0161ki elektri\u010dni TRAKTOR s PRIKOLICO HZB-200 na akumulator baterijo 12V, rde\u010d\"}]},{\"@type\":\"WebSite\",\"@id\":\"https:\/\/www.technic-toys.com\/en\/#website\",\"url\":\"https:\/\/www.technic-toys.com\/en\/\",\"name\":\"TECHNIC-TOYS.com\",\"description\":\"\",\"potentialAction\":[{\"@type\":\"SearchAction\",\"target\":{\"@type\":\"EntryPoint\",\"urlTemplate\":\"https:\/\/www.technic-toys.com\/en\/?s={search_term_string}\"},\"query-input\":\"required name=search_term_string\"}],\"inLanguage\":\"en-US\"}]}<\/script>\n<!-- \/ Yoast SEO plugin. -->","yoast_head_json":{"title":"Otro\u0161ki elektri\u010dni TRAKTOR s PRIKOLICO HZB-200 na akumulator baterijo 12V, rde\u010d - TECHNIC-TOYS.com","description":"Otro\u0161ki elektri\u010dni TRAKTOR s PRIKOLICO na akumulator, rde\u010d","robots":{"index":"index","follow":"follow","max-snippet":"max-snippet:-1","max-image-preview":"max-image-preview:large","max-video-preview":"max-video-preview:-1"},"canonical":"https:\/\/www.technic-toys.com\/izdelek\/otroski-elektricni-traktor-s-prikolico-na-akumulator-rdec\/","og_locale":"en_US","og_type":"article","og_title":"Otro\u0161ki elektri\u010dni TRAKTOR s PRIKOLICO HZB-200 na akumulator baterijo 12V, rde\u010d - TECHNIC-TOYS.com","og_description":"Otro\u0161ki elektri\u010dni TRAKTOR s PRIKOLICO na akumulator, rde\u010d","og_url":"https:\/\/www.technic-toys.com\/izdelek\/otroski-elektricni-traktor-s-prikolico-na-akumulator-rdec\/","og_site_name":"TECHNIC-TOYS.com","article_modified_time":"2024-12-04T18:02:17+00:00","og_image":[{"width":363,"height":336,"url":"https:\/\/www.technic-toys.com\/wp-content\/uploads\/2022\/06\/djecji-elektricni-traktor-prikolicom-akumulator-crveni-slika-188117798.jpg","type":"image\/jpeg"}],"twitter_card":"summary_large_image","twitter_misc":{"Est. reading time":"1 minute"},"schema":{"@context":"https:\/\/schema.org","@graph":[{"@type":"WebPage","@id":"https:\/\/www.technic-toys.com\/izdelek\/otroski-elektricni-traktor-s-prikolico-na-akumulator-rdec\/","url":"https:\/\/www.technic-toys.com\/izdelek\/otroski-elektricni-traktor-s-prikolico-na-akumulator-rdec\/","name":"Otro\u0161ki elektri\u010dni TRAKTOR s PRIKOLICO HZB-200 na akumulator baterijo 12V, rde\u010d - TECHNIC-TOYS.com","isPartOf":{"@id":"https:\/\/www.technic-toys.com\/en\/#website"},"datePublished":"2022-06-29T10:46:14+00:00","dateModified":"2024-12-04T18:02:17+00:00","description":"Otro\u0161ki elektri\u010dni TRAKTOR s PRIKOLICO na akumulator, rde\u010d","breadcrumb":{"@id":"https:\/\/www.technic-toys.com\/izdelek\/otroski-elektricni-traktor-s-prikolico-na-akumulator-rdec\/#breadcrumb"},"inLanguage":"en-US","potentialAction":[{"@type":"ReadAction","target":["https:\/\/www.technic-toys.com\/izdelek\/otroski-elektricni-traktor-s-prikolico-na-akumulator-rdec\/"]}]},{"@type":"BreadcrumbList","@id":"https:\/\/www.technic-toys.com\/izdelek\/otroski-elektricni-traktor-s-prikolico-na-akumulator-rdec\/#breadcrumb","itemListElement":[{"@type":"ListItem","position":1,"name":"Domov","item":"https:\/\/www.technic-toys.com\/en\/"},{"@type":"ListItem","position":2,"name":"Shop","item":"https:\/\/www.technic-toys.com\/en\/shop-2\/"},{"@type":"ListItem","position":3,"name":"Otro\u0161ki elektri\u010dni TRAKTOR s PRIKOLICO HZB-200 na akumulator baterijo 12V, rde\u010d"}]},{"@type":"WebSite","@id":"https:\/\/www.technic-toys.com\/en\/#website","url":"https:\/\/www.technic-toys.com\/en\/","name":"TECHNIC-TOYS.com","description":"","potentialAction":[{"@type":"SearchAction","target":{"@type":"EntryPoint","urlTemplate":"https:\/\/www.technic-toys.com\/en\/?s={search_term_string}"},"query-input":"required name=search_term_string"}],"inLanguage":"en-US"}]}},"_links":{"self":[{"href":"https:\/\/www.technic-toys.com\/en\/wp-json\/wp\/v2\/product\/20731"}],"collection":[{"href":"https:\/\/www.technic-toys.com\/en\/wp-json\/wp\/v2\/product"}],"about":[{"href":"https:\/\/www.technic-toys.com\/en\/wp-json\/wp\/v2\/types\/product"}],"wp:featuredmedia":[{"embeddable":true,"href":"https:\/\/www.technic-toys.com\/en\/wp-json\/wp\/v2\/media\/21417"}],"wp:attachment":[{"href":"https:\/\/www.technic-toys.com\/en\/wp-json\/wp\/v2\/media?parent=20731"}],"wp:term":[{"taxonomy":"product_cat","embeddable":true,"href":"https:\/\/www.technic-toys.com\/en\/wp-json\/wp\/v2\/product_cat?post=20731"},{"taxonomy":"product_tag","embeddable":true,"href":"https:\/\/www.technic-toys.com\/en\/wp-json\/wp\/v2\/product_tag?post=20731"}],"curies":[{"name":"wp","href":"https:\/\/api.w.org\/{rel}","templated":true}]}}