{"id":20996,"date":"2022-09-09T22:34:01","date_gmt":"2022-09-09T20:34:01","guid":{"rendered":"https:\/\/www.technic-toys.com\/?post_type=product&#038;p=20996"},"modified":"2024-12-04T19:02:13","modified_gmt":"2024-12-04T18:02:13","slug":"terensko-vozilo-enoze-speed-car-na-daljinsko-upravljanje-m110-40-km-h-velika-kolesa-rumeno","status":"publish","type":"product","link":"https:\/\/www.technic-toys.com\/en\/izdelek\/terensko-vozilo-enoze-speed-car-na-daljinsko-upravljanje-m110-40-km-h-velika-kolesa-rumeno\/","title":{"rendered":"Terensko vozilo ENOZE SPEED CAR na daljinsko upravljanje, M1:10, 40 km\/h, Velika kolesa, rumeno"},"content":{"rendered":"<p>Ve\u010d vrst ohi\u0161ij, isti motor<\/p>\n<p>1. NAJCENEJE<br \/>\n2. BREZPLA\u010cNA DOSTAVA<br \/>\n3. NOVO IN ZAPAKIRANO<br \/>\n4. KAKOVOSTNA KONSTRUKCIJA<\/p>\n<p>ODLI\u010cNO VOZILO GLEDE NA CENO IN KAKOVOST. Robustno in premaga vse ovire.<\/p>\n<p><strong>Daljinsko vodeno terensko vozilo ENOZE SPEED CAR, M1:10, 40 km\/h, Velika kolesa, rumeno<\/strong><\/p>\n<p>\u010ce imate radi odprave po razli\u010dnih terenih, je to terensko vozilo odli\u010dno za vas. Videz in funkcije bodo navdu\u0161ile marsikaterega malega cestnega raziskovalca.\u00a0Predstavljeni model je izdelan v merilu 1:10, zato je videti neverjetno realisti\u010den.\u00a0Neverjetna hitrost, ki jo dose\u017ee, bo poskrbela, da bo zabava vzbudila veliko navdu\u0161enja in poskrbela za adrenalin.\u00a0To je najbolj\u0161a izbira za vsakega RC navdu\u0161enca.<\/p>\n<p>\u0160tevilne funkcije, ki jih ponuja to vozilo, so impresivne.\u00a0Opremljen z visoko kakovostnimi in trpe\u017enimi komponentami bo prinesel odli\u010dno dirkalno izku\u0161njo.\u00a0Vklju\u010duje visokokakovostno baterijo 7,4 V\/1700 mAh, tako da lahko u\u017eivate v vo\u017enji pribli\u017eno 20 minut, odvisno od uporabe.<\/p>\n<p>RC avto vam omogo\u010da nadzor plina in hitrosti.\u00a0Dva gumba omogo\u010data nastavitev kota krmiljenja.\u00a0Medtem ko stikalo za hitrost v smeri urinega kazalca pove\u010da hitrost vo\u017enje.\u00a0Stikalo za hitrost, nastavljeno v nasprotni smeri urinega kazalca, zmanj\u0161a hitrost vo\u017enje.\u00a0Odli\u010dna lastnost so z oljem napolnjeni kovinski amortizerji in pnevmatike visoke trdnosti.<\/p>\n<p>Super darilo za vsakogar, izjemen ob\u010dutek ekstremne vo\u017enje!<\/p>\n<p>Prilo\u017een je udoben in natan\u010den krmilnik.\u00a0\u010ce ste kdaj upravljali profesionalni avtomobil, veste, da vam ta vrsta daljinskega upravljalnika omogo\u010da najve\u010dje u\u017eitke v vo\u017enji.\u00a0Brez\u017ei\u010dni daljinec, ki je prilo\u017een v kompletu, deluje na 2,4 GHz, tako da lahko dirkate v ve\u010dji skupini brez skrbi za medsebojne motnje.<\/p>\n<p>&nbsp;<\/p>\n<p><strong>Tehni\u010dni podatki:<\/strong><\/p>\n<p>&#8211; Barve: \u010drna, rumena, rde\u010da<\/p>\n<p>&#8211; Materiali: kovina, elektronske komponente, guma, plastika<\/p>\n<p>&#8211; Merilo: 1:10<\/p>\n<p>&#8211; Pogon: 4&#215;4<\/p>\n<p>&#8211; Litijeva baterija: 7,4 V 1700 mAh<\/p>\n<p>&#8211; Frekvenca: 2.4G<\/p>\n<p>&#8211; Motor: 540 krta\u010dni motor<\/p>\n<p>&#8211; \u010cas daljinskega upravljanja: pribli\u017eno 18 minut<\/p>\n<p>&#8211; \u010cas polnjenja: 2h<\/p>\n<p>&#8211; Napajanje za daljinski upravljalnik: 3 baterije AA 1,5 V (niso prilo\u017eene)<\/p>\n<p>&#8211; Starost otroka: nad 14 let<\/p>\n<p>&#8211; Domet daljinskega upravljalnika: 80 m<\/p>\n<p>&#8211; Medosna razdalja: 18 cm<\/p>\n<p>&#8211; Premer kolesa: 10 cm<\/p>\n<p>-Hitrost: 40 km\/h<\/p>\n<p>&nbsp;<\/p>\n<p><strong>Elementi kompleta:<\/strong><\/p>\n<p>&#8211; daljinsko voden terenski avto<\/p>\n<p>&#8211; daljinec<\/p>\n<p>&#8211; 7,4 V baterija<\/p>\n<p>&#8211; USB polnilec<\/p>\n<p>&#8211; specifikacija, priro\u010dnik v angle\u0161kem jeziku<\/p>\n<p>&nbsp;<\/p>\n<p><strong>Dimenzije izbranih elementov kompleta:<\/strong><\/p>\n<p>&#8211; terensko vozilo na daljinsko vodenje:<\/p>\n<p>39 cm x 27 cm x 14 cm<\/p>\n<p>&#8211; daljinec:<\/p>\n<p>22 cm x 12 cm x 8 cm<\/p>\n<p><strong>Dimenzije \u0161katle:<\/strong><\/p>\n<p>45,5 cm x 28 cm x 15 cm<\/p>\n<p>Igra\u010da je namenjena otrokom starej\u0161im od 14 let.\u00a0Komplet ima CE certifikat in ustreza standardu EN 71.\u00a0Pakiran je v kartonski \u0161katli s prozornim okencem, zato je idealen za darilo.<\/p>\n<p>&nbsp;<\/p>\n","protected":false},"excerpt":{"rendered":"<p>Ve\u010d vrst ohi\u0161ij, isti motor 1. NAJCENEJE 2. BREZPLA\u010cNA DOSTAVA 3. NOVO IN ZAPAKIRANO 4. KAKOVOSTNA KONSTRUKCIJA ODLI\u010cNO VOZILO GLEDE NA CENO IN KAKOVOST. Robustno in premaga vse ovire. Daljinsko vodeno terensko vozilo ENOZE SPEED CAR, M1:10, 40 km\/h, Velika kolesa, rumeno \u010ce imate radi odprave po razli\u010dnih terenih, je to terensko vozilo odli\u010dno za [&hellip;]<\/p>\n","protected":false},"featured_media":21014,"template":"","meta":[],"product_cat":[374,361],"product_tag":[],"acf":[],"yoast_head":"<!-- This site is optimized with the Yoast SEO plugin v21.7 - https:\/\/yoast.com\/wordpress\/plugins\/seo\/ -->\n<title>Terensko vozilo ENOZE SPEED CAR na daljinsko upravljanje, M1:10, 40 km\/h, Velika kolesa, rumeno - TECHNIC-TOYS.com<\/title>\n<meta name=\"description\" content=\"Terensko vozilo ENOZE SPEED CAR na daljinsko upravljanje, M1:10, 40 km\/h, Velika kolesa, rumeno\" \/>\n<meta name=\"robots\" content=\"index, follow, max-snippet:-1, max-image-preview:large, max-video-preview:-1\" \/>\n<link rel=\"canonical\" href=\"https:\/\/www.technic-toys.com\/izdelek\/terensko-vozilo-enoze-speed-car-na-daljinsko-upravljanje-m110-40-km-h-velika-kolesa-rumeno\/\" \/>\n<meta property=\"og:locale\" content=\"en_US\" \/>\n<meta property=\"og:type\" content=\"article\" \/>\n<meta property=\"og:title\" content=\"Terensko vozilo ENOZE SPEED CAR na daljinsko upravljanje, M1:10, 40 km\/h, Velika kolesa, rumeno - TECHNIC-TOYS.com\" \/>\n<meta property=\"og:description\" content=\"Terensko vozilo ENOZE SPEED CAR na daljinsko upravljanje, M1:10, 40 km\/h, Velika kolesa, rumeno\" \/>\n<meta property=\"og:url\" content=\"https:\/\/www.technic-toys.com\/izdelek\/terensko-vozilo-enoze-speed-car-na-daljinsko-upravljanje-m110-40-km-h-velika-kolesa-rumeno\/\" \/>\n<meta property=\"og:site_name\" content=\"TECHNIC-TOYS.com\" \/>\n<meta property=\"article:modified_time\" content=\"2024-12-04T18:02:13+00:00\" \/>\n<meta property=\"og:image\" content=\"https:\/\/www.technic-toys.com\/wp-content\/uploads\/2022\/09\/terensko-vozilo-na-daljinsko-upravljanje-enoze-40km-h-velika-kolesa5.jpg\" \/>\n\t<meta property=\"og:image:width\" content=\"1000\" \/>\n\t<meta property=\"og:image:height\" content=\"750\" \/>\n\t<meta property=\"og:image:type\" content=\"image\/jpeg\" \/>\n<meta name=\"twitter:card\" content=\"summary_large_image\" \/>\n<meta name=\"twitter:label1\" content=\"Est. reading time\" \/>\n\t<meta name=\"twitter:data1\" content=\"3 minutes\" \/>\n<script type=\"application\/ld+json\" class=\"yoast-schema-graph\">{\"@context\":\"https:\/\/schema.org\",\"@graph\":[{\"@type\":\"WebPage\",\"@id\":\"https:\/\/www.technic-toys.com\/izdelek\/terensko-vozilo-enoze-speed-car-na-daljinsko-upravljanje-m110-40-km-h-velika-kolesa-rumeno\/\",\"url\":\"https:\/\/www.technic-toys.com\/izdelek\/terensko-vozilo-enoze-speed-car-na-daljinsko-upravljanje-m110-40-km-h-velika-kolesa-rumeno\/\",\"name\":\"Terensko vozilo ENOZE SPEED CAR na daljinsko upravljanje, M1:10, 40 km\/h, Velika kolesa, rumeno - TECHNIC-TOYS.com\",\"isPartOf\":{\"@id\":\"https:\/\/www.technic-toys.com\/en\/#website\"},\"datePublished\":\"2022-09-09T20:34:01+00:00\",\"dateModified\":\"2024-12-04T18:02:13+00:00\",\"description\":\"Terensko vozilo ENOZE SPEED CAR na daljinsko upravljanje, M1:10, 40 km\/h, Velika kolesa, rumeno\",\"breadcrumb\":{\"@id\":\"https:\/\/www.technic-toys.com\/izdelek\/terensko-vozilo-enoze-speed-car-na-daljinsko-upravljanje-m110-40-km-h-velika-kolesa-rumeno\/#breadcrumb\"},\"inLanguage\":\"en-US\",\"potentialAction\":[{\"@type\":\"ReadAction\",\"target\":[\"https:\/\/www.technic-toys.com\/izdelek\/terensko-vozilo-enoze-speed-car-na-daljinsko-upravljanje-m110-40-km-h-velika-kolesa-rumeno\/\"]}]},{\"@type\":\"BreadcrumbList\",\"@id\":\"https:\/\/www.technic-toys.com\/izdelek\/terensko-vozilo-enoze-speed-car-na-daljinsko-upravljanje-m110-40-km-h-velika-kolesa-rumeno\/#breadcrumb\",\"itemListElement\":[{\"@type\":\"ListItem\",\"position\":1,\"name\":\"Domov\",\"item\":\"https:\/\/www.technic-toys.com\/en\/\"},{\"@type\":\"ListItem\",\"position\":2,\"name\":\"Shop\",\"item\":\"https:\/\/www.technic-toys.com\/en\/shop-2\/\"},{\"@type\":\"ListItem\",\"position\":3,\"name\":\"Terensko vozilo ENOZE SPEED CAR na daljinsko upravljanje, M1:10, 40 km\/h, Velika kolesa, rumeno\"}]},{\"@type\":\"WebSite\",\"@id\":\"https:\/\/www.technic-toys.com\/en\/#website\",\"url\":\"https:\/\/www.technic-toys.com\/en\/\",\"name\":\"TECHNIC-TOYS.com\",\"description\":\"\",\"potentialAction\":[{\"@type\":\"SearchAction\",\"target\":{\"@type\":\"EntryPoint\",\"urlTemplate\":\"https:\/\/www.technic-toys.com\/en\/?s={search_term_string}\"},\"query-input\":\"required name=search_term_string\"}],\"inLanguage\":\"en-US\"}]}<\/script>\n<!-- \/ Yoast SEO plugin. -->","yoast_head_json":{"title":"Terensko vozilo ENOZE SPEED CAR na daljinsko upravljanje, M1:10, 40 km\/h, Velika kolesa, rumeno - TECHNIC-TOYS.com","description":"Terensko vozilo ENOZE SPEED CAR na daljinsko upravljanje, M1:10, 40 km\/h, Velika kolesa, rumeno","robots":{"index":"index","follow":"follow","max-snippet":"max-snippet:-1","max-image-preview":"max-image-preview:large","max-video-preview":"max-video-preview:-1"},"canonical":"https:\/\/www.technic-toys.com\/izdelek\/terensko-vozilo-enoze-speed-car-na-daljinsko-upravljanje-m110-40-km-h-velika-kolesa-rumeno\/","og_locale":"en_US","og_type":"article","og_title":"Terensko vozilo ENOZE SPEED CAR na daljinsko upravljanje, M1:10, 40 km\/h, Velika kolesa, rumeno - TECHNIC-TOYS.com","og_description":"Terensko vozilo ENOZE SPEED CAR na daljinsko upravljanje, M1:10, 40 km\/h, Velika kolesa, rumeno","og_url":"https:\/\/www.technic-toys.com\/izdelek\/terensko-vozilo-enoze-speed-car-na-daljinsko-upravljanje-m110-40-km-h-velika-kolesa-rumeno\/","og_site_name":"TECHNIC-TOYS.com","article_modified_time":"2024-12-04T18:02:13+00:00","og_image":[{"width":1000,"height":750,"url":"https:\/\/www.technic-toys.com\/wp-content\/uploads\/2022\/09\/terensko-vozilo-na-daljinsko-upravljanje-enoze-40km-h-velika-kolesa5.jpg","type":"image\/jpeg"}],"twitter_card":"summary_large_image","twitter_misc":{"Est. reading time":"3 minutes"},"schema":{"@context":"https:\/\/schema.org","@graph":[{"@type":"WebPage","@id":"https:\/\/www.technic-toys.com\/izdelek\/terensko-vozilo-enoze-speed-car-na-daljinsko-upravljanje-m110-40-km-h-velika-kolesa-rumeno\/","url":"https:\/\/www.technic-toys.com\/izdelek\/terensko-vozilo-enoze-speed-car-na-daljinsko-upravljanje-m110-40-km-h-velika-kolesa-rumeno\/","name":"Terensko vozilo ENOZE SPEED CAR na daljinsko upravljanje, M1:10, 40 km\/h, Velika kolesa, rumeno - TECHNIC-TOYS.com","isPartOf":{"@id":"https:\/\/www.technic-toys.com\/en\/#website"},"datePublished":"2022-09-09T20:34:01+00:00","dateModified":"2024-12-04T18:02:13+00:00","description":"Terensko vozilo ENOZE SPEED CAR na daljinsko upravljanje, M1:10, 40 km\/h, Velika kolesa, rumeno","breadcrumb":{"@id":"https:\/\/www.technic-toys.com\/izdelek\/terensko-vozilo-enoze-speed-car-na-daljinsko-upravljanje-m110-40-km-h-velika-kolesa-rumeno\/#breadcrumb"},"inLanguage":"en-US","potentialAction":[{"@type":"ReadAction","target":["https:\/\/www.technic-toys.com\/izdelek\/terensko-vozilo-enoze-speed-car-na-daljinsko-upravljanje-m110-40-km-h-velika-kolesa-rumeno\/"]}]},{"@type":"BreadcrumbList","@id":"https:\/\/www.technic-toys.com\/izdelek\/terensko-vozilo-enoze-speed-car-na-daljinsko-upravljanje-m110-40-km-h-velika-kolesa-rumeno\/#breadcrumb","itemListElement":[{"@type":"ListItem","position":1,"name":"Domov","item":"https:\/\/www.technic-toys.com\/en\/"},{"@type":"ListItem","position":2,"name":"Shop","item":"https:\/\/www.technic-toys.com\/en\/shop-2\/"},{"@type":"ListItem","position":3,"name":"Terensko vozilo ENOZE SPEED CAR na daljinsko upravljanje, M1:10, 40 km\/h, Velika kolesa, rumeno"}]},{"@type":"WebSite","@id":"https:\/\/www.technic-toys.com\/en\/#website","url":"https:\/\/www.technic-toys.com\/en\/","name":"TECHNIC-TOYS.com","description":"","potentialAction":[{"@type":"SearchAction","target":{"@type":"EntryPoint","urlTemplate":"https:\/\/www.technic-toys.com\/en\/?s={search_term_string}"},"query-input":"required name=search_term_string"}],"inLanguage":"en-US"}]}},"_links":{"self":[{"href":"https:\/\/www.technic-toys.com\/en\/wp-json\/wp\/v2\/product\/20996"}],"collection":[{"href":"https:\/\/www.technic-toys.com\/en\/wp-json\/wp\/v2\/product"}],"about":[{"href":"https:\/\/www.technic-toys.com\/en\/wp-json\/wp\/v2\/types\/product"}],"wp:featuredmedia":[{"embeddable":true,"href":"https:\/\/www.technic-toys.com\/en\/wp-json\/wp\/v2\/media\/21014"}],"wp:attachment":[{"href":"https:\/\/www.technic-toys.com\/en\/wp-json\/wp\/v2\/media?parent=20996"}],"wp:term":[{"taxonomy":"product_cat","embeddable":true,"href":"https:\/\/www.technic-toys.com\/en\/wp-json\/wp\/v2\/product_cat?post=20996"},{"taxonomy":"product_tag","embeddable":true,"href":"https:\/\/www.technic-toys.com\/en\/wp-json\/wp\/v2\/product_tag?post=20996"}],"curies":[{"name":"wp","href":"https:\/\/api.w.org\/{rel}","templated":true}]}}