{"id":21061,"date":"2022-10-16T22:24:15","date_gmt":"2022-10-16T20:24:15","guid":{"rendered":"https:\/\/www.technic-toys.com\/?post_type=product&#038;p=21061"},"modified":"2024-12-04T19:02:13","modified_gmt":"2024-12-04T18:02:13","slug":"otrosko-motorno-kolo-bmw-police-motor-jt5002b-policija-motocikel-na-akumulator","status":"publish","type":"product","link":"https:\/\/www.technic-toys.com\/en\/izdelek\/otrosko-motorno-kolo-bmw-police-motor-jt5002b-policija-motocikel-na-akumulator\/","title":{"rendered":"Otro\u0161ko motorno kolo BMW Police Motor JT5002B, POLICIJA motocikel na akumulator"},"content":{"rendered":"<p>BREZPLA\u010cNA DOSTAVA<\/p>\n<p>1. NAJCENEJE<br \/>\n2. BREZPLA\u010cNA DOSTAVA<br \/>\n3. NOVO IN ZAPAKIRANO<br \/>\n4. kakovostna konstrukcija, nem\u0161ki dizajn<br \/>\n5. V modro-beli barvi, \u200b\u200belektri\u010dni motocikel motor BMW Police Battery Motor JT5002B White<\/p>\n<p>TEHNI\u010cNI PODATKI<br \/>\nMotor kar 2x 45W<br \/>\nbaterija 12V 7 Ah<br \/>\nPrestave (po\u010dasen in hiter na\u010din)<br \/>\nKolesa EVA kolesa zagotavljajo visoko raven udobja<br \/>\nVelikost avtomobila 111 cm x 62 cm x 76 cm<br \/>\nMe\u017eo 8 kg<br \/>\nmaks. obremenitev 30 kg<br \/>\n\u010cas polnjenja 8h<br \/>\n\u010cas vo\u017enje ~ 1 ura<br \/>\nDrugo elektri\u010dna zavora deluje, ko spustite stopalko za plin<\/p>\n<p>Dimenzija paketa:<br \/>\n112 cm x 62 cm x 76 cm<\/p>\n<p>DODATNE INFORMACIJE<br \/>\nPriporo\u010dena starost 3+<br \/>\npotrdilo Certificirano CE, EN<\/p>\n<p>BMW elektri\u010dna vo\u017enja z motornim kolesom motociklom na akumulator<\/p>\n<p>\u010ce se va\u0161i otroci po\u010dutijo mo\u010dne glede vozil in imajo radi razli\u010dne vrste motociklov, bo ta popoln. Znana znamka BMW je vedno dobra izbira. Ta motocikel ima uradno licenco skupine BMW, kar pomeni, da izgleda tako kot pravi model in je popolna imitacija.<\/p>\n<p>Motocikel BMW bo odli\u010den za male voznike, ki med vo\u017enjo \u0161e vedno delajo na ohranjanju ravnote\u017eja. V njegovi konstrukciji so majhna, \u010drna stranska kolesa, ki podpirajo majhne popotnike in jim omogo\u010dajo udobno in varno vo\u017enjo.<\/p>\n<p>Zelo enostavno je, svojega mal\u010dka postavite na udoben sede\u017e, obrnite klju\u010d v kontaktu in pritisnite stopalko za plin. Preprosto, kajne? Voznik lahko za\u010dne svojo pot z zvo\u010dnim u\u010dinkom zagona motorja. Sklanjanje je tako enostavno kot vo\u017enja motocikla. Vse kar morate storiti je, da odstranite nogo s stopalke za plin, da se samodejno ustavite.<\/p>\n<p>S \u010dudovitim in elegantnim videzom boste izstopali kamor koli greste! ODLI\u010cNA KAKOVOST PO BMW LICENCI.<\/p>\n<p>Predstavljeni motocikel se napaja z baterijo 12V7Ah in motorjem 2x45W z najve\u010djo hitrostjo od 3 do 6 km\/h. Ta model je opremljen z LED lu\u010dmi, z vetrobranskim steklom, stranskimi ogledali, EVA plati\u0161\u010di, ki omogo\u010dajo uporabo tega motocikla na razli\u010dnih podlagah in naredijo vo\u017enjo udobnej\u0161o za va\u0161ega otroka.<\/p>\n<p>Ta model je bil zasnovan za otroke, starej\u0161e od 3 let. Vsi materiali uporabljeni za izdelavo tega velikega in elegantnega vozila, so izdelani iz zelo mo\u010dnih, a okolju prijaznih delov. Vozilo ima CE certifikat, ki zagotavlja varno uporabo po normativih Evropske unije. Vozilo je pakirano v originalni \u0161katli z navodili za samostojno sestavljanje (priporo\u010dilo youtube).<\/p>\n","protected":false},"excerpt":{"rendered":"<p>BREZPLA\u010cNA DOSTAVA 1. NAJCENEJE 2. BREZPLA\u010cNA DOSTAVA 3. NOVO IN ZAPAKIRANO 4. kakovostna konstrukcija, nem\u0161ki dizajn 5. V modro-beli barvi, \u200b\u200belektri\u010dni motocikel motor BMW Police Battery Motor JT5002B White TEHNI\u010cNI PODATKI Motor kar 2x 45W baterija 12V 7 Ah Prestave (po\u010dasen in hiter na\u010din) Kolesa EVA kolesa zagotavljajo visoko raven udobja Velikost avtomobila 111 cm [&hellip;]<\/p>\n","protected":false},"featured_media":21064,"template":"","meta":[],"product_cat":[374,469],"product_tag":[],"acf":[],"yoast_head":"<!-- This site is optimized with the Yoast SEO plugin v21.7 - https:\/\/yoast.com\/wordpress\/plugins\/seo\/ -->\n<title>Otro\u0161ko motorno kolo BMW Police Motor JT5002B, POLICIJA motocikel na akumulator - TECHNIC-TOYS.com<\/title>\n<meta name=\"description\" content=\"Otro\u0161ko motorno kolo BMW Police Motor JT5002B, POLICIJA motocikel na akumulator\" \/>\n<meta name=\"robots\" content=\"index, follow, max-snippet:-1, max-image-preview:large, max-video-preview:-1\" \/>\n<link rel=\"canonical\" href=\"https:\/\/www.technic-toys.com\/izdelek\/otrosko-motorno-kolo-bmw-police-motor-jt5002b-policija-motocikel-na-akumulator\/\" \/>\n<meta property=\"og:locale\" content=\"en_US\" \/>\n<meta property=\"og:type\" content=\"article\" \/>\n<meta property=\"og:title\" content=\"Otro\u0161ko motorno kolo BMW Police Motor JT5002B, POLICIJA motocikel na akumulator - TECHNIC-TOYS.com\" \/>\n<meta property=\"og:description\" content=\"Otro\u0161ko motorno kolo BMW Police Motor JT5002B, POLICIJA motocikel na akumulator\" \/>\n<meta property=\"og:url\" content=\"https:\/\/www.technic-toys.com\/izdelek\/otrosko-motorno-kolo-bmw-police-motor-jt5002b-policija-motocikel-na-akumulator\/\" \/>\n<meta property=\"og:site_name\" content=\"TECHNIC-TOYS.com\" \/>\n<meta property=\"article:modified_time\" content=\"2024-12-04T18:02:13+00:00\" \/>\n<meta property=\"og:image\" content=\"https:\/\/www.technic-toys.com\/wp-content\/uploads\/2022\/10\/BMW-MOTOR-MOTOCIKL-POLICE-JT5002B-policija-otroski-motor-djecji-na-akumulator.jpg\" \/>\n\t<meta property=\"og:image:width\" content=\"899\" \/>\n\t<meta property=\"og:image:height\" content=\"600\" \/>\n\t<meta property=\"og:image:type\" content=\"image\/jpeg\" \/>\n<meta name=\"twitter:card\" content=\"summary_large_image\" \/>\n<meta name=\"twitter:label1\" content=\"Est. reading time\" \/>\n\t<meta name=\"twitter:data1\" content=\"3 minutes\" \/>\n<script type=\"application\/ld+json\" class=\"yoast-schema-graph\">{\"@context\":\"https:\/\/schema.org\",\"@graph\":[{\"@type\":\"WebPage\",\"@id\":\"https:\/\/www.technic-toys.com\/izdelek\/otrosko-motorno-kolo-bmw-police-motor-jt5002b-policija-motocikel-na-akumulator\/\",\"url\":\"https:\/\/www.technic-toys.com\/izdelek\/otrosko-motorno-kolo-bmw-police-motor-jt5002b-policija-motocikel-na-akumulator\/\",\"name\":\"Otro\u0161ko motorno kolo BMW Police Motor JT5002B, POLICIJA motocikel na akumulator - TECHNIC-TOYS.com\",\"isPartOf\":{\"@id\":\"https:\/\/www.technic-toys.com\/en\/#website\"},\"datePublished\":\"2022-10-16T20:24:15+00:00\",\"dateModified\":\"2024-12-04T18:02:13+00:00\",\"description\":\"Otro\u0161ko motorno kolo BMW Police Motor JT5002B, POLICIJA motocikel na akumulator\",\"breadcrumb\":{\"@id\":\"https:\/\/www.technic-toys.com\/izdelek\/otrosko-motorno-kolo-bmw-police-motor-jt5002b-policija-motocikel-na-akumulator\/#breadcrumb\"},\"inLanguage\":\"en-US\",\"potentialAction\":[{\"@type\":\"ReadAction\",\"target\":[\"https:\/\/www.technic-toys.com\/izdelek\/otrosko-motorno-kolo-bmw-police-motor-jt5002b-policija-motocikel-na-akumulator\/\"]}]},{\"@type\":\"BreadcrumbList\",\"@id\":\"https:\/\/www.technic-toys.com\/izdelek\/otrosko-motorno-kolo-bmw-police-motor-jt5002b-policija-motocikel-na-akumulator\/#breadcrumb\",\"itemListElement\":[{\"@type\":\"ListItem\",\"position\":1,\"name\":\"Domov\",\"item\":\"https:\/\/www.technic-toys.com\/en\/\"},{\"@type\":\"ListItem\",\"position\":2,\"name\":\"Shop\",\"item\":\"https:\/\/www.technic-toys.com\/en\/shop-2\/\"},{\"@type\":\"ListItem\",\"position\":3,\"name\":\"Otro\u0161ko motorno kolo BMW Police Motor JT5002B, POLICIJA motocikel na akumulator\"}]},{\"@type\":\"WebSite\",\"@id\":\"https:\/\/www.technic-toys.com\/en\/#website\",\"url\":\"https:\/\/www.technic-toys.com\/en\/\",\"name\":\"TECHNIC-TOYS.com\",\"description\":\"\",\"potentialAction\":[{\"@type\":\"SearchAction\",\"target\":{\"@type\":\"EntryPoint\",\"urlTemplate\":\"https:\/\/www.technic-toys.com\/en\/?s={search_term_string}\"},\"query-input\":\"required name=search_term_string\"}],\"inLanguage\":\"en-US\"}]}<\/script>\n<!-- \/ Yoast SEO plugin. -->","yoast_head_json":{"title":"Otro\u0161ko motorno kolo BMW Police Motor JT5002B, POLICIJA motocikel na akumulator - TECHNIC-TOYS.com","description":"Otro\u0161ko motorno kolo BMW Police Motor JT5002B, POLICIJA motocikel na akumulator","robots":{"index":"index","follow":"follow","max-snippet":"max-snippet:-1","max-image-preview":"max-image-preview:large","max-video-preview":"max-video-preview:-1"},"canonical":"https:\/\/www.technic-toys.com\/izdelek\/otrosko-motorno-kolo-bmw-police-motor-jt5002b-policija-motocikel-na-akumulator\/","og_locale":"en_US","og_type":"article","og_title":"Otro\u0161ko motorno kolo BMW Police Motor JT5002B, POLICIJA motocikel na akumulator - TECHNIC-TOYS.com","og_description":"Otro\u0161ko motorno kolo BMW Police Motor JT5002B, POLICIJA motocikel na akumulator","og_url":"https:\/\/www.technic-toys.com\/izdelek\/otrosko-motorno-kolo-bmw-police-motor-jt5002b-policija-motocikel-na-akumulator\/","og_site_name":"TECHNIC-TOYS.com","article_modified_time":"2024-12-04T18:02:13+00:00","og_image":[{"width":899,"height":600,"url":"https:\/\/www.technic-toys.com\/wp-content\/uploads\/2022\/10\/BMW-MOTOR-MOTOCIKL-POLICE-JT5002B-policija-otroski-motor-djecji-na-akumulator.jpg","type":"image\/jpeg"}],"twitter_card":"summary_large_image","twitter_misc":{"Est. reading time":"3 minutes"},"schema":{"@context":"https:\/\/schema.org","@graph":[{"@type":"WebPage","@id":"https:\/\/www.technic-toys.com\/izdelek\/otrosko-motorno-kolo-bmw-police-motor-jt5002b-policija-motocikel-na-akumulator\/","url":"https:\/\/www.technic-toys.com\/izdelek\/otrosko-motorno-kolo-bmw-police-motor-jt5002b-policija-motocikel-na-akumulator\/","name":"Otro\u0161ko motorno kolo BMW Police Motor JT5002B, POLICIJA motocikel na akumulator - TECHNIC-TOYS.com","isPartOf":{"@id":"https:\/\/www.technic-toys.com\/en\/#website"},"datePublished":"2022-10-16T20:24:15+00:00","dateModified":"2024-12-04T18:02:13+00:00","description":"Otro\u0161ko motorno kolo BMW Police Motor JT5002B, POLICIJA motocikel na akumulator","breadcrumb":{"@id":"https:\/\/www.technic-toys.com\/izdelek\/otrosko-motorno-kolo-bmw-police-motor-jt5002b-policija-motocikel-na-akumulator\/#breadcrumb"},"inLanguage":"en-US","potentialAction":[{"@type":"ReadAction","target":["https:\/\/www.technic-toys.com\/izdelek\/otrosko-motorno-kolo-bmw-police-motor-jt5002b-policija-motocikel-na-akumulator\/"]}]},{"@type":"BreadcrumbList","@id":"https:\/\/www.technic-toys.com\/izdelek\/otrosko-motorno-kolo-bmw-police-motor-jt5002b-policija-motocikel-na-akumulator\/#breadcrumb","itemListElement":[{"@type":"ListItem","position":1,"name":"Domov","item":"https:\/\/www.technic-toys.com\/en\/"},{"@type":"ListItem","position":2,"name":"Shop","item":"https:\/\/www.technic-toys.com\/en\/shop-2\/"},{"@type":"ListItem","position":3,"name":"Otro\u0161ko motorno kolo BMW Police Motor JT5002B, POLICIJA motocikel na akumulator"}]},{"@type":"WebSite","@id":"https:\/\/www.technic-toys.com\/en\/#website","url":"https:\/\/www.technic-toys.com\/en\/","name":"TECHNIC-TOYS.com","description":"","potentialAction":[{"@type":"SearchAction","target":{"@type":"EntryPoint","urlTemplate":"https:\/\/www.technic-toys.com\/en\/?s={search_term_string}"},"query-input":"required name=search_term_string"}],"inLanguage":"en-US"}]}},"_links":{"self":[{"href":"https:\/\/www.technic-toys.com\/en\/wp-json\/wp\/v2\/product\/21061"}],"collection":[{"href":"https:\/\/www.technic-toys.com\/en\/wp-json\/wp\/v2\/product"}],"about":[{"href":"https:\/\/www.technic-toys.com\/en\/wp-json\/wp\/v2\/types\/product"}],"wp:featuredmedia":[{"embeddable":true,"href":"https:\/\/www.technic-toys.com\/en\/wp-json\/wp\/v2\/media\/21064"}],"wp:attachment":[{"href":"https:\/\/www.technic-toys.com\/en\/wp-json\/wp\/v2\/media?parent=21061"}],"wp:term":[{"taxonomy":"product_cat","embeddable":true,"href":"https:\/\/www.technic-toys.com\/en\/wp-json\/wp\/v2\/product_cat?post=21061"},{"taxonomy":"product_tag","embeddable":true,"href":"https:\/\/www.technic-toys.com\/en\/wp-json\/wp\/v2\/product_tag?post=21061"}],"curies":[{"name":"wp","href":"https:\/\/api.w.org\/{rel}","templated":true}]}}