{"id":21231,"date":"2022-11-04T14:12:39","date_gmt":"2022-11-04T13:12:39","guid":{"rendered":"https:\/\/www.technic-toys.com\/?post_type=product&#038;p=21231"},"modified":"2024-12-04T19:02:10","modified_gmt":"2024-12-04T18:02:10","slug":"licencni-tovornjak-prekucnik-z-zerjavom-mercedes-benz-arocs-24ghz-rtr-zelene-barve","status":"publish","type":"product","link":"https:\/\/www.technic-toys.com\/en\/izdelek\/licencni-tovornjak-prekucnik-z-zerjavom-mercedes-benz-arocs-24ghz-rtr-zelene-barve\/","title":{"rendered":"Licen\u010dni tovornjak prekucnik z \u017eerjavom Mercedes-Benz Arocs 2,4GHz RTR zelene barve"},"content":{"rendered":"<p>Licen\u010dno vozilo Mercedes-Benz Arocs s karoserijo \u017eerjava in funkcijo prekucovanja, ki dopolnjuje na\u0161e druge licen\u010dne modele iz serije prekucnikov Arocs (enako merilo 1:14) in navdu\u0161uje ne le s posebno barvo, ampak tudi s svojo paleto funkcij. Vse vozne funkcije in razli\u010dne funkcije strukture \u017eerjava (razen vrtenja in odpiranja\/zapiranja prijemala) je mogo\u010de krmiliti popolnoma sorazmerno. Poleg tega je v kompletu \u0161e grabilec za odpadke, ki omogo\u010da \u0161e ve\u010djo raznolikost uporabe in zagotavlja raznolikost. Oba prijemala, prijemala za les in prijemala za odpadke, lahko zamenjate v kratkem \u010dasu. Vozilo ima LED osvetlitev spredaj in zadaj, smernike spredaj in zadaj ter dve rumeni opozorilni lu\u010di na strehi, tako da lahko delate v stilu tudi v mraku. Poleg tega je v model vgrajen zvo\u010dni modul, ki realisti\u010dno reproducira vozne funkcije, vklju\u010dno z opozorilnim tonom za vzvratno vo\u017enjo! Vse strani stranske stene je mogo\u010de odpreti na prekucnem nadstre\u0161ku, npr. za prevoz dalj\u0161ih hlodov. Komplet zaokro\u017ea obseg dobave z baterijo (7,4 V LiIon 1200 mAh), polnilnikom, visokokakovostnim 2,4 GHz oddajnikom in orodjem za monta\u017eo vklju\u010dno z vijakom za dodatni prijem za odpadke.<\/p>\n<p>Poudarki:<\/p>\n<p>Elektri\u010dni zbiralnik odpadkov: mo\u017ena je \u0161e ve\u010dja raznolikost uporab<br \/>\nEkskluziven poseben zaklju\u010dek: prava pa\u0161a za o\u010di v zeleni barvi, ki se ujema z delom v gozdu<br \/>\nPopolnoma delujo\u010da konstrukcija \u017eerjava: v celoti sestavljena na vozilu, takoj\u0161nja uporaba<br \/>\nDruge lastnosti:<\/p>\n<p>Razli\u010dica RTR (pripravljena za uporabo)<br \/>\nPovsem sorazmerne vozne funkcije<br \/>\nRazli\u010dne funkcije \u017eerjava je mogo\u010de upravljati sorazmerno (gor\/dol: glavna roka in roka)<br \/>\nLi-Ion 7,4 V 1200 mAh baterija za dolge vo\u017enje do 20 minut<br \/>\nVisokokakovosten 2,4 Ghz oddajnik s skupno 16 krmilnimi funkcijami<br \/>\nPrilo\u017een dodatni pribor (orodje za monta\u017eo, vijak za monta\u017eo)<br \/>\nZmogljiv pogon in za\u0161\u010ditna oprema na prijemu (presko\u010di, \u010de je obremenitev prevelika)<br \/>\ngumijaste pnevmatike<br \/>\n4WD pogon<\/p>\n<p>Tehni\u010dne specifikacije:<\/p>\n<p>Merilo: 1:14<br \/>\nDol\u017eina: 490 mm<br \/>\n\u0160irina: 155 mm<br \/>\nVi\u0161ina: najmanj 300 mm<br \/>\nTe\u017ea: pribli\u017eno 2450g<br \/>\nMedosna razdalja: 260 mm (od prve do zadnje osi)<br \/>\n\u0160irina sprednjega koloteka: 120 mm<br \/>\n\u0160irina zadnjega koloteka: 120 mm<br \/>\nOddaljenost od tal: pribli\u017eno 18 mm<br \/>\nSprednja kolesa: zunanji premer\/\u0161irina 65 \/ 20 mm<br \/>\nZadnja kolesa: zunanji premer\/\u0161irina 65\/25 mm<br \/>\nPremer plati\u0161\u010da: 37 mm<br \/>\nZobnik: plastika<br \/>\nZavora: elektronska<br \/>\nKrmilnik: enota vse v enem<br \/>\nMotor: krta\u010den<br \/>\nGlavni material: plastika<br \/>\nPredal za baterije: 85x50x33 mm<br \/>\nBaterija: Li-Ion, 2S 7.4V 1200mAh, tip okrogle celice 13650, konektor BEC, 70x35x20mm, 73g<br \/>\n\u010cas vo\u017enje: do 20 minut<br \/>\nNajve\u010dja hitrost: pribli\u017eno 8-10 km\/h<br \/>\nDaljinski upravljalnik: 16 kanalov, 2,4 GHz, samodejna vezava<br \/>\nDomet: cca 60-80m<br \/>\nPolnilec: USB<br \/>\n\u010cas polnjenja: 100-120 min<br \/>\nObseg dobave:<\/p>\n<p>model<br \/>\nDaljinec<br \/>\nbaterijski paket<br \/>\npolnilni kabel<br \/>\nizvija\u010d<br \/>\nvijak<br \/>\ngrabilec odpadkov<br \/>\nNavodila za uporabo DE\/EN\/FR\/IT<br \/>\nPotrebni dodatki:<\/p>\n<p>4x 1,5V AA mignon baterije za daljinski upravljalnik<\/p>\n","protected":false},"excerpt":{"rendered":"<p>Licen\u010dno vozilo Mercedes-Benz Arocs s karoserijo \u017eerjava in funkcijo prekucovanja, ki dopolnjuje na\u0161e druge licen\u010dne modele iz serije prekucnikov Arocs (enako merilo 1:14) in navdu\u0161uje ne le s posebno barvo, ampak tudi s svojo paleto funkcij. Vse vozne funkcije in razli\u010dne funkcije strukture \u017eerjava (razen vrtenja in odpiranja\/zapiranja prijemala) je mogo\u010de krmiliti popolnoma sorazmerno. Poleg [&hellip;]<\/p>\n","protected":false},"featured_media":21261,"template":"","meta":[],"product_cat":[374,360],"product_tag":[],"acf":[],"yoast_head":"<!-- This site is optimized with the Yoast SEO plugin v21.7 - https:\/\/yoast.com\/wordpress\/plugins\/seo\/ -->\n<title>Licen\u010dni tovornjak prekucnik z \u017eerjavom Mercedes-Benz Arocs 2,4GHz RTR zelene barve - TECHNIC-TOYS.com<\/title>\n<meta name=\"robots\" content=\"index, follow, max-snippet:-1, max-image-preview:large, max-video-preview:-1\" \/>\n<link rel=\"canonical\" href=\"https:\/\/www.technic-toys.com\/izdelek\/licencni-tovornjak-prekucnik-z-zerjavom-mercedes-benz-arocs-24ghz-rtr-zelene-barve\/\" \/>\n<meta property=\"og:locale\" content=\"en_US\" \/>\n<meta property=\"og:type\" content=\"article\" \/>\n<meta property=\"og:title\" content=\"Licen\u010dni tovornjak prekucnik z \u017eerjavom Mercedes-Benz Arocs 2,4GHz RTR zelene barve - TECHNIC-TOYS.com\" \/>\n<meta property=\"og:description\" content=\"Licen\u010dno vozilo Mercedes-Benz Arocs s karoserijo \u017eerjava in funkcijo prekucovanja, ki dopolnjuje na\u0161e druge licen\u010dne modele iz serije prekucnikov Arocs (enako merilo 1:14) in navdu\u0161uje ne le s posebno barvo, ampak tudi s svojo paleto funkcij. Vse vozne funkcije in razli\u010dne funkcije strukture \u017eerjava (razen vrtenja in odpiranja\/zapiranja prijemala) je mogo\u010de krmiliti popolnoma sorazmerno. Poleg [&hellip;]\" \/>\n<meta property=\"og:url\" content=\"https:\/\/www.technic-toys.com\/izdelek\/licencni-tovornjak-prekucnik-z-zerjavom-mercedes-benz-arocs-24ghz-rtr-zelene-barve\/\" \/>\n<meta property=\"og:site_name\" content=\"TECHNIC-TOYS.com\" \/>\n<meta property=\"article:modified_time\" content=\"2024-12-04T18:02:10+00:00\" \/>\n<meta property=\"og:image\" content=\"https:\/\/www.technic-toys.com\/wp-content\/uploads\/2022\/11\/Licencni-tovornjak-prekucnik-z-zerjavom-Mercedes-Benz-Arocs-24GHz-RTR-zelene-barve.jpg\" \/>\n\t<meta property=\"og:image:width\" content=\"2560\" \/>\n\t<meta property=\"og:image:height\" content=\"1468\" \/>\n\t<meta property=\"og:image:type\" content=\"image\/jpeg\" \/>\n<meta name=\"twitter:card\" content=\"summary_large_image\" \/>\n<meta name=\"twitter:label1\" content=\"Est. reading time\" \/>\n\t<meta name=\"twitter:data1\" content=\"3 minutes\" \/>\n<script type=\"application\/ld+json\" class=\"yoast-schema-graph\">{\"@context\":\"https:\/\/schema.org\",\"@graph\":[{\"@type\":\"WebPage\",\"@id\":\"https:\/\/www.technic-toys.com\/izdelek\/licencni-tovornjak-prekucnik-z-zerjavom-mercedes-benz-arocs-24ghz-rtr-zelene-barve\/\",\"url\":\"https:\/\/www.technic-toys.com\/izdelek\/licencni-tovornjak-prekucnik-z-zerjavom-mercedes-benz-arocs-24ghz-rtr-zelene-barve\/\",\"name\":\"Licen\u010dni tovornjak prekucnik z \u017eerjavom Mercedes-Benz Arocs 2,4GHz RTR zelene barve - TECHNIC-TOYS.com\",\"isPartOf\":{\"@id\":\"https:\/\/www.technic-toys.com\/en\/#website\"},\"datePublished\":\"2022-11-04T13:12:39+00:00\",\"dateModified\":\"2024-12-04T18:02:10+00:00\",\"breadcrumb\":{\"@id\":\"https:\/\/www.technic-toys.com\/izdelek\/licencni-tovornjak-prekucnik-z-zerjavom-mercedes-benz-arocs-24ghz-rtr-zelene-barve\/#breadcrumb\"},\"inLanguage\":\"en-US\",\"potentialAction\":[{\"@type\":\"ReadAction\",\"target\":[\"https:\/\/www.technic-toys.com\/izdelek\/licencni-tovornjak-prekucnik-z-zerjavom-mercedes-benz-arocs-24ghz-rtr-zelene-barve\/\"]}]},{\"@type\":\"BreadcrumbList\",\"@id\":\"https:\/\/www.technic-toys.com\/izdelek\/licencni-tovornjak-prekucnik-z-zerjavom-mercedes-benz-arocs-24ghz-rtr-zelene-barve\/#breadcrumb\",\"itemListElement\":[{\"@type\":\"ListItem\",\"position\":1,\"name\":\"Domov\",\"item\":\"https:\/\/www.technic-toys.com\/en\/\"},{\"@type\":\"ListItem\",\"position\":2,\"name\":\"Shop\",\"item\":\"https:\/\/www.technic-toys.com\/en\/shop-2\/\"},{\"@type\":\"ListItem\",\"position\":3,\"name\":\"Licen\u010dni tovornjak prekucnik z \u017eerjavom Mercedes-Benz Arocs 2,4GHz RTR zelene barve\"}]},{\"@type\":\"WebSite\",\"@id\":\"https:\/\/www.technic-toys.com\/en\/#website\",\"url\":\"https:\/\/www.technic-toys.com\/en\/\",\"name\":\"TECHNIC-TOYS.com\",\"description\":\"\",\"potentialAction\":[{\"@type\":\"SearchAction\",\"target\":{\"@type\":\"EntryPoint\",\"urlTemplate\":\"https:\/\/www.technic-toys.com\/en\/?s={search_term_string}\"},\"query-input\":\"required name=search_term_string\"}],\"inLanguage\":\"en-US\"}]}<\/script>\n<!-- \/ Yoast SEO plugin. -->","yoast_head_json":{"title":"Licen\u010dni tovornjak prekucnik z \u017eerjavom Mercedes-Benz Arocs 2,4GHz RTR zelene barve - TECHNIC-TOYS.com","robots":{"index":"index","follow":"follow","max-snippet":"max-snippet:-1","max-image-preview":"max-image-preview:large","max-video-preview":"max-video-preview:-1"},"canonical":"https:\/\/www.technic-toys.com\/izdelek\/licencni-tovornjak-prekucnik-z-zerjavom-mercedes-benz-arocs-24ghz-rtr-zelene-barve\/","og_locale":"en_US","og_type":"article","og_title":"Licen\u010dni tovornjak prekucnik z \u017eerjavom Mercedes-Benz Arocs 2,4GHz RTR zelene barve - TECHNIC-TOYS.com","og_description":"Licen\u010dno vozilo Mercedes-Benz Arocs s karoserijo \u017eerjava in funkcijo prekucovanja, ki dopolnjuje na\u0161e druge licen\u010dne modele iz serije prekucnikov Arocs (enako merilo 1:14) in navdu\u0161uje ne le s posebno barvo, ampak tudi s svojo paleto funkcij. Vse vozne funkcije in razli\u010dne funkcije strukture \u017eerjava (razen vrtenja in odpiranja\/zapiranja prijemala) je mogo\u010de krmiliti popolnoma sorazmerno. Poleg [&hellip;]","og_url":"https:\/\/www.technic-toys.com\/izdelek\/licencni-tovornjak-prekucnik-z-zerjavom-mercedes-benz-arocs-24ghz-rtr-zelene-barve\/","og_site_name":"TECHNIC-TOYS.com","article_modified_time":"2024-12-04T18:02:10+00:00","og_image":[{"width":2560,"height":1468,"url":"https:\/\/www.technic-toys.com\/wp-content\/uploads\/2022\/11\/Licencni-tovornjak-prekucnik-z-zerjavom-Mercedes-Benz-Arocs-24GHz-RTR-zelene-barve.jpg","type":"image\/jpeg"}],"twitter_card":"summary_large_image","twitter_misc":{"Est. reading time":"3 minutes"},"schema":{"@context":"https:\/\/schema.org","@graph":[{"@type":"WebPage","@id":"https:\/\/www.technic-toys.com\/izdelek\/licencni-tovornjak-prekucnik-z-zerjavom-mercedes-benz-arocs-24ghz-rtr-zelene-barve\/","url":"https:\/\/www.technic-toys.com\/izdelek\/licencni-tovornjak-prekucnik-z-zerjavom-mercedes-benz-arocs-24ghz-rtr-zelene-barve\/","name":"Licen\u010dni tovornjak prekucnik z \u017eerjavom Mercedes-Benz Arocs 2,4GHz RTR zelene barve - TECHNIC-TOYS.com","isPartOf":{"@id":"https:\/\/www.technic-toys.com\/en\/#website"},"datePublished":"2022-11-04T13:12:39+00:00","dateModified":"2024-12-04T18:02:10+00:00","breadcrumb":{"@id":"https:\/\/www.technic-toys.com\/izdelek\/licencni-tovornjak-prekucnik-z-zerjavom-mercedes-benz-arocs-24ghz-rtr-zelene-barve\/#breadcrumb"},"inLanguage":"en-US","potentialAction":[{"@type":"ReadAction","target":["https:\/\/www.technic-toys.com\/izdelek\/licencni-tovornjak-prekucnik-z-zerjavom-mercedes-benz-arocs-24ghz-rtr-zelene-barve\/"]}]},{"@type":"BreadcrumbList","@id":"https:\/\/www.technic-toys.com\/izdelek\/licencni-tovornjak-prekucnik-z-zerjavom-mercedes-benz-arocs-24ghz-rtr-zelene-barve\/#breadcrumb","itemListElement":[{"@type":"ListItem","position":1,"name":"Domov","item":"https:\/\/www.technic-toys.com\/en\/"},{"@type":"ListItem","position":2,"name":"Shop","item":"https:\/\/www.technic-toys.com\/en\/shop-2\/"},{"@type":"ListItem","position":3,"name":"Licen\u010dni tovornjak prekucnik z \u017eerjavom Mercedes-Benz Arocs 2,4GHz RTR zelene barve"}]},{"@type":"WebSite","@id":"https:\/\/www.technic-toys.com\/en\/#website","url":"https:\/\/www.technic-toys.com\/en\/","name":"TECHNIC-TOYS.com","description":"","potentialAction":[{"@type":"SearchAction","target":{"@type":"EntryPoint","urlTemplate":"https:\/\/www.technic-toys.com\/en\/?s={search_term_string}"},"query-input":"required name=search_term_string"}],"inLanguage":"en-US"}]}},"_links":{"self":[{"href":"https:\/\/www.technic-toys.com\/en\/wp-json\/wp\/v2\/product\/21231"}],"collection":[{"href":"https:\/\/www.technic-toys.com\/en\/wp-json\/wp\/v2\/product"}],"about":[{"href":"https:\/\/www.technic-toys.com\/en\/wp-json\/wp\/v2\/types\/product"}],"wp:featuredmedia":[{"embeddable":true,"href":"https:\/\/www.technic-toys.com\/en\/wp-json\/wp\/v2\/media\/21261"}],"wp:attachment":[{"href":"https:\/\/www.technic-toys.com\/en\/wp-json\/wp\/v2\/media?parent=21231"}],"wp:term":[{"taxonomy":"product_cat","embeddable":true,"href":"https:\/\/www.technic-toys.com\/en\/wp-json\/wp\/v2\/product_cat?post=21231"},{"taxonomy":"product_tag","embeddable":true,"href":"https:\/\/www.technic-toys.com\/en\/wp-json\/wp\/v2\/product_tag?post=21231"}],"curies":[{"name":"wp","href":"https:\/\/api.w.org\/{rel}","templated":true}]}}