{"id":21279,"date":"2022-12-04T14:38:23","date_gmt":"2022-12-04T13:38:23","guid":{"rendered":"https:\/\/www.technic-toys.com\/?post_type=product&#038;p=21279"},"modified":"2024-12-04T19:02:09","modified_gmt":"2024-12-04T18:02:09","slug":"otroski-delovni-stirikolesnik-kiper-na-akumulator-avto-vozilo-model-xmx623-4x4","status":"publish","type":"product","link":"https:\/\/www.technic-toys.com\/en\/izdelek\/otroski-delovni-stirikolesnik-kiper-na-akumulator-avto-vozilo-model-xmx623-4x4\/","title":{"rendered":"Otro\u0161ki delovni \u0161tirikolesnik kiper na akumulator, avto vozilo model XMX623 4&#215;4"},"content":{"rendered":"<p>Popolna imitacija delovnega quad \u0161tirikolesnika s funkcijo kiperja !<\/p>\n<p>1. NAJCENEJE<br \/>\n2. BREZPLA\u010cNA DOSTAVA<br \/>\n3. NOVO IN ZAPAKIRANO<br \/>\n4. kakovostna konstrukcija<br \/>\n5. Otro\u0161ki delovni \u0161tirikolesnik kiper na akumulator, avto XMX623 4\u00d74 Rde\u010d<\/p>\n<p>Tehni\u010dni podatki<br \/>\nMo\u010d 4x45W<br \/>\nBaterija 12V10Ah<br \/>\nMenjalnik Avtomatski, 3 prestave<br \/>\nDimenzije 119 cm x 68 cm x 65 cm<br \/>\nMaks. Hitrost 3-8km\/h<br \/>\nMasa vozila 28 kg<br \/>\nMaks. obremenitev kar 50 kg<br \/>\n\u010cas polnjenja 8 ur<br \/>\nTrajanje uporabe do 1 ure<br \/>\nZavora Samodejno ob sprostitvi plina, Zasilna zavora iz RC<br \/>\nVarnostni pas \u2713<br \/>\nOdpiranje vrat \u2713<br \/>\nSede\u017e \u2713<br \/>\nKolesa<br \/>\nDaljinec RC 2,4 G<br \/>\nLu\u010di \u017darometi<br \/>\nAvdio, Bluetooth, MP3, MP4, USB<\/p>\n<p>DODATNE INFORMACIJE<br \/>\nPriporo\u010dena starost 3+<br \/>\npotrdilo Certificirano CE, EN<\/p>\n<p>Ta model je bil zasnovan za otroke, starej\u0161e od 3 let. Vsi materiali uporabljeni za izdelavo tega velikega in elegantnega vozila, so izdelani iz zelo mo\u010dnih, a okolju prijaznih delov. Vozilo ima CE certifikat, ki zagotavlja varno uporabo po normativih Evropske unije. Vozilo je pakirano v originalni \u0161katli z navodili za samostojno sestavljanje (priporo\u010dilo youtube).<\/p>\n","protected":false},"excerpt":{"rendered":"<p>Popolni otro\u0161ki delovni \u0161tirikolesnik kiper na akumulator, avto vozilo model XMX623 4&#215;4<\/p>\n","protected":false},"featured_media":21366,"template":"","meta":[],"product_cat":[374,469],"product_tag":[],"acf":[],"yoast_head":"<!-- This site is optimized with the Yoast SEO plugin v21.7 - https:\/\/yoast.com\/wordpress\/plugins\/seo\/ -->\n<title>Otro\u0161ki delovni \u0161tirikolesnik kiper na akumulator, avto vozilo model XMX623 4x4 - TECHNIC-TOYS.com<\/title>\n<meta name=\"description\" content=\"Otro\u0161ki delovni \u0161tirikolesnik kiper na akumulator, avto vozilo model XMX623 4x4\" \/>\n<meta name=\"robots\" content=\"index, follow, max-snippet:-1, max-image-preview:large, max-video-preview:-1\" \/>\n<link rel=\"canonical\" href=\"https:\/\/www.technic-toys.com\/izdelek\/otroski-delovni-stirikolesnik-kiper-na-akumulator-avto-vozilo-model-xmx623-4x4\/\" \/>\n<meta property=\"og:locale\" content=\"en_US\" \/>\n<meta property=\"og:type\" content=\"article\" \/>\n<meta property=\"og:title\" content=\"Otro\u0161ki delovni \u0161tirikolesnik kiper na akumulator, avto vozilo model XMX623 4x4 - TECHNIC-TOYS.com\" \/>\n<meta property=\"og:description\" content=\"Otro\u0161ki delovni \u0161tirikolesnik kiper na akumulator, avto vozilo model XMX623 4x4\" \/>\n<meta property=\"og:url\" content=\"https:\/\/www.technic-toys.com\/izdelek\/otroski-delovni-stirikolesnik-kiper-na-akumulator-avto-vozilo-model-xmx623-4x4\/\" \/>\n<meta property=\"og:site_name\" content=\"TECHNIC-TOYS.com\" \/>\n<meta property=\"article:modified_time\" content=\"2024-12-04T18:02:09+00:00\" \/>\n<meta property=\"og:image\" content=\"https:\/\/www.technic-toys.com\/wp-content\/uploads\/2022\/12\/Avto-na-akumulator-Auto-Battery-XMX623-4x4-Quad-Traktor-stirikolesnik_technic-toys.com_001.jpg\" \/>\n\t<meta property=\"og:image:width\" content=\"559\" \/>\n\t<meta property=\"og:image:height\" content=\"454\" \/>\n\t<meta property=\"og:image:type\" content=\"image\/jpeg\" \/>\n<meta name=\"twitter:card\" content=\"summary_large_image\" \/>\n<meta name=\"twitter:label1\" content=\"Est. reading time\" \/>\n\t<meta name=\"twitter:data1\" content=\"1 minute\" \/>\n<script type=\"application\/ld+json\" class=\"yoast-schema-graph\">{\"@context\":\"https:\/\/schema.org\",\"@graph\":[{\"@type\":\"WebPage\",\"@id\":\"https:\/\/www.technic-toys.com\/izdelek\/otroski-delovni-stirikolesnik-kiper-na-akumulator-avto-vozilo-model-xmx623-4x4\/\",\"url\":\"https:\/\/www.technic-toys.com\/izdelek\/otroski-delovni-stirikolesnik-kiper-na-akumulator-avto-vozilo-model-xmx623-4x4\/\",\"name\":\"Otro\u0161ki delovni \u0161tirikolesnik kiper na akumulator, avto vozilo model XMX623 4x4 - TECHNIC-TOYS.com\",\"isPartOf\":{\"@id\":\"https:\/\/www.technic-toys.com\/en\/#website\"},\"datePublished\":\"2022-12-04T13:38:23+00:00\",\"dateModified\":\"2024-12-04T18:02:09+00:00\",\"description\":\"Otro\u0161ki delovni \u0161tirikolesnik kiper na akumulator, avto vozilo model XMX623 4x4\",\"breadcrumb\":{\"@id\":\"https:\/\/www.technic-toys.com\/izdelek\/otroski-delovni-stirikolesnik-kiper-na-akumulator-avto-vozilo-model-xmx623-4x4\/#breadcrumb\"},\"inLanguage\":\"en-US\",\"potentialAction\":[{\"@type\":\"ReadAction\",\"target\":[\"https:\/\/www.technic-toys.com\/izdelek\/otroski-delovni-stirikolesnik-kiper-na-akumulator-avto-vozilo-model-xmx623-4x4\/\"]}]},{\"@type\":\"BreadcrumbList\",\"@id\":\"https:\/\/www.technic-toys.com\/izdelek\/otroski-delovni-stirikolesnik-kiper-na-akumulator-avto-vozilo-model-xmx623-4x4\/#breadcrumb\",\"itemListElement\":[{\"@type\":\"ListItem\",\"position\":1,\"name\":\"Domov\",\"item\":\"https:\/\/www.technic-toys.com\/en\/\"},{\"@type\":\"ListItem\",\"position\":2,\"name\":\"Shop\",\"item\":\"https:\/\/www.technic-toys.com\/en\/shop-2\/\"},{\"@type\":\"ListItem\",\"position\":3,\"name\":\"Otro\u0161ki delovni \u0161tirikolesnik kiper na akumulator, avto vozilo model XMX623 4&#215;4\"}]},{\"@type\":\"WebSite\",\"@id\":\"https:\/\/www.technic-toys.com\/en\/#website\",\"url\":\"https:\/\/www.technic-toys.com\/en\/\",\"name\":\"TECHNIC-TOYS.com\",\"description\":\"\",\"potentialAction\":[{\"@type\":\"SearchAction\",\"target\":{\"@type\":\"EntryPoint\",\"urlTemplate\":\"https:\/\/www.technic-toys.com\/en\/?s={search_term_string}\"},\"query-input\":\"required name=search_term_string\"}],\"inLanguage\":\"en-US\"}]}<\/script>\n<!-- \/ Yoast SEO plugin. -->","yoast_head_json":{"title":"Otro\u0161ki delovni \u0161tirikolesnik kiper na akumulator, avto vozilo model XMX623 4x4 - TECHNIC-TOYS.com","description":"Otro\u0161ki delovni \u0161tirikolesnik kiper na akumulator, avto vozilo model XMX623 4x4","robots":{"index":"index","follow":"follow","max-snippet":"max-snippet:-1","max-image-preview":"max-image-preview:large","max-video-preview":"max-video-preview:-1"},"canonical":"https:\/\/www.technic-toys.com\/izdelek\/otroski-delovni-stirikolesnik-kiper-na-akumulator-avto-vozilo-model-xmx623-4x4\/","og_locale":"en_US","og_type":"article","og_title":"Otro\u0161ki delovni \u0161tirikolesnik kiper na akumulator, avto vozilo model XMX623 4x4 - TECHNIC-TOYS.com","og_description":"Otro\u0161ki delovni \u0161tirikolesnik kiper na akumulator, avto vozilo model XMX623 4x4","og_url":"https:\/\/www.technic-toys.com\/izdelek\/otroski-delovni-stirikolesnik-kiper-na-akumulator-avto-vozilo-model-xmx623-4x4\/","og_site_name":"TECHNIC-TOYS.com","article_modified_time":"2024-12-04T18:02:09+00:00","og_image":[{"width":559,"height":454,"url":"https:\/\/www.technic-toys.com\/wp-content\/uploads\/2022\/12\/Avto-na-akumulator-Auto-Battery-XMX623-4x4-Quad-Traktor-stirikolesnik_technic-toys.com_001.jpg","type":"image\/jpeg"}],"twitter_card":"summary_large_image","twitter_misc":{"Est. reading time":"1 minute"},"schema":{"@context":"https:\/\/schema.org","@graph":[{"@type":"WebPage","@id":"https:\/\/www.technic-toys.com\/izdelek\/otroski-delovni-stirikolesnik-kiper-na-akumulator-avto-vozilo-model-xmx623-4x4\/","url":"https:\/\/www.technic-toys.com\/izdelek\/otroski-delovni-stirikolesnik-kiper-na-akumulator-avto-vozilo-model-xmx623-4x4\/","name":"Otro\u0161ki delovni \u0161tirikolesnik kiper na akumulator, avto vozilo model XMX623 4x4 - TECHNIC-TOYS.com","isPartOf":{"@id":"https:\/\/www.technic-toys.com\/en\/#website"},"datePublished":"2022-12-04T13:38:23+00:00","dateModified":"2024-12-04T18:02:09+00:00","description":"Otro\u0161ki delovni \u0161tirikolesnik kiper na akumulator, avto vozilo model XMX623 4x4","breadcrumb":{"@id":"https:\/\/www.technic-toys.com\/izdelek\/otroski-delovni-stirikolesnik-kiper-na-akumulator-avto-vozilo-model-xmx623-4x4\/#breadcrumb"},"inLanguage":"en-US","potentialAction":[{"@type":"ReadAction","target":["https:\/\/www.technic-toys.com\/izdelek\/otroski-delovni-stirikolesnik-kiper-na-akumulator-avto-vozilo-model-xmx623-4x4\/"]}]},{"@type":"BreadcrumbList","@id":"https:\/\/www.technic-toys.com\/izdelek\/otroski-delovni-stirikolesnik-kiper-na-akumulator-avto-vozilo-model-xmx623-4x4\/#breadcrumb","itemListElement":[{"@type":"ListItem","position":1,"name":"Domov","item":"https:\/\/www.technic-toys.com\/en\/"},{"@type":"ListItem","position":2,"name":"Shop","item":"https:\/\/www.technic-toys.com\/en\/shop-2\/"},{"@type":"ListItem","position":3,"name":"Otro\u0161ki delovni \u0161tirikolesnik kiper na akumulator, avto vozilo model XMX623 4&#215;4"}]},{"@type":"WebSite","@id":"https:\/\/www.technic-toys.com\/en\/#website","url":"https:\/\/www.technic-toys.com\/en\/","name":"TECHNIC-TOYS.com","description":"","potentialAction":[{"@type":"SearchAction","target":{"@type":"EntryPoint","urlTemplate":"https:\/\/www.technic-toys.com\/en\/?s={search_term_string}"},"query-input":"required name=search_term_string"}],"inLanguage":"en-US"}]}},"_links":{"self":[{"href":"https:\/\/www.technic-toys.com\/en\/wp-json\/wp\/v2\/product\/21279"}],"collection":[{"href":"https:\/\/www.technic-toys.com\/en\/wp-json\/wp\/v2\/product"}],"about":[{"href":"https:\/\/www.technic-toys.com\/en\/wp-json\/wp\/v2\/types\/product"}],"wp:featuredmedia":[{"embeddable":true,"href":"https:\/\/www.technic-toys.com\/en\/wp-json\/wp\/v2\/media\/21366"}],"wp:attachment":[{"href":"https:\/\/www.technic-toys.com\/en\/wp-json\/wp\/v2\/media?parent=21279"}],"wp:term":[{"taxonomy":"product_cat","embeddable":true,"href":"https:\/\/www.technic-toys.com\/en\/wp-json\/wp\/v2\/product_cat?post=21279"},{"taxonomy":"product_tag","embeddable":true,"href":"https:\/\/www.technic-toys.com\/en\/wp-json\/wp\/v2\/product_tag?post=21279"}],"curies":[{"name":"wp","href":"https:\/\/api.w.org\/{rel}","templated":true}]}}