{"id":21373,"date":"2022-12-04T16:21:11","date_gmt":"2022-12-04T15:21:11","guid":{"rendered":"https:\/\/www.technic-toys.com\/?post_type=product&#038;p=21373"},"modified":"2024-12-04T19:02:08","modified_gmt":"2024-12-04T18:02:08","slug":"otroski-motor-motocikel-cross-kros-na-akumulator-xmx616","status":"publish","type":"product","link":"https:\/\/www.technic-toys.com\/en\/izdelek\/otroski-motor-motocikel-cross-kros-na-akumulator-xmx616\/","title":{"rendered":"Otro\u0161ki motor motocikel CROSS \/ kros na akumulator XMX616"},"content":{"rendered":"<p>Otro\u0161ki motocikel CROSS popolnega izgleda in kakovostne izdelave. Skozi zabavo bo va\u0161 otrok hitreje usvojil ve\u0161\u010dine, ki bodo vplivale na njegov daljnji razvoj.<\/p>\n<p>1. NAJCENEJE<br \/>\n2. BREZPLA\u010cNA DOSTAVA<br \/>\n3. NOVO IN ZAPAKIRANO<br \/>\n4. Kakovostna konstrukcija in design<br \/>\n5. Otro\u0161ki motor motocikel CROSS \/ kros na akumulator XMX616<\/p>\n<p>Tehni\u010dni podatki<br \/>\nMotor 2x35W<br \/>\nBaterija 1x12V7Ah<br \/>\nMenjalnik 2 hitrostna na\u010dina (po\u010dasen\/hiter)<br \/>\nDimenzije 106 cm x 51 cm x 68 cm<br \/>\nMaks. Hitrost 4,2-6,4 km\/h<br \/>\nMasa 11,8 kg<br \/>\nMaks. obremenitev 30 kg<br \/>\n\u010cas polnjenja 8 ur<br \/>\nTrajanje uporabe do 1 ure<br \/>\nZavora Samodejno ob sprostitvi plina<\/p>\n<p>DODATNE INFORMACIJE<br \/>\nPriporo\u010dena starost 3+<br \/>\npotrdilo Certificirano CE, EN<\/p>\n<p>Ta model je bil zasnovan za otroke, starej\u0161e od 3 let. Vsi materiali uporabljeni za izdelavo tega velikega in elegantnega vozila, so izdelani iz zelo mo\u010dnih, a okolju prijaznih delov. Vozilo ima CE certifikat, ki zagotavlja varno uporabo po normativih Evropske unije. Vozilo je pakirano v originalni \u0161katli z navodili za samostojno sestavljanje (priporo\u010dilo youtube).<\/p>\n","protected":false},"excerpt":{"rendered":"<p>Otro\u0161ki motocikel CROSS popolnega izgleda in kakovostne izdelave. Skozi zabavo bo va\u0161 otrok hitreje usvojil ve\u0161\u010dine, ki bodo vplivale na njegov daljnji razvoj. 1. NAJCENEJE 2. BREZPLA\u010cNA DOSTAVA 3. NOVO IN ZAPAKIRANO 4. Kakovostna konstrukcija in design 5. Otro\u0161ki motor motocikel CROSS \/ kros na akumulator XMX616 Tehni\u010dni podatki Motor 2x35W Baterija 1x12V7Ah Menjalnik 2 [&hellip;]<\/p>\n","protected":false},"featured_media":21379,"template":"","meta":[],"product_cat":[374,469],"product_tag":[],"acf":[],"yoast_head":"<!-- This site is optimized with the Yoast SEO plugin v21.7 - https:\/\/yoast.com\/wordpress\/plugins\/seo\/ -->\n<title>Otro\u0161ki motor motocikel CROSS \/ kros na akumulator XMX616 - TECHNIC-TOYS.com<\/title>\n<meta name=\"description\" content=\"Otro\u0161ki delovni \u0161tirikolesnik kiper na akumulator, avto vozilo model XMX623 4x4\" \/>\n<meta name=\"robots\" content=\"index, follow, max-snippet:-1, max-image-preview:large, max-video-preview:-1\" \/>\n<link rel=\"canonical\" href=\"https:\/\/www.technic-toys.com\/izdelek\/otroski-motor-motocikel-cross-kros-na-akumulator-xmx616\/\" \/>\n<meta property=\"og:locale\" content=\"en_US\" \/>\n<meta property=\"og:type\" content=\"article\" \/>\n<meta property=\"og:title\" content=\"Otro\u0161ki motor motocikel CROSS \/ kros na akumulator XMX616 - TECHNIC-TOYS.com\" \/>\n<meta property=\"og:description\" content=\"Otro\u0161ki delovni \u0161tirikolesnik kiper na akumulator, avto vozilo model XMX623 4x4\" \/>\n<meta property=\"og:url\" content=\"https:\/\/www.technic-toys.com\/izdelek\/otroski-motor-motocikel-cross-kros-na-akumulator-xmx616\/\" \/>\n<meta property=\"og:site_name\" content=\"TECHNIC-TOYS.com\" \/>\n<meta property=\"article:modified_time\" content=\"2024-12-04T18:02:08+00:00\" \/>\n<meta property=\"og:image\" content=\"https:\/\/www.technic-toys.com\/wp-content\/uploads\/2022\/12\/motor-motocikl-cross-kros-otroski-djecji-kid-ride-on-na-akumulator_01.jpg\" \/>\n\t<meta property=\"og:image:width\" content=\"444\" \/>\n\t<meta property=\"og:image:height\" content=\"500\" \/>\n\t<meta property=\"og:image:type\" content=\"image\/jpeg\" \/>\n<meta name=\"twitter:card\" content=\"summary_large_image\" \/>\n<meta name=\"twitter:label1\" content=\"Est. reading time\" \/>\n\t<meta name=\"twitter:data1\" content=\"1 minute\" \/>\n<script type=\"application\/ld+json\" class=\"yoast-schema-graph\">{\"@context\":\"https:\/\/schema.org\",\"@graph\":[{\"@type\":\"WebPage\",\"@id\":\"https:\/\/www.technic-toys.com\/izdelek\/otroski-motor-motocikel-cross-kros-na-akumulator-xmx616\/\",\"url\":\"https:\/\/www.technic-toys.com\/izdelek\/otroski-motor-motocikel-cross-kros-na-akumulator-xmx616\/\",\"name\":\"Otro\u0161ki motor motocikel CROSS \/ kros na akumulator XMX616 - TECHNIC-TOYS.com\",\"isPartOf\":{\"@id\":\"https:\/\/www.technic-toys.com\/en\/#website\"},\"datePublished\":\"2022-12-04T15:21:11+00:00\",\"dateModified\":\"2024-12-04T18:02:08+00:00\",\"description\":\"Otro\u0161ki delovni \u0161tirikolesnik kiper na akumulator, avto vozilo model XMX623 4x4\",\"breadcrumb\":{\"@id\":\"https:\/\/www.technic-toys.com\/izdelek\/otroski-motor-motocikel-cross-kros-na-akumulator-xmx616\/#breadcrumb\"},\"inLanguage\":\"en-US\",\"potentialAction\":[{\"@type\":\"ReadAction\",\"target\":[\"https:\/\/www.technic-toys.com\/izdelek\/otroski-motor-motocikel-cross-kros-na-akumulator-xmx616\/\"]}]},{\"@type\":\"BreadcrumbList\",\"@id\":\"https:\/\/www.technic-toys.com\/izdelek\/otroski-motor-motocikel-cross-kros-na-akumulator-xmx616\/#breadcrumb\",\"itemListElement\":[{\"@type\":\"ListItem\",\"position\":1,\"name\":\"Domov\",\"item\":\"https:\/\/www.technic-toys.com\/en\/\"},{\"@type\":\"ListItem\",\"position\":2,\"name\":\"Shop\",\"item\":\"https:\/\/www.technic-toys.com\/en\/shop-2\/\"},{\"@type\":\"ListItem\",\"position\":3,\"name\":\"Otro\u0161ki motor motocikel CROSS \/ kros na akumulator XMX616\"}]},{\"@type\":\"WebSite\",\"@id\":\"https:\/\/www.technic-toys.com\/en\/#website\",\"url\":\"https:\/\/www.technic-toys.com\/en\/\",\"name\":\"TECHNIC-TOYS.com\",\"description\":\"\",\"potentialAction\":[{\"@type\":\"SearchAction\",\"target\":{\"@type\":\"EntryPoint\",\"urlTemplate\":\"https:\/\/www.technic-toys.com\/en\/?s={search_term_string}\"},\"query-input\":\"required name=search_term_string\"}],\"inLanguage\":\"en-US\"}]}<\/script>\n<!-- \/ Yoast SEO plugin. -->","yoast_head_json":{"title":"Otro\u0161ki motor motocikel CROSS \/ kros na akumulator XMX616 - TECHNIC-TOYS.com","description":"Otro\u0161ki delovni \u0161tirikolesnik kiper na akumulator, avto vozilo model XMX623 4x4","robots":{"index":"index","follow":"follow","max-snippet":"max-snippet:-1","max-image-preview":"max-image-preview:large","max-video-preview":"max-video-preview:-1"},"canonical":"https:\/\/www.technic-toys.com\/izdelek\/otroski-motor-motocikel-cross-kros-na-akumulator-xmx616\/","og_locale":"en_US","og_type":"article","og_title":"Otro\u0161ki motor motocikel CROSS \/ kros na akumulator XMX616 - TECHNIC-TOYS.com","og_description":"Otro\u0161ki delovni \u0161tirikolesnik kiper na akumulator, avto vozilo model XMX623 4x4","og_url":"https:\/\/www.technic-toys.com\/izdelek\/otroski-motor-motocikel-cross-kros-na-akumulator-xmx616\/","og_site_name":"TECHNIC-TOYS.com","article_modified_time":"2024-12-04T18:02:08+00:00","og_image":[{"width":444,"height":500,"url":"https:\/\/www.technic-toys.com\/wp-content\/uploads\/2022\/12\/motor-motocikl-cross-kros-otroski-djecji-kid-ride-on-na-akumulator_01.jpg","type":"image\/jpeg"}],"twitter_card":"summary_large_image","twitter_misc":{"Est. reading time":"1 minute"},"schema":{"@context":"https:\/\/schema.org","@graph":[{"@type":"WebPage","@id":"https:\/\/www.technic-toys.com\/izdelek\/otroski-motor-motocikel-cross-kros-na-akumulator-xmx616\/","url":"https:\/\/www.technic-toys.com\/izdelek\/otroski-motor-motocikel-cross-kros-na-akumulator-xmx616\/","name":"Otro\u0161ki motor motocikel CROSS \/ kros na akumulator XMX616 - TECHNIC-TOYS.com","isPartOf":{"@id":"https:\/\/www.technic-toys.com\/en\/#website"},"datePublished":"2022-12-04T15:21:11+00:00","dateModified":"2024-12-04T18:02:08+00:00","description":"Otro\u0161ki delovni \u0161tirikolesnik kiper na akumulator, avto vozilo model XMX623 4x4","breadcrumb":{"@id":"https:\/\/www.technic-toys.com\/izdelek\/otroski-motor-motocikel-cross-kros-na-akumulator-xmx616\/#breadcrumb"},"inLanguage":"en-US","potentialAction":[{"@type":"ReadAction","target":["https:\/\/www.technic-toys.com\/izdelek\/otroski-motor-motocikel-cross-kros-na-akumulator-xmx616\/"]}]},{"@type":"BreadcrumbList","@id":"https:\/\/www.technic-toys.com\/izdelek\/otroski-motor-motocikel-cross-kros-na-akumulator-xmx616\/#breadcrumb","itemListElement":[{"@type":"ListItem","position":1,"name":"Domov","item":"https:\/\/www.technic-toys.com\/en\/"},{"@type":"ListItem","position":2,"name":"Shop","item":"https:\/\/www.technic-toys.com\/en\/shop-2\/"},{"@type":"ListItem","position":3,"name":"Otro\u0161ki motor motocikel CROSS \/ kros na akumulator XMX616"}]},{"@type":"WebSite","@id":"https:\/\/www.technic-toys.com\/en\/#website","url":"https:\/\/www.technic-toys.com\/en\/","name":"TECHNIC-TOYS.com","description":"","potentialAction":[{"@type":"SearchAction","target":{"@type":"EntryPoint","urlTemplate":"https:\/\/www.technic-toys.com\/en\/?s={search_term_string}"},"query-input":"required name=search_term_string"}],"inLanguage":"en-US"}]}},"_links":{"self":[{"href":"https:\/\/www.technic-toys.com\/en\/wp-json\/wp\/v2\/product\/21373"}],"collection":[{"href":"https:\/\/www.technic-toys.com\/en\/wp-json\/wp\/v2\/product"}],"about":[{"href":"https:\/\/www.technic-toys.com\/en\/wp-json\/wp\/v2\/types\/product"}],"wp:featuredmedia":[{"embeddable":true,"href":"https:\/\/www.technic-toys.com\/en\/wp-json\/wp\/v2\/media\/21379"}],"wp:attachment":[{"href":"https:\/\/www.technic-toys.com\/en\/wp-json\/wp\/v2\/media?parent=21373"}],"wp:term":[{"taxonomy":"product_cat","embeddable":true,"href":"https:\/\/www.technic-toys.com\/en\/wp-json\/wp\/v2\/product_cat?post=21373"},{"taxonomy":"product_tag","embeddable":true,"href":"https:\/\/www.technic-toys.com\/en\/wp-json\/wp\/v2\/product_tag?post=21373"}],"curies":[{"name":"wp","href":"https:\/\/api.w.org\/{rel}","templated":true}]}}