{"id":21516,"date":"2023-05-10T19:43:36","date_gmt":"2023-05-10T17:43:36","guid":{"rendered":"https:\/\/www.technic-toys.com\/?post_type=product&#038;p=21516"},"modified":"2024-12-04T19:02:06","modified_gmt":"2024-12-04T18:02:06","slug":"otroski-delovni-stirikolesni-bager-volvo-na-akumulator-vozilo-model-dk-ve888-green","status":"publish","type":"product","link":"https:\/\/www.technic-toys.com\/en\/izdelek\/otroski-delovni-stirikolesni-bager-volvo-na-akumulator-vozilo-model-dk-ve888-green\/","title":{"rendered":"Otro\u0161ki delovni \u0161tirikolesni Bager VOLVO na akumulator, vozilo model DK-VE888 Green"},"content":{"rendered":"<p>Akumulatorski bager Volvo DK-VE888 Green<\/p>\n<p>Popolna imitacija delovnega otro\u0161kega bagerja s komandami za \u017elico !<\/p>\n<p>1. NAJCENEJE<br \/>\n2. BREZPLA\u010cNA DOSTAVA<br \/>\n3. NOVO IN ZAPAKIRANO<br \/>\n4. KAKOVOSTNA IZVEDBA po licenci<\/p>\n<p>Tehni\u010dni podatki<br \/>\nMo\u010d 2x35W<br \/>\nBaterija 2x12V7Ah<br \/>\nMenjalnik Avtomatski, 3 prestave<br \/>\nDimenzije 162 cm x 74 cm x 96 cm<br \/>\nmaks. Hitrost 3-8km\/h<br \/>\nMax. obremenitev 30 kg<br \/>\n\u010cas polnjenja 8 ur<br \/>\nTrajanje uporabe do 1 ure<br \/>\nZavora Samodejno ob sprostitvi plina<br \/>\nZasilna zavora iz RC komand<br \/>\nOprema<br \/>\nVarnostni pas +<br \/>\nOdpiranje vrat +<br \/>\nSede\u017e<br \/>\nKolesa EVA<br \/>\nDaljinec 2,4 G<br \/>\nLu\u010di<br \/>\n\u017darometi<br \/>\nAvdio<br \/>\nUSB Bluetooth<br \/>\nFM radio mp3<\/p>\n<p>Velikost paketa: 107 cm x 66 cm x 57 cm, Masa paketa: 32 kg<\/p>\n<p>DODATNE INFORMACIJE<br \/>\nPriporo\u010dena starost 3+<br \/>\npotrdilo Certificirano CE, EN<\/p>\n<p>Ta model je bil zasnovan za otroke, starej\u0161e od 3-8 let. Vsi materiali uporabljeni za izdelavo tega velikega in elegantnega vozila, so izdelani iz zelo mo\u010dnih, a okolju prijaznih delov. Vozilo ima CE certifikat, ki zagotavlja varno uporabo po normativih Evropske unije. Vozilo je pakirano v originalni \u0161katli z navodili za samostojno sestavljanje (priporo\u010dilo youtube).<\/p>\n","protected":false},"excerpt":{"rendered":"<p>Otro\u0161ki delovni \u0161tirikolesni Bager VOLVO na akumulator, vozilo model DK-VE888 Green<\/p>\n","protected":false},"featured_media":21549,"template":"","meta":[],"product_cat":[374,469],"product_tag":[],"acf":[],"yoast_head":"<!-- This site is optimized with the Yoast SEO plugin v21.7 - https:\/\/yoast.com\/wordpress\/plugins\/seo\/ -->\n<title>Otro\u0161ki delovni \u0161tirikolesni Bager VOLVO na akumulator, vozilo model DK-VE888 Green - TECHNIC-TOYS.com<\/title>\n<meta name=\"description\" content=\"Otro\u0161ki delovni \u0161tirikolesni Bager VOLVO na akumulator, vozilo model DK-VE888 Green\" \/>\n<meta name=\"robots\" content=\"index, follow, max-snippet:-1, max-image-preview:large, max-video-preview:-1\" \/>\n<link rel=\"canonical\" href=\"https:\/\/www.technic-toys.com\/izdelek\/otroski-delovni-stirikolesni-bager-volvo-na-akumulator-vozilo-model-dk-ve888-green\/\" \/>\n<meta property=\"og:locale\" content=\"en_US\" \/>\n<meta property=\"og:type\" content=\"article\" \/>\n<meta property=\"og:title\" content=\"Otro\u0161ki delovni \u0161tirikolesni Bager VOLVO na akumulator, vozilo model DK-VE888 Green - TECHNIC-TOYS.com\" \/>\n<meta property=\"og:description\" content=\"Otro\u0161ki delovni \u0161tirikolesni Bager VOLVO na akumulator, vozilo model DK-VE888 Green\" \/>\n<meta property=\"og:url\" content=\"https:\/\/www.technic-toys.com\/izdelek\/otroski-delovni-stirikolesni-bager-volvo-na-akumulator-vozilo-model-dk-ve888-green\/\" \/>\n<meta property=\"og:site_name\" content=\"TECHNIC-TOYS.com\" \/>\n<meta property=\"article:modified_time\" content=\"2024-12-04T18:02:06+00:00\" \/>\n<meta property=\"og:image\" content=\"https:\/\/www.technic-toys.com\/wp-content\/uploads\/2023\/05\/Battery-Excavator-Volvo-DK-VE888_otroski-djecji-bager-na-akumulator-baterije-punjenje_0-1.jpg\" \/>\n\t<meta property=\"og:image:width\" content=\"899\" \/>\n\t<meta property=\"og:image:height\" content=\"600\" \/>\n\t<meta property=\"og:image:type\" content=\"image\/jpeg\" \/>\n<meta name=\"twitter:card\" content=\"summary_large_image\" \/>\n<meta name=\"twitter:label1\" content=\"Est. reading time\" \/>\n\t<meta name=\"twitter:data1\" content=\"1 minute\" \/>\n<script type=\"application\/ld+json\" class=\"yoast-schema-graph\">{\"@context\":\"https:\/\/schema.org\",\"@graph\":[{\"@type\":\"WebPage\",\"@id\":\"https:\/\/www.technic-toys.com\/izdelek\/otroski-delovni-stirikolesni-bager-volvo-na-akumulator-vozilo-model-dk-ve888-green\/\",\"url\":\"https:\/\/www.technic-toys.com\/izdelek\/otroski-delovni-stirikolesni-bager-volvo-na-akumulator-vozilo-model-dk-ve888-green\/\",\"name\":\"Otro\u0161ki delovni \u0161tirikolesni Bager VOLVO na akumulator, vozilo model DK-VE888 Green - TECHNIC-TOYS.com\",\"isPartOf\":{\"@id\":\"https:\/\/www.technic-toys.com\/en\/#website\"},\"datePublished\":\"2023-05-10T17:43:36+00:00\",\"dateModified\":\"2024-12-04T18:02:06+00:00\",\"description\":\"Otro\u0161ki delovni \u0161tirikolesni Bager VOLVO na akumulator, vozilo model DK-VE888 Green\",\"breadcrumb\":{\"@id\":\"https:\/\/www.technic-toys.com\/izdelek\/otroski-delovni-stirikolesni-bager-volvo-na-akumulator-vozilo-model-dk-ve888-green\/#breadcrumb\"},\"inLanguage\":\"en-US\",\"potentialAction\":[{\"@type\":\"ReadAction\",\"target\":[\"https:\/\/www.technic-toys.com\/izdelek\/otroski-delovni-stirikolesni-bager-volvo-na-akumulator-vozilo-model-dk-ve888-green\/\"]}]},{\"@type\":\"BreadcrumbList\",\"@id\":\"https:\/\/www.technic-toys.com\/izdelek\/otroski-delovni-stirikolesni-bager-volvo-na-akumulator-vozilo-model-dk-ve888-green\/#breadcrumb\",\"itemListElement\":[{\"@type\":\"ListItem\",\"position\":1,\"name\":\"Domov\",\"item\":\"https:\/\/www.technic-toys.com\/en\/\"},{\"@type\":\"ListItem\",\"position\":2,\"name\":\"Shop\",\"item\":\"https:\/\/www.technic-toys.com\/en\/shop-2\/\"},{\"@type\":\"ListItem\",\"position\":3,\"name\":\"Otro\u0161ki delovni \u0161tirikolesni Bager VOLVO na akumulator, vozilo model DK-VE888 Green\"}]},{\"@type\":\"WebSite\",\"@id\":\"https:\/\/www.technic-toys.com\/en\/#website\",\"url\":\"https:\/\/www.technic-toys.com\/en\/\",\"name\":\"TECHNIC-TOYS.com\",\"description\":\"\",\"potentialAction\":[{\"@type\":\"SearchAction\",\"target\":{\"@type\":\"EntryPoint\",\"urlTemplate\":\"https:\/\/www.technic-toys.com\/en\/?s={search_term_string}\"},\"query-input\":\"required name=search_term_string\"}],\"inLanguage\":\"en-US\"}]}<\/script>\n<!-- \/ Yoast SEO plugin. -->","yoast_head_json":{"title":"Otro\u0161ki delovni \u0161tirikolesni Bager VOLVO na akumulator, vozilo model DK-VE888 Green - TECHNIC-TOYS.com","description":"Otro\u0161ki delovni \u0161tirikolesni Bager VOLVO na akumulator, vozilo model DK-VE888 Green","robots":{"index":"index","follow":"follow","max-snippet":"max-snippet:-1","max-image-preview":"max-image-preview:large","max-video-preview":"max-video-preview:-1"},"canonical":"https:\/\/www.technic-toys.com\/izdelek\/otroski-delovni-stirikolesni-bager-volvo-na-akumulator-vozilo-model-dk-ve888-green\/","og_locale":"en_US","og_type":"article","og_title":"Otro\u0161ki delovni \u0161tirikolesni Bager VOLVO na akumulator, vozilo model DK-VE888 Green - TECHNIC-TOYS.com","og_description":"Otro\u0161ki delovni \u0161tirikolesni Bager VOLVO na akumulator, vozilo model DK-VE888 Green","og_url":"https:\/\/www.technic-toys.com\/izdelek\/otroski-delovni-stirikolesni-bager-volvo-na-akumulator-vozilo-model-dk-ve888-green\/","og_site_name":"TECHNIC-TOYS.com","article_modified_time":"2024-12-04T18:02:06+00:00","og_image":[{"width":899,"height":600,"url":"https:\/\/www.technic-toys.com\/wp-content\/uploads\/2023\/05\/Battery-Excavator-Volvo-DK-VE888_otroski-djecji-bager-na-akumulator-baterije-punjenje_0-1.jpg","type":"image\/jpeg"}],"twitter_card":"summary_large_image","twitter_misc":{"Est. reading time":"1 minute"},"schema":{"@context":"https:\/\/schema.org","@graph":[{"@type":"WebPage","@id":"https:\/\/www.technic-toys.com\/izdelek\/otroski-delovni-stirikolesni-bager-volvo-na-akumulator-vozilo-model-dk-ve888-green\/","url":"https:\/\/www.technic-toys.com\/izdelek\/otroski-delovni-stirikolesni-bager-volvo-na-akumulator-vozilo-model-dk-ve888-green\/","name":"Otro\u0161ki delovni \u0161tirikolesni Bager VOLVO na akumulator, vozilo model DK-VE888 Green - TECHNIC-TOYS.com","isPartOf":{"@id":"https:\/\/www.technic-toys.com\/en\/#website"},"datePublished":"2023-05-10T17:43:36+00:00","dateModified":"2024-12-04T18:02:06+00:00","description":"Otro\u0161ki delovni \u0161tirikolesni Bager VOLVO na akumulator, vozilo model DK-VE888 Green","breadcrumb":{"@id":"https:\/\/www.technic-toys.com\/izdelek\/otroski-delovni-stirikolesni-bager-volvo-na-akumulator-vozilo-model-dk-ve888-green\/#breadcrumb"},"inLanguage":"en-US","potentialAction":[{"@type":"ReadAction","target":["https:\/\/www.technic-toys.com\/izdelek\/otroski-delovni-stirikolesni-bager-volvo-na-akumulator-vozilo-model-dk-ve888-green\/"]}]},{"@type":"BreadcrumbList","@id":"https:\/\/www.technic-toys.com\/izdelek\/otroski-delovni-stirikolesni-bager-volvo-na-akumulator-vozilo-model-dk-ve888-green\/#breadcrumb","itemListElement":[{"@type":"ListItem","position":1,"name":"Domov","item":"https:\/\/www.technic-toys.com\/en\/"},{"@type":"ListItem","position":2,"name":"Shop","item":"https:\/\/www.technic-toys.com\/en\/shop-2\/"},{"@type":"ListItem","position":3,"name":"Otro\u0161ki delovni \u0161tirikolesni Bager VOLVO na akumulator, vozilo model DK-VE888 Green"}]},{"@type":"WebSite","@id":"https:\/\/www.technic-toys.com\/en\/#website","url":"https:\/\/www.technic-toys.com\/en\/","name":"TECHNIC-TOYS.com","description":"","potentialAction":[{"@type":"SearchAction","target":{"@type":"EntryPoint","urlTemplate":"https:\/\/www.technic-toys.com\/en\/?s={search_term_string}"},"query-input":"required name=search_term_string"}],"inLanguage":"en-US"}]}},"_links":{"self":[{"href":"https:\/\/www.technic-toys.com\/en\/wp-json\/wp\/v2\/product\/21516"}],"collection":[{"href":"https:\/\/www.technic-toys.com\/en\/wp-json\/wp\/v2\/product"}],"about":[{"href":"https:\/\/www.technic-toys.com\/en\/wp-json\/wp\/v2\/types\/product"}],"wp:featuredmedia":[{"embeddable":true,"href":"https:\/\/www.technic-toys.com\/en\/wp-json\/wp\/v2\/media\/21549"}],"wp:attachment":[{"href":"https:\/\/www.technic-toys.com\/en\/wp-json\/wp\/v2\/media?parent=21516"}],"wp:term":[{"taxonomy":"product_cat","embeddable":true,"href":"https:\/\/www.technic-toys.com\/en\/wp-json\/wp\/v2\/product_cat?post=21516"},{"taxonomy":"product_tag","embeddable":true,"href":"https:\/\/www.technic-toys.com\/en\/wp-json\/wp\/v2\/product_tag?post=21516"}],"curies":[{"name":"wp","href":"https:\/\/api.w.org\/{rel}","templated":true}]}}