{"id":21667,"date":"2023-12-20T14:22:25","date_gmt":"2023-12-20T13:22:25","guid":{"rendered":"https:\/\/www.technic-toys.com\/?post_type=product&#038;p=21667"},"modified":"2024-12-04T19:02:05","modified_gmt":"2024-12-04T18:02:05","slug":"otroski-avtomobil-bmw-m4-kabriolet-na-akumulator-elektricni-rdec","status":"publish","type":"product","link":"https:\/\/www.technic-toys.com\/en\/izdelek\/otroski-avtomobil-bmw-m4-kabriolet-na-akumulator-elektricni-rdec\/","title":{"rendered":"Otro\u0161ki avtomobil BMW M4 kabriolet na akumulator &#8211; elektri\u010dni, rde\u010d"},"content":{"rendered":"<p>1. NAJCENEJE<br \/>\n2. BREZPLA\u010cNA DOSTAVA<br \/>\n3. NOVO IN ZAPAKIRANO<br \/>\n4. KAKOVOSTNA KONSTRUKCIJA<\/p>\n<p>&nbsp;<\/p>\n<p><strong>\u0160portni avtomobil BMW M4\u00a0<\/strong><\/p>\n<p>Mo\u017enost izbire barve: Rde\u010da, modra, bela, rumena, \u010drna<\/p>\n<p>&nbsp;<\/p>\n<p style=\"text-align: left;\"><strong>Mo\u010d motorja:\u00a0<\/strong>2 X 45w<\/p>\n<p style=\"text-align: left;\"><strong>Akumulator:<\/strong>\u00a01 x 12V 14Ah<\/p>\n<p style=\"text-align: left;\"><strong><span class=\"dictionary__name_txt\">Menjalnik: <\/span><\/strong>Avtomatski, 3 prestave<\/p>\n<p style=\"text-align: left;\"><strong>Dimenzije vozila:\u00a0<\/strong>110cm x 74cm x 49cm<\/p>\n<p style=\"text-align: left;\"><strong>Hitrost vozila:<\/strong>\u00a03 \u2013 6 km\/h<\/p>\n<p style=\"text-align: left;\"><strong>Masa praznega avtomobila:\u00a0<\/strong>17,5 kg<\/p>\n<p style=\"text-align: left;\"><strong>Maksimalna obremenitev:<\/strong>\u00a030 kg<\/p>\n<p style=\"text-align: left;\"><strong>\u010cas polnjenja baterije:\u00a0<\/strong>8 ur<\/p>\n<p style=\"text-align: left;\"><strong>Vzdr\u017eljivost baterije:<\/strong>\u00a0do 1 uro<\/p>\n<p style=\"text-align: left;\"><strong>Lu\u010di:<\/strong>\u00a0LED osvetlitev<\/p>\n<p style=\"text-align: left;\"><strong><span class=\"dictionary__label_txt\">Oprema: <\/span><\/strong>Varnostni pas<\/p>\n<p style=\"text-align: left;\"><strong>Sede\u017e:<\/strong> Mehak iz eko usnja<\/p>\n<p style=\"text-align: left;\"><strong><span class=\"dictionary__name_txt\">Kolesa: <\/span><\/strong>EVA mehka kolesa<\/p>\n<p style=\"text-align: left;\"><strong>Daljinsko upravljanje: <\/strong>2.4G, R\/C<\/p>\n<p style=\"text-align: left;\"><span class=\"dictionary__name_txt\"><strong>Avdio<\/strong>: <\/span>MP3, AUX, USB; Bluetooth<\/p>\n<div>\n<p style=\"text-align: left;\"><strong>Velikost paketa: <\/strong>112 cm x 57 cm x 29 cm<\/p>\n<p style=\"text-align: left;\"><strong>Te\u017ea embala\u017ee: <\/strong>22 kg<\/p>\n<\/div>\n<p>&nbsp;<\/p>\n<p>&nbsp;<\/p>\n","protected":false},"excerpt":{"rendered":"<p>1. NAJCENEJE 2. BREZPLA\u010cNA DOSTAVA 3. NOVO IN ZAPAKIRANO 4. KAKOVOSTNA KONSTRUKCIJA &nbsp; \u0160portni avtomobil BMW M4\u00a0 Mo\u017enost izbire barve: Rde\u010da, modra, bela, rumena, \u010drna &nbsp; Mo\u010d motorja:\u00a02 X 45w Akumulator:\u00a01 x 12V 14Ah Menjalnik: Avtomatski, 3 prestave Dimenzije vozila:\u00a0110cm x 74cm x 49cm Hitrost vozila:\u00a03 \u2013 6 km\/h Masa praznega avtomobila:\u00a017,5 kg Maksimalna obremenitev:\u00a030 [&hellip;]<\/p>\n","protected":false},"featured_media":21682,"template":"","meta":[],"product_cat":[374,469],"product_tag":[],"acf":[],"yoast_head":"<!-- This site is optimized with the Yoast SEO plugin v21.7 - https:\/\/yoast.com\/wordpress\/plugins\/seo\/ -->\n<title>Otro\u0161ki avtomobil BMW M4 kabriolet na akumulator - elektri\u010dni, rde\u010d - TECHNIC-TOYS.com<\/title>\n<meta name=\"description\" content=\"Otro\u0161ki elektri\u010dni avtomobil BMW M4 2024 Kabriolet\" \/>\n<meta name=\"robots\" content=\"index, follow, max-snippet:-1, max-image-preview:large, max-video-preview:-1\" \/>\n<link rel=\"canonical\" href=\"https:\/\/www.technic-toys.com\/izdelek\/otroski-avtomobil-bmw-m4-kabriolet-na-akumulator-elektricni-rdec\/\" \/>\n<meta property=\"og:locale\" content=\"en_US\" \/>\n<meta property=\"og:type\" content=\"article\" \/>\n<meta property=\"og:title\" content=\"Otro\u0161ki avtomobil BMW M4 kabriolet na akumulator - elektri\u010dni, rde\u010d - TECHNIC-TOYS.com\" \/>\n<meta property=\"og:description\" content=\"Otro\u0161ki elektri\u010dni avtomobil BMW M4 2024 Kabriolet\" \/>\n<meta property=\"og:url\" content=\"https:\/\/www.technic-toys.com\/izdelek\/otroski-avtomobil-bmw-m4-kabriolet-na-akumulator-elektricni-rdec\/\" \/>\n<meta property=\"og:site_name\" content=\"TECHNIC-TOYS.com\" \/>\n<meta property=\"article:modified_time\" content=\"2024-12-04T18:02:05+00:00\" \/>\n<meta property=\"og:image\" content=\"https:\/\/www.technic-toys.com\/wp-content\/uploads\/2023\/12\/Elektricni-avto-BMW-M4-otroski-2024-\u2013-Rdeci.jpg\" \/>\n\t<meta property=\"og:image:width\" content=\"1000\" \/>\n\t<meta property=\"og:image:height\" content=\"667\" \/>\n\t<meta property=\"og:image:type\" content=\"image\/jpeg\" \/>\n<meta name=\"twitter:card\" content=\"summary_large_image\" \/>\n<meta name=\"twitter:label1\" content=\"Est. reading time\" \/>\n\t<meta name=\"twitter:data1\" content=\"2 minutes\" \/>\n<script type=\"application\/ld+json\" class=\"yoast-schema-graph\">{\"@context\":\"https:\/\/schema.org\",\"@graph\":[{\"@type\":\"WebPage\",\"@id\":\"https:\/\/www.technic-toys.com\/izdelek\/otroski-avtomobil-bmw-m4-kabriolet-na-akumulator-elektricni-rdec\/\",\"url\":\"https:\/\/www.technic-toys.com\/izdelek\/otroski-avtomobil-bmw-m4-kabriolet-na-akumulator-elektricni-rdec\/\",\"name\":\"Otro\u0161ki avtomobil BMW M4 kabriolet na akumulator - elektri\u010dni, rde\u010d - TECHNIC-TOYS.com\",\"isPartOf\":{\"@id\":\"https:\/\/www.technic-toys.com\/en\/#website\"},\"datePublished\":\"2023-12-20T13:22:25+00:00\",\"dateModified\":\"2024-12-04T18:02:05+00:00\",\"description\":\"Otro\u0161ki elektri\u010dni avtomobil BMW M4 2024 Kabriolet\",\"breadcrumb\":{\"@id\":\"https:\/\/www.technic-toys.com\/izdelek\/otroski-avtomobil-bmw-m4-kabriolet-na-akumulator-elektricni-rdec\/#breadcrumb\"},\"inLanguage\":\"en-US\",\"potentialAction\":[{\"@type\":\"ReadAction\",\"target\":[\"https:\/\/www.technic-toys.com\/izdelek\/otroski-avtomobil-bmw-m4-kabriolet-na-akumulator-elektricni-rdec\/\"]}]},{\"@type\":\"BreadcrumbList\",\"@id\":\"https:\/\/www.technic-toys.com\/izdelek\/otroski-avtomobil-bmw-m4-kabriolet-na-akumulator-elektricni-rdec\/#breadcrumb\",\"itemListElement\":[{\"@type\":\"ListItem\",\"position\":1,\"name\":\"Domov\",\"item\":\"https:\/\/www.technic-toys.com\/en\/\"},{\"@type\":\"ListItem\",\"position\":2,\"name\":\"Shop\",\"item\":\"https:\/\/www.technic-toys.com\/en\/shop-2\/\"},{\"@type\":\"ListItem\",\"position\":3,\"name\":\"Otro\u0161ki avtomobil BMW M4 kabriolet na akumulator &#8211; elektri\u010dni, rde\u010d\"}]},{\"@type\":\"WebSite\",\"@id\":\"https:\/\/www.technic-toys.com\/en\/#website\",\"url\":\"https:\/\/www.technic-toys.com\/en\/\",\"name\":\"TECHNIC-TOYS.com\",\"description\":\"\",\"potentialAction\":[{\"@type\":\"SearchAction\",\"target\":{\"@type\":\"EntryPoint\",\"urlTemplate\":\"https:\/\/www.technic-toys.com\/en\/?s={search_term_string}\"},\"query-input\":\"required name=search_term_string\"}],\"inLanguage\":\"en-US\"}]}<\/script>\n<!-- \/ Yoast SEO plugin. -->","yoast_head_json":{"title":"Otro\u0161ki avtomobil BMW M4 kabriolet na akumulator - elektri\u010dni, rde\u010d - TECHNIC-TOYS.com","description":"Otro\u0161ki elektri\u010dni avtomobil BMW M4 2024 Kabriolet","robots":{"index":"index","follow":"follow","max-snippet":"max-snippet:-1","max-image-preview":"max-image-preview:large","max-video-preview":"max-video-preview:-1"},"canonical":"https:\/\/www.technic-toys.com\/izdelek\/otroski-avtomobil-bmw-m4-kabriolet-na-akumulator-elektricni-rdec\/","og_locale":"en_US","og_type":"article","og_title":"Otro\u0161ki avtomobil BMW M4 kabriolet na akumulator - elektri\u010dni, rde\u010d - TECHNIC-TOYS.com","og_description":"Otro\u0161ki elektri\u010dni avtomobil BMW M4 2024 Kabriolet","og_url":"https:\/\/www.technic-toys.com\/izdelek\/otroski-avtomobil-bmw-m4-kabriolet-na-akumulator-elektricni-rdec\/","og_site_name":"TECHNIC-TOYS.com","article_modified_time":"2024-12-04T18:02:05+00:00","og_image":[{"width":1000,"height":667,"url":"https:\/\/www.technic-toys.com\/wp-content\/uploads\/2023\/12\/Elektricni-avto-BMW-M4-otroski-2024-\u2013-Rdeci.jpg","type":"image\/jpeg"}],"twitter_card":"summary_large_image","twitter_misc":{"Est. reading time":"2 minutes"},"schema":{"@context":"https:\/\/schema.org","@graph":[{"@type":"WebPage","@id":"https:\/\/www.technic-toys.com\/izdelek\/otroski-avtomobil-bmw-m4-kabriolet-na-akumulator-elektricni-rdec\/","url":"https:\/\/www.technic-toys.com\/izdelek\/otroski-avtomobil-bmw-m4-kabriolet-na-akumulator-elektricni-rdec\/","name":"Otro\u0161ki avtomobil BMW M4 kabriolet na akumulator - elektri\u010dni, rde\u010d - TECHNIC-TOYS.com","isPartOf":{"@id":"https:\/\/www.technic-toys.com\/en\/#website"},"datePublished":"2023-12-20T13:22:25+00:00","dateModified":"2024-12-04T18:02:05+00:00","description":"Otro\u0161ki elektri\u010dni avtomobil BMW M4 2024 Kabriolet","breadcrumb":{"@id":"https:\/\/www.technic-toys.com\/izdelek\/otroski-avtomobil-bmw-m4-kabriolet-na-akumulator-elektricni-rdec\/#breadcrumb"},"inLanguage":"en-US","potentialAction":[{"@type":"ReadAction","target":["https:\/\/www.technic-toys.com\/izdelek\/otroski-avtomobil-bmw-m4-kabriolet-na-akumulator-elektricni-rdec\/"]}]},{"@type":"BreadcrumbList","@id":"https:\/\/www.technic-toys.com\/izdelek\/otroski-avtomobil-bmw-m4-kabriolet-na-akumulator-elektricni-rdec\/#breadcrumb","itemListElement":[{"@type":"ListItem","position":1,"name":"Domov","item":"https:\/\/www.technic-toys.com\/en\/"},{"@type":"ListItem","position":2,"name":"Shop","item":"https:\/\/www.technic-toys.com\/en\/shop-2\/"},{"@type":"ListItem","position":3,"name":"Otro\u0161ki avtomobil BMW M4 kabriolet na akumulator &#8211; elektri\u010dni, rde\u010d"}]},{"@type":"WebSite","@id":"https:\/\/www.technic-toys.com\/en\/#website","url":"https:\/\/www.technic-toys.com\/en\/","name":"TECHNIC-TOYS.com","description":"","potentialAction":[{"@type":"SearchAction","target":{"@type":"EntryPoint","urlTemplate":"https:\/\/www.technic-toys.com\/en\/?s={search_term_string}"},"query-input":"required name=search_term_string"}],"inLanguage":"en-US"}]}},"_links":{"self":[{"href":"https:\/\/www.technic-toys.com\/en\/wp-json\/wp\/v2\/product\/21667"}],"collection":[{"href":"https:\/\/www.technic-toys.com\/en\/wp-json\/wp\/v2\/product"}],"about":[{"href":"https:\/\/www.technic-toys.com\/en\/wp-json\/wp\/v2\/types\/product"}],"wp:featuredmedia":[{"embeddable":true,"href":"https:\/\/www.technic-toys.com\/en\/wp-json\/wp\/v2\/media\/21682"}],"wp:attachment":[{"href":"https:\/\/www.technic-toys.com\/en\/wp-json\/wp\/v2\/media?parent=21667"}],"wp:term":[{"taxonomy":"product_cat","embeddable":true,"href":"https:\/\/www.technic-toys.com\/en\/wp-json\/wp\/v2\/product_cat?post=21667"},{"taxonomy":"product_tag","embeddable":true,"href":"https:\/\/www.technic-toys.com\/en\/wp-json\/wp\/v2\/product_tag?post=21667"}],"curies":[{"name":"wp","href":"https:\/\/api.w.org\/{rel}","templated":true}]}}