{"id":21728,"date":"2023-12-20T20:05:06","date_gmt":"2023-12-20T19:05:06","guid":{"rendered":"https:\/\/www.technic-toys.com\/?post_type=product&#038;p=21728"},"modified":"2024-12-04T19:02:04","modified_gmt":"2024-12-04T18:02:04","slug":"otroski-elektricni-vilicar-na-akumulator-wh101","status":"publish","type":"product","link":"https:\/\/www.technic-toys.com\/en\/izdelek\/otroski-elektricni-vilicar-na-akumulator-wh101\/","title":{"rendered":"Otro\u0161ki elektri\u010dni vili\u010dar na akumulator WH101"},"content":{"rendered":"<p>1. NAJCENEJE<br \/>\n2. BREZPLA\u010cNA DOSTAVA<br \/>\n3. NOVO IN ZAPAKIRANO<br \/>\n4. KAKOVOSTNA KONSTRUKCIJA<\/p>\n<p><strong>Otro\u0161ki elektri\u010dni vili\u010dar na akumulator WH101<\/strong><\/p>\n<p>Mo\u017enost izbire barve: Rde\u010da ali rumena (navedite v komentar v naro\u010dilu)<\/p>\n<p>&nbsp;<\/p>\n<p style=\"text-align: left;\"><strong>Mo\u010d motorja:\u00a0<\/strong>2 X 45w<\/p>\n<p style=\"text-align: left;\"><strong>Akumulator:<\/strong> 1 x 12V 4.5Ah<\/p>\n<p style=\"text-align: left;\"><strong><span class=\"dictionary__name_txt\">Menjalnik: <\/span><\/strong>Avtomatski, naprej-nazaj<\/p>\n<p style=\"text-align: left;\"><strong>Dimenzije vozila: <\/strong>117 cm x 55 cm x 64 cm<\/p>\n<p style=\"text-align: left;\"><strong>Hitrost vozila:\u00a0 <\/strong>2 &#8211; 4 km\/h<\/p>\n<p style=\"text-align: left;\"><strong>Masa praznega avtomobila:\u00a0<\/strong>17 kg<\/p>\n<p style=\"text-align: left;\"><strong>Maksimalna obremenitev:<\/strong>\u00a030 kg<\/p>\n<p style=\"text-align: left;\"><strong>\u010cas polnjenja baterije:\u00a0<\/strong>8 ur<\/p>\n<p style=\"text-align: left;\"><strong>Vzdr\u017eljivost baterije:<\/strong>\u00a0do 1 uro<\/p>\n<p style=\"text-align: left;\"><strong>Lu\u010di:<\/strong> da<\/p>\n<p style=\"text-align: left;\"><strong><span class=\"dictionary__label_txt\">Oprema: <\/span><\/strong>Varnostni pas<\/p>\n<p style=\"text-align: left;\"><strong>Sede\u017e:<\/strong> Mehak iz eko usnja<\/p>\n<p style=\"text-align: left;\"><strong><span class=\"dictionary__name_txt\">Kolesa: <\/span><\/strong>EVA mehka kolesa<\/p>\n<p style=\"text-align: left;\"><span class=\"dictionary__name_txt\"><strong>Avdio<\/strong>: <\/span>MP3, USB<\/p>\n<div>\n<p style=\"text-align: left;\"><strong>Velikost paketa: 90cm x 50cm x 44cm<\/strong><\/p>\n<\/div>\n","protected":false},"excerpt":{"rendered":"<p>1. NAJCENEJE 2. BREZPLA\u010cNA DOSTAVA 3. NOVO IN ZAPAKIRANO 4. KAKOVOSTNA KONSTRUKCIJA Otro\u0161ki elektri\u010dni vili\u010dar na akumulator WH101 Mo\u017enost izbire barve: Rde\u010da ali rumena (navedite v komentar v naro\u010dilu) &nbsp; Mo\u010d motorja:\u00a02 X 45w Akumulator: 1 x 12V 4.5Ah Menjalnik: Avtomatski, naprej-nazaj Dimenzije vozila: 117 cm x 55 cm x 64 cm Hitrost vozila:\u00a0 2 [&hellip;]<\/p>\n","protected":false},"featured_media":21755,"template":"","meta":[],"product_cat":[374,469,359],"product_tag":[],"acf":[],"yoast_head":"<!-- This site is optimized with the Yoast SEO plugin v21.7 - https:\/\/yoast.com\/wordpress\/plugins\/seo\/ -->\n<title>Otro\u0161ki elektri\u010dni vili\u010dar na akumulator WH101 - TECHNIC-TOYS.com<\/title>\n<meta name=\"description\" content=\"Otro\u0161ki elektri\u010dni vili\u010dar na akumulator WH101\" \/>\n<meta name=\"robots\" content=\"index, follow, max-snippet:-1, max-image-preview:large, max-video-preview:-1\" \/>\n<link rel=\"canonical\" href=\"https:\/\/www.technic-toys.com\/izdelek\/otroski-elektricni-vilicar-na-akumulator-wh101\/\" \/>\n<meta property=\"og:locale\" content=\"en_US\" \/>\n<meta property=\"og:type\" content=\"article\" \/>\n<meta property=\"og:title\" content=\"Otro\u0161ki elektri\u010dni vili\u010dar na akumulator WH101 - TECHNIC-TOYS.com\" \/>\n<meta property=\"og:description\" content=\"Otro\u0161ki elektri\u010dni vili\u010dar na akumulator WH101\" \/>\n<meta property=\"og:url\" content=\"https:\/\/www.technic-toys.com\/izdelek\/otroski-elektricni-vilicar-na-akumulator-wh101\/\" \/>\n<meta property=\"og:site_name\" content=\"TECHNIC-TOYS.com\" \/>\n<meta property=\"article:modified_time\" content=\"2024-12-04T18:02:04+00:00\" \/>\n<meta property=\"og:image\" content=\"https:\/\/www.technic-toys.com\/wp-content\/uploads\/2023\/12\/Battery-ride-on-Forklift-WH101-kids-children-otroski-vilicar-djeciji-viljuskar-deciji-elektricni-na-akumulator-igraca-igracka-technic-toys-com-8.jpg\" \/>\n\t<meta property=\"og:image:width\" content=\"792\" \/>\n\t<meta property=\"og:image:height\" content=\"678\" \/>\n\t<meta property=\"og:image:type\" content=\"image\/jpeg\" \/>\n<meta name=\"twitter:card\" content=\"summary_large_image\" \/>\n<meta name=\"twitter:label1\" content=\"Est. reading time\" \/>\n\t<meta name=\"twitter:data1\" content=\"2 minutes\" \/>\n<script type=\"application\/ld+json\" class=\"yoast-schema-graph\">{\"@context\":\"https:\/\/schema.org\",\"@graph\":[{\"@type\":\"WebPage\",\"@id\":\"https:\/\/www.technic-toys.com\/izdelek\/otroski-elektricni-vilicar-na-akumulator-wh101\/\",\"url\":\"https:\/\/www.technic-toys.com\/izdelek\/otroski-elektricni-vilicar-na-akumulator-wh101\/\",\"name\":\"Otro\u0161ki elektri\u010dni vili\u010dar na akumulator WH101 - TECHNIC-TOYS.com\",\"isPartOf\":{\"@id\":\"https:\/\/www.technic-toys.com\/en\/#website\"},\"datePublished\":\"2023-12-20T19:05:06+00:00\",\"dateModified\":\"2024-12-04T18:02:04+00:00\",\"description\":\"Otro\u0161ki elektri\u010dni vili\u010dar na akumulator WH101\",\"breadcrumb\":{\"@id\":\"https:\/\/www.technic-toys.com\/izdelek\/otroski-elektricni-vilicar-na-akumulator-wh101\/#breadcrumb\"},\"inLanguage\":\"en-US\",\"potentialAction\":[{\"@type\":\"ReadAction\",\"target\":[\"https:\/\/www.technic-toys.com\/izdelek\/otroski-elektricni-vilicar-na-akumulator-wh101\/\"]}]},{\"@type\":\"BreadcrumbList\",\"@id\":\"https:\/\/www.technic-toys.com\/izdelek\/otroski-elektricni-vilicar-na-akumulator-wh101\/#breadcrumb\",\"itemListElement\":[{\"@type\":\"ListItem\",\"position\":1,\"name\":\"Domov\",\"item\":\"https:\/\/www.technic-toys.com\/en\/\"},{\"@type\":\"ListItem\",\"position\":2,\"name\":\"Shop\",\"item\":\"https:\/\/www.technic-toys.com\/en\/shop-2\/\"},{\"@type\":\"ListItem\",\"position\":3,\"name\":\"Otro\u0161ki elektri\u010dni vili\u010dar na akumulator WH101\"}]},{\"@type\":\"WebSite\",\"@id\":\"https:\/\/www.technic-toys.com\/en\/#website\",\"url\":\"https:\/\/www.technic-toys.com\/en\/\",\"name\":\"TECHNIC-TOYS.com\",\"description\":\"\",\"potentialAction\":[{\"@type\":\"SearchAction\",\"target\":{\"@type\":\"EntryPoint\",\"urlTemplate\":\"https:\/\/www.technic-toys.com\/en\/?s={search_term_string}\"},\"query-input\":\"required name=search_term_string\"}],\"inLanguage\":\"en-US\"}]}<\/script>\n<!-- \/ Yoast SEO plugin. -->","yoast_head_json":{"title":"Otro\u0161ki elektri\u010dni vili\u010dar na akumulator WH101 - TECHNIC-TOYS.com","description":"Otro\u0161ki elektri\u010dni vili\u010dar na akumulator WH101","robots":{"index":"index","follow":"follow","max-snippet":"max-snippet:-1","max-image-preview":"max-image-preview:large","max-video-preview":"max-video-preview:-1"},"canonical":"https:\/\/www.technic-toys.com\/izdelek\/otroski-elektricni-vilicar-na-akumulator-wh101\/","og_locale":"en_US","og_type":"article","og_title":"Otro\u0161ki elektri\u010dni vili\u010dar na akumulator WH101 - TECHNIC-TOYS.com","og_description":"Otro\u0161ki elektri\u010dni vili\u010dar na akumulator WH101","og_url":"https:\/\/www.technic-toys.com\/izdelek\/otroski-elektricni-vilicar-na-akumulator-wh101\/","og_site_name":"TECHNIC-TOYS.com","article_modified_time":"2024-12-04T18:02:04+00:00","og_image":[{"width":792,"height":678,"url":"https:\/\/www.technic-toys.com\/wp-content\/uploads\/2023\/12\/Battery-ride-on-Forklift-WH101-kids-children-otroski-vilicar-djeciji-viljuskar-deciji-elektricni-na-akumulator-igraca-igracka-technic-toys-com-8.jpg","type":"image\/jpeg"}],"twitter_card":"summary_large_image","twitter_misc":{"Est. reading time":"2 minutes"},"schema":{"@context":"https:\/\/schema.org","@graph":[{"@type":"WebPage","@id":"https:\/\/www.technic-toys.com\/izdelek\/otroski-elektricni-vilicar-na-akumulator-wh101\/","url":"https:\/\/www.technic-toys.com\/izdelek\/otroski-elektricni-vilicar-na-akumulator-wh101\/","name":"Otro\u0161ki elektri\u010dni vili\u010dar na akumulator WH101 - TECHNIC-TOYS.com","isPartOf":{"@id":"https:\/\/www.technic-toys.com\/en\/#website"},"datePublished":"2023-12-20T19:05:06+00:00","dateModified":"2024-12-04T18:02:04+00:00","description":"Otro\u0161ki elektri\u010dni vili\u010dar na akumulator WH101","breadcrumb":{"@id":"https:\/\/www.technic-toys.com\/izdelek\/otroski-elektricni-vilicar-na-akumulator-wh101\/#breadcrumb"},"inLanguage":"en-US","potentialAction":[{"@type":"ReadAction","target":["https:\/\/www.technic-toys.com\/izdelek\/otroski-elektricni-vilicar-na-akumulator-wh101\/"]}]},{"@type":"BreadcrumbList","@id":"https:\/\/www.technic-toys.com\/izdelek\/otroski-elektricni-vilicar-na-akumulator-wh101\/#breadcrumb","itemListElement":[{"@type":"ListItem","position":1,"name":"Domov","item":"https:\/\/www.technic-toys.com\/en\/"},{"@type":"ListItem","position":2,"name":"Shop","item":"https:\/\/www.technic-toys.com\/en\/shop-2\/"},{"@type":"ListItem","position":3,"name":"Otro\u0161ki elektri\u010dni vili\u010dar na akumulator WH101"}]},{"@type":"WebSite","@id":"https:\/\/www.technic-toys.com\/en\/#website","url":"https:\/\/www.technic-toys.com\/en\/","name":"TECHNIC-TOYS.com","description":"","potentialAction":[{"@type":"SearchAction","target":{"@type":"EntryPoint","urlTemplate":"https:\/\/www.technic-toys.com\/en\/?s={search_term_string}"},"query-input":"required name=search_term_string"}],"inLanguage":"en-US"}]}},"_links":{"self":[{"href":"https:\/\/www.technic-toys.com\/en\/wp-json\/wp\/v2\/product\/21728"}],"collection":[{"href":"https:\/\/www.technic-toys.com\/en\/wp-json\/wp\/v2\/product"}],"about":[{"href":"https:\/\/www.technic-toys.com\/en\/wp-json\/wp\/v2\/types\/product"}],"wp:featuredmedia":[{"embeddable":true,"href":"https:\/\/www.technic-toys.com\/en\/wp-json\/wp\/v2\/media\/21755"}],"wp:attachment":[{"href":"https:\/\/www.technic-toys.com\/en\/wp-json\/wp\/v2\/media?parent=21728"}],"wp:term":[{"taxonomy":"product_cat","embeddable":true,"href":"https:\/\/www.technic-toys.com\/en\/wp-json\/wp\/v2\/product_cat?post=21728"},{"taxonomy":"product_tag","embeddable":true,"href":"https:\/\/www.technic-toys.com\/en\/wp-json\/wp\/v2\/product_tag?post=21728"}],"curies":[{"name":"wp","href":"https:\/\/api.w.org\/{rel}","templated":true}]}}