{"id":21765,"date":"2023-12-21T16:41:12","date_gmt":"2023-12-21T15:41:12","guid":{"rendered":"https:\/\/www.technic-toys.com\/?post_type=product&#038;p=21765"},"modified":"2024-12-04T19:02:03","modified_gmt":"2024-12-04T18:02:03","slug":"otrosko-terensko-vozilo-tovornjak-avtomobil-jeep-willys-jh-103-na-akumulator-elektricni","status":"publish","type":"product","link":"https:\/\/www.technic-toys.com\/en\/izdelek\/otrosko-terensko-vozilo-tovornjak-avtomobil-jeep-willys-jh-103-na-akumulator-elektricni\/","title":{"rendered":"Otro\u0161ko terensko vozilo tovornjak avtomobil JEEP WILLYS 4&#215;4 na akumulator JH-103, elektri\u010dni"},"content":{"rendered":"<p>1. NAJCENEJE<br \/>\n2. BREZPLA\u010cNA DOSTAVA<br \/>\n3. NOVO IN ZAPAKIRANO<br \/>\n4. KAKOVOSTNA KONSTRUKCIJA<\/p>\n<p>&nbsp;<\/p>\n<p><strong>Otro\u0161ko terensko vozilo tovornjak avtomobil JEEP WILLYS JH-103 na akumulator &#8211; elektri\u010dni<\/strong><\/p>\n<p>Mo\u017enost izbire barve vpi\u0161ite pri naro\u010dilu v komentar<\/p>\n<p>&nbsp;<\/p>\n<p style=\"text-align: left;\"><strong>Mo\u010d motorja:\u00a0<\/strong>4 X 45w<\/p>\n<p style=\"text-align: left;\"><strong>Akumulator:<\/strong> 1 x 12V 7Ah<\/p>\n<p style=\"text-align: left;\"><strong><span class=\"dictionary__name_txt\">Menjalnik: <\/span><\/strong>Avtomatski, 3 prestave<\/p>\n<p style=\"text-align: left;\"><strong>Dimenzije vozila: <\/strong>110 cm x 60 cm x 58 cm<\/p>\n<p style=\"text-align: left;\"><strong>Hitrost vozila:<\/strong> 4 km\/h<\/p>\n<p style=\"text-align: left;\"><strong>Masa praznega avtomobila:\u00a0<\/strong>15 kg<\/p>\n<p style=\"text-align: left;\"><strong>Maksimalna obremenitev:<\/strong>\u00a030 kg<\/p>\n<p style=\"text-align: left;\"><strong>\u010cas polnjenja baterije:\u00a0<\/strong>8 ur<\/p>\n<p style=\"text-align: left;\"><strong>Vzdr\u017eljivost baterije:<\/strong>\u00a0do 1 uro<\/p>\n<p style=\"text-align: left;\"><strong>Lu\u010di:<\/strong> Da<\/p>\n<p style=\"text-align: left;\"><strong><span class=\"dictionary__label_txt\">Oprema: <\/span><\/strong>Varnostni pas<\/p>\n<p style=\"text-align: left;\"><strong>Sede\u017e:<\/strong> Mehak iz eko usnja<\/p>\n<p style=\"text-align: left;\"><strong><span class=\"dictionary__name_txt\">Kolesa: <\/span><\/strong>EVA plastika<\/p>\n<p style=\"text-align: left;\"><strong>Daljinsko upravljanje <\/strong>(kontrola star\u0161ev): R\/C 2.4G<\/p>\n<p style=\"text-align: left;\"><span class=\"dictionary__name_txt\"><strong>Avdio<\/strong>:<\/span>\u00a0USB; Bluetooth<\/p>\n<div>\n<p style=\"text-align: left;\"><strong>Velikost paketa: 103 cm x 58 cm x 32 cm<\/strong><\/p>\n<p style=\"text-align: left;\"><strong>Te\u017ea embala\u017ee: <\/strong>17 kg<\/p>\n<\/div>\n","protected":false},"excerpt":{"rendered":"<p>1. NAJCENEJE 2. BREZPLA\u010cNA DOSTAVA 3. NOVO IN ZAPAKIRANO 4. KAKOVOSTNA KONSTRUKCIJA &nbsp; Otro\u0161ko terensko vozilo tovornjak avtomobil JEEP WILLYS JH-103 na akumulator &#8211; elektri\u010dni Mo\u017enost izbire barve vpi\u0161ite pri naro\u010dilu v komentar &nbsp; Mo\u010d motorja:\u00a04 X 45w Akumulator: 1 x 12V 7Ah Menjalnik: Avtomatski, 3 prestave Dimenzije vozila: 110 cm x 60 cm x [&hellip;]<\/p>\n","protected":false},"featured_media":21771,"template":"","meta":[],"product_cat":[374,469],"product_tag":[],"acf":[],"yoast_head":"<!-- This site is optimized with the Yoast SEO plugin v21.7 - https:\/\/yoast.com\/wordpress\/plugins\/seo\/ -->\n<title>Otro\u0161ko terensko vozilo tovornjak avtomobil JEEP WILLYS 4x4 na akumulator JH-103, elektri\u010dni - TECHNIC-TOYS.com<\/title>\n<meta name=\"description\" content=\"Otro\u0161ko terensko vozilo tovornjak avtomobil JEEP WILLYS JH-103 na akumulator - elektri\u010dni\" \/>\n<meta name=\"robots\" content=\"index, follow, max-snippet:-1, max-image-preview:large, max-video-preview:-1\" \/>\n<link rel=\"canonical\" href=\"https:\/\/www.technic-toys.com\/izdelek\/otrosko-terensko-vozilo-tovornjak-avtomobil-jeep-willys-jh-103-na-akumulator-elektricni\/\" \/>\n<meta property=\"og:locale\" content=\"en_US\" \/>\n<meta property=\"og:type\" content=\"article\" \/>\n<meta property=\"og:title\" content=\"Otro\u0161ko terensko vozilo tovornjak avtomobil JEEP WILLYS 4x4 na akumulator JH-103, elektri\u010dni - TECHNIC-TOYS.com\" \/>\n<meta property=\"og:description\" content=\"Otro\u0161ko terensko vozilo tovornjak avtomobil JEEP WILLYS JH-103 na akumulator - elektri\u010dni\" \/>\n<meta property=\"og:url\" content=\"https:\/\/www.technic-toys.com\/izdelek\/otrosko-terensko-vozilo-tovornjak-avtomobil-jeep-willys-jh-103-na-akumulator-elektricni\/\" \/>\n<meta property=\"og:site_name\" content=\"TECHNIC-TOYS.com\" \/>\n<meta property=\"article:modified_time\" content=\"2024-12-04T18:02:03+00:00\" \/>\n<meta property=\"og:image\" content=\"https:\/\/www.technic-toys.com\/wp-content\/uploads\/2023\/12\/Battery-ride-on-JH-103-Army-Green-4x4-otroski-jeep-terensko-vozilo-avto-auto-kid-children-technic-toys-otroska-djecija-igracka-igraca-2.jpg\" \/>\n\t<meta property=\"og:image:width\" content=\"1000\" \/>\n\t<meta property=\"og:image:height\" content=\"667\" \/>\n\t<meta property=\"og:image:type\" content=\"image\/jpeg\" \/>\n<meta name=\"twitter:card\" content=\"summary_large_image\" \/>\n<meta name=\"twitter:label1\" content=\"Est. reading time\" \/>\n\t<meta name=\"twitter:data1\" content=\"2 minutes\" \/>\n<script type=\"application\/ld+json\" class=\"yoast-schema-graph\">{\"@context\":\"https:\/\/schema.org\",\"@graph\":[{\"@type\":\"WebPage\",\"@id\":\"https:\/\/www.technic-toys.com\/izdelek\/otrosko-terensko-vozilo-tovornjak-avtomobil-jeep-willys-jh-103-na-akumulator-elektricni\/\",\"url\":\"https:\/\/www.technic-toys.com\/izdelek\/otrosko-terensko-vozilo-tovornjak-avtomobil-jeep-willys-jh-103-na-akumulator-elektricni\/\",\"name\":\"Otro\u0161ko terensko vozilo tovornjak avtomobil JEEP WILLYS 4x4 na akumulator JH-103, elektri\u010dni - TECHNIC-TOYS.com\",\"isPartOf\":{\"@id\":\"https:\/\/www.technic-toys.com\/en\/#website\"},\"datePublished\":\"2023-12-21T15:41:12+00:00\",\"dateModified\":\"2024-12-04T18:02:03+00:00\",\"description\":\"Otro\u0161ko terensko vozilo tovornjak avtomobil JEEP WILLYS JH-103 na akumulator - elektri\u010dni\",\"breadcrumb\":{\"@id\":\"https:\/\/www.technic-toys.com\/izdelek\/otrosko-terensko-vozilo-tovornjak-avtomobil-jeep-willys-jh-103-na-akumulator-elektricni\/#breadcrumb\"},\"inLanguage\":\"en-US\",\"potentialAction\":[{\"@type\":\"ReadAction\",\"target\":[\"https:\/\/www.technic-toys.com\/izdelek\/otrosko-terensko-vozilo-tovornjak-avtomobil-jeep-willys-jh-103-na-akumulator-elektricni\/\"]}]},{\"@type\":\"BreadcrumbList\",\"@id\":\"https:\/\/www.technic-toys.com\/izdelek\/otrosko-terensko-vozilo-tovornjak-avtomobil-jeep-willys-jh-103-na-akumulator-elektricni\/#breadcrumb\",\"itemListElement\":[{\"@type\":\"ListItem\",\"position\":1,\"name\":\"Domov\",\"item\":\"https:\/\/www.technic-toys.com\/en\/\"},{\"@type\":\"ListItem\",\"position\":2,\"name\":\"Shop\",\"item\":\"https:\/\/www.technic-toys.com\/en\/shop-2\/\"},{\"@type\":\"ListItem\",\"position\":3,\"name\":\"Otro\u0161ko terensko vozilo tovornjak avtomobil JEEP WILLYS 4&#215;4 na akumulator JH-103, elektri\u010dni\"}]},{\"@type\":\"WebSite\",\"@id\":\"https:\/\/www.technic-toys.com\/en\/#website\",\"url\":\"https:\/\/www.technic-toys.com\/en\/\",\"name\":\"TECHNIC-TOYS.com\",\"description\":\"\",\"potentialAction\":[{\"@type\":\"SearchAction\",\"target\":{\"@type\":\"EntryPoint\",\"urlTemplate\":\"https:\/\/www.technic-toys.com\/en\/?s={search_term_string}\"},\"query-input\":\"required name=search_term_string\"}],\"inLanguage\":\"en-US\"}]}<\/script>\n<!-- \/ Yoast SEO plugin. -->","yoast_head_json":{"title":"Otro\u0161ko terensko vozilo tovornjak avtomobil JEEP WILLYS 4x4 na akumulator JH-103, elektri\u010dni - TECHNIC-TOYS.com","description":"Otro\u0161ko terensko vozilo tovornjak avtomobil JEEP WILLYS JH-103 na akumulator - elektri\u010dni","robots":{"index":"index","follow":"follow","max-snippet":"max-snippet:-1","max-image-preview":"max-image-preview:large","max-video-preview":"max-video-preview:-1"},"canonical":"https:\/\/www.technic-toys.com\/izdelek\/otrosko-terensko-vozilo-tovornjak-avtomobil-jeep-willys-jh-103-na-akumulator-elektricni\/","og_locale":"en_US","og_type":"article","og_title":"Otro\u0161ko terensko vozilo tovornjak avtomobil JEEP WILLYS 4x4 na akumulator JH-103, elektri\u010dni - TECHNIC-TOYS.com","og_description":"Otro\u0161ko terensko vozilo tovornjak avtomobil JEEP WILLYS JH-103 na akumulator - elektri\u010dni","og_url":"https:\/\/www.technic-toys.com\/izdelek\/otrosko-terensko-vozilo-tovornjak-avtomobil-jeep-willys-jh-103-na-akumulator-elektricni\/","og_site_name":"TECHNIC-TOYS.com","article_modified_time":"2024-12-04T18:02:03+00:00","og_image":[{"width":1000,"height":667,"url":"https:\/\/www.technic-toys.com\/wp-content\/uploads\/2023\/12\/Battery-ride-on-JH-103-Army-Green-4x4-otroski-jeep-terensko-vozilo-avto-auto-kid-children-technic-toys-otroska-djecija-igracka-igraca-2.jpg","type":"image\/jpeg"}],"twitter_card":"summary_large_image","twitter_misc":{"Est. reading time":"2 minutes"},"schema":{"@context":"https:\/\/schema.org","@graph":[{"@type":"WebPage","@id":"https:\/\/www.technic-toys.com\/izdelek\/otrosko-terensko-vozilo-tovornjak-avtomobil-jeep-willys-jh-103-na-akumulator-elektricni\/","url":"https:\/\/www.technic-toys.com\/izdelek\/otrosko-terensko-vozilo-tovornjak-avtomobil-jeep-willys-jh-103-na-akumulator-elektricni\/","name":"Otro\u0161ko terensko vozilo tovornjak avtomobil JEEP WILLYS 4x4 na akumulator JH-103, elektri\u010dni - TECHNIC-TOYS.com","isPartOf":{"@id":"https:\/\/www.technic-toys.com\/en\/#website"},"datePublished":"2023-12-21T15:41:12+00:00","dateModified":"2024-12-04T18:02:03+00:00","description":"Otro\u0161ko terensko vozilo tovornjak avtomobil JEEP WILLYS JH-103 na akumulator - elektri\u010dni","breadcrumb":{"@id":"https:\/\/www.technic-toys.com\/izdelek\/otrosko-terensko-vozilo-tovornjak-avtomobil-jeep-willys-jh-103-na-akumulator-elektricni\/#breadcrumb"},"inLanguage":"en-US","potentialAction":[{"@type":"ReadAction","target":["https:\/\/www.technic-toys.com\/izdelek\/otrosko-terensko-vozilo-tovornjak-avtomobil-jeep-willys-jh-103-na-akumulator-elektricni\/"]}]},{"@type":"BreadcrumbList","@id":"https:\/\/www.technic-toys.com\/izdelek\/otrosko-terensko-vozilo-tovornjak-avtomobil-jeep-willys-jh-103-na-akumulator-elektricni\/#breadcrumb","itemListElement":[{"@type":"ListItem","position":1,"name":"Domov","item":"https:\/\/www.technic-toys.com\/en\/"},{"@type":"ListItem","position":2,"name":"Shop","item":"https:\/\/www.technic-toys.com\/en\/shop-2\/"},{"@type":"ListItem","position":3,"name":"Otro\u0161ko terensko vozilo tovornjak avtomobil JEEP WILLYS 4&#215;4 na akumulator JH-103, elektri\u010dni"}]},{"@type":"WebSite","@id":"https:\/\/www.technic-toys.com\/en\/#website","url":"https:\/\/www.technic-toys.com\/en\/","name":"TECHNIC-TOYS.com","description":"","potentialAction":[{"@type":"SearchAction","target":{"@type":"EntryPoint","urlTemplate":"https:\/\/www.technic-toys.com\/en\/?s={search_term_string}"},"query-input":"required name=search_term_string"}],"inLanguage":"en-US"}]}},"_links":{"self":[{"href":"https:\/\/www.technic-toys.com\/en\/wp-json\/wp\/v2\/product\/21765"}],"collection":[{"href":"https:\/\/www.technic-toys.com\/en\/wp-json\/wp\/v2\/product"}],"about":[{"href":"https:\/\/www.technic-toys.com\/en\/wp-json\/wp\/v2\/types\/product"}],"wp:featuredmedia":[{"embeddable":true,"href":"https:\/\/www.technic-toys.com\/en\/wp-json\/wp\/v2\/media\/21771"}],"wp:attachment":[{"href":"https:\/\/www.technic-toys.com\/en\/wp-json\/wp\/v2\/media?parent=21765"}],"wp:term":[{"taxonomy":"product_cat","embeddable":true,"href":"https:\/\/www.technic-toys.com\/en\/wp-json\/wp\/v2\/product_cat?post=21765"},{"taxonomy":"product_tag","embeddable":true,"href":"https:\/\/www.technic-toys.com\/en\/wp-json\/wp\/v2\/product_tag?post=21765"}],"curies":[{"name":"wp","href":"https:\/\/api.w.org\/{rel}","templated":true}]}}