{"id":21882,"date":"2024-12-10T10:39:12","date_gmt":"2024-12-10T09:39:12","guid":{"rendered":"https:\/\/www.technic-toys.com\/?post_type=product&#038;p=21882"},"modified":"2025-01-23T14:33:16","modified_gmt":"2025-01-23T13:33:16","slug":"otroski-gokart-na-pedale-bmw-replica-dizajn-avto-formula-rdec","status":"publish","type":"product","link":"https:\/\/www.technic-toys.com\/en\/izdelek\/otroski-gokart-na-pedale-bmw-replica-dizajn-avto-formula-rdec\/","title":{"rendered":"Otro\u0161ki GOKART na pedale, BMW replica dizajn, avto formula, RDE\u010c"},"content":{"rendered":"<p>BREZPLA\u010cNA DOSTAVA<\/p>\n<p>GO-CART Red-bLack &#8211; napihljiva Kolesa<br \/>\nGo-Cart je zasnovan za otroke, ki imajo radi aktivnosti na prostem in aktiven \u017eivljenjski slog.<br \/>\n&#8211; moderna oblika, sede\u017e z oporo za hrbet<br \/>\n&#8211; maksimalna obremenitev do 30 kg<br \/>\n&#8211; zavora na kolesih<br \/>\n&#8211; mo\u017enost vo\u017enje naprej in nazaj<br \/>\n&#8211; kovinski elementi, kakovostno trajna konstrukcija<br \/>\n&#8211; krmilni sistem volan<br \/>\n&#8211; pogon zadnja os<br \/>\n&#8211; dol\u017eina &#8211; 113 cm, \u0161irina &#8211; 57 cm, vi\u0161ina &#8211; 70 cm<\/p>\n<p>starost otroka : 3 &#8211; 8 let<br \/>\nBlagovna znamka : replica BMW<br \/>\nVrsta pogona : na pedalih<br \/>\nNajve\u010dja obremenitev : 30kg<\/p>\n<p>Ta model je bil zasnovan za otroke, starej\u0161e od 3 let. Vsi materiali uporabljeni za izdelavo tega velikega in elegantnega vozila, so izdelani iz zelo mo\u010dnih, a okolju prijaznih delov. Vozilo ima CE certifikat, ki zagotavlja varno uporabo po normativih Evropske unije. Vozilo je pakirano v originalni \u0161katli z navodili za samostojno sestavljanje.<\/p>\n","protected":false},"excerpt":{"rendered":"<p>BREZPLA\u010cNA DOSTAVA GO-CART Red-bLack &#8211; napihljiva Kolesa Go-Cart je zasnovan za otroke, ki imajo radi aktivnosti na prostem in aktiven \u017eivljenjski slog. &#8211; moderna oblika, sede\u017e z oporo za hrbet &#8211; maksimalna obremenitev do 30 kg &#8211; zavora na kolesih &#8211; mo\u017enost vo\u017enje naprej in nazaj &#8211; kovinski elementi, kakovostno trajna konstrukcija &#8211; krmilni sistem [&hellip;]<\/p>\n","protected":false},"featured_media":21884,"template":"","meta":[],"product_cat":[374,466,409],"product_tag":[],"acf":[],"yoast_head":"<!-- This site is optimized with the Yoast SEO plugin v21.7 - https:\/\/yoast.com\/wordpress\/plugins\/seo\/ -->\n<title>Otro\u0161ki GOKART na pedale, BMW replica dizajn, avto formula, RDE\u010c - TECHNIC-TOYS.com<\/title>\n<meta name=\"description\" content=\"GOKART Fiat Abarth original, avto formula na pedala GOKART gocart BMW original, avto formula na pedala za otroka, BELA\" \/>\n<meta name=\"robots\" content=\"index, follow, max-snippet:-1, max-image-preview:large, max-video-preview:-1\" \/>\n<link rel=\"canonical\" href=\"https:\/\/www.technic-toys.com\/izdelek\/otroski-gokart-na-pedale-bmw-replica-dizajn-avto-formula-rdec\/\" \/>\n<meta property=\"og:locale\" content=\"en_US\" \/>\n<meta property=\"og:type\" content=\"article\" \/>\n<meta property=\"og:title\" content=\"Otro\u0161ki GOKART na pedale, BMW replica dizajn, avto formula, RDE\u010c - TECHNIC-TOYS.com\" \/>\n<meta property=\"og:description\" content=\"GOKART Fiat Abarth original, avto formula na pedala GOKART gocart BMW original, avto formula na pedala za otroka, BELA\" \/>\n<meta property=\"og:url\" content=\"https:\/\/www.technic-toys.com\/izdelek\/otroski-gokart-na-pedale-bmw-replica-dizajn-avto-formula-rdec\/\" \/>\n<meta property=\"og:site_name\" content=\"TECHNIC-TOYS.com\" \/>\n<meta property=\"article:modified_time\" content=\"2025-01-23T13:33:16+00:00\" \/>\n<meta property=\"og:image\" content=\"https:\/\/www.technic-toys.com\/wp-content\/uploads\/2024\/12\/otroski-djecji-poganjalec-na-pedale-gocart-gokart-bmw-go-kart-1.jpg\" \/>\n\t<meta property=\"og:image:width\" content=\"1000\" \/>\n\t<meta property=\"og:image:height\" content=\"667\" \/>\n\t<meta property=\"og:image:type\" content=\"image\/jpeg\" \/>\n<meta name=\"twitter:card\" content=\"summary_large_image\" \/>\n<meta name=\"twitter:label1\" content=\"Est. reading time\" \/>\n\t<meta name=\"twitter:data1\" content=\"1 minute\" \/>\n<script type=\"application\/ld+json\" class=\"yoast-schema-graph\">{\"@context\":\"https:\/\/schema.org\",\"@graph\":[{\"@type\":\"WebPage\",\"@id\":\"https:\/\/www.technic-toys.com\/izdelek\/otroski-gokart-na-pedale-bmw-replica-dizajn-avto-formula-rdec\/\",\"url\":\"https:\/\/www.technic-toys.com\/izdelek\/otroski-gokart-na-pedale-bmw-replica-dizajn-avto-formula-rdec\/\",\"name\":\"Otro\u0161ki GOKART na pedale, BMW replica dizajn, avto formula, RDE\u010c - TECHNIC-TOYS.com\",\"isPartOf\":{\"@id\":\"https:\/\/www.technic-toys.com\/en\/#website\"},\"datePublished\":\"2024-12-10T09:39:12+00:00\",\"dateModified\":\"2025-01-23T13:33:16+00:00\",\"description\":\"GOKART Fiat Abarth original, avto formula na pedala GOKART gocart BMW original, avto formula na pedala za otroka, BELA\",\"breadcrumb\":{\"@id\":\"https:\/\/www.technic-toys.com\/izdelek\/otroski-gokart-na-pedale-bmw-replica-dizajn-avto-formula-rdec\/#breadcrumb\"},\"inLanguage\":\"en-US\",\"potentialAction\":[{\"@type\":\"ReadAction\",\"target\":[\"https:\/\/www.technic-toys.com\/izdelek\/otroski-gokart-na-pedale-bmw-replica-dizajn-avto-formula-rdec\/\"]}]},{\"@type\":\"BreadcrumbList\",\"@id\":\"https:\/\/www.technic-toys.com\/izdelek\/otroski-gokart-na-pedale-bmw-replica-dizajn-avto-formula-rdec\/#breadcrumb\",\"itemListElement\":[{\"@type\":\"ListItem\",\"position\":1,\"name\":\"Domov\",\"item\":\"https:\/\/www.technic-toys.com\/en\/\"},{\"@type\":\"ListItem\",\"position\":2,\"name\":\"Shop\",\"item\":\"https:\/\/www.technic-toys.com\/en\/shop-2\/\"},{\"@type\":\"ListItem\",\"position\":3,\"name\":\"Otro\u0161ki GOKART na pedale, BMW replica dizajn, avto formula, RDE\u010c\"}]},{\"@type\":\"WebSite\",\"@id\":\"https:\/\/www.technic-toys.com\/en\/#website\",\"url\":\"https:\/\/www.technic-toys.com\/en\/\",\"name\":\"TECHNIC-TOYS.com\",\"description\":\"\",\"potentialAction\":[{\"@type\":\"SearchAction\",\"target\":{\"@type\":\"EntryPoint\",\"urlTemplate\":\"https:\/\/www.technic-toys.com\/en\/?s={search_term_string}\"},\"query-input\":\"required name=search_term_string\"}],\"inLanguage\":\"en-US\"}]}<\/script>\n<!-- \/ Yoast SEO plugin. -->","yoast_head_json":{"title":"Otro\u0161ki GOKART na pedale, BMW replica dizajn, avto formula, RDE\u010c - TECHNIC-TOYS.com","description":"GOKART Fiat Abarth original, avto formula na pedala GOKART gocart BMW original, avto formula na pedala za otroka, BELA","robots":{"index":"index","follow":"follow","max-snippet":"max-snippet:-1","max-image-preview":"max-image-preview:large","max-video-preview":"max-video-preview:-1"},"canonical":"https:\/\/www.technic-toys.com\/izdelek\/otroski-gokart-na-pedale-bmw-replica-dizajn-avto-formula-rdec\/","og_locale":"en_US","og_type":"article","og_title":"Otro\u0161ki GOKART na pedale, BMW replica dizajn, avto formula, RDE\u010c - TECHNIC-TOYS.com","og_description":"GOKART Fiat Abarth original, avto formula na pedala GOKART gocart BMW original, avto formula na pedala za otroka, BELA","og_url":"https:\/\/www.technic-toys.com\/izdelek\/otroski-gokart-na-pedale-bmw-replica-dizajn-avto-formula-rdec\/","og_site_name":"TECHNIC-TOYS.com","article_modified_time":"2025-01-23T13:33:16+00:00","og_image":[{"width":1000,"height":667,"url":"https:\/\/www.technic-toys.com\/wp-content\/uploads\/2024\/12\/otroski-djecji-poganjalec-na-pedale-gocart-gokart-bmw-go-kart-1.jpg","type":"image\/jpeg"}],"twitter_card":"summary_large_image","twitter_misc":{"Est. reading time":"1 minute"},"schema":{"@context":"https:\/\/schema.org","@graph":[{"@type":"WebPage","@id":"https:\/\/www.technic-toys.com\/izdelek\/otroski-gokart-na-pedale-bmw-replica-dizajn-avto-formula-rdec\/","url":"https:\/\/www.technic-toys.com\/izdelek\/otroski-gokart-na-pedale-bmw-replica-dizajn-avto-formula-rdec\/","name":"Otro\u0161ki GOKART na pedale, BMW replica dizajn, avto formula, RDE\u010c - TECHNIC-TOYS.com","isPartOf":{"@id":"https:\/\/www.technic-toys.com\/en\/#website"},"datePublished":"2024-12-10T09:39:12+00:00","dateModified":"2025-01-23T13:33:16+00:00","description":"GOKART Fiat Abarth original, avto formula na pedala GOKART gocart BMW original, avto formula na pedala za otroka, BELA","breadcrumb":{"@id":"https:\/\/www.technic-toys.com\/izdelek\/otroski-gokart-na-pedale-bmw-replica-dizajn-avto-formula-rdec\/#breadcrumb"},"inLanguage":"en-US","potentialAction":[{"@type":"ReadAction","target":["https:\/\/www.technic-toys.com\/izdelek\/otroski-gokart-na-pedale-bmw-replica-dizajn-avto-formula-rdec\/"]}]},{"@type":"BreadcrumbList","@id":"https:\/\/www.technic-toys.com\/izdelek\/otroski-gokart-na-pedale-bmw-replica-dizajn-avto-formula-rdec\/#breadcrumb","itemListElement":[{"@type":"ListItem","position":1,"name":"Domov","item":"https:\/\/www.technic-toys.com\/en\/"},{"@type":"ListItem","position":2,"name":"Shop","item":"https:\/\/www.technic-toys.com\/en\/shop-2\/"},{"@type":"ListItem","position":3,"name":"Otro\u0161ki GOKART na pedale, BMW replica dizajn, avto formula, RDE\u010c"}]},{"@type":"WebSite","@id":"https:\/\/www.technic-toys.com\/en\/#website","url":"https:\/\/www.technic-toys.com\/en\/","name":"TECHNIC-TOYS.com","description":"","potentialAction":[{"@type":"SearchAction","target":{"@type":"EntryPoint","urlTemplate":"https:\/\/www.technic-toys.com\/en\/?s={search_term_string}"},"query-input":"required name=search_term_string"}],"inLanguage":"en-US"}]}},"_links":{"self":[{"href":"https:\/\/www.technic-toys.com\/en\/wp-json\/wp\/v2\/product\/21882"}],"collection":[{"href":"https:\/\/www.technic-toys.com\/en\/wp-json\/wp\/v2\/product"}],"about":[{"href":"https:\/\/www.technic-toys.com\/en\/wp-json\/wp\/v2\/types\/product"}],"wp:featuredmedia":[{"embeddable":true,"href":"https:\/\/www.technic-toys.com\/en\/wp-json\/wp\/v2\/media\/21884"}],"wp:attachment":[{"href":"https:\/\/www.technic-toys.com\/en\/wp-json\/wp\/v2\/media?parent=21882"}],"wp:term":[{"taxonomy":"product_cat","embeddable":true,"href":"https:\/\/www.technic-toys.com\/en\/wp-json\/wp\/v2\/product_cat?post=21882"},{"taxonomy":"product_tag","embeddable":true,"href":"https:\/\/www.technic-toys.com\/en\/wp-json\/wp\/v2\/product_tag?post=21882"}],"curies":[{"name":"wp","href":"https:\/\/api.w.org\/{rel}","templated":true}]}}