{"id":7614,"date":"2018-12-20T17:21:26","date_gmt":"2018-12-20T16:21:26","guid":{"rendered":"https:\/\/www.parsun.si\/proces-narucivanja\/"},"modified":"2022-04-10T16:31:16","modified_gmt":"2022-04-10T14:31:16","slug":"proces-narucivanja","status":"publish","type":"page","link":"https:\/\/www.technic-toys.com\/hr\/informacije\/proces-narucivanja\/","title":{"rendered":"Proces naru\u010divanja"},"content":{"rendered":"<p><strong><span>\u0160to god \u017eelite kupiti, zajedno dodajte &#8220;Dodaj u ko\u0161aricu&#8221; i nastavite s online narud\u017ebom bez registracije. Zbog automatiziranog procesa, narud\u017eba je va\u017ee\u0107a samo putem internetske ko\u0161arice, a ne putem telefona\/e-maila.<\/span><\/strong><\/p>\n<p><strong><span>Postupak narud\u017ebe u internetskoj trgovini iznimno je jednostavan.\u00a0Za kupnju kod nas nije potrebna registracija!<\/span><\/strong><\/p>\n<div><strong><span>Korak 1 &#8211; KLIKNITE U KO\u0160ARICU<\/span><\/strong><\/div>\n<div><span>Proizvod koji \u017eelite kupiti dodaje se u ko\u0161aricu klikom na odgovaraju\u0107u ikonu.\u00a0Proizvodi su razvrstani po kategorijama, mo\u017eete ih prona\u0107i i uz pomo\u0107 brzog tra\u017eila.<\/span><\/div>\n<div><\/div>\n<div><strong><span>Korak 2 &#8211; PREGLED DETALJNIH INFORMACIJA O ARTIKLU (promjena koli\u010dine)<\/span><\/strong><\/div>\n<div><span>U ko\u0161aricu mo\u017eete dodati bilo koji broj proizvoda.\u00a0Nakon \u0161to zavr\u0161ite s dodavanjem, mo\u017eete nastaviti s kupnjom ili dovr\u0161iti kupnju.\u00a0U prvom slu\u010daju proizvodi u ko\u0161arici bit \u0107e spremljeni za kasniju kupnju.\u00a0Tako\u0111er mo\u017eete izbrisati proizvode u ko\u0161arici (s tipkom) ili\u00a0promijenite iznos (\u201cosvje\u017ei podatke!\u201d).\u00a0Nakon \u0161to ste finalizirali svoju narud\u017ebu, kliknite na gumb &#8220;Potvrdi&#8221; za nastavak.<\/span><\/div>\n<div><\/div>\n<div><strong><span>Korak 3 &#8211; UNOSI PODATKE ZA ISPORUKU (odabir kupca, zemlja isporuke,\u2026)<\/span><\/strong><\/div>\n<div><span>U obrazac \u0107ete unijeti valjane podatke.\u00a0Provjerite je li adresa pretplatnika to\u010dna.\u00a0Ako proizvod po\u0161aljete nekome na poklon, mo\u017eete promijeniti adresu primatelja robe.\u00a0U tom slu\u010daju, ra\u010dun \u0107e biti poslan kupcu, a roba primatelju.<\/span><\/div>\n<div><\/div>\n<div><strong><span>Korak 4 &#8211; NA\u010cIN PLA\u0106ANJA (pouze\u0107em ili predra\u010dunom)<\/span><\/strong><\/div>\n<div><\/div>\n<div><strong><span>Korak 5 &#8211; NA\u010cIN ISPORUKE (brzo nakon preuzimanja ili osobno preuzimanje)<\/span><\/strong><\/div>\n<div><span>Odaberite na\u010din isporuke.\u00a0Mogu\u0107a je dostava putem dostavne slu\u017ebe ili osobno preuzimanje.<\/span><\/div>\n<div><\/div>\n<div><strong><span>Korak 6 &#8211; POTVRDI NARUD\u017dBU<\/span><\/strong><\/div>\n<div><span>Prije nego kliknete na gumb za dovr\u0161etak kupnje, provjerite je li popis naru\u010denih proizvoda to\u010dan.\u00a0Ako \u017eelite, mo\u017eete unijeti dodatni komentar i zatim ozna\u010diti &#8220;Potvrdi uvjete&#8221;.\u00a0Kliknite na gumb &#8220;Potvrdi narud\u017ebu&#8221; i nakon uspje\u0161ne autorizacije vidjet \u0107ete stranicu koja potvr\u0111uje da je kupnja prihva\u0107ena.\u00a0U isto vrijeme, kupac i prodavatelj \u0107e e-po\u0161tom dobiti zavr\u0161enu narud\u017ebu.<\/span><\/div>\n","protected":false},"excerpt":{"rendered":"<p>\u0160to god \u017eelite kupiti, zajedno dodajte &#8220;Dodaj u ko\u0161aricu&#8221; i nastavite s online narud\u017ebom bez registracije. Zbog automatiziranog procesa, narud\u017eba je va\u017ee\u0107a samo putem internetske ko\u0161arice, a ne putem telefona\/e-maila. Postupak narud\u017ebe u internetskoj trgovini iznimno je jednostavan.\u00a0Za kupnju kod nas nije potrebna registracija! Korak 1 &#8211; KLIKNITE U KO\u0160ARICU Proizvod koji \u017eelite kupiti dodaje [&hellip;]<\/p>\n","protected":false},"author":3,"featured_media":0,"parent":19877,"menu_order":0,"comment_status":"closed","ping_status":"closed","template":"","meta":{"footnotes":""},"acf":[],"yoast_head":"<!-- This site is optimized with the Yoast SEO plugin v21.7 - https:\/\/yoast.com\/wordpress\/plugins\/seo\/ -->\n<title>Proces naru\u010divanja - TECHNIC TOYS SHOP<\/title>\n<meta name=\"robots\" content=\"index, follow, max-snippet:-1, max-image-preview:large, max-video-preview:-1\" \/>\n<link rel=\"canonical\" href=\"https:\/\/www.technic-toys.com\/hr\/informacije\/proces-narucivanja\/\" \/>\n<meta property=\"og:locale\" content=\"hr_HR\" \/>\n<meta property=\"og:type\" content=\"article\" \/>\n<meta property=\"og:title\" content=\"Proces naru\u010divanja - TECHNIC TOYS SHOP\" \/>\n<meta property=\"og:description\" content=\"\u0160to god \u017eelite kupiti, zajedno dodajte &#8220;Dodaj u ko\u0161aricu&#8221; i nastavite s online narud\u017ebom bez registracije. Zbog automatiziranog procesa, narud\u017eba je va\u017ee\u0107a samo putem internetske ko\u0161arice, a ne putem telefona\/e-maila. Postupak narud\u017ebe u internetskoj trgovini iznimno je jednostavan.\u00a0Za kupnju kod nas nije potrebna registracija! Korak 1 &#8211; KLIKNITE U KO\u0160ARICU Proizvod koji \u017eelite kupiti dodaje [&hellip;]\" \/>\n<meta property=\"og:url\" content=\"https:\/\/www.technic-toys.com\/hr\/informacije\/proces-narucivanja\/\" \/>\n<meta property=\"og:site_name\" content=\"TECHNIC TOYS SHOP\" \/>\n<meta property=\"article:modified_time\" content=\"2022-04-10T14:31:16+00:00\" \/>\n<meta name=\"twitter:card\" content=\"summary_large_image\" \/>\n<meta name=\"twitter:label1\" content=\"Procijenjeno vrijeme \u010ditanja\" \/>\n\t<meta name=\"twitter:data1\" content=\"2 minute\" \/>\n<script type=\"application\/ld+json\" class=\"yoast-schema-graph\">{\"@context\":\"https:\/\/schema.org\",\"@graph\":[{\"@type\":\"WebPage\",\"@id\":\"https:\/\/www.technic-toys.com\/hr\/informacije\/proces-narucivanja\/\",\"url\":\"https:\/\/www.technic-toys.com\/hr\/informacije\/proces-narucivanja\/\",\"name\":\"Proces naru\u010divanja - TECHNIC TOYS SHOP\",\"isPartOf\":{\"@id\":\"https:\/\/www.technic-toys.com\/en\/#website\"},\"datePublished\":\"2018-12-20T16:21:26+00:00\",\"dateModified\":\"2022-04-10T14:31:16+00:00\",\"breadcrumb\":{\"@id\":\"https:\/\/www.technic-toys.com\/hr\/informacije\/proces-narucivanja\/#breadcrumb\"},\"inLanguage\":\"hr\",\"potentialAction\":[{\"@type\":\"ReadAction\",\"target\":[\"https:\/\/www.technic-toys.com\/hr\/informacije\/proces-narucivanja\/\"]}]},{\"@type\":\"BreadcrumbList\",\"@id\":\"https:\/\/www.technic-toys.com\/hr\/informacije\/proces-narucivanja\/#breadcrumb\",\"itemListElement\":[{\"@type\":\"ListItem\",\"position\":1,\"name\":\"Domov\",\"item\":\"https:\/\/www.technic-toys.com\/hr\/\"},{\"@type\":\"ListItem\",\"position\":2,\"name\":\"Informacije\",\"item\":\"https:\/\/www.technic-toys.com\/hr\/informacije\/\"},{\"@type\":\"ListItem\",\"position\":3,\"name\":\"Proces naru\u010divanja\"}]},{\"@type\":\"WebSite\",\"@id\":\"https:\/\/www.technic-toys.com\/en\/#website\",\"url\":\"https:\/\/www.technic-toys.com\/en\/\",\"name\":\"TECHNIC TOYS SHOP\",\"description\":\"\",\"potentialAction\":[{\"@type\":\"SearchAction\",\"target\":{\"@type\":\"EntryPoint\",\"urlTemplate\":\"https:\/\/www.technic-toys.com\/en\/?s={search_term_string}\"},\"query-input\":\"required name=search_term_string\"}],\"inLanguage\":\"hr\"}]}<\/script>\n<!-- \/ Yoast SEO plugin. -->","yoast_head_json":{"title":"Proces naru\u010divanja - TECHNIC TOYS SHOP","robots":{"index":"index","follow":"follow","max-snippet":"max-snippet:-1","max-image-preview":"max-image-preview:large","max-video-preview":"max-video-preview:-1"},"canonical":"https:\/\/www.technic-toys.com\/hr\/informacije\/proces-narucivanja\/","og_locale":"hr_HR","og_type":"article","og_title":"Proces naru\u010divanja - TECHNIC TOYS SHOP","og_description":"\u0160to god \u017eelite kupiti, zajedno dodajte &#8220;Dodaj u ko\u0161aricu&#8221; i nastavite s online narud\u017ebom bez registracije. Zbog automatiziranog procesa, narud\u017eba je va\u017ee\u0107a samo putem internetske ko\u0161arice, a ne putem telefona\/e-maila. Postupak narud\u017ebe u internetskoj trgovini iznimno je jednostavan.\u00a0Za kupnju kod nas nije potrebna registracija! Korak 1 &#8211; KLIKNITE U KO\u0160ARICU Proizvod koji \u017eelite kupiti dodaje [&hellip;]","og_url":"https:\/\/www.technic-toys.com\/hr\/informacije\/proces-narucivanja\/","og_site_name":"TECHNIC TOYS SHOP","article_modified_time":"2022-04-10T14:31:16+00:00","twitter_card":"summary_large_image","twitter_misc":{"Procijenjeno vrijeme \u010ditanja":"2 minute"},"schema":{"@context":"https:\/\/schema.org","@graph":[{"@type":"WebPage","@id":"https:\/\/www.technic-toys.com\/hr\/informacije\/proces-narucivanja\/","url":"https:\/\/www.technic-toys.com\/hr\/informacije\/proces-narucivanja\/","name":"Proces naru\u010divanja - TECHNIC TOYS SHOP","isPartOf":{"@id":"https:\/\/www.technic-toys.com\/en\/#website"},"datePublished":"2018-12-20T16:21:26+00:00","dateModified":"2022-04-10T14:31:16+00:00","breadcrumb":{"@id":"https:\/\/www.technic-toys.com\/hr\/informacije\/proces-narucivanja\/#breadcrumb"},"inLanguage":"hr","potentialAction":[{"@type":"ReadAction","target":["https:\/\/www.technic-toys.com\/hr\/informacije\/proces-narucivanja\/"]}]},{"@type":"BreadcrumbList","@id":"https:\/\/www.technic-toys.com\/hr\/informacije\/proces-narucivanja\/#breadcrumb","itemListElement":[{"@type":"ListItem","position":1,"name":"Domov","item":"https:\/\/www.technic-toys.com\/hr\/"},{"@type":"ListItem","position":2,"name":"Informacije","item":"https:\/\/www.technic-toys.com\/hr\/informacije\/"},{"@type":"ListItem","position":3,"name":"Proces naru\u010divanja"}]},{"@type":"WebSite","@id":"https:\/\/www.technic-toys.com\/en\/#website","url":"https:\/\/www.technic-toys.com\/en\/","name":"TECHNIC TOYS SHOP","description":"","potentialAction":[{"@type":"SearchAction","target":{"@type":"EntryPoint","urlTemplate":"https:\/\/www.technic-toys.com\/en\/?s={search_term_string}"},"query-input":"required name=search_term_string"}],"inLanguage":"hr"}]}},"_links":{"self":[{"href":"https:\/\/www.technic-toys.com\/hr\/wp-json\/wp\/v2\/pages\/7614"}],"collection":[{"href":"https:\/\/www.technic-toys.com\/hr\/wp-json\/wp\/v2\/pages"}],"about":[{"href":"https:\/\/www.technic-toys.com\/hr\/wp-json\/wp\/v2\/types\/page"}],"author":[{"embeddable":true,"href":"https:\/\/www.technic-toys.com\/hr\/wp-json\/wp\/v2\/users\/3"}],"replies":[{"embeddable":true,"href":"https:\/\/www.technic-toys.com\/hr\/wp-json\/wp\/v2\/comments?post=7614"}],"version-history":[{"count":2,"href":"https:\/\/www.technic-toys.com\/hr\/wp-json\/wp\/v2\/pages\/7614\/revisions"}],"predecessor-version":[{"id":19909,"href":"https:\/\/www.technic-toys.com\/hr\/wp-json\/wp\/v2\/pages\/7614\/revisions\/19909"}],"up":[{"embeddable":true,"href":"https:\/\/www.technic-toys.com\/hr\/wp-json\/wp\/v2\/pages\/19877"}],"wp:attachment":[{"href":"https:\/\/www.technic-toys.com\/hr\/wp-json\/wp\/v2\/media?parent=7614"}],"curies":[{"name":"wp","href":"https:\/\/api.w.org\/{rel}","templated":true}]}}