{"id":7620,"date":"2016-06-20T07:48:11","date_gmt":"2016-06-20T07:48:11","guid":{"rendered":"https:\/\/www.parsun.si\/home\/"},"modified":"2022-03-18T14:43:36","modified_gmt":"2022-03-18T13:43:36","slug":"home","status":"publish","type":"page","link":"https:\/\/www.technic-toys.com\/hr\/","title":{"rendered":"Naslovna"},"content":{"rendered":"<div class=\"wpb-content-wrapper\"><p>[vc_row full_width=&#8221;stretch_row_content_no_spaces&#8221; el_class=&#8221;home-slider&#8221;][vc_column][vc_raw_html]JTVCd2lkZ2V0a2l0JTIwaWQlMjAlM0QlMjAlMjIzJTIyJTVE[\/vc_raw_html][\/vc_column][\/vc_row][vc_row content_placement=&#8221;middle&#8221; wrap_container=&#8221;yes&#8221; css=&#8221;.vc_custom_1544037022652{margin-bottom: 0px !important;border-bottom-width: 1px !important;padding-right: 40px !important;padding-left: 40px !important;border-bottom-color: #e5e7e7 !important;border-bottom-style: solid !important;}&#8221; el_class=&#8221;home-bar&#8221;][vc_column width=&#8221;1\/3&#8243; css=&#8221;.vc_custom_1514333251618{padding-top: 20px !important;}&#8221; el_class=&#8221;col-sm-4&#8243;]<div class=\"porto-sicon-box  wpb_custom_c061d14c29a4a71e5f62b1a59bbaf8e9 style_1 default-icon\"><div class=\"porto-sicon-default\"><div class=\"porto-just-icon-wrapper porto-icon none\" style=\"color:#4b4b4b;font-size:40px;\"><i class=\"porto-icon-shipping\"><\/i><\/div><\/div><div class=\"porto-sicon-header\"><h3 class=\"porto-sicon-title\" style=\"font-weight:600;font-size:14px;\">BESPLATNA DOSTAVA<\/h3><p style=\"font-weight:300;font-size:13px;color:#839199;\">Iskoristite besplatnu dostavu po Sloveniji do 40kg.<\/p><\/div> <!-- header --><\/div><!-- porto-sicon-box -->[\/vc_column][vc_column width=&#8221;1\/3&#8243; text_align=&#8221;center&#8221; css=&#8221;.vc_custom_1514333256445{border-right-width: 1px !important;border-left-width: 1px !important;padding-top: 20px !important;border-left-color: #ffffff !important;border-left-style: solid !important;border-right-color: #ffffff !important;border-right-style: solid !important;}&#8221; el_class=&#8221;col-sm-4&#8243;]<div class=\"porto-sicon-box  wpb_custom_c061d14c29a4a71e5f62b1a59bbaf8e9 style_1 default-icon\"><div class=\"porto-sicon-default\"><div class=\"porto-just-icon-wrapper porto-icon none\" style=\"color:#4b4b4b;font-size:40px;\"><i class=\"porto-icon-money\"><\/i><\/div><\/div><div class=\"porto-sicon-header\"><h3 class=\"porto-sicon-title\" style=\"font-weight:600;font-size:14px;\">GARANCIJA ZA NOVAC<\/h3><p style=\"font-weight:300;font-size:13px;color:#839199;\">100% garancija za povrat novca<\/p><\/div> <!-- header --><\/div><!-- porto-sicon-box -->[\/vc_column][vc_column width=&#8221;1\/3&#8243; text_align=&#8221;center&#8221; css=&#8221;.vc_custom_1514333261342{padding-top: 20px !important;}&#8221; el_class=&#8221;col-sm-4&#8243;]<div class=\"porto-sicon-box  wpb_custom_c061d14c29a4a71e5f62b1a59bbaf8e9 style_1 default-icon\"><div class=\"porto-sicon-default\"><div class=\"porto-just-icon-wrapper porto-icon none\" style=\"color:#4b4b4b;font-size:40px;\"><i class=\"porto-icon-support\"><\/i><\/div><\/div><div class=\"porto-sicon-header\"><h3 class=\"porto-sicon-title\" style=\"font-weight:600;font-size:14px;\">PODR\u0160KA ONLINE 24\/7<\/h3><p style=\"font-weight:300;font-size:13px;color:#839199;\">Vrlo brzo odgovaramo na va\u0161a pitanja.<\/p><\/div> <!-- header --><\/div><!-- porto-sicon-box -->[\/vc_column][\/vc_row][vc_row wrap_container=&#8221;yes&#8221; css=&#8221;.vc_custom_1490712670756{padding-top: 60px !important;background-color: #f7f7f7 !important;}&#8221;][vc_column][vc_custom_heading text=&#8221;IZABRANI PROIZVODI&#8221; font_container=&#8221;tag:h5|font_size:17px|text_align:center&#8221; use_theme_fonts=&#8221;yes&#8221; css=&#8221;.vc_custom_1545079252382{margin-bottom: 30px !important;}&#8221; el_class=&#8221;text-bold&#8221; el_id=&#8221;naslov&#8221;]<div id=\"porto-products-5587\" class=\"porto-products wpb_content_element theme_option wpb_custom_aeb2ba7df7a27d76048c02dc3283b7c5\"><div class=\"slider-wrapper\"><div class=\"woocommerce columns-5 \"><ul class=\"products products-container products-slider owl-carousel show-nav-title pcols-lg-5 pcols-md-4 pcols-xs-3 pcols-ls-2 pwidth-lg-5 pwidth-md-4 pwidth-xs-2 pwidth-ls-1\"\n\t\tdata-plugin-options=\"{&quot;themeConfig&quot;:true,&quot;lg&quot;:5,&quot;md&quot;:4,&quot;xs&quot;:3,&quot;ls&quot;:2,&quot;nav&quot;:true}\">\n\n<li class=\"product-col show-links-outimage product type-product post-21883 status-publish first instock product_cat-gokart-formula-automobil-na-pedala product_cat-preporucujemo-hr product_cat-vozila has-post-thumbnail sale featured taxable shipping-taxable purchasable product-type-simple\">\n<div class=\"product-inner\">\n\t\n\t<div class=\"product-image\">\n\t\t\t\t\t\t<div class=\"loader-container\"><div class=\"loader\"><i class=\"porto-ajax-loader\"><\/i><\/div><\/div>\n\t\t\t\t<div class=\"after-loading-success-message\">\n\t\t\t\t\t<div class=\"background-overlay\"><\/div>\n\t\t\t\t\t<div class=\"loader success-message-container\">\n\t\t\t\t\t\t<div class=\"msg-box\">\n\t\t\t\t\t\t\t<div class=\"msg\">You've just added this product to the cart:<p class=\"product-name text-color-primary\">GOKART auto formula na pedala za djecu CRVEN (BMW replica)<\/p><\/div>\n\t\t\t\t\t\t\t<img loading=\"lazy\" decoding=\"async\" width=\"1000\" height=\"667\" src=\"https:\/\/www.technic-toys.com\/wp-content\/uploads\/2024\/12\/otroski-djecji-poganjalec-na-pedale-gocart-gokart-bmw-go-kart-1.jpg\" class=\"attachment-post-thumbnail size-post-thumbnail wp-post-image\" alt=\"\" srcset=\"https:\/\/www.technic-toys.com\/wp-content\/uploads\/2024\/12\/otroski-djecji-poganjalec-na-pedale-gocart-gokart-bmw-go-kart-1.jpg 1000w, https:\/\/www.technic-toys.com\/wp-content\/uploads\/2024\/12\/otroski-djecji-poganjalec-na-pedale-gocart-gokart-bmw-go-kart-1-768x512.jpg 768w, https:\/\/www.technic-toys.com\/wp-content\/uploads\/2024\/12\/otroski-djecji-poganjalec-na-pedale-gocart-gokart-bmw-go-kart-1-640x427.jpg 640w, https:\/\/www.technic-toys.com\/wp-content\/uploads\/2024\/12\/otroski-djecji-poganjalec-na-pedale-gocart-gokart-bmw-go-kart-1-400x267.jpg 400w, https:\/\/www.technic-toys.com\/wp-content\/uploads\/2024\/12\/otroski-djecji-poganjalec-na-pedale-gocart-gokart-bmw-go-kart-1-367x245.jpg 367w, https:\/\/www.technic-toys.com\/wp-content\/uploads\/2024\/12\/otroski-djecji-poganjalec-na-pedale-gocart-gokart-bmw-go-kart-1-600x400.jpg 600w\" sizes=\"(max-width: 1000px) 100vw, 1000px\" \/>\t\t\t\t\t\t<\/div>\n\t\t\t\t\t\t<button class=\"button btn-primay viewcart\" data-link=\"https:\/\/www.technic-toys.com\/hr\/korpa\/\">Go to cart page<\/button>\n\t\t\t\t\t\t<button class=\"button btn-primay continue_shopping\">Continue<\/button>\n\t\t\t\t\t<\/div>\n\t\t\t\t<\/div>\n\t\t\t\t\n\t\t<a  href=\"https:\/\/www.technic-toys.com\/hr\/proizvod\/bmw-gokart-gocart-automobil-formula-za-djecu-na-pedale\/\">\n\t\t\t<div class=\"labels\"><div class=\"onhot\">Hot<\/div><div class=\"onsale\">-35%<\/div><\/div><div class=\"inner img-effect\"><img loading=\"lazy\" decoding=\"async\" width=\"300\" height=\"300\" src=\"https:\/\/www.technic-toys.com\/wp-content\/uploads\/2024\/12\/otroski-djecji-poganjalec-na-pedale-gocart-gokart-bmw-go-kart-1-300x300.jpg\" class=\" wp-post-image\" alt=\"\" \/><img loading=\"lazy\" decoding=\"async\" width=\"300\" height=\"300\" src=\"https:\/\/www.technic-toys.com\/wp-content\/uploads\/2024\/12\/otroski-djecji-poganjalec-na-pedale-gocart-gokart-bmw-go-kart-3-300x300.jpg\" class=\"hover-image\" alt=\"\" \/><\/div>\t\t<\/a>\n\n\t\t<div class=\"links-on-image\">\n\t\t\t<div class=\"add-links-wrap\">\n\t<div class=\"add-links no-effect clearfix\">\n\t\t<a href=\"?add-to-cart=21883\" data-quantity=\"1\" class=\"viewcart-style-2 button product_type_simple add_to_cart_button ajax_add_to_cart\" data-product_id=\"21883\" data-product_sku=\"Lt2176-1\" aria-label=\"Add to cart: &ldquo;GOKART auto formula na pedala za djecu CRVEN (BMW replica)&rdquo;\" aria-describedby=\"\" rel=\"nofollow\">Dodaj u ko\u0161aricu<\/a>\t<\/div>\n<\/div>\n\t\t<\/div>\n\t<\/div>\n\n\t<span class=\"category-list\"><a href=\"https:\/\/www.technic-toys.com\/hr\/kategorija\/vozila\/gokart-formula-automobil-na-pedala\/\" rel=\"tag\">GoKart, formula, automobil na pedala<\/a>, <a href=\"https:\/\/www.technic-toys.com\/hr\/kategorija\/preporucujemo-hr\/\" rel=\"tag\">PREPORU\u010cUJEMO<\/a>, <a href=\"https:\/\/www.technic-toys.com\/hr\/kategorija\/vozila\/\" rel=\"tag\">VOZILA<\/a><\/span>\n\t\n\t\t\t<a class=\"product-loop-title\"  href=\"https:\/\/www.technic-toys.com\/hr\/proizvod\/bmw-gokart-gocart-automobil-formula-za-djecu-na-pedale\/\">\n\t<h3 class=\"woocommerce-loop-product__title\">GOKART auto formula na pedala za djecu CRVEN (BMW replica)<\/h3>\t<\/a>\n\t\t\n\t\n\n<div class=\"rating-wrap\">\n\t<span class=\"rating-before\"><span class=\"rating-line\"><\/span><\/span>\n\t<div class=\"rating-content\"><div class=\"star-rating\" title=\"0\"><span style=\"width:0%\"><strong class=\"rating\">0<\/strong> out of 5<\/span><\/div><\/div>\n\t<span class=\"rating-after\"><span class=\"rating-line\"><\/span><\/span>\n<\/div>\n\n\n\t<span class=\"price\"><del aria-hidden=\"true\"><span class=\"woocommerce-Price-amount amount\"><bdi>222,00&nbsp;<span class=\"woocommerce-Price-currencySymbol\">&euro;<\/span><\/bdi><\/span><\/del> <ins><span class=\"woocommerce-Price-amount amount\"><bdi>145,00&nbsp;<span class=\"woocommerce-Price-currencySymbol\">&euro;<\/span><\/bdi><\/span><\/ins> <small class=\"woocommerce-price-suffix\">sa PDV<\/small><\/span>\n\n\t<div class=\"add-links-wrap\">\n\t<div class=\"add-links no-effect clearfix\">\n\t\t<a href=\"?add-to-cart=21883\" data-quantity=\"1\" class=\"viewcart-style-2 button product_type_simple add_to_cart_button ajax_add_to_cart\" data-product_id=\"21883\" data-product_sku=\"Lt2176-1\" aria-label=\"Add to cart: &ldquo;GOKART auto formula na pedala za djecu CRVEN (BMW replica)&rdquo;\" aria-describedby=\"\" rel=\"nofollow\">Dodaj u ko\u0161aricu<\/a>\t<\/div>\n<\/div>\n\n<\/div>\n<\/li>\n<\/ul>\n<\/div><\/div><\/div>[\/vc_column][\/vc_row][vc_row wrap_container=&#8221;yes&#8221; animation_type=&#8221;fadeInUp&#8221; css=&#8221;.vc_custom_1549100700043{padding-top: 50px !important;padding-bottom: 30px !important;}&#8221; el_id=&#8221;logotipi_naslovna&#8221;][vc_column el_id=&#8221;logotipinaslovna&#8221;]<div class=\"porto-carousel owl-carousel has-ccols ccols-xl-4 ccols-lg-4 ccols-md-3 ccols-sm-2 ccols-1 logotipinaslovna stage-margin wpb_custom_c86c2fb53cae9eced42d4b8900a042f3\" data-plugin-options=\"{&quot;themeConfig&quot;:true,&quot;stagePadding&quot;:40,&quot;margin&quot;:0,&quot;autoplay&quot;:&quot;yes&quot;,&quot;mouseDrag&quot;:true,&quot;touchDrag&quot;:true,&quot;autoplayTimeout&quot;:5000,&quot;autoplayHoverPause&quot;:false,&quot;items&quot;:4,&quot;xl&quot;:4,&quot;lg&quot;:4,&quot;md&quot;:3,&quot;sm&quot;:2,&quot;xs&quot;:1,&quot;nav&quot;:&quot;yes&quot;,&quot;dots&quot;:false,&quot;animateIn&quot;:&quot;&quot;,&quot;animateOut&quot;:&quot;&quot;,&quot;loop&quot;:&quot;yes&quot;,&quot;center&quot;:false,&quot;video&quot;:false,&quot;lazyLoad&quot;:false,&quot;fullscreen&quot;:false}\">[vc_single_image image=&#8221;10625&#8243; img_size=&#8221;full&#8221; alignment=&#8221;center&#8221; onclick=&#8221;custom_link&#8221; k=&#8221;#&#8221; label=&#8221;&#8221;][vc_single_image image=&#8221;10628&#8243; img_size=&#8221;full&#8221; alignment=&#8221;center&#8221; onclick=&#8221;custom_link&#8221; link=&#8221;#&#8221; label=&#8221;&#8221;][vc_single_image image=&#8221;10622&#8243; img_size=&#8221;full&#8221; alignment=&#8221;center&#8221; onclick=&#8221;custom_link&#8221; link=&#8221;#&#8221; label=&#8221;&#8221;][vc_single_image image=&#8221;10631&#8243; img_size=&#8221;full&#8221; alignment=&#8221;center&#8221; onclick=&#8221;custom_link&#8221; link=&#8221;#&#8221; label=&#8221;&#8221;]<\/div>[\/vc_column][\/vc_row][vc_row][vc_column]<div class=\"porto-container container tekst_naslovna\">[vc_column_text]<\/p>\n<div class=\"itemHeader\">\n<div class=\"itemHeader\">\n<div class=\"itemHeader\" style=\"text-align: center;\">\n<div class=\"itemHeader\">\n<h2 class=\"western\" style=\"text-align: center;\"><strong><span style=\"color: #000000;\">Dobrodo\u0161li<\/span><span style=\"color: #000000;\"> na<\/span><span style=\"color: #ce181e;\"> www.TECHNIC-TOYS.com<\/span><\/strong><\/h2>\n<\/div>\n<\/div>\n<div class=\"itemHeader\">\n<div class=\"itemBody\">\n<div>\n<p><b><strong>SVE \u0160TO \u017dELITE KUPITI , ZAJEDNO DODAJTE &#8220;U KORPU&#8221; I NASTAVITE SA INTERNET NARUD\u017dBOM BEZ <\/strong><\/b><b><strong>REGISTRACIJE. ZBOG AUTOMATSKOG PRA\u0106ENJA PAKETA, NARUD\u017dBA VA\u017dI SAMO PREKO WEB KORPE.<\/strong><\/b><b><\/b><\/p>\n<p style=\"text-align: center;\"><strong><span class=\"Y2IQFc\" lang=\"bs\">Trgovac od povjerenja vi\u0161e od 10 godina<\/span><\/strong><\/p>\n<ol>\n<li>Povoljna, brza dostava u EU<\/li>\n<li>Predanost &#8211; sa vama od 2009\/2010<\/li>\n<li>Odli\u010dan kvalitet (EU certificirani proizvodi)<\/li>\n<li>Pratite na\u0161e preporucene cijene, koje vam omogu\u0107uje zaista najni\u017eu cijenu u EU<\/li>\n<li>Na\u0161e reference: EU, exYU<\/li>\n<\/ol>\n<\/div>\n<div style=\"text-align: center; width: 100%;\">\n<p style=\"display: inline-block; text-align: center;\"><img loading=\"lazy\" decoding=\"async\" class=\"alignnone size-full wp-image-3433\" src=\"\/wp-content\/uploads\/2019\/03\/parsun_uvodne_grafike_od-leta.png\" alt=\"\" width=\"178\" height=\"176\" \/><\/p>\n<p style=\"display: inline-block; text-align: center;\"><img loading=\"lazy\" decoding=\"async\" class=\"alignnone size-medium wp-image-3436\" src=\"\/wp-content\/uploads\/2019\/03\/parsun_uvodne_grafike_eu.png\" alt=\"\" width=\"178\" height=\"176\" \/><\/p>\n<p style=\"display: inline-block; text-align: center;\"><img loading=\"lazy\" decoding=\"async\" class=\"alignnone size-medium wp-image-3439\" src=\"\/wp-content\/uploads\/2019\/03\/parsun_uvodne_grafike_dostava.png\" alt=\"\" width=\"178\" height=\"176\" \/><\/p>\n<p style=\"display: inline-block; text-align: center;\"><img loading=\"lazy\" decoding=\"async\" class=\"alignnone size-medium wp-image-3442\" src=\"\/wp-content\/uploads\/2019\/03\/parsun_uvodne_grafike_zadovoljstvo.png\" alt=\"\" width=\"178\" height=\"176\" \/><\/p>\n<p><img loading=\"lazy\" decoding=\"async\" class=\"alignnone wp-image-10569\" src=\"https:\/\/www.technic-toys.com\/wp-content\/uploads\/2022\/02\/1.stran_technic-toys-300x178.jpg\" alt=\"\" width=\"688\" height=\"409\" srcset=\"https:\/\/www.technic-toys.com\/wp-content\/uploads\/2022\/02\/1.stran_technic-toys-640x379.jpg 640w, https:\/\/www.technic-toys.com\/wp-content\/uploads\/2022\/02\/1.stran_technic-toys-400x237.jpg 400w, https:\/\/www.technic-toys.com\/wp-content\/uploads\/2022\/02\/1.stran_technic-toys-367x218.jpg 367w, https:\/\/www.technic-toys.com\/wp-content\/uploads\/2022\/02\/1.stran_technic-toys-600x356.jpg 600w\" sizes=\"(max-width: 688px) 100vw, 688px\" \/><\/p>\n<p>&nbsp;<\/p>\n<\/div>\n<\/div>\n<\/div>\n<\/div>\n<\/div>\n<p>[\/vc_column_text]<\/div>[\/vc_column][\/vc_row]<\/p>\n<\/div>","protected":false},"excerpt":{"rendered":"<p>[vc_row full_width=&#8221;stretch_row_content_no_spaces&#8221; el_class=&#8221;home-slider&#8221;][vc_column][vc_raw_html]JTVCd2lkZ2V0a2l0JTIwaWQlMjAlM0QlMjAlMjIzJTIyJTVE[\/vc_raw_html][\/vc_column][\/vc_row][vc_row content_placement=&#8221;middle&#8221; wrap_container=&#8221;yes&#8221; css=&#8221;.vc_custom_1544037022652{margin-bottom: 0px !important;border-bottom-width: 1px !important;padding-right: 40px !important;padding-left: 40px !important;border-bottom-color: #e5e7e7 !important;border-bottom-style: solid !important;}&#8221; el_class=&#8221;home-bar&#8221;][vc_column width=&#8221;1\/3&#8243; css=&#8221;.vc_custom_1514333251618{padding-top: 20px !important;}&#8221; el_class=&#8221;col-sm-4&#8243;][\/vc_column][vc_column width=&#8221;1\/3&#8243; text_align=&#8221;center&#8221; css=&#8221;.vc_custom_1514333256445{border-right-width: 1px !important;border-left-width: 1px !important;padding-top: 20px !important;border-left-color: #ffffff !important;border-left-style: solid !important;border-right-color: #ffffff !important;border-right-style: solid !important;}&#8221; el_class=&#8221;col-sm-4&#8243;][\/vc_column][vc_column width=&#8221;1\/3&#8243; text_align=&#8221;center&#8221; css=&#8221;.vc_custom_1514333261342{padding-top: 20px !important;}&#8221; el_class=&#8221;col-sm-4&#8243;][\/vc_column][\/vc_row][vc_row wrap_container=&#8221;yes&#8221; css=&#8221;.vc_custom_1490712670756{padding-top: 60px !important;background-color: #f7f7f7 !important;}&#8221;][vc_column][vc_custom_heading text=&#8221;IZABRANI [&hellip;]<\/p>\n","protected":false},"author":3,"featured_media":0,"parent":0,"menu_order":0,"comment_status":"closed","ping_status":"closed","template":"","meta":{"footnotes":""},"acf":[],"yoast_head":"<!-- This site is optimized with the Yoast SEO plugin v21.7 - https:\/\/yoast.com\/wordpress\/plugins\/seo\/ -->\n<title>Naslovna - TECHNIC TOYS SHOP<\/title>\n<meta name=\"robots\" content=\"index, follow, max-snippet:-1, max-image-preview:large, max-video-preview:-1\" \/>\n<link rel=\"canonical\" href=\"https:\/\/www.technic-toys.com\/hr\/\" \/>\n<meta property=\"og:locale\" content=\"hr_HR\" \/>\n<meta property=\"og:type\" content=\"article\" \/>\n<meta property=\"og:title\" content=\"Naslovna - TECHNIC TOYS SHOP\" \/>\n<meta property=\"og:description\" content=\"[vc_row full_width=&#8221;stretch_row_content_no_spaces&#8221; el_class=&#8221;home-slider&#8221;][vc_column][vc_raw_html]JTVCd2lkZ2V0a2l0JTIwaWQlMjAlM0QlMjAlMjIzJTIyJTVE[\/vc_raw_html][\/vc_column][\/vc_row][vc_row content_placement=&#8221;middle&#8221; wrap_container=&#8221;yes&#8221; css=&#8221;.vc_custom_1544037022652{margin-bottom: 0px !important;border-bottom-width: 1px !important;padding-right: 40px !important;padding-left: 40px !important;border-bottom-color: #e5e7e7 !important;border-bottom-style: solid !important;}&#8221; el_class=&#8221;home-bar&#8221;][vc_column width=&#8221;1\/3&#8243; css=&#8221;.vc_custom_1514333251618{padding-top: 20px !important;}&#8221; el_class=&#8221;col-sm-4&#8243;][\/vc_column][vc_column width=&#8221;1\/3&#8243; text_align=&#8221;center&#8221; css=&#8221;.vc_custom_1514333256445{border-right-width: 1px !important;border-left-width: 1px !important;padding-top: 20px !important;border-left-color: #ffffff !important;border-left-style: solid !important;border-right-color: #ffffff !important;border-right-style: solid !important;}&#8221; el_class=&#8221;col-sm-4&#8243;][\/vc_column][vc_column width=&#8221;1\/3&#8243; text_align=&#8221;center&#8221; css=&#8221;.vc_custom_1514333261342{padding-top: 20px !important;}&#8221; el_class=&#8221;col-sm-4&#8243;][\/vc_column][\/vc_row][vc_row wrap_container=&#8221;yes&#8221; css=&#8221;.vc_custom_1490712670756{padding-top: 60px !important;background-color: #f7f7f7 !important;}&#8221;][vc_column][vc_custom_heading text=&#8221;IZABRANI [&hellip;]\" \/>\n<meta property=\"og:url\" content=\"https:\/\/www.technic-toys.com\/hr\/\" \/>\n<meta property=\"og:site_name\" content=\"TECHNIC TOYS SHOP\" \/>\n<meta property=\"article:modified_time\" content=\"2022-03-18T13:43:36+00:00\" \/>\n<meta property=\"og:image\" content=\"https:\/\/www.technic-toys.com\/wp-content\/uploads\/2022\/02\/1.stran_technic-toys-300x178.jpg\" \/>\n<meta name=\"twitter:card\" content=\"summary_large_image\" \/>\n<meta name=\"twitter:label1\" content=\"Procijenjeno vrijeme \u010ditanja\" \/>\n\t<meta name=\"twitter:data1\" content=\"3 minute\" \/>\n<script type=\"application\/ld+json\" class=\"yoast-schema-graph\">{\"@context\":\"https:\/\/schema.org\",\"@graph\":[{\"@type\":\"WebPage\",\"@id\":\"https:\/\/www.technic-toys.com\/hr\/\",\"url\":\"https:\/\/www.technic-toys.com\/hr\/\",\"name\":\"Naslovna - TECHNIC TOYS SHOP\",\"isPartOf\":{\"@id\":\"https:\/\/www.technic-toys.com\/en\/#website\"},\"datePublished\":\"2016-06-20T07:48:11+00:00\",\"dateModified\":\"2022-03-18T13:43:36+00:00\",\"breadcrumb\":{\"@id\":\"https:\/\/www.technic-toys.com\/hr\/#breadcrumb\"},\"inLanguage\":\"hr\",\"potentialAction\":[{\"@type\":\"ReadAction\",\"target\":[\"https:\/\/www.technic-toys.com\/hr\/\"]}]},{\"@type\":\"BreadcrumbList\",\"@id\":\"https:\/\/www.technic-toys.com\/hr\/#breadcrumb\",\"itemListElement\":[{\"@type\":\"ListItem\",\"position\":1,\"name\":\"Domov\",\"item\":\"https:\/\/www.technic-toys.com\/hr\/\"},{\"@type\":\"ListItem\",\"position\":2,\"name\":\"Naslovna\"}]},{\"@type\":\"WebSite\",\"@id\":\"https:\/\/www.technic-toys.com\/en\/#website\",\"url\":\"https:\/\/www.technic-toys.com\/en\/\",\"name\":\"TECHNIC TOYS SHOP\",\"description\":\"\",\"potentialAction\":[{\"@type\":\"SearchAction\",\"target\":{\"@type\":\"EntryPoint\",\"urlTemplate\":\"https:\/\/www.technic-toys.com\/en\/?s={search_term_string}\"},\"query-input\":\"required name=search_term_string\"}],\"inLanguage\":\"hr\"}]}<\/script>\n<!-- \/ Yoast SEO plugin. -->","yoast_head_json":{"title":"Naslovna - TECHNIC TOYS SHOP","robots":{"index":"index","follow":"follow","max-snippet":"max-snippet:-1","max-image-preview":"max-image-preview:large","max-video-preview":"max-video-preview:-1"},"canonical":"https:\/\/www.technic-toys.com\/hr\/","og_locale":"hr_HR","og_type":"article","og_title":"Naslovna - TECHNIC TOYS SHOP","og_description":"[vc_row full_width=&#8221;stretch_row_content_no_spaces&#8221; el_class=&#8221;home-slider&#8221;][vc_column][vc_raw_html]JTVCd2lkZ2V0a2l0JTIwaWQlMjAlM0QlMjAlMjIzJTIyJTVE[\/vc_raw_html][\/vc_column][\/vc_row][vc_row content_placement=&#8221;middle&#8221; wrap_container=&#8221;yes&#8221; css=&#8221;.vc_custom_1544037022652{margin-bottom: 0px !important;border-bottom-width: 1px !important;padding-right: 40px !important;padding-left: 40px !important;border-bottom-color: #e5e7e7 !important;border-bottom-style: solid !important;}&#8221; el_class=&#8221;home-bar&#8221;][vc_column width=&#8221;1\/3&#8243; css=&#8221;.vc_custom_1514333251618{padding-top: 20px !important;}&#8221; el_class=&#8221;col-sm-4&#8243;][\/vc_column][vc_column width=&#8221;1\/3&#8243; text_align=&#8221;center&#8221; css=&#8221;.vc_custom_1514333256445{border-right-width: 1px !important;border-left-width: 1px !important;padding-top: 20px !important;border-left-color: #ffffff !important;border-left-style: solid !important;border-right-color: #ffffff !important;border-right-style: solid !important;}&#8221; el_class=&#8221;col-sm-4&#8243;][\/vc_column][vc_column width=&#8221;1\/3&#8243; text_align=&#8221;center&#8221; css=&#8221;.vc_custom_1514333261342{padding-top: 20px !important;}&#8221; el_class=&#8221;col-sm-4&#8243;][\/vc_column][\/vc_row][vc_row wrap_container=&#8221;yes&#8221; css=&#8221;.vc_custom_1490712670756{padding-top: 60px !important;background-color: #f7f7f7 !important;}&#8221;][vc_column][vc_custom_heading text=&#8221;IZABRANI [&hellip;]","og_url":"https:\/\/www.technic-toys.com\/hr\/","og_site_name":"TECHNIC TOYS SHOP","article_modified_time":"2022-03-18T13:43:36+00:00","og_image":[{"url":"https:\/\/www.technic-toys.com\/wp-content\/uploads\/2022\/02\/1.stran_technic-toys-300x178.jpg"}],"twitter_card":"summary_large_image","twitter_misc":{"Procijenjeno vrijeme \u010ditanja":"3 minute"},"schema":{"@context":"https:\/\/schema.org","@graph":[{"@type":"WebPage","@id":"https:\/\/www.technic-toys.com\/hr\/","url":"https:\/\/www.technic-toys.com\/hr\/","name":"Naslovna - TECHNIC TOYS SHOP","isPartOf":{"@id":"https:\/\/www.technic-toys.com\/en\/#website"},"datePublished":"2016-06-20T07:48:11+00:00","dateModified":"2022-03-18T13:43:36+00:00","breadcrumb":{"@id":"https:\/\/www.technic-toys.com\/hr\/#breadcrumb"},"inLanguage":"hr","potentialAction":[{"@type":"ReadAction","target":["https:\/\/www.technic-toys.com\/hr\/"]}]},{"@type":"BreadcrumbList","@id":"https:\/\/www.technic-toys.com\/hr\/#breadcrumb","itemListElement":[{"@type":"ListItem","position":1,"name":"Domov","item":"https:\/\/www.technic-toys.com\/hr\/"},{"@type":"ListItem","position":2,"name":"Naslovna"}]},{"@type":"WebSite","@id":"https:\/\/www.technic-toys.com\/en\/#website","url":"https:\/\/www.technic-toys.com\/en\/","name":"TECHNIC TOYS SHOP","description":"","potentialAction":[{"@type":"SearchAction","target":{"@type":"EntryPoint","urlTemplate":"https:\/\/www.technic-toys.com\/en\/?s={search_term_string}"},"query-input":"required name=search_term_string"}],"inLanguage":"hr"}]}},"_links":{"self":[{"href":"https:\/\/www.technic-toys.com\/hr\/wp-json\/wp\/v2\/pages\/7620"}],"collection":[{"href":"https:\/\/www.technic-toys.com\/hr\/wp-json\/wp\/v2\/pages"}],"about":[{"href":"https:\/\/www.technic-toys.com\/hr\/wp-json\/wp\/v2\/types\/page"}],"author":[{"embeddable":true,"href":"https:\/\/www.technic-toys.com\/hr\/wp-json\/wp\/v2\/users\/3"}],"replies":[{"embeddable":true,"href":"https:\/\/www.technic-toys.com\/hr\/wp-json\/wp\/v2\/comments?post=7620"}],"version-history":[{"count":2,"href":"https:\/\/www.technic-toys.com\/hr\/wp-json\/wp\/v2\/pages\/7620\/revisions"}],"predecessor-version":[{"id":10635,"href":"https:\/\/www.technic-toys.com\/hr\/wp-json\/wp\/v2\/pages\/7620\/revisions\/10635"}],"wp:attachment":[{"href":"https:\/\/www.technic-toys.com\/hr\/wp-json\/wp\/v2\/media?parent=7620"}],"curies":[{"name":"wp","href":"https:\/\/api.w.org\/{rel}","templated":true}]}}