{"id":19368,"date":"2022-04-08T15:29:00","date_gmt":"2022-04-08T19:31:14","guid":{"rendered":"https:\/\/www.technic-toys.com\/izdelek\/kasa-pro-touring-car-bez-cetkica-110-rtr\/"},"modified":"2022-08-01T12:45:21","modified_gmt":"2022-08-01T10:45:21","slug":"kasa-pro-touring-car-bez-cetkica-110-rtr","status":"publish","type":"product","link":"https:\/\/www.technic-toys.com\/hr\/proizvod\/kasa-pro-touring-car-bez-cetkica-110-rtr\/","title":{"rendered":"Kasa Pro Touring Car bez \u010detkica 1:10, RTR"},"content":{"rendered":"<p>RC touring auto sa 4WD pogonom na sve to\u010dkove u razmeri 1:10. Ready to Run (RTR) sa visokokvalitetnim digitalnim daljinskim upravlja\u010dem od 2,4 GHz. Svi dijelovi potrebni za rad uklju\u010deni su u obim isporuke. Pogon ima pune kugli\u010dne le\u017eajeve, a \u0161asija je potpuno podesiva.<br \/>Mo\u0107ni motor bez \u010detkica omogu\u0107ava brzine do 60 km\/h. Amortizeri pritiska ulja i ovjesi sprijeda i pozadi izra\u0111eni su od aluminija. Gumene gume na hromiranim felgama. Telo je napravljeno od Lexana otpornog na udarce!<\/p>\n<p>Tehni\u010dki podaci:<br \/>Du\u017eina: 360mm<br \/>\u0160irina: 200mm<br \/>Visina: 112mm<br \/>Te\u017eina: 1410g< br \/> Glavni materijal: plastika<br \/>Me\u0111uosovinsko rastojanje: 275mm<br \/>Pre\u010dnik to\u010dkova: 62mm<br \/>Omjer prijenosa: 6,52:1<br \/>Ko\u010dnica: elektronska<br \/>Kontroler: Hobbywing 60A<br \/ >Pogonski sistem: Kardan <br \/>Motor: bez \u010detkica 3300KV<br \/>Servo upravlja\u010da: 6kg\/cm @ 6V<br \/>Maksimalna brzina: pribli\u017eno 60km\/h<br \/>Vrijeme vo\u017enje: 10-15 minuta<br \/>Vrijeme punjenja: pribli\u017eno 3-4 sata<br \/>Baterija: LiPo baterija 2S 7.4V 3500mAh tvrdo ku\u0107i\u0161te T-uti\u010dnica<br \/>Daljinski upravlja\u010d 2-kanalni 2.4GHz<br \/>Punja\u010d: LiPo 2S &#038; 3S 1A <\/p>\n<p>Obim isporuke:<br \/>Kasa Pro touring auto sastavljen spreman za vo\u017enju<br \/>Daljinski upravlja\u010d za pi\u0161tolj 2,4 GHz<br \/>LiPo baterija 2S 7,4V 3500mAh<br \/>Punja\u010d<br \/>Upute EN<\/p>\n<p>Potreban pribor: <br \/>8x AA Mignon baterije za predajnik<\/p>\n<p>Napomena:<br \/>Razli\u010dite boje, isporuka mo\u017ee uklju\u010divati i plavo ku\u0107i\u0161te , plave felge, drugi oblik karoserije<\/p>\n","protected":false},"excerpt":{"rendered":"<p>RC touring auto sa 4WD pogonom na sve to\u010dkove u razmeri 1:10. Ready to Run (RTR) sa visokokvalitetnim digitalnim daljinskim upravlja\u010dem od 2,4 GHz. Svi dijelovi potrebni za rad uklju\u010deni su u obim isporuke. Pogon ima pune kugli\u010dne le\u017eajeve, a \u0161asija je potpuno podesiva.Mo\u0107ni motor bez \u010detkica omogu\u0107ava brzine do 60 km\/h. Amortizeri pritiska ulja [&hellip;]<\/p>\n","protected":false},"featured_media":10931,"template":"","meta":[],"product_cat":[514,515],"product_tag":[],"acf":[],"yoast_head":"<!-- This site is optimized with the Yoast SEO plugin v21.7 - https:\/\/yoast.com\/wordpress\/plugins\/seo\/ -->\n<title>Kasa Pro Touring Car bez \u010detkica 1:10, RTR - TECHNIC TOYS SHOP<\/title>\n<meta name=\"robots\" content=\"index, follow, max-snippet:-1, max-image-preview:large, max-video-preview:-1\" \/>\n<link rel=\"canonical\" href=\"https:\/\/www.technic-toys.com\/hr\/proizvod\/kasa-pro-touring-car-bez-cetkica-110-rtr\/\" \/>\n<meta property=\"og:locale\" content=\"hr_HR\" \/>\n<meta property=\"og:type\" content=\"article\" \/>\n<meta property=\"og:title\" content=\"Kasa Pro Touring Car bez \u010detkica 1:10, RTR - TECHNIC TOYS SHOP\" \/>\n<meta property=\"og:description\" content=\"RC touring auto sa 4WD pogonom na sve to\u010dkove u razmeri 1:10. Ready to Run (RTR) sa visokokvalitetnim digitalnim daljinskim upravlja\u010dem od 2,4 GHz. Svi dijelovi potrebni za rad uklju\u010deni su u obim isporuke. Pogon ima pune kugli\u010dne le\u017eajeve, a \u0161asija je potpuno podesiva.Mo\u0107ni motor bez \u010detkica omogu\u0107ava brzine do 60 km\/h. Amortizeri pritiska ulja [&hellip;]\" \/>\n<meta property=\"og:url\" content=\"https:\/\/www.technic-toys.com\/hr\/proizvod\/kasa-pro-touring-car-bez-cetkica-110-rtr\/\" \/>\n<meta property=\"og:site_name\" content=\"TECHNIC TOYS SHOP\" \/>\n<meta property=\"article:modified_time\" content=\"2022-08-01T10:45:21+00:00\" \/>\n<meta property=\"og:image\" content=\"https:\/\/www.technic-toys.com\/wp-content\/uploads\/2022\/04\/21028.jpg\" \/>\n\t<meta property=\"og:image:width\" content=\"1280\" \/>\n\t<meta property=\"og:image:height\" content=\"734\" \/>\n\t<meta property=\"og:image:type\" content=\"image\/jpeg\" \/>\n<meta name=\"twitter:card\" content=\"summary_large_image\" \/>\n<meta name=\"twitter:label1\" content=\"Procijenjeno vrijeme \u010ditanja\" \/>\n\t<meta name=\"twitter:data1\" content=\"1 minuta\" \/>\n<script type=\"application\/ld+json\" class=\"yoast-schema-graph\">{\"@context\":\"https:\/\/schema.org\",\"@graph\":[{\"@type\":\"WebPage\",\"@id\":\"https:\/\/www.technic-toys.com\/hr\/proizvod\/kasa-pro-touring-car-bez-cetkica-110-rtr\/\",\"url\":\"https:\/\/www.technic-toys.com\/hr\/proizvod\/kasa-pro-touring-car-bez-cetkica-110-rtr\/\",\"name\":\"Kasa Pro Touring Car bez \u010detkica 1:10, RTR - TECHNIC TOYS SHOP\",\"isPartOf\":{\"@id\":\"https:\/\/www.technic-toys.com\/en\/#website\"},\"datePublished\":\"2022-04-08T19:31:14+00:00\",\"dateModified\":\"2022-08-01T10:45:21+00:00\",\"breadcrumb\":{\"@id\":\"https:\/\/www.technic-toys.com\/hr\/proizvod\/kasa-pro-touring-car-bez-cetkica-110-rtr\/#breadcrumb\"},\"inLanguage\":\"hr\",\"potentialAction\":[{\"@type\":\"ReadAction\",\"target\":[\"https:\/\/www.technic-toys.com\/hr\/proizvod\/kasa-pro-touring-car-bez-cetkica-110-rtr\/\"]}]},{\"@type\":\"BreadcrumbList\",\"@id\":\"https:\/\/www.technic-toys.com\/hr\/proizvod\/kasa-pro-touring-car-bez-cetkica-110-rtr\/#breadcrumb\",\"itemListElement\":[{\"@type\":\"ListItem\",\"position\":1,\"name\":\"Domov\",\"item\":\"https:\/\/www.technic-toys.com\/hr\/\"},{\"@type\":\"ListItem\",\"position\":2,\"name\":\"Shop\",\"item\":\"https:\/\/www.technic-toys.com\/hr\/shop-2\/\"},{\"@type\":\"ListItem\",\"position\":3,\"name\":\"Kasa Pro Touring Car bez \u010detkica 1:10, RTR\"}]},{\"@type\":\"WebSite\",\"@id\":\"https:\/\/www.technic-toys.com\/en\/#website\",\"url\":\"https:\/\/www.technic-toys.com\/en\/\",\"name\":\"TECHNIC TOYS SHOP\",\"description\":\"\",\"potentialAction\":[{\"@type\":\"SearchAction\",\"target\":{\"@type\":\"EntryPoint\",\"urlTemplate\":\"https:\/\/www.technic-toys.com\/en\/?s={search_term_string}\"},\"query-input\":\"required name=search_term_string\"}],\"inLanguage\":\"hr\"}]}<\/script>\n<!-- \/ Yoast SEO plugin. -->","yoast_head_json":{"title":"Kasa Pro Touring Car bez \u010detkica 1:10, RTR - TECHNIC TOYS SHOP","robots":{"index":"index","follow":"follow","max-snippet":"max-snippet:-1","max-image-preview":"max-image-preview:large","max-video-preview":"max-video-preview:-1"},"canonical":"https:\/\/www.technic-toys.com\/hr\/proizvod\/kasa-pro-touring-car-bez-cetkica-110-rtr\/","og_locale":"hr_HR","og_type":"article","og_title":"Kasa Pro Touring Car bez \u010detkica 1:10, RTR - TECHNIC TOYS SHOP","og_description":"RC touring auto sa 4WD pogonom na sve to\u010dkove u razmeri 1:10. Ready to Run (RTR) sa visokokvalitetnim digitalnim daljinskim upravlja\u010dem od 2,4 GHz. Svi dijelovi potrebni za rad uklju\u010deni su u obim isporuke. Pogon ima pune kugli\u010dne le\u017eajeve, a \u0161asija je potpuno podesiva.Mo\u0107ni motor bez \u010detkica omogu\u0107ava brzine do 60 km\/h. Amortizeri pritiska ulja [&hellip;]","og_url":"https:\/\/www.technic-toys.com\/hr\/proizvod\/kasa-pro-touring-car-bez-cetkica-110-rtr\/","og_site_name":"TECHNIC TOYS SHOP","article_modified_time":"2022-08-01T10:45:21+00:00","og_image":[{"width":1280,"height":734,"url":"https:\/\/www.technic-toys.com\/wp-content\/uploads\/2022\/04\/21028.jpg","type":"image\/jpeg"}],"twitter_card":"summary_large_image","twitter_misc":{"Procijenjeno vrijeme \u010ditanja":"1 minuta"},"schema":{"@context":"https:\/\/schema.org","@graph":[{"@type":"WebPage","@id":"https:\/\/www.technic-toys.com\/hr\/proizvod\/kasa-pro-touring-car-bez-cetkica-110-rtr\/","url":"https:\/\/www.technic-toys.com\/hr\/proizvod\/kasa-pro-touring-car-bez-cetkica-110-rtr\/","name":"Kasa Pro Touring Car bez \u010detkica 1:10, RTR - TECHNIC TOYS SHOP","isPartOf":{"@id":"https:\/\/www.technic-toys.com\/en\/#website"},"datePublished":"2022-04-08T19:31:14+00:00","dateModified":"2022-08-01T10:45:21+00:00","breadcrumb":{"@id":"https:\/\/www.technic-toys.com\/hr\/proizvod\/kasa-pro-touring-car-bez-cetkica-110-rtr\/#breadcrumb"},"inLanguage":"hr","potentialAction":[{"@type":"ReadAction","target":["https:\/\/www.technic-toys.com\/hr\/proizvod\/kasa-pro-touring-car-bez-cetkica-110-rtr\/"]}]},{"@type":"BreadcrumbList","@id":"https:\/\/www.technic-toys.com\/hr\/proizvod\/kasa-pro-touring-car-bez-cetkica-110-rtr\/#breadcrumb","itemListElement":[{"@type":"ListItem","position":1,"name":"Domov","item":"https:\/\/www.technic-toys.com\/hr\/"},{"@type":"ListItem","position":2,"name":"Shop","item":"https:\/\/www.technic-toys.com\/hr\/shop-2\/"},{"@type":"ListItem","position":3,"name":"Kasa Pro Touring Car bez \u010detkica 1:10, RTR"}]},{"@type":"WebSite","@id":"https:\/\/www.technic-toys.com\/en\/#website","url":"https:\/\/www.technic-toys.com\/en\/","name":"TECHNIC TOYS SHOP","description":"","potentialAction":[{"@type":"SearchAction","target":{"@type":"EntryPoint","urlTemplate":"https:\/\/www.technic-toys.com\/en\/?s={search_term_string}"},"query-input":"required name=search_term_string"}],"inLanguage":"hr"}]}},"_links":{"self":[{"href":"https:\/\/www.technic-toys.com\/hr\/wp-json\/wp\/v2\/product\/19368"}],"collection":[{"href":"https:\/\/www.technic-toys.com\/hr\/wp-json\/wp\/v2\/product"}],"about":[{"href":"https:\/\/www.technic-toys.com\/hr\/wp-json\/wp\/v2\/types\/product"}],"wp:featuredmedia":[{"embeddable":true,"href":"https:\/\/www.technic-toys.com\/hr\/wp-json\/wp\/v2\/media\/10931"}],"wp:attachment":[{"href":"https:\/\/www.technic-toys.com\/hr\/wp-json\/wp\/v2\/media?parent=19368"}],"wp:term":[{"taxonomy":"product_cat","embeddable":true,"href":"https:\/\/www.technic-toys.com\/hr\/wp-json\/wp\/v2\/product_cat?post=19368"},{"taxonomy":"product_tag","embeddable":true,"href":"https:\/\/www.technic-toys.com\/hr\/wp-json\/wp\/v2\/product_tag?post=19368"}],"curies":[{"name":"wp","href":"https:\/\/api.w.org\/{rel}","templated":true}]}}