{"id":19375,"date":"2022-04-08T15:29:00","date_gmt":"2022-04-08T19:31:26","guid":{"rendered":"https:\/\/www.technic-toys.com\/izdelek\/drift-sports-car-breaker-pro-116-2-4ghz-rtr\/"},"modified":"2022-08-01T12:45:22","modified_gmt":"2022-08-01T10:45:22","slug":"drift-sports-car-breaker-pro-116-2-4ghz-rtr","status":"publish","type":"product","link":"https:\/\/www.technic-toys.com\/hr\/proizvod\/drift-sports-car-breaker-pro-116-2-4ghz-rtr\/","title":{"rendered":"Drift Sports Car Breaker Pro 1:16 2.4GHz RTR"},"content":{"rendered":"<p>Sport Car Breaker kombinuje cool izgled, sofisticiranu tehnologiju sa visoko efikasnim \u017eiroskopom, mo\u0107an pogon bez \u010detkica i ogromnu snagu za elegantne driftove. Bilo na ulici, na stazi ili na podu dnevne sobe &#8211; ovaj model u razmeri 1:16 savladava svaki teren. Osjetljivi daljinski upravlja\u010d od 2,4 GHz pru\u017ea vrlo direktno iskustvo vo\u017enje. Brzi i sna\u017eni servo upravlja\u010da tako\u0111er osiguravaju precizno rukovanje, a sna\u017ean 4WD pogon u kombinaciji s velikom baterijom (7,4V Li-Ion 1200mAh) omogu\u0107ava dugo vrijeme vo\u017enje pri maksimalnoj brzini od oko 40-45km\/h. Integrirani \u017eiroskop (osjetljivost se kontinuirano pode\u0161ava preko predajnika) pru\u017ea podr\u0161ku u svakoj situaciji i odr\u017eava model na pravom putu. Kao mali dodatak, ovaj model je opremljen razli\u010ditim opcijama osvjetljenja, koje se mogu pode\u0161avati preko predajnika. Mogu se odabrati tri razli\u010dite vrste LED rasvjete, daju\u0107i prednjem dijelu druga\u010diji, zadivljuju\u0107i izgled. Model je ve\u0107 u fabrici bio opremljen dobrim kugli\u010dnim le\u017eajevima, metalnim CVD pogonskim vratilima i preciznom \u0161asijom. Kao bonus, uklju\u010dene su i cestovne gume. One se mogu jednostavno ugraditi umjesto montiranih drift guma kako bi se pokazale kao \u010disti automobil na cesti.<\/p>\n<p>Karakteristike:<br \/>4 WD pogon<br \/>Kugli\u010dni le\u017eajevi (manje trenja i vi\u0161e direktan prijenos snage)<br \/ >Potpuno proporcionalna kontrola (regulacija gasa i upravlja\u010da osjetljivo)<br \/>Integrirani \u017eiro sistem: Stabilizacija za precizno rukovanje podesiva preko predajnika<br \/>Velika baterija za dugo vrijeme vo\u017enje (Li-Ion 7,4V 1200mAh)<br \/>Razli\u010diti LED na\u010dini osvjetljenja sprijeda (prebacivanje preko oda\u0161ilja\u010da) i crveno LED svjetlo pozadi<br \/>USB punja\u010d sa izlazom za balansiranje i kapacitetom punjenja 1.5A<\/p>\n<p>Tehni\u010dki podaci :<br \/>Du\u017eina: 300mm<br \/>\u0160irina: 145mm<br \/>Visina: 100mm<br \/>Te\u017eina: 604g uklju\u010duju\u0107i bateriju<br \/>Glavni materijal: plastika<br \/>Motor: 2435 bez \u010detkica 3900KV<br \/>Servo: 17g brzi servo, 5-pin<br \/>ESC: -Channel 25A all-in-one jedinica bez \u010detkica<br \/>Baterija: Li-Ion 18650 7.4V 1200mAh, BEC konektor, 69x37x19mm, 85g<br \/> Daljinski upravlja\u010d: 4 kanala, 2.4 GHz, 11 dostupnih frekvencijskih kanala<br \/>Maksimalna brzina: 40-45km\/h<br \/>Vrijeme vo\u017enje: pribli\u017eno 10-13min<br \/>Domet: pribli\u017eno 60-80m<br \/>Punja\u010d: USB sa 1.5 Struja punjenja <br \/>Vrijeme punjenja: pribli\u017eno 40 &#8211; 60 min.<\/p>\n<p>Obim isporuke:<br \/>Model, potpuno sastavljen<br \/>Daljinski upravlja\u010d<br \/>Baterija<br \/>USB punja\u010d<br \/>Dodatne gume za ceste<br \/>Razli\u010diti alati<br \/>Korisni\u010dki priru\u010dnik DE\/EN<\/p>\n<p>Potreban pribor:<br \/>4x 1.5V Mignon AA baterije za daljinski kontrola<br \/><br \/ ><\/p>\n","protected":false},"excerpt":{"rendered":"<p>Sa pogonom bez \u010detkica i \u017eiro stabilizacijom<\/p>\n","protected":false},"featured_media":10138,"template":"","meta":[],"product_cat":[514,515],"product_tag":[],"acf":[],"yoast_head":"<!-- This site is optimized with the Yoast SEO plugin v21.7 - https:\/\/yoast.com\/wordpress\/plugins\/seo\/ -->\n<title>Drift Sports Car Breaker Pro 1:16 2.4GHz RTR - TECHNIC TOYS SHOP<\/title>\n<meta name=\"robots\" content=\"index, follow, max-snippet:-1, max-image-preview:large, max-video-preview:-1\" \/>\n<link rel=\"canonical\" href=\"https:\/\/www.technic-toys.com\/hr\/proizvod\/drift-sports-car-breaker-pro-116-2-4ghz-rtr\/\" \/>\n<meta property=\"og:locale\" content=\"hr_HR\" \/>\n<meta property=\"og:type\" content=\"article\" \/>\n<meta property=\"og:title\" content=\"Drift Sports Car Breaker Pro 1:16 2.4GHz RTR - TECHNIC TOYS SHOP\" \/>\n<meta property=\"og:description\" content=\"Sa pogonom bez \u010detkica i \u017eiro stabilizacijom\" \/>\n<meta property=\"og:url\" content=\"https:\/\/www.technic-toys.com\/hr\/proizvod\/drift-sports-car-breaker-pro-116-2-4ghz-rtr\/\" \/>\n<meta property=\"og:site_name\" content=\"TECHNIC TOYS SHOP\" \/>\n<meta property=\"article:modified_time\" content=\"2022-08-01T10:45:22+00:00\" \/>\n<meta property=\"og:image\" content=\"https:\/\/www.technic-toys.com\/wp-content\/uploads\/2022\/01\/21090.jpg\" \/>\n\t<meta property=\"og:image:width\" content=\"2560\" \/>\n\t<meta property=\"og:image:height\" content=\"1468\" \/>\n\t<meta property=\"og:image:type\" content=\"image\/jpeg\" \/>\n<meta name=\"twitter:card\" content=\"summary_large_image\" \/>\n<meta name=\"twitter:label1\" content=\"Procijenjeno vrijeme \u010ditanja\" \/>\n\t<meta name=\"twitter:data1\" content=\"2 minute\" \/>\n<script type=\"application\/ld+json\" class=\"yoast-schema-graph\">{\"@context\":\"https:\/\/schema.org\",\"@graph\":[{\"@type\":\"WebPage\",\"@id\":\"https:\/\/www.technic-toys.com\/hr\/proizvod\/drift-sports-car-breaker-pro-116-2-4ghz-rtr\/\",\"url\":\"https:\/\/www.technic-toys.com\/hr\/proizvod\/drift-sports-car-breaker-pro-116-2-4ghz-rtr\/\",\"name\":\"Drift Sports Car Breaker Pro 1:16 2.4GHz RTR - TECHNIC TOYS SHOP\",\"isPartOf\":{\"@id\":\"https:\/\/www.technic-toys.com\/en\/#website\"},\"datePublished\":\"2022-04-08T19:31:26+00:00\",\"dateModified\":\"2022-08-01T10:45:22+00:00\",\"breadcrumb\":{\"@id\":\"https:\/\/www.technic-toys.com\/hr\/proizvod\/drift-sports-car-breaker-pro-116-2-4ghz-rtr\/#breadcrumb\"},\"inLanguage\":\"hr\",\"potentialAction\":[{\"@type\":\"ReadAction\",\"target\":[\"https:\/\/www.technic-toys.com\/hr\/proizvod\/drift-sports-car-breaker-pro-116-2-4ghz-rtr\/\"]}]},{\"@type\":\"BreadcrumbList\",\"@id\":\"https:\/\/www.technic-toys.com\/hr\/proizvod\/drift-sports-car-breaker-pro-116-2-4ghz-rtr\/#breadcrumb\",\"itemListElement\":[{\"@type\":\"ListItem\",\"position\":1,\"name\":\"Domov\",\"item\":\"https:\/\/www.technic-toys.com\/hr\/\"},{\"@type\":\"ListItem\",\"position\":2,\"name\":\"Shop\",\"item\":\"https:\/\/www.technic-toys.com\/hr\/shop-2\/\"},{\"@type\":\"ListItem\",\"position\":3,\"name\":\"Drift Sports Car Breaker Pro 1:16 2.4GHz RTR\"}]},{\"@type\":\"WebSite\",\"@id\":\"https:\/\/www.technic-toys.com\/en\/#website\",\"url\":\"https:\/\/www.technic-toys.com\/en\/\",\"name\":\"TECHNIC TOYS SHOP\",\"description\":\"\",\"potentialAction\":[{\"@type\":\"SearchAction\",\"target\":{\"@type\":\"EntryPoint\",\"urlTemplate\":\"https:\/\/www.technic-toys.com\/en\/?s={search_term_string}\"},\"query-input\":\"required name=search_term_string\"}],\"inLanguage\":\"hr\"}]}<\/script>\n<!-- \/ Yoast SEO plugin. -->","yoast_head_json":{"title":"Drift Sports Car Breaker Pro 1:16 2.4GHz RTR - TECHNIC TOYS SHOP","robots":{"index":"index","follow":"follow","max-snippet":"max-snippet:-1","max-image-preview":"max-image-preview:large","max-video-preview":"max-video-preview:-1"},"canonical":"https:\/\/www.technic-toys.com\/hr\/proizvod\/drift-sports-car-breaker-pro-116-2-4ghz-rtr\/","og_locale":"hr_HR","og_type":"article","og_title":"Drift Sports Car Breaker Pro 1:16 2.4GHz RTR - TECHNIC TOYS SHOP","og_description":"Sa pogonom bez \u010detkica i \u017eiro stabilizacijom","og_url":"https:\/\/www.technic-toys.com\/hr\/proizvod\/drift-sports-car-breaker-pro-116-2-4ghz-rtr\/","og_site_name":"TECHNIC TOYS SHOP","article_modified_time":"2022-08-01T10:45:22+00:00","og_image":[{"width":2560,"height":1468,"url":"https:\/\/www.technic-toys.com\/wp-content\/uploads\/2022\/01\/21090.jpg","type":"image\/jpeg"}],"twitter_card":"summary_large_image","twitter_misc":{"Procijenjeno vrijeme \u010ditanja":"2 minute"},"schema":{"@context":"https:\/\/schema.org","@graph":[{"@type":"WebPage","@id":"https:\/\/www.technic-toys.com\/hr\/proizvod\/drift-sports-car-breaker-pro-116-2-4ghz-rtr\/","url":"https:\/\/www.technic-toys.com\/hr\/proizvod\/drift-sports-car-breaker-pro-116-2-4ghz-rtr\/","name":"Drift Sports Car Breaker Pro 1:16 2.4GHz RTR - TECHNIC TOYS SHOP","isPartOf":{"@id":"https:\/\/www.technic-toys.com\/en\/#website"},"datePublished":"2022-04-08T19:31:26+00:00","dateModified":"2022-08-01T10:45:22+00:00","breadcrumb":{"@id":"https:\/\/www.technic-toys.com\/hr\/proizvod\/drift-sports-car-breaker-pro-116-2-4ghz-rtr\/#breadcrumb"},"inLanguage":"hr","potentialAction":[{"@type":"ReadAction","target":["https:\/\/www.technic-toys.com\/hr\/proizvod\/drift-sports-car-breaker-pro-116-2-4ghz-rtr\/"]}]},{"@type":"BreadcrumbList","@id":"https:\/\/www.technic-toys.com\/hr\/proizvod\/drift-sports-car-breaker-pro-116-2-4ghz-rtr\/#breadcrumb","itemListElement":[{"@type":"ListItem","position":1,"name":"Domov","item":"https:\/\/www.technic-toys.com\/hr\/"},{"@type":"ListItem","position":2,"name":"Shop","item":"https:\/\/www.technic-toys.com\/hr\/shop-2\/"},{"@type":"ListItem","position":3,"name":"Drift Sports Car Breaker Pro 1:16 2.4GHz RTR"}]},{"@type":"WebSite","@id":"https:\/\/www.technic-toys.com\/en\/#website","url":"https:\/\/www.technic-toys.com\/en\/","name":"TECHNIC TOYS SHOP","description":"","potentialAction":[{"@type":"SearchAction","target":{"@type":"EntryPoint","urlTemplate":"https:\/\/www.technic-toys.com\/en\/?s={search_term_string}"},"query-input":"required name=search_term_string"}],"inLanguage":"hr"}]}},"_links":{"self":[{"href":"https:\/\/www.technic-toys.com\/hr\/wp-json\/wp\/v2\/product\/19375"}],"collection":[{"href":"https:\/\/www.technic-toys.com\/hr\/wp-json\/wp\/v2\/product"}],"about":[{"href":"https:\/\/www.technic-toys.com\/hr\/wp-json\/wp\/v2\/types\/product"}],"wp:featuredmedia":[{"embeddable":true,"href":"https:\/\/www.technic-toys.com\/hr\/wp-json\/wp\/v2\/media\/10138"}],"wp:attachment":[{"href":"https:\/\/www.technic-toys.com\/hr\/wp-json\/wp\/v2\/media?parent=19375"}],"wp:term":[{"taxonomy":"product_cat","embeddable":true,"href":"https:\/\/www.technic-toys.com\/hr\/wp-json\/wp\/v2\/product_cat?post=19375"},{"taxonomy":"product_tag","embeddable":true,"href":"https:\/\/www.technic-toys.com\/hr\/wp-json\/wp\/v2\/product_tag?post=19375"}],"curies":[{"name":"wp","href":"https:\/\/api.w.org\/{rel}","templated":true}]}}