{"id":19376,"date":"2022-04-08T15:29:00","date_gmt":"2022-04-08T19:31:26","guid":{"rendered":"https:\/\/www.technic-toys.com\/izdelek\/amx-racing-hc7-street-racer-17-4wd-rtr\/"},"modified":"2022-08-01T12:45:23","modified_gmt":"2022-08-01T10:45:23","slug":"amx-racing-hc7-street-racer-17-4wd-rtr-2","status":"publish","type":"product","link":"https:\/\/www.technic-toys.com\/hr\/proizvod\/amx-racing-hc7-street-racer-17-4wd-rtr-2\/","title":{"rendered":"AMX Racing HC7 Street Racer 1:7 4WD RTR"},"content":{"rendered":"<p>Super replika veoma poznatog drift automobila u razmeri 1:7 sa najfinijom opremom i maksimalnom brzinom od preko 100km\/h. Ovaj vrhunski model kombinuje veoma kvalitetne komponente sa konceptom ekstremnog pogona (6S LiPo) i vrhunskom opremom kao \u0161to su 2x 3S LiPo baterije, visokokvalitetan i precizan daljinski upravlja\u010d od 2,4GHz, LiPo punja\u010d i mnogo CNC glodanih aluminijumskih delova. <br \/>Za maksimalno drift pona\u0161anje, HC7 je opremljen ru\u010dnom ko\u010dnicom koja se mo\u017ee kontrolisati preko predajnika. Tako da se vozilo mo\u017ee staviti u krivine kao u stvarnom \u017eivotu.<br \/>Nezadr\u017eiva snaga 4282 motora bez \u010detkica sa specifi\u010dnom brzinom od 2000KV se osjetljivo kontroli\u0161e preko 150A kontrolera i preko kardanskih i CVD pogonskih vratila na 4 to\u010dka (4WD) distribuiran. Sna\u017ean servo upravlja\u010d s metalnim zup\u010danicima i 15 kg sile uvijek osigurava maksimalne performanse i vrlo direktan odziv upravljanja. Amortizeri, nosa\u010di i nosa\u010di \u0161asije su glodani od visokokvalitetnog aluminijuma. Plo\u010da \u0161asije je tako\u0111e izra\u0111ena od \u010dvrstog aluminijuma. <br \/>Glavni zup\u010danik i diferencijali su bru\u0161eni od visokokvalitetnog \u010delika i garantuju dug radni vijek. Kako bi se sprije\u010dilo pregrijavanje, i motor i 150A kontroler bez \u010detkica opremljeni su ventilatorima koji spre\u010davaju razvoj topline do kojeg dolazi tokom vo\u017enje. <br \/>Pored savr\u0161eno izbalansirane \u0161asije i posebno razvijenih guma, masivni amortizeri pritiska ulja Big Bore osiguravaju da se HC7 odli\u010dno nosi.<br \/>Prekrasna karoserija drift automobila vizualno je apsolutni vrhunac , \u0161to modelu daje veoma lep i sportski izgled. HC7 je tako\u0111e opremljen LED sistemom osvetljenja koji se ne mo\u017ee uklju\u010diti i isklju\u010diti samo preko predajnika, ve\u0107 omogu\u0107ava i razli\u010dite re\u017eime osvetljenja. (Razli\u010diti na\u010dini prednjeg osvjetljenja s an\u0111eoskim o\u010dima u razli\u010ditim bojama)<\/p>\n<p>HC7 postavlja nove standarde u svim aspektima RTR RC automobila, bilo kao trka\u010d velike brzine ili drift automobil!<\/p>\n<p>Karakteristike:<br \/>\u010cvrsta aluminijumska \u0161asija od 4mm otporna na torziju &#8211; za stabilno rukovanje<br \/>Amortizerski tornjevi sprijeda i pozadi napravljeni od CNC glodanog aluminija<br \/>Dvostruki nosa\u010di \u0161asije napravljeni od aluminija<br \/ >Kvalitetne i kaljene CVD pogonske osovine \u010delik<br \/>Svi dijelovi prijenosa su CNC glodani od visokokvalitetnog \u010delika<br \/>Osovina i kormilarska ruka od bru\u0161enog aluminija<br \/>Vozilo u potpunosti s kugli\u010dnim le\u017eajem<br \/>Prednji i stra\u017enji ovjes se mogu lako i precizno podesiti za razli\u010dite povr\u0161ine i optimizirati.<br \/>Vodoza\u0161ti\u0107ena kutija za prijemnik<br \/>Gume sa savr\u0161enom smjesom gume za trke i drift<br \/>Dr\u017ea\u010d vilice od glodanja aluminijum za maksimalnu izdr\u017eljivost<br \/>Motor visokih performansi bez \u010detkica sa 2000KV i duplim vazduhom poslije<br \/>Kontroler visokih performansi sa 150A i XT90 konekcijom<br \/>2x 3S LiPo baterija sa 5000mAh i XT90 vezom<br \/>Servo za upravljanje i ru\u010dnu ko\u010dnicu sa metalnim zup\u010danicima<br \/>Visokokvalitetni 4-kanalni 2,4GHz daljinski upravlja\u010d sa maksimalnim dometom i osjetljivijom kontrolom<\/p>\n<p>Tehni\u010dki podaci:<br \/>Razmjer: 1:7<br \/>Du\u017eina: 765mm<br \/>\u0160irina: 345mm <br \/>Visina: 190mm <br \/>Te\u017eina: pribli\u017eno 5,5 kg<br \/>Me\u0111uosovinsko rastojanje: 413mm<br \/>\u0160irina prednjeg traga: 280mm<br \/>\u0160irina stra\u017enjeg traga: 300mm<br \/>Razmak: 25mm<br \/>Prednji to\u010dkovi: Vanjski pre\u010dnik\/\u0161irina 109 \/ 50mm<br \/>Stra\u017enji to\u010dkovi: Vanjski pre\u010dnik\/\u0161irina 109\/50mm<br \/>Pre\u010dnik naplatka: 84mm<br \/>Zup\u010danik: \u010celik<br \/>Omjer smanjenja: 8,5:1<br \/> Prednji amortizer: 92mm<br \/>Zadnji amortizer: 92mm<br \/> Ko\u010dnica: elektronski kontrolisan preko motora i ko\u010dionog diska preko 9kg metalnog servo zup\u010danika<br \/>Kontroler: 150A ESC sa XT90 priklju\u010dkom<br \/>Motor: 4282 bez \u010detkica motor sa 2000KV<br \/>Pogonski sistem: kardansko vratilo od metala<br \/>Servo upravlja\u010da: Standardni servo sa metalnim zup\u010danikom Ebe i sila od 15 kg<br \/>Glavni materijal: aluminijum<br \/>Dimenzije pretinca za baterije: 140x45x50mm<br \/>Baterija: 2x LiPo, 3S, 11.1V, 5000mAh 35C, meko ku\u0107i\u0161te XT90 mekano ku\u0107i\u0161te: 140 x 45 x 50 mm. \/> Vrijeme vo\u017enje: pribli\u017eno 10 &#8211; 15 minuta : BX3 balans punja\u010d 220 V<br \/>Vrijeme punjenja: pribli\u017eno 3 &#8211; 4 sata po bateriji<\/p>\n<p>Obim isporuke:<br \/>Model<br \/>Oda\u0161ilja\u010d<br \/>2x baterija 3S LiPo<br \/ >LiPo punja\u010d<br \/>Naljepnica<br \/>Upute DE\/EN<\/p>\n<p>Potreban pribor:<br \/>4x 1.5V mignon AA baterije za predajnik<\/p>\n","protected":false},"excerpt":{"rendered":"<p>Super replika veoma poznatog drift automobila u razmeri 1:7 sa najfinijom opremom i maksimalnom brzinom od preko 100km\/h. Ovaj vrhunski model kombinuje veoma kvalitetne komponente sa konceptom ekstremnog pogona (6S LiPo) i vrhunskom opremom kao \u0161to su 2x 3S LiPo baterije, visokokvalitetan i precizan daljinski upravlja\u010d od 2,4GHz, LiPo punja\u010d i mnogo CNC glodanih aluminijumskih [&hellip;]<\/p>\n","protected":false},"featured_media":10148,"template":"","meta":[],"product_cat":[514,515],"product_tag":[],"acf":[],"yoast_head":"<!-- This site is optimized with the Yoast SEO plugin v21.7 - https:\/\/yoast.com\/wordpress\/plugins\/seo\/ -->\n<title>AMX Racing HC7 Street Racer 1:7 4WD RTR - TECHNIC TOYS SHOP<\/title>\n<meta name=\"robots\" content=\"index, follow, max-snippet:-1, max-image-preview:large, max-video-preview:-1\" \/>\n<link rel=\"canonical\" href=\"https:\/\/www.technic-toys.com\/hr\/proizvod\/amx-racing-hc7-street-racer-17-4wd-rtr-2\/\" \/>\n<meta property=\"og:locale\" content=\"hr_HR\" \/>\n<meta property=\"og:type\" content=\"article\" \/>\n<meta property=\"og:title\" content=\"AMX Racing HC7 Street Racer 1:7 4WD RTR - TECHNIC TOYS SHOP\" \/>\n<meta property=\"og:description\" content=\"Super replika veoma poznatog drift automobila u razmeri 1:7 sa najfinijom opremom i maksimalnom brzinom od preko 100km\/h. Ovaj vrhunski model kombinuje veoma kvalitetne komponente sa konceptom ekstremnog pogona (6S LiPo) i vrhunskom opremom kao \u0161to su 2x 3S LiPo baterije, visokokvalitetan i precizan daljinski upravlja\u010d od 2,4GHz, LiPo punja\u010d i mnogo CNC glodanih aluminijumskih [&hellip;]\" \/>\n<meta property=\"og:url\" content=\"https:\/\/www.technic-toys.com\/hr\/proizvod\/amx-racing-hc7-street-racer-17-4wd-rtr-2\/\" \/>\n<meta property=\"og:site_name\" content=\"TECHNIC TOYS SHOP\" \/>\n<meta property=\"article:modified_time\" content=\"2022-08-01T10:45:23+00:00\" \/>\n<meta property=\"og:image\" content=\"https:\/\/www.technic-toys.com\/wp-content\/uploads\/2022\/01\/21091.jpg\" \/>\n\t<meta property=\"og:image:width\" content=\"2560\" \/>\n\t<meta property=\"og:image:height\" content=\"1468\" \/>\n\t<meta property=\"og:image:type\" content=\"image\/jpeg\" \/>\n<meta name=\"twitter:card\" content=\"summary_large_image\" \/>\n<meta name=\"twitter:label1\" content=\"Procijenjeno vrijeme \u010ditanja\" \/>\n\t<meta name=\"twitter:data1\" content=\"3 minute\" \/>\n<script type=\"application\/ld+json\" class=\"yoast-schema-graph\">{\"@context\":\"https:\/\/schema.org\",\"@graph\":[{\"@type\":\"WebPage\",\"@id\":\"https:\/\/www.technic-toys.com\/hr\/proizvod\/amx-racing-hc7-street-racer-17-4wd-rtr-2\/\",\"url\":\"https:\/\/www.technic-toys.com\/hr\/proizvod\/amx-racing-hc7-street-racer-17-4wd-rtr-2\/\",\"name\":\"AMX Racing HC7 Street Racer 1:7 4WD RTR - TECHNIC TOYS SHOP\",\"isPartOf\":{\"@id\":\"https:\/\/www.technic-toys.com\/en\/#website\"},\"datePublished\":\"2022-04-08T19:31:26+00:00\",\"dateModified\":\"2022-08-01T10:45:23+00:00\",\"breadcrumb\":{\"@id\":\"https:\/\/www.technic-toys.com\/hr\/proizvod\/amx-racing-hc7-street-racer-17-4wd-rtr-2\/#breadcrumb\"},\"inLanguage\":\"hr\",\"potentialAction\":[{\"@type\":\"ReadAction\",\"target\":[\"https:\/\/www.technic-toys.com\/hr\/proizvod\/amx-racing-hc7-street-racer-17-4wd-rtr-2\/\"]}]},{\"@type\":\"BreadcrumbList\",\"@id\":\"https:\/\/www.technic-toys.com\/hr\/proizvod\/amx-racing-hc7-street-racer-17-4wd-rtr-2\/#breadcrumb\",\"itemListElement\":[{\"@type\":\"ListItem\",\"position\":1,\"name\":\"Domov\",\"item\":\"https:\/\/www.technic-toys.com\/hr\/\"},{\"@type\":\"ListItem\",\"position\":2,\"name\":\"Shop\",\"item\":\"https:\/\/www.technic-toys.com\/hr\/shop-2\/\"},{\"@type\":\"ListItem\",\"position\":3,\"name\":\"AMX Racing HC7 Street Racer 1:7 4WD RTR\"}]},{\"@type\":\"WebSite\",\"@id\":\"https:\/\/www.technic-toys.com\/en\/#website\",\"url\":\"https:\/\/www.technic-toys.com\/en\/\",\"name\":\"TECHNIC TOYS SHOP\",\"description\":\"\",\"potentialAction\":[{\"@type\":\"SearchAction\",\"target\":{\"@type\":\"EntryPoint\",\"urlTemplate\":\"https:\/\/www.technic-toys.com\/en\/?s={search_term_string}\"},\"query-input\":\"required name=search_term_string\"}],\"inLanguage\":\"hr\"}]}<\/script>\n<!-- \/ Yoast SEO plugin. -->","yoast_head_json":{"title":"AMX Racing HC7 Street Racer 1:7 4WD RTR - TECHNIC TOYS SHOP","robots":{"index":"index","follow":"follow","max-snippet":"max-snippet:-1","max-image-preview":"max-image-preview:large","max-video-preview":"max-video-preview:-1"},"canonical":"https:\/\/www.technic-toys.com\/hr\/proizvod\/amx-racing-hc7-street-racer-17-4wd-rtr-2\/","og_locale":"hr_HR","og_type":"article","og_title":"AMX Racing HC7 Street Racer 1:7 4WD RTR - TECHNIC TOYS SHOP","og_description":"Super replika veoma poznatog drift automobila u razmeri 1:7 sa najfinijom opremom i maksimalnom brzinom od preko 100km\/h. Ovaj vrhunski model kombinuje veoma kvalitetne komponente sa konceptom ekstremnog pogona (6S LiPo) i vrhunskom opremom kao \u0161to su 2x 3S LiPo baterije, visokokvalitetan i precizan daljinski upravlja\u010d od 2,4GHz, LiPo punja\u010d i mnogo CNC glodanih aluminijumskih [&hellip;]","og_url":"https:\/\/www.technic-toys.com\/hr\/proizvod\/amx-racing-hc7-street-racer-17-4wd-rtr-2\/","og_site_name":"TECHNIC TOYS SHOP","article_modified_time":"2022-08-01T10:45:23+00:00","og_image":[{"width":2560,"height":1468,"url":"https:\/\/www.technic-toys.com\/wp-content\/uploads\/2022\/01\/21091.jpg","type":"image\/jpeg"}],"twitter_card":"summary_large_image","twitter_misc":{"Procijenjeno vrijeme \u010ditanja":"3 minute"},"schema":{"@context":"https:\/\/schema.org","@graph":[{"@type":"WebPage","@id":"https:\/\/www.technic-toys.com\/hr\/proizvod\/amx-racing-hc7-street-racer-17-4wd-rtr-2\/","url":"https:\/\/www.technic-toys.com\/hr\/proizvod\/amx-racing-hc7-street-racer-17-4wd-rtr-2\/","name":"AMX Racing HC7 Street Racer 1:7 4WD RTR - TECHNIC TOYS SHOP","isPartOf":{"@id":"https:\/\/www.technic-toys.com\/en\/#website"},"datePublished":"2022-04-08T19:31:26+00:00","dateModified":"2022-08-01T10:45:23+00:00","breadcrumb":{"@id":"https:\/\/www.technic-toys.com\/hr\/proizvod\/amx-racing-hc7-street-racer-17-4wd-rtr-2\/#breadcrumb"},"inLanguage":"hr","potentialAction":[{"@type":"ReadAction","target":["https:\/\/www.technic-toys.com\/hr\/proizvod\/amx-racing-hc7-street-racer-17-4wd-rtr-2\/"]}]},{"@type":"BreadcrumbList","@id":"https:\/\/www.technic-toys.com\/hr\/proizvod\/amx-racing-hc7-street-racer-17-4wd-rtr-2\/#breadcrumb","itemListElement":[{"@type":"ListItem","position":1,"name":"Domov","item":"https:\/\/www.technic-toys.com\/hr\/"},{"@type":"ListItem","position":2,"name":"Shop","item":"https:\/\/www.technic-toys.com\/hr\/shop-2\/"},{"@type":"ListItem","position":3,"name":"AMX Racing HC7 Street Racer 1:7 4WD RTR"}]},{"@type":"WebSite","@id":"https:\/\/www.technic-toys.com\/en\/#website","url":"https:\/\/www.technic-toys.com\/en\/","name":"TECHNIC TOYS SHOP","description":"","potentialAction":[{"@type":"SearchAction","target":{"@type":"EntryPoint","urlTemplate":"https:\/\/www.technic-toys.com\/en\/?s={search_term_string}"},"query-input":"required name=search_term_string"}],"inLanguage":"hr"}]}},"_links":{"self":[{"href":"https:\/\/www.technic-toys.com\/hr\/wp-json\/wp\/v2\/product\/19376"}],"collection":[{"href":"https:\/\/www.technic-toys.com\/hr\/wp-json\/wp\/v2\/product"}],"about":[{"href":"https:\/\/www.technic-toys.com\/hr\/wp-json\/wp\/v2\/types\/product"}],"wp:featuredmedia":[{"embeddable":true,"href":"https:\/\/www.technic-toys.com\/hr\/wp-json\/wp\/v2\/media\/10148"}],"wp:attachment":[{"href":"https:\/\/www.technic-toys.com\/hr\/wp-json\/wp\/v2\/media?parent=19376"}],"wp:term":[{"taxonomy":"product_cat","embeddable":true,"href":"https:\/\/www.technic-toys.com\/hr\/wp-json\/wp\/v2\/product_cat?post=19376"},{"taxonomy":"product_tag","embeddable":true,"href":"https:\/\/www.technic-toys.com\/hr\/wp-json\/wp\/v2\/product_tag?post=19376"}],"curies":[{"name":"wp","href":"https:\/\/api.w.org\/{rel}","templated":true}]}}