{"id":19392,"date":"2022-04-08T15:30:26","date_gmt":"2022-04-08T19:31:42","guid":{"rendered":"https:\/\/www.technic-toys.com\/izdelek\/amxrock-crawler-wild-crvenozuto-realistic-scaled-body\/"},"modified":"2022-08-01T12:45:19","modified_gmt":"2022-08-01T10:45:19","slug":"amxrock-crawler-wild-crvenozuto-realistic-scaled-body","status":"publish","type":"product","link":"https:\/\/www.technic-toys.com\/hr\/proizvod\/amxrock-crawler-wild-crvenozuto-realistic-scaled-body\/","title":{"rendered":"AMXrock Crawler Wild \/crveno+\u017euto Realistic Scaled Body"},"content":{"rendered":"<p>AMEWI Scale Rock Crawler: Najfiniji materijali, CNC glodani puni aluminijum. Karoserija obojena crvenom ili \u017eutom bojom 220 mm, V: 256 mm \u0160irina gume: pribli\u017eno 35 mm Me\u0111uosovinsko rastojanje: 265 mm \u0160irina traga: pribli\u017eno 185 mm Obim isporuke: ARTR verzija obojena karoserija<\/p>\n","protected":false},"excerpt":{"rendered":"<p>AMEWI Scale Rock Crawler: Najfiniji materijali, CNC glodani puni aluminijum. Karoserija obojena crvenom ili \u017eutom bojom 220 mm, V: 256 mm \u0160irina gume: pribli\u017eno 35 mm Me\u0111uosovinsko rastojanje: 265 mm \u0160irina traga: pribli\u017eno 185 mm Obim isporuke: ARTR verzija obojena karoserija<\/p>\n","protected":false},"featured_media":11084,"template":"","meta":[],"product_cat":[514,515],"product_tag":[],"acf":[],"yoast_head":"<!-- This site is optimized with the Yoast SEO plugin v21.7 - https:\/\/yoast.com\/wordpress\/plugins\/seo\/ -->\n<title>AMXrock Crawler Wild \/crveno+\u017euto Realistic Scaled Body - TECHNIC TOYS SHOP<\/title>\n<meta name=\"robots\" content=\"index, follow, max-snippet:-1, max-image-preview:large, max-video-preview:-1\" \/>\n<link rel=\"canonical\" href=\"https:\/\/www.technic-toys.com\/hr\/proizvod\/amxrock-crawler-wild-crvenozuto-realistic-scaled-body\/\" \/>\n<meta property=\"og:locale\" content=\"hr_HR\" \/>\n<meta property=\"og:type\" content=\"article\" \/>\n<meta property=\"og:title\" content=\"AMXrock Crawler Wild \/crveno+\u017euto Realistic Scaled Body - TECHNIC TOYS SHOP\" \/>\n<meta property=\"og:description\" content=\"AMEWI Scale Rock Crawler: Najfiniji materijali, CNC glodani puni aluminijum. Karoserija obojena crvenom ili \u017eutom bojom 220 mm, V: 256 mm \u0160irina gume: pribli\u017eno 35 mm Me\u0111uosovinsko rastojanje: 265 mm \u0160irina traga: pribli\u017eno 185 mm Obim isporuke: ARTR verzija obojena karoserija\" \/>\n<meta property=\"og:url\" content=\"https:\/\/www.technic-toys.com\/hr\/proizvod\/amxrock-crawler-wild-crvenozuto-realistic-scaled-body\/\" \/>\n<meta property=\"og:site_name\" content=\"TECHNIC TOYS SHOP\" \/>\n<meta property=\"article:modified_time\" content=\"2022-08-01T10:45:19+00:00\" \/>\n<meta property=\"og:image\" content=\"https:\/\/www.technic-toys.com\/wp-content\/uploads\/2022\/04\/22150.jpg\" \/>\n\t<meta property=\"og:image:width\" content=\"1280\" \/>\n\t<meta property=\"og:image:height\" content=\"734\" \/>\n\t<meta property=\"og:image:type\" content=\"image\/jpeg\" \/>\n<meta name=\"twitter:card\" content=\"summary_large_image\" \/>\n<script type=\"application\/ld+json\" class=\"yoast-schema-graph\">{\"@context\":\"https:\/\/schema.org\",\"@graph\":[{\"@type\":\"WebPage\",\"@id\":\"https:\/\/www.technic-toys.com\/hr\/proizvod\/amxrock-crawler-wild-crvenozuto-realistic-scaled-body\/\",\"url\":\"https:\/\/www.technic-toys.com\/hr\/proizvod\/amxrock-crawler-wild-crvenozuto-realistic-scaled-body\/\",\"name\":\"AMXrock Crawler Wild \/crveno+\u017euto Realistic Scaled Body - TECHNIC TOYS SHOP\",\"isPartOf\":{\"@id\":\"https:\/\/www.technic-toys.com\/en\/#website\"},\"datePublished\":\"2022-04-08T19:31:42+00:00\",\"dateModified\":\"2022-08-01T10:45:19+00:00\",\"breadcrumb\":{\"@id\":\"https:\/\/www.technic-toys.com\/hr\/proizvod\/amxrock-crawler-wild-crvenozuto-realistic-scaled-body\/#breadcrumb\"},\"inLanguage\":\"hr\",\"potentialAction\":[{\"@type\":\"ReadAction\",\"target\":[\"https:\/\/www.technic-toys.com\/hr\/proizvod\/amxrock-crawler-wild-crvenozuto-realistic-scaled-body\/\"]}]},{\"@type\":\"BreadcrumbList\",\"@id\":\"https:\/\/www.technic-toys.com\/hr\/proizvod\/amxrock-crawler-wild-crvenozuto-realistic-scaled-body\/#breadcrumb\",\"itemListElement\":[{\"@type\":\"ListItem\",\"position\":1,\"name\":\"Domov\",\"item\":\"https:\/\/www.technic-toys.com\/hr\/\"},{\"@type\":\"ListItem\",\"position\":2,\"name\":\"Shop\",\"item\":\"https:\/\/www.technic-toys.com\/hr\/shop-2\/\"},{\"@type\":\"ListItem\",\"position\":3,\"name\":\"AMXrock Crawler Wild \/crveno+\u017euto Realistic Scaled Body\"}]},{\"@type\":\"WebSite\",\"@id\":\"https:\/\/www.technic-toys.com\/en\/#website\",\"url\":\"https:\/\/www.technic-toys.com\/en\/\",\"name\":\"TECHNIC TOYS SHOP\",\"description\":\"\",\"potentialAction\":[{\"@type\":\"SearchAction\",\"target\":{\"@type\":\"EntryPoint\",\"urlTemplate\":\"https:\/\/www.technic-toys.com\/en\/?s={search_term_string}\"},\"query-input\":\"required name=search_term_string\"}],\"inLanguage\":\"hr\"}]}<\/script>\n<!-- \/ Yoast SEO plugin. -->","yoast_head_json":{"title":"AMXrock Crawler Wild \/crveno+\u017euto Realistic Scaled Body - TECHNIC TOYS SHOP","robots":{"index":"index","follow":"follow","max-snippet":"max-snippet:-1","max-image-preview":"max-image-preview:large","max-video-preview":"max-video-preview:-1"},"canonical":"https:\/\/www.technic-toys.com\/hr\/proizvod\/amxrock-crawler-wild-crvenozuto-realistic-scaled-body\/","og_locale":"hr_HR","og_type":"article","og_title":"AMXrock Crawler Wild \/crveno+\u017euto Realistic Scaled Body - TECHNIC TOYS SHOP","og_description":"AMEWI Scale Rock Crawler: Najfiniji materijali, CNC glodani puni aluminijum. Karoserija obojena crvenom ili \u017eutom bojom 220 mm, V: 256 mm \u0160irina gume: pribli\u017eno 35 mm Me\u0111uosovinsko rastojanje: 265 mm \u0160irina traga: pribli\u017eno 185 mm Obim isporuke: ARTR verzija obojena karoserija","og_url":"https:\/\/www.technic-toys.com\/hr\/proizvod\/amxrock-crawler-wild-crvenozuto-realistic-scaled-body\/","og_site_name":"TECHNIC TOYS SHOP","article_modified_time":"2022-08-01T10:45:19+00:00","og_image":[{"width":1280,"height":734,"url":"https:\/\/www.technic-toys.com\/wp-content\/uploads\/2022\/04\/22150.jpg","type":"image\/jpeg"}],"twitter_card":"summary_large_image","schema":{"@context":"https:\/\/schema.org","@graph":[{"@type":"WebPage","@id":"https:\/\/www.technic-toys.com\/hr\/proizvod\/amxrock-crawler-wild-crvenozuto-realistic-scaled-body\/","url":"https:\/\/www.technic-toys.com\/hr\/proizvod\/amxrock-crawler-wild-crvenozuto-realistic-scaled-body\/","name":"AMXrock Crawler Wild \/crveno+\u017euto Realistic Scaled Body - TECHNIC TOYS SHOP","isPartOf":{"@id":"https:\/\/www.technic-toys.com\/en\/#website"},"datePublished":"2022-04-08T19:31:42+00:00","dateModified":"2022-08-01T10:45:19+00:00","breadcrumb":{"@id":"https:\/\/www.technic-toys.com\/hr\/proizvod\/amxrock-crawler-wild-crvenozuto-realistic-scaled-body\/#breadcrumb"},"inLanguage":"hr","potentialAction":[{"@type":"ReadAction","target":["https:\/\/www.technic-toys.com\/hr\/proizvod\/amxrock-crawler-wild-crvenozuto-realistic-scaled-body\/"]}]},{"@type":"BreadcrumbList","@id":"https:\/\/www.technic-toys.com\/hr\/proizvod\/amxrock-crawler-wild-crvenozuto-realistic-scaled-body\/#breadcrumb","itemListElement":[{"@type":"ListItem","position":1,"name":"Domov","item":"https:\/\/www.technic-toys.com\/hr\/"},{"@type":"ListItem","position":2,"name":"Shop","item":"https:\/\/www.technic-toys.com\/hr\/shop-2\/"},{"@type":"ListItem","position":3,"name":"AMXrock Crawler Wild \/crveno+\u017euto Realistic Scaled Body"}]},{"@type":"WebSite","@id":"https:\/\/www.technic-toys.com\/en\/#website","url":"https:\/\/www.technic-toys.com\/en\/","name":"TECHNIC TOYS SHOP","description":"","potentialAction":[{"@type":"SearchAction","target":{"@type":"EntryPoint","urlTemplate":"https:\/\/www.technic-toys.com\/en\/?s={search_term_string}"},"query-input":"required name=search_term_string"}],"inLanguage":"hr"}]}},"_links":{"self":[{"href":"https:\/\/www.technic-toys.com\/hr\/wp-json\/wp\/v2\/product\/19392"}],"collection":[{"href":"https:\/\/www.technic-toys.com\/hr\/wp-json\/wp\/v2\/product"}],"about":[{"href":"https:\/\/www.technic-toys.com\/hr\/wp-json\/wp\/v2\/types\/product"}],"wp:featuredmedia":[{"embeddable":true,"href":"https:\/\/www.technic-toys.com\/hr\/wp-json\/wp\/v2\/media\/11084"}],"wp:attachment":[{"href":"https:\/\/www.technic-toys.com\/hr\/wp-json\/wp\/v2\/media?parent=19392"}],"wp:term":[{"taxonomy":"product_cat","embeddable":true,"href":"https:\/\/www.technic-toys.com\/hr\/wp-json\/wp\/v2\/product_cat?post=19392"},{"taxonomy":"product_tag","embeddable":true,"href":"https:\/\/www.technic-toys.com\/hr\/wp-json\/wp\/v2\/product_tag?post=19392"}],"curies":[{"name":"wp","href":"https:\/\/api.w.org\/{rel}","templated":true}]}}