{"id":19404,"date":"2022-04-08T15:38:32","date_gmt":"2022-04-08T19:31:42","guid":{"rendered":"https:\/\/www.technic-toys.com\/izdelek\/buggy-hammerhead-v2-brushless-16-2-4ghz-2wd-rtr\/"},"modified":"2022-08-01T12:45:15","modified_gmt":"2022-08-01T10:45:15","slug":"buggy-hammerhead-v2-brushless-16-2-4ghz-2wd-rtr","status":"publish","type":"product","link":"https:\/\/www.technic-toys.com\/hr\/proizvod\/buggy-hammerhead-v2-brushless-16-2-4ghz-2wd-rtr\/","title":{"rendered":"Buggy Hammerhead V2 Brushless 1:6, 2.4GHz, 2WD, RTR"},"content":{"rendered":"<p>Hammerhead Dune-Buggy 1:6 2WD terenske utrke bez \u010detkica u svom najboljem izdanju. Veoma dobro dimenzionisan pogon sa motorom bez \u010detkica od 2350 kv sa visokim obrtnim momentom i kontrolerom od 160 ampera garantuju \u010disto zadovoljstvo u vo\u017enji upareno sa impresivnim ubrzanjem i velikom maksimalnom brzinom. U osnovi, Hammerhead je o\u010dito superiorniji od svih 28 ccm plinskih buggija. Zahvaljuju\u0107i fabri\u010dki instaliranom sistemu \u017eiro stabilizacije, Hammerhead se mogao voziti kao automobil na 4WD. Potpuni aluminijumski amortizeri pritiska ulja, servo upravlja\u010da od 15 kg, potporna plo\u010da od aluminijumskog poda, CNC glodani diferencijalni zup\u010danici i gume visokog prijanjanja su ostale vrhunske karakteristike 1:6 buggyja. Glavni zup\u010danik je napravljen od \u010delika i stoga mo\u017ee izdr\u017eati \u010dak i najte\u017ee zahtjeve. Izvanredan, cool i nagra\u0111ivani dizajn \u010dini Hammerhead privla\u010dnim za oko na svakoj trka\u010dkoj stazi. Moderan radio daljinski upravlja\u010d od 2,4 GHz je osjetljiv i lak za dr\u017eanje. Preporu\u010dujemo kori\u0161tenje 2 x 7.4V Hardcase LiPo baterije sa 5000-7500mAh, 45-65C. (mo\u017ee se voziti i 6 \u0107elija, ali ovdje je potrebna modifikacija) Tehni\u010dki podaci: Pogon: 2WD ElektroESC: 160A WP-6BL160-RTR Hobbywing potrebne baterije: od 2x 7,4V 3700 mAh LiPo Motor: Bez \u010detkica 2350KVDu\u017eina: 8 mm Wid: 68 mm : 260 mm Me\u0111uosovinsko rastojanje: 476 mm Omjer prijenosa: 1:12,8 Te\u017eina: oko 12,5 kg Promjer kota\u010da (v\/h): 153\/148 mm \u0160irina kota\u010da (v\/h): 53\/705 mm Razmak od tla 70 mm. Servo upravlja\u010da kg\/cm: 1NC5 mljevena dif. Zup\u010danici Aluminijumska podna potporna plo\u010da Individualni ovjes kota\u010da sa pode\u0161avanjem gusjenice i nagiba 2,4 GHz radio sistem Obim isporuke: 2WD Buggy Hammerhead bez \u010detkica 2,4 GHz radio sistem 160 A Hobbywing ESC 2350 KV motor bez \u010detkica Oslikano tijelo Detaljno, ilustrovano uputstvo za upotrebu na njema\u010dkom i engleskom Napomena : 2 x 7,4 V iz 3700 mAh LiPo baterija su potrebne za rad. (nije uklju\u010deno) ili 2 x 3S LiPo sa modifikacijom \u0161koljke sjedi\u0161ta i priklju\u010dnog utika\u010da na 4mm zlatni kontakt ili utika\u010d XT90. Za daljinski upravlja\u010d potrebne su 3 x Mignon 1.5V AA baterije.<\/p>\n","protected":false},"excerpt":{"rendered":"<p>Hammerhead Dune-Buggy 1:6 2WD terenske utrke bez \u010detkica u svom najboljem izdanju. Veoma dobro dimenzionisan pogon sa motorom bez \u010detkica od 2350 kv sa visokim obrtnim momentom i kontrolerom od 160 ampera garantuju \u010disto zadovoljstvo u vo\u017enji upareno sa impresivnim ubrzanjem i velikom maksimalnom brzinom. U osnovi, Hammerhead je o\u010dito superiorniji od svih 28 ccm [&hellip;]<\/p>\n","protected":false},"featured_media":11178,"template":"","meta":[],"product_cat":[514,515],"product_tag":[],"acf":[],"yoast_head":"<!-- This site is optimized with the Yoast SEO plugin v21.7 - https:\/\/yoast.com\/wordpress\/plugins\/seo\/ -->\n<title>Buggy Hammerhead V2 Brushless 1:6, 2.4GHz, 2WD, RTR - TECHNIC TOYS SHOP<\/title>\n<meta name=\"robots\" content=\"index, follow, max-snippet:-1, max-image-preview:large, max-video-preview:-1\" \/>\n<link rel=\"canonical\" href=\"https:\/\/www.technic-toys.com\/hr\/proizvod\/buggy-hammerhead-v2-brushless-16-2-4ghz-2wd-rtr\/\" \/>\n<meta property=\"og:locale\" content=\"hr_HR\" \/>\n<meta property=\"og:type\" content=\"article\" \/>\n<meta property=\"og:title\" content=\"Buggy Hammerhead V2 Brushless 1:6, 2.4GHz, 2WD, RTR - TECHNIC TOYS SHOP\" \/>\n<meta property=\"og:description\" content=\"Hammerhead Dune-Buggy 1:6 2WD terenske utrke bez \u010detkica u svom najboljem izdanju. Veoma dobro dimenzionisan pogon sa motorom bez \u010detkica od 2350 kv sa visokim obrtnim momentom i kontrolerom od 160 ampera garantuju \u010disto zadovoljstvo u vo\u017enji upareno sa impresivnim ubrzanjem i velikom maksimalnom brzinom. U osnovi, Hammerhead je o\u010dito superiorniji od svih 28 ccm [&hellip;]\" \/>\n<meta property=\"og:url\" content=\"https:\/\/www.technic-toys.com\/hr\/proizvod\/buggy-hammerhead-v2-brushless-16-2-4ghz-2wd-rtr\/\" \/>\n<meta property=\"og:site_name\" content=\"TECHNIC TOYS SHOP\" \/>\n<meta property=\"article:modified_time\" content=\"2022-08-01T10:45:15+00:00\" \/>\n<meta property=\"og:image\" content=\"https:\/\/www.technic-toys.com\/wp-content\/uploads\/2022\/04\/22183.jpg\" \/>\n\t<meta property=\"og:image:width\" content=\"2560\" \/>\n\t<meta property=\"og:image:height\" content=\"1468\" \/>\n\t<meta property=\"og:image:type\" content=\"image\/jpeg\" \/>\n<meta name=\"twitter:card\" content=\"summary_large_image\" \/>\n<meta name=\"twitter:label1\" content=\"Procijenjeno vrijeme \u010ditanja\" \/>\n\t<meta name=\"twitter:data1\" content=\"2 minute\" \/>\n<script type=\"application\/ld+json\" class=\"yoast-schema-graph\">{\"@context\":\"https:\/\/schema.org\",\"@graph\":[{\"@type\":\"WebPage\",\"@id\":\"https:\/\/www.technic-toys.com\/hr\/proizvod\/buggy-hammerhead-v2-brushless-16-2-4ghz-2wd-rtr\/\",\"url\":\"https:\/\/www.technic-toys.com\/hr\/proizvod\/buggy-hammerhead-v2-brushless-16-2-4ghz-2wd-rtr\/\",\"name\":\"Buggy Hammerhead V2 Brushless 1:6, 2.4GHz, 2WD, RTR - TECHNIC TOYS SHOP\",\"isPartOf\":{\"@id\":\"https:\/\/www.technic-toys.com\/en\/#website\"},\"datePublished\":\"2022-04-08T19:31:42+00:00\",\"dateModified\":\"2022-08-01T10:45:15+00:00\",\"breadcrumb\":{\"@id\":\"https:\/\/www.technic-toys.com\/hr\/proizvod\/buggy-hammerhead-v2-brushless-16-2-4ghz-2wd-rtr\/#breadcrumb\"},\"inLanguage\":\"hr\",\"potentialAction\":[{\"@type\":\"ReadAction\",\"target\":[\"https:\/\/www.technic-toys.com\/hr\/proizvod\/buggy-hammerhead-v2-brushless-16-2-4ghz-2wd-rtr\/\"]}]},{\"@type\":\"BreadcrumbList\",\"@id\":\"https:\/\/www.technic-toys.com\/hr\/proizvod\/buggy-hammerhead-v2-brushless-16-2-4ghz-2wd-rtr\/#breadcrumb\",\"itemListElement\":[{\"@type\":\"ListItem\",\"position\":1,\"name\":\"Domov\",\"item\":\"https:\/\/www.technic-toys.com\/hr\/\"},{\"@type\":\"ListItem\",\"position\":2,\"name\":\"Shop\",\"item\":\"https:\/\/www.technic-toys.com\/hr\/shop-2\/\"},{\"@type\":\"ListItem\",\"position\":3,\"name\":\"Buggy Hammerhead V2 Brushless 1:6, 2.4GHz, 2WD, RTR\"}]},{\"@type\":\"WebSite\",\"@id\":\"https:\/\/www.technic-toys.com\/en\/#website\",\"url\":\"https:\/\/www.technic-toys.com\/en\/\",\"name\":\"TECHNIC TOYS SHOP\",\"description\":\"\",\"potentialAction\":[{\"@type\":\"SearchAction\",\"target\":{\"@type\":\"EntryPoint\",\"urlTemplate\":\"https:\/\/www.technic-toys.com\/en\/?s={search_term_string}\"},\"query-input\":\"required name=search_term_string\"}],\"inLanguage\":\"hr\"}]}<\/script>\n<!-- \/ Yoast SEO plugin. -->","yoast_head_json":{"title":"Buggy Hammerhead V2 Brushless 1:6, 2.4GHz, 2WD, RTR - TECHNIC TOYS SHOP","robots":{"index":"index","follow":"follow","max-snippet":"max-snippet:-1","max-image-preview":"max-image-preview:large","max-video-preview":"max-video-preview:-1"},"canonical":"https:\/\/www.technic-toys.com\/hr\/proizvod\/buggy-hammerhead-v2-brushless-16-2-4ghz-2wd-rtr\/","og_locale":"hr_HR","og_type":"article","og_title":"Buggy Hammerhead V2 Brushless 1:6, 2.4GHz, 2WD, RTR - TECHNIC TOYS SHOP","og_description":"Hammerhead Dune-Buggy 1:6 2WD terenske utrke bez \u010detkica u svom najboljem izdanju. Veoma dobro dimenzionisan pogon sa motorom bez \u010detkica od 2350 kv sa visokim obrtnim momentom i kontrolerom od 160 ampera garantuju \u010disto zadovoljstvo u vo\u017enji upareno sa impresivnim ubrzanjem i velikom maksimalnom brzinom. U osnovi, Hammerhead je o\u010dito superiorniji od svih 28 ccm [&hellip;]","og_url":"https:\/\/www.technic-toys.com\/hr\/proizvod\/buggy-hammerhead-v2-brushless-16-2-4ghz-2wd-rtr\/","og_site_name":"TECHNIC TOYS SHOP","article_modified_time":"2022-08-01T10:45:15+00:00","og_image":[{"width":2560,"height":1468,"url":"https:\/\/www.technic-toys.com\/wp-content\/uploads\/2022\/04\/22183.jpg","type":"image\/jpeg"}],"twitter_card":"summary_large_image","twitter_misc":{"Procijenjeno vrijeme \u010ditanja":"2 minute"},"schema":{"@context":"https:\/\/schema.org","@graph":[{"@type":"WebPage","@id":"https:\/\/www.technic-toys.com\/hr\/proizvod\/buggy-hammerhead-v2-brushless-16-2-4ghz-2wd-rtr\/","url":"https:\/\/www.technic-toys.com\/hr\/proizvod\/buggy-hammerhead-v2-brushless-16-2-4ghz-2wd-rtr\/","name":"Buggy Hammerhead V2 Brushless 1:6, 2.4GHz, 2WD, RTR - TECHNIC TOYS SHOP","isPartOf":{"@id":"https:\/\/www.technic-toys.com\/en\/#website"},"datePublished":"2022-04-08T19:31:42+00:00","dateModified":"2022-08-01T10:45:15+00:00","breadcrumb":{"@id":"https:\/\/www.technic-toys.com\/hr\/proizvod\/buggy-hammerhead-v2-brushless-16-2-4ghz-2wd-rtr\/#breadcrumb"},"inLanguage":"hr","potentialAction":[{"@type":"ReadAction","target":["https:\/\/www.technic-toys.com\/hr\/proizvod\/buggy-hammerhead-v2-brushless-16-2-4ghz-2wd-rtr\/"]}]},{"@type":"BreadcrumbList","@id":"https:\/\/www.technic-toys.com\/hr\/proizvod\/buggy-hammerhead-v2-brushless-16-2-4ghz-2wd-rtr\/#breadcrumb","itemListElement":[{"@type":"ListItem","position":1,"name":"Domov","item":"https:\/\/www.technic-toys.com\/hr\/"},{"@type":"ListItem","position":2,"name":"Shop","item":"https:\/\/www.technic-toys.com\/hr\/shop-2\/"},{"@type":"ListItem","position":3,"name":"Buggy Hammerhead V2 Brushless 1:6, 2.4GHz, 2WD, RTR"}]},{"@type":"WebSite","@id":"https:\/\/www.technic-toys.com\/en\/#website","url":"https:\/\/www.technic-toys.com\/en\/","name":"TECHNIC TOYS SHOP","description":"","potentialAction":[{"@type":"SearchAction","target":{"@type":"EntryPoint","urlTemplate":"https:\/\/www.technic-toys.com\/en\/?s={search_term_string}"},"query-input":"required name=search_term_string"}],"inLanguage":"hr"}]}},"_links":{"self":[{"href":"https:\/\/www.technic-toys.com\/hr\/wp-json\/wp\/v2\/product\/19404"}],"collection":[{"href":"https:\/\/www.technic-toys.com\/hr\/wp-json\/wp\/v2\/product"}],"about":[{"href":"https:\/\/www.technic-toys.com\/hr\/wp-json\/wp\/v2\/types\/product"}],"wp:featuredmedia":[{"embeddable":true,"href":"https:\/\/www.technic-toys.com\/hr\/wp-json\/wp\/v2\/media\/11178"}],"wp:attachment":[{"href":"https:\/\/www.technic-toys.com\/hr\/wp-json\/wp\/v2\/media?parent=19404"}],"wp:term":[{"taxonomy":"product_cat","embeddable":true,"href":"https:\/\/www.technic-toys.com\/hr\/wp-json\/wp\/v2\/product_cat?post=19404"},{"taxonomy":"product_tag","embeddable":true,"href":"https:\/\/www.technic-toys.com\/hr\/wp-json\/wp\/v2\/product_tag?post=19404"}],"curies":[{"name":"wp","href":"https:\/\/api.w.org\/{rel}","templated":true}]}}