{"id":19409,"date":"2022-04-08T15:38:32","date_gmt":"2022-04-08T19:31:56","guid":{"rendered":"https:\/\/www.technic-toys.com\/izdelek\/am10sc-v2-kamion-za-kratki-kurs-bez-cetkica-110-4wd-rtr-crveno-crno\/"},"modified":"2022-08-01T12:45:15","modified_gmt":"2022-08-01T10:45:15","slug":"am10sc-v2-kamion-za-kratki-kurs-bez-cetkica-110-4wd-rtr-crveno-crno","status":"publish","type":"product","link":"https:\/\/www.technic-toys.com\/hr\/proizvod\/am10sc-v2-kamion-za-kratki-kurs-bez-cetkica-110-4wd-rtr-crveno-crno\/","title":{"rendered":"AM10SC V2 Kamion za kratki kurs bez \u010detkica 1:10, 4WD, RTR crveno\/crno"},"content":{"rendered":"<p>Zahvaljuju\u0107i visokokvalitetnim komponentama i dobroj izradi, ovo vozilo je jedno od na\u0161ih najprodavanijih me\u0111u automobilima za kratke staze. To je potpuno opremljen RTR model (Ready-to-Run) u mjerilu 1:10 &#8211; kamion za kratke staze je 100% dizajnirao AMEWI i razvijen za visoko produktivno RC iskustvo.<br \/>Ne samo o AM10SC u verziji V2 ima pouzdan 4&#215;4 pogon na sva \u010detiri to\u010dka, ali je tako\u0111er opremljen neovisnim ovjesom kota\u010da, nezavisnim oprugama kota\u010da, visokokvalitetnim kugli\u010dnim le\u017eajevima i takmi\u010darskim amortizerima koji se lako klize. Sna\u017eni motor bez \u010detkica sa 3300KV (obrtaja po voltu), u kombinaciji sa 7,4V 3000mAh LiPo baterijom, osigurava ekstremno ubrzanje i dobru vu\u010du na terenu. Elektronika otporna na prskanje, stabilne CVD pogonske osovine, stabilizatori na prednjoj i stra\u017enjoj osovini, glavni diferencijal otporan na pra\u0161inu i prskanje, kaljeni pogoni na le\u017eajevima i kardanska osovina koja se gotovo ne igra omogu\u0107avaju poseban u\u017eitak u vo\u017enji na bilo kojoj povr\u0161ini. Meka i fleksibilna plastika, poklopac od izdr\u017eljivog polikarbonata i dodatni poklopac za pra\u0161inu za podru\u010dje elektronike i motora osiguravaju dug vijek trajanja za sve komponente. Sna\u017ena baterija sa 7.4V 3000mAh Lipo 25C ve\u0107 je uklju\u010dena u obim isporuke i puni se prilo\u017eenim 220V LiPo balans punja\u010dem (struja punjenja 1A). Amortizeri, poja\u010danja prijenosa i zglobovi upravlja\u010da izra\u0111eni su od visokokvalitetnog plavog eloksiranog aluminija. Set uklju\u010duje visokokvalitetni 4-kanalni 2,4GHz daljinski upravlja\u010d za pi\u0161tolj, koji pru\u017ea osjetljiv i precizan osje\u0107aj kontrole s dometom do 150m. Za opciono osvjetljenje ili sli\u010dno, predajnik nudi dva dodatna kanala koji se mogu prebaciti, intenzitet gasa\/upravljanja se mo\u017ee podesiti preko predajnika (brzina i ugao upravljanja). Oda\u0161ilja\u010d tako\u0111er ima dva potenciometra za pode\u0161avanje za gas i upravljanje.<br \/>Istici: Kompozitna \u0161asija &#8211; za jo\u0161 ve\u0107u stabilnost Elektronika otporna na prskanje &#8211; za vo\u017enju kroz lokve i blato Modularni dizajn &#8211; pojedina\u010dni moduli se mogu ukloniti radi odr\u017eavanja i popravki bez upotrebe kompletno Morate rastaviti vozilo<br \/>Ostale karakteristike: Visokokvalitetni aluminijski dijelovi kao \u0161to su mostovi amortizera i dr\u017ea\u010di zup\u010danika CVD pogonske osovine izra\u0111ene od visokokvalitetne plastike 3300KV motor bez \u010detkica 45A kontroler bez \u010detkica otporan na prskanje Za\u0161tita od pra\u0161ine za elektroniku 7.4 V 3000mAh 25C LiPo baterija 220V punja\u010d 4-kanalni 2.4GHz predajnik < br \/>Tehni\u010dki podaci: du\u017eina: 540mm \u0161irina: 29mm visina: 185mm te\u017eina: 2295g uklju\u010duju\u0107i bateriju me\u0111uosovinsko rastojanje: 325mm prednja \u0161irina traga: 250 mm \u0161irina kolosijeka: 25 mm \u0161irina kolosijeka : 50mm prednji to\u010dkovi: spolja\u0161nji pre\u010dnik\/\u0161irina 105mm\/42mm zadnji to\u010dkovi: spolja\u0161nji pre\u010dnik\/\u0161irina 105mm\/ 42mm pre\u010dnik felne: 62mm pokreta\u010d to\u010dka: 12mm prenos: POM CNC ko\u010dnica: elektronski kontroler: br ushless 45A motor: 52x35mm 3300KV pogonski sistem: kardanski upravlja\u010dki servo: 9kg MG glavni materijal: plastika maksimalna brzina: cca 55km\/h vrijeme vo\u017enje: 10-15min dimenzije odjeljka za bateriju: 135-165x50mm baterija: Li-Po, 4V , 3000mAh, 25C, Tvrdo ku\u0107i\u0161te, utika\u010d: Deans \/ T-Plug, Dx\u0160xV: 140x45x22mm, te\u017eina: 184g daljinski upravlja\u010d: 4-kanalni, 2.4GHz opseg: pribli\u017eno 150m punja\u010d: 220V 1A vremenski balans punja\u010d: cca 8 min. br \/>Obim isporuke: AM10SC V2 4&#215;4 4-kanalni daljinski upravlja\u010d LiPo baterija 220V balans punja\u010d Poklopac za za\u0161titu od pra\u0161ine Detaljne upute sa slikama DE\/EN upute za kontroler Razni alati<br \/>Potreban pribor: 4x AA baterije za daljinski upravlja\u010d < br \/><\/p>\n","protected":false},"excerpt":{"rendered":"<p>Zahvaljuju\u0107i visokokvalitetnim komponentama i dobroj izradi, ovo vozilo je jedno od na\u0161ih najprodavanijih me\u0111u automobilima za kratke staze. To je potpuno opremljen RTR model (Ready-to-Run) u mjerilu 1:10 &#8211; kamion za kratke staze je 100% dizajnirao AMEWI i razvijen za visoko produktivno RC iskustvo.Ne samo o AM10SC u verziji V2 ima pouzdan 4&#215;4 pogon na [&hellip;]<\/p>\n","protected":false},"featured_media":11219,"template":"","meta":[],"product_cat":[514,515],"product_tag":[],"acf":[],"yoast_head":"<!-- This site is optimized with the Yoast SEO plugin v21.7 - https:\/\/yoast.com\/wordpress\/plugins\/seo\/ -->\n<title>AM10SC V2 Kamion za kratki kurs bez \u010detkica 1:10, 4WD, RTR crveno\/crno - TECHNIC TOYS SHOP<\/title>\n<meta name=\"robots\" content=\"index, follow, max-snippet:-1, max-image-preview:large, max-video-preview:-1\" \/>\n<link rel=\"canonical\" href=\"https:\/\/www.technic-toys.com\/hr\/proizvod\/am10sc-v2-kamion-za-kratki-kurs-bez-cetkica-110-4wd-rtr-crveno-crno\/\" \/>\n<meta property=\"og:locale\" content=\"hr_HR\" \/>\n<meta property=\"og:type\" content=\"article\" \/>\n<meta property=\"og:title\" content=\"AM10SC V2 Kamion za kratki kurs bez \u010detkica 1:10, 4WD, RTR crveno\/crno - TECHNIC TOYS SHOP\" \/>\n<meta property=\"og:description\" content=\"Zahvaljuju\u0107i visokokvalitetnim komponentama i dobroj izradi, ovo vozilo je jedno od na\u0161ih najprodavanijih me\u0111u automobilima za kratke staze. To je potpuno opremljen RTR model (Ready-to-Run) u mjerilu 1:10 &#8211; kamion za kratke staze je 100% dizajnirao AMEWI i razvijen za visoko produktivno RC iskustvo.Ne samo o AM10SC u verziji V2 ima pouzdan 4&#215;4 pogon na [&hellip;]\" \/>\n<meta property=\"og:url\" content=\"https:\/\/www.technic-toys.com\/hr\/proizvod\/am10sc-v2-kamion-za-kratki-kurs-bez-cetkica-110-4wd-rtr-crveno-crno\/\" \/>\n<meta property=\"og:site_name\" content=\"TECHNIC TOYS SHOP\" \/>\n<meta property=\"article:modified_time\" content=\"2022-08-01T10:45:15+00:00\" \/>\n<meta property=\"og:image\" content=\"https:\/\/www.technic-toys.com\/wp-content\/uploads\/2022\/04\/22192.jpg\" \/>\n\t<meta property=\"og:image:width\" content=\"2560\" \/>\n\t<meta property=\"og:image:height\" content=\"1468\" \/>\n\t<meta property=\"og:image:type\" content=\"image\/jpeg\" \/>\n<meta name=\"twitter:card\" content=\"summary_large_image\" \/>\n<meta name=\"twitter:label1\" content=\"Procijenjeno vrijeme \u010ditanja\" \/>\n\t<meta name=\"twitter:data1\" content=\"3 minute\" \/>\n<script type=\"application\/ld+json\" class=\"yoast-schema-graph\">{\"@context\":\"https:\/\/schema.org\",\"@graph\":[{\"@type\":\"WebPage\",\"@id\":\"https:\/\/www.technic-toys.com\/hr\/proizvod\/am10sc-v2-kamion-za-kratki-kurs-bez-cetkica-110-4wd-rtr-crveno-crno\/\",\"url\":\"https:\/\/www.technic-toys.com\/hr\/proizvod\/am10sc-v2-kamion-za-kratki-kurs-bez-cetkica-110-4wd-rtr-crveno-crno\/\",\"name\":\"AM10SC V2 Kamion za kratki kurs bez \u010detkica 1:10, 4WD, RTR crveno\/crno - TECHNIC TOYS SHOP\",\"isPartOf\":{\"@id\":\"https:\/\/www.technic-toys.com\/en\/#website\"},\"datePublished\":\"2022-04-08T19:31:56+00:00\",\"dateModified\":\"2022-08-01T10:45:15+00:00\",\"breadcrumb\":{\"@id\":\"https:\/\/www.technic-toys.com\/hr\/proizvod\/am10sc-v2-kamion-za-kratki-kurs-bez-cetkica-110-4wd-rtr-crveno-crno\/#breadcrumb\"},\"inLanguage\":\"hr\",\"potentialAction\":[{\"@type\":\"ReadAction\",\"target\":[\"https:\/\/www.technic-toys.com\/hr\/proizvod\/am10sc-v2-kamion-za-kratki-kurs-bez-cetkica-110-4wd-rtr-crveno-crno\/\"]}]},{\"@type\":\"BreadcrumbList\",\"@id\":\"https:\/\/www.technic-toys.com\/hr\/proizvod\/am10sc-v2-kamion-za-kratki-kurs-bez-cetkica-110-4wd-rtr-crveno-crno\/#breadcrumb\",\"itemListElement\":[{\"@type\":\"ListItem\",\"position\":1,\"name\":\"Domov\",\"item\":\"https:\/\/www.technic-toys.com\/hr\/\"},{\"@type\":\"ListItem\",\"position\":2,\"name\":\"Shop\",\"item\":\"https:\/\/www.technic-toys.com\/hr\/shop-2\/\"},{\"@type\":\"ListItem\",\"position\":3,\"name\":\"AM10SC V2 Kamion za kratki kurs bez \u010detkica 1:10, 4WD, RTR crveno\/crno\"}]},{\"@type\":\"WebSite\",\"@id\":\"https:\/\/www.technic-toys.com\/en\/#website\",\"url\":\"https:\/\/www.technic-toys.com\/en\/\",\"name\":\"TECHNIC TOYS SHOP\",\"description\":\"\",\"potentialAction\":[{\"@type\":\"SearchAction\",\"target\":{\"@type\":\"EntryPoint\",\"urlTemplate\":\"https:\/\/www.technic-toys.com\/en\/?s={search_term_string}\"},\"query-input\":\"required name=search_term_string\"}],\"inLanguage\":\"hr\"}]}<\/script>\n<!-- \/ Yoast SEO plugin. -->","yoast_head_json":{"title":"AM10SC V2 Kamion za kratki kurs bez \u010detkica 1:10, 4WD, RTR crveno\/crno - TECHNIC TOYS SHOP","robots":{"index":"index","follow":"follow","max-snippet":"max-snippet:-1","max-image-preview":"max-image-preview:large","max-video-preview":"max-video-preview:-1"},"canonical":"https:\/\/www.technic-toys.com\/hr\/proizvod\/am10sc-v2-kamion-za-kratki-kurs-bez-cetkica-110-4wd-rtr-crveno-crno\/","og_locale":"hr_HR","og_type":"article","og_title":"AM10SC V2 Kamion za kratki kurs bez \u010detkica 1:10, 4WD, RTR crveno\/crno - TECHNIC TOYS SHOP","og_description":"Zahvaljuju\u0107i visokokvalitetnim komponentama i dobroj izradi, ovo vozilo je jedno od na\u0161ih najprodavanijih me\u0111u automobilima za kratke staze. To je potpuno opremljen RTR model (Ready-to-Run) u mjerilu 1:10 &#8211; kamion za kratke staze je 100% dizajnirao AMEWI i razvijen za visoko produktivno RC iskustvo.Ne samo o AM10SC u verziji V2 ima pouzdan 4&#215;4 pogon na [&hellip;]","og_url":"https:\/\/www.technic-toys.com\/hr\/proizvod\/am10sc-v2-kamion-za-kratki-kurs-bez-cetkica-110-4wd-rtr-crveno-crno\/","og_site_name":"TECHNIC TOYS SHOP","article_modified_time":"2022-08-01T10:45:15+00:00","og_image":[{"width":2560,"height":1468,"url":"https:\/\/www.technic-toys.com\/wp-content\/uploads\/2022\/04\/22192.jpg","type":"image\/jpeg"}],"twitter_card":"summary_large_image","twitter_misc":{"Procijenjeno vrijeme \u010ditanja":"3 minute"},"schema":{"@context":"https:\/\/schema.org","@graph":[{"@type":"WebPage","@id":"https:\/\/www.technic-toys.com\/hr\/proizvod\/am10sc-v2-kamion-za-kratki-kurs-bez-cetkica-110-4wd-rtr-crveno-crno\/","url":"https:\/\/www.technic-toys.com\/hr\/proizvod\/am10sc-v2-kamion-za-kratki-kurs-bez-cetkica-110-4wd-rtr-crveno-crno\/","name":"AM10SC V2 Kamion za kratki kurs bez \u010detkica 1:10, 4WD, RTR crveno\/crno - TECHNIC TOYS SHOP","isPartOf":{"@id":"https:\/\/www.technic-toys.com\/en\/#website"},"datePublished":"2022-04-08T19:31:56+00:00","dateModified":"2022-08-01T10:45:15+00:00","breadcrumb":{"@id":"https:\/\/www.technic-toys.com\/hr\/proizvod\/am10sc-v2-kamion-za-kratki-kurs-bez-cetkica-110-4wd-rtr-crveno-crno\/#breadcrumb"},"inLanguage":"hr","potentialAction":[{"@type":"ReadAction","target":["https:\/\/www.technic-toys.com\/hr\/proizvod\/am10sc-v2-kamion-za-kratki-kurs-bez-cetkica-110-4wd-rtr-crveno-crno\/"]}]},{"@type":"BreadcrumbList","@id":"https:\/\/www.technic-toys.com\/hr\/proizvod\/am10sc-v2-kamion-za-kratki-kurs-bez-cetkica-110-4wd-rtr-crveno-crno\/#breadcrumb","itemListElement":[{"@type":"ListItem","position":1,"name":"Domov","item":"https:\/\/www.technic-toys.com\/hr\/"},{"@type":"ListItem","position":2,"name":"Shop","item":"https:\/\/www.technic-toys.com\/hr\/shop-2\/"},{"@type":"ListItem","position":3,"name":"AM10SC V2 Kamion za kratki kurs bez \u010detkica 1:10, 4WD, RTR crveno\/crno"}]},{"@type":"WebSite","@id":"https:\/\/www.technic-toys.com\/en\/#website","url":"https:\/\/www.technic-toys.com\/en\/","name":"TECHNIC TOYS SHOP","description":"","potentialAction":[{"@type":"SearchAction","target":{"@type":"EntryPoint","urlTemplate":"https:\/\/www.technic-toys.com\/en\/?s={search_term_string}"},"query-input":"required name=search_term_string"}],"inLanguage":"hr"}]}},"_links":{"self":[{"href":"https:\/\/www.technic-toys.com\/hr\/wp-json\/wp\/v2\/product\/19409"}],"collection":[{"href":"https:\/\/www.technic-toys.com\/hr\/wp-json\/wp\/v2\/product"}],"about":[{"href":"https:\/\/www.technic-toys.com\/hr\/wp-json\/wp\/v2\/types\/product"}],"wp:featuredmedia":[{"embeddable":true,"href":"https:\/\/www.technic-toys.com\/hr\/wp-json\/wp\/v2\/media\/11219"}],"wp:attachment":[{"href":"https:\/\/www.technic-toys.com\/hr\/wp-json\/wp\/v2\/media?parent=19409"}],"wp:term":[{"taxonomy":"product_cat","embeddable":true,"href":"https:\/\/www.technic-toys.com\/hr\/wp-json\/wp\/v2\/product_cat?post=19409"},{"taxonomy":"product_tag","embeddable":true,"href":"https:\/\/www.technic-toys.com\/hr\/wp-json\/wp\/v2\/product_tag?post=19409"}],"curies":[{"name":"wp","href":"https:\/\/api.w.org\/{rel}","templated":true}]}}