{"id":19437,"date":"2022-04-08T15:46:28","date_gmt":"2022-04-08T19:32:13","guid":{"rendered":"https:\/\/www.technic-toys.com\/izdelek\/x-king-pro-4wd-kamion-cudoviste-bez-cetkica-112-rtr-24-ghz\/"},"modified":"2022-08-01T12:45:14","modified_gmt":"2022-08-01T10:45:14","slug":"x-king-pro-4wd-kamion-cudoviste-bez-cetkica-112-rtr-24-ghz","status":"publish","type":"product","link":"https:\/\/www.technic-toys.com\/hr\/proizvod\/x-king-pro-4wd-kamion-cudoviste-bez-cetkica-112-rtr-24-ghz\/","title":{"rendered":"X-King PRO 4WD kamion \u010dudovi\u0161te bez \u010detkica 1:12, RTR, 2,4 GHz"},"content":{"rendered":"<p>X-King PRO, 1\/12 razmjera 4WD RTR monster kamion.Potpuno opremljen, RTR &#8211; spreman za rad. Sa 1500mAh25C LI-PO baterijom, proklizavaju\u0107im kva\u010dilom i \u010dvrstom zadnjom osovinom. Komponente izra\u0111ene od visokokvalitetnih materijala \u0160asija izra\u0111ena od robusnih vlaknastih plo\u010da. Aluminijski amortizeri. Bilo da se radi o zabavnom parku, stazama ili skokovima uvis &#8211; X-King je spreman za radikalne akcije. Kruta osovina pozadi, ultra ovjes osigurava maksimalnu mobilnost van puta. LI-PO baterija od 1500 mAh osigurava dugu vo\u017enju vreme, maksimalna snaga i pouzdanost u radu Gume protiv klizanja i habanja. Osjetljiv i kvalitetan radio daljinski upravlja\u010d od 2,4 GHz. Tehni\u010dki podaci: Dimenzije (Dx\u0160xV): 406 x 225 x 185 mm2,4 GHz radio daljinski upravlja\u010d, desno\/lijevo preklopno Me\u0111uosovinsko rastojanje: 246 mm \u0160irina osovine: 190 mm Baterija: 1500 mAh 25 POZOR od tla: 50 mm Gume: 48 x 18 x 63 R50 &#8211; velika brzina Te\u017eina: 1400 g uklju\u010duju\u0107i bateriju Motor: 2838 4500kv motor bez \u010detkicaESC: 35A bez \u010detkica otporan na prskanje Obim isporuke: X-King RC auto 2.4 GHzrepin daljinski upravlja\u010d, 2.4 GHz daljinski klju\u010d za punjenjeA uputstvo za upotrebu (njema\u010dki\/engleski) 1500mAh Li-Po baterija Napomena: Za daljinski upravlja\u010d potrebne su 4 x 1,5 V AA Mignon baterije. Razli\u010dite boje, ovisno o dostupnosti. plava\/crna \/\/ zelena\/crna \/\/ crvena\/crna<\/p>\n","protected":false},"excerpt":{"rendered":"<p>X-King PRO, 1\/12 razmjera 4WD RTR monster kamion.Potpuno opremljen, RTR &#8211; spreman za rad. Sa 1500mAh25C LI-PO baterijom, proklizavaju\u0107im kva\u010dilom i \u010dvrstom zadnjom osovinom. Komponente izra\u0111ene od visokokvalitetnih materijala \u0160asija izra\u0111ena od robusnih vlaknastih plo\u010da. Aluminijski amortizeri. Bilo da se radi o zabavnom parku, stazama ili skokovima uvis &#8211; X-King je spreman za radikalne akcije. [&hellip;]<\/p>\n","protected":false},"featured_media":11462,"template":"","meta":[],"product_cat":[514,515],"product_tag":[],"acf":[],"yoast_head":"<!-- This site is optimized with the Yoast SEO plugin v21.7 - https:\/\/yoast.com\/wordpress\/plugins\/seo\/ -->\n<title>X-King PRO 4WD kamion \u010dudovi\u0161te bez \u010detkica 1:12, RTR, 2,4 GHz - TECHNIC TOYS SHOP<\/title>\n<meta name=\"robots\" content=\"index, follow, max-snippet:-1, max-image-preview:large, max-video-preview:-1\" \/>\n<link rel=\"canonical\" href=\"https:\/\/www.technic-toys.com\/hr\/proizvod\/x-king-pro-4wd-kamion-cudoviste-bez-cetkica-112-rtr-24-ghz\/\" \/>\n<meta property=\"og:locale\" content=\"hr_HR\" \/>\n<meta property=\"og:type\" content=\"article\" \/>\n<meta property=\"og:title\" content=\"X-King PRO 4WD kamion \u010dudovi\u0161te bez \u010detkica 1:12, RTR, 2,4 GHz - TECHNIC TOYS SHOP\" \/>\n<meta property=\"og:description\" content=\"X-King PRO, 1\/12 razmjera 4WD RTR monster kamion.Potpuno opremljen, RTR &#8211; spreman za rad. Sa 1500mAh25C LI-PO baterijom, proklizavaju\u0107im kva\u010dilom i \u010dvrstom zadnjom osovinom. Komponente izra\u0111ene od visokokvalitetnih materijala \u0160asija izra\u0111ena od robusnih vlaknastih plo\u010da. Aluminijski amortizeri. Bilo da se radi o zabavnom parku, stazama ili skokovima uvis &#8211; X-King je spreman za radikalne akcije. [&hellip;]\" \/>\n<meta property=\"og:url\" content=\"https:\/\/www.technic-toys.com\/hr\/proizvod\/x-king-pro-4wd-kamion-cudoviste-bez-cetkica-112-rtr-24-ghz\/\" \/>\n<meta property=\"og:site_name\" content=\"TECHNIC TOYS SHOP\" \/>\n<meta property=\"article:modified_time\" content=\"2022-08-01T10:45:14+00:00\" \/>\n<meta property=\"og:image\" content=\"https:\/\/www.technic-toys.com\/wp-content\/uploads\/2022\/04\/22242.jpg\" \/>\n\t<meta property=\"og:image:width\" content=\"2560\" \/>\n\t<meta property=\"og:image:height\" content=\"1468\" \/>\n\t<meta property=\"og:image:type\" content=\"image\/jpeg\" \/>\n<meta name=\"twitter:card\" content=\"summary_large_image\" \/>\n<meta name=\"twitter:label1\" content=\"Procijenjeno vrijeme \u010ditanja\" \/>\n\t<meta name=\"twitter:data1\" content=\"1 minuta\" \/>\n<script type=\"application\/ld+json\" class=\"yoast-schema-graph\">{\"@context\":\"https:\/\/schema.org\",\"@graph\":[{\"@type\":\"WebPage\",\"@id\":\"https:\/\/www.technic-toys.com\/hr\/proizvod\/x-king-pro-4wd-kamion-cudoviste-bez-cetkica-112-rtr-24-ghz\/\",\"url\":\"https:\/\/www.technic-toys.com\/hr\/proizvod\/x-king-pro-4wd-kamion-cudoviste-bez-cetkica-112-rtr-24-ghz\/\",\"name\":\"X-King PRO 4WD kamion \u010dudovi\u0161te bez \u010detkica 1:12, RTR, 2,4 GHz - TECHNIC TOYS SHOP\",\"isPartOf\":{\"@id\":\"https:\/\/www.technic-toys.com\/en\/#website\"},\"datePublished\":\"2022-04-08T19:32:13+00:00\",\"dateModified\":\"2022-08-01T10:45:14+00:00\",\"breadcrumb\":{\"@id\":\"https:\/\/www.technic-toys.com\/hr\/proizvod\/x-king-pro-4wd-kamion-cudoviste-bez-cetkica-112-rtr-24-ghz\/#breadcrumb\"},\"inLanguage\":\"hr\",\"potentialAction\":[{\"@type\":\"ReadAction\",\"target\":[\"https:\/\/www.technic-toys.com\/hr\/proizvod\/x-king-pro-4wd-kamion-cudoviste-bez-cetkica-112-rtr-24-ghz\/\"]}]},{\"@type\":\"BreadcrumbList\",\"@id\":\"https:\/\/www.technic-toys.com\/hr\/proizvod\/x-king-pro-4wd-kamion-cudoviste-bez-cetkica-112-rtr-24-ghz\/#breadcrumb\",\"itemListElement\":[{\"@type\":\"ListItem\",\"position\":1,\"name\":\"Domov\",\"item\":\"https:\/\/www.technic-toys.com\/hr\/\"},{\"@type\":\"ListItem\",\"position\":2,\"name\":\"Shop\",\"item\":\"https:\/\/www.technic-toys.com\/hr\/shop-2\/\"},{\"@type\":\"ListItem\",\"position\":3,\"name\":\"X-King PRO 4WD kamion \u010dudovi\u0161te bez \u010detkica 1:12, RTR, 2,4 GHz\"}]},{\"@type\":\"WebSite\",\"@id\":\"https:\/\/www.technic-toys.com\/en\/#website\",\"url\":\"https:\/\/www.technic-toys.com\/en\/\",\"name\":\"TECHNIC TOYS SHOP\",\"description\":\"\",\"potentialAction\":[{\"@type\":\"SearchAction\",\"target\":{\"@type\":\"EntryPoint\",\"urlTemplate\":\"https:\/\/www.technic-toys.com\/en\/?s={search_term_string}\"},\"query-input\":\"required name=search_term_string\"}],\"inLanguage\":\"hr\"}]}<\/script>\n<!-- \/ Yoast SEO plugin. -->","yoast_head_json":{"title":"X-King PRO 4WD kamion \u010dudovi\u0161te bez \u010detkica 1:12, RTR, 2,4 GHz - TECHNIC TOYS SHOP","robots":{"index":"index","follow":"follow","max-snippet":"max-snippet:-1","max-image-preview":"max-image-preview:large","max-video-preview":"max-video-preview:-1"},"canonical":"https:\/\/www.technic-toys.com\/hr\/proizvod\/x-king-pro-4wd-kamion-cudoviste-bez-cetkica-112-rtr-24-ghz\/","og_locale":"hr_HR","og_type":"article","og_title":"X-King PRO 4WD kamion \u010dudovi\u0161te bez \u010detkica 1:12, RTR, 2,4 GHz - TECHNIC TOYS SHOP","og_description":"X-King PRO, 1\/12 razmjera 4WD RTR monster kamion.Potpuno opremljen, RTR &#8211; spreman za rad. Sa 1500mAh25C LI-PO baterijom, proklizavaju\u0107im kva\u010dilom i \u010dvrstom zadnjom osovinom. Komponente izra\u0111ene od visokokvalitetnih materijala \u0160asija izra\u0111ena od robusnih vlaknastih plo\u010da. Aluminijski amortizeri. Bilo da se radi o zabavnom parku, stazama ili skokovima uvis &#8211; X-King je spreman za radikalne akcije. [&hellip;]","og_url":"https:\/\/www.technic-toys.com\/hr\/proizvod\/x-king-pro-4wd-kamion-cudoviste-bez-cetkica-112-rtr-24-ghz\/","og_site_name":"TECHNIC TOYS SHOP","article_modified_time":"2022-08-01T10:45:14+00:00","og_image":[{"width":2560,"height":1468,"url":"https:\/\/www.technic-toys.com\/wp-content\/uploads\/2022\/04\/22242.jpg","type":"image\/jpeg"}],"twitter_card":"summary_large_image","twitter_misc":{"Procijenjeno vrijeme \u010ditanja":"1 minuta"},"schema":{"@context":"https:\/\/schema.org","@graph":[{"@type":"WebPage","@id":"https:\/\/www.technic-toys.com\/hr\/proizvod\/x-king-pro-4wd-kamion-cudoviste-bez-cetkica-112-rtr-24-ghz\/","url":"https:\/\/www.technic-toys.com\/hr\/proizvod\/x-king-pro-4wd-kamion-cudoviste-bez-cetkica-112-rtr-24-ghz\/","name":"X-King PRO 4WD kamion \u010dudovi\u0161te bez \u010detkica 1:12, RTR, 2,4 GHz - TECHNIC TOYS SHOP","isPartOf":{"@id":"https:\/\/www.technic-toys.com\/en\/#website"},"datePublished":"2022-04-08T19:32:13+00:00","dateModified":"2022-08-01T10:45:14+00:00","breadcrumb":{"@id":"https:\/\/www.technic-toys.com\/hr\/proizvod\/x-king-pro-4wd-kamion-cudoviste-bez-cetkica-112-rtr-24-ghz\/#breadcrumb"},"inLanguage":"hr","potentialAction":[{"@type":"ReadAction","target":["https:\/\/www.technic-toys.com\/hr\/proizvod\/x-king-pro-4wd-kamion-cudoviste-bez-cetkica-112-rtr-24-ghz\/"]}]},{"@type":"BreadcrumbList","@id":"https:\/\/www.technic-toys.com\/hr\/proizvod\/x-king-pro-4wd-kamion-cudoviste-bez-cetkica-112-rtr-24-ghz\/#breadcrumb","itemListElement":[{"@type":"ListItem","position":1,"name":"Domov","item":"https:\/\/www.technic-toys.com\/hr\/"},{"@type":"ListItem","position":2,"name":"Shop","item":"https:\/\/www.technic-toys.com\/hr\/shop-2\/"},{"@type":"ListItem","position":3,"name":"X-King PRO 4WD kamion \u010dudovi\u0161te bez \u010detkica 1:12, RTR, 2,4 GHz"}]},{"@type":"WebSite","@id":"https:\/\/www.technic-toys.com\/en\/#website","url":"https:\/\/www.technic-toys.com\/en\/","name":"TECHNIC TOYS SHOP","description":"","potentialAction":[{"@type":"SearchAction","target":{"@type":"EntryPoint","urlTemplate":"https:\/\/www.technic-toys.com\/en\/?s={search_term_string}"},"query-input":"required name=search_term_string"}],"inLanguage":"hr"}]}},"_links":{"self":[{"href":"https:\/\/www.technic-toys.com\/hr\/wp-json\/wp\/v2\/product\/19437"}],"collection":[{"href":"https:\/\/www.technic-toys.com\/hr\/wp-json\/wp\/v2\/product"}],"about":[{"href":"https:\/\/www.technic-toys.com\/hr\/wp-json\/wp\/v2\/types\/product"}],"wp:featuredmedia":[{"embeddable":true,"href":"https:\/\/www.technic-toys.com\/hr\/wp-json\/wp\/v2\/media\/11462"}],"wp:attachment":[{"href":"https:\/\/www.technic-toys.com\/hr\/wp-json\/wp\/v2\/media?parent=19437"}],"wp:term":[{"taxonomy":"product_cat","embeddable":true,"href":"https:\/\/www.technic-toys.com\/hr\/wp-json\/wp\/v2\/product_cat?post=19437"},{"taxonomy":"product_tag","embeddable":true,"href":"https:\/\/www.technic-toys.com\/hr\/wp-json\/wp\/v2\/product_tag?post=19437"}],"curies":[{"name":"wp","href":"https:\/\/api.w.org\/{rel}","templated":true}]}}