{"id":19440,"date":"2022-04-08T15:53:46","date_gmt":"2022-04-08T19:32:13","guid":{"rendered":"https:\/\/www.technic-toys.com\/izdelek\/fighter-pro-4wd-bez-cetkica-112-short-course-rtr-2-4ghz\/"},"modified":"2022-08-01T12:45:10","modified_gmt":"2022-08-01T10:45:10","slug":"fighter-pro-4wd-bez-cetkica-112-short-course-rtr-2-4ghz","status":"publish","type":"product","link":"https:\/\/www.technic-toys.com\/hr\/proizvod\/fighter-pro-4wd-bez-cetkica-112-short-course-rtr-2-4ghz\/","title":{"rendered":"Fighter PRO 4WD bez \u010detkica 1:12 Short Course, RTR, 2.4GHz"},"content":{"rendered":"<p>Fighter 1 PRO, 4WD Short Course u mjerilu 1:12. Potpuno opremljen, RTR &#8211; spreman za tr\u010danje. Sa 1500mAh25C LI-PO baterijom, proklizavaju\u0107im kva\u010dilom i \u010dvrstom zadnjom osovinom. Komponente izra\u0111ene od visokokvalitetnih materijala \u0160asija izra\u0111ena od robusnih vlaknastih plo\u010da. Aluminijumski amortizeri Gume protiv klizanja i habanja. Osetljiv, visokokvalitetan radio daljinski upravlja\u010d od 2,4 GHz. Upravljanje se mo\u017ee prebaciti s desne na ljevoruke u trenu. Sna\u017ean motor bez \u010detkica od 4500 KV. Stalni pogon na 4 kota\u010da za najbolje performanse. Bilo da se radi o zabavnom parku, stazama ili skokovima uvis &#8211; Desert Eagle-2 je spreman za radikalne akcije.Auto je spreman i veoma dobro balansiran, tako da se mo\u017ee voziti po bilo kom terenu.Tehni\u010dki podaci:Dimenzije (Dx\u0160xV): 409 x 237 x 175 mm Me\u0111uosovinsko rastojanje: 246 mm \u0160irina osovine: 190 mm Baterija: 7.4V 1500mAh 25C LI-POG Udaljenost od tla: 50 mm Gume: 23 x 20 x 55 R96Te\u017eina: 1143 gMotor: 2838 4500KV bez \u010detkicaESC: 35A bez \u010detkica otporan na prskanje Opseg isporuke. klju\u010d, rezervni zup\u010danik Ilustrovano uputstvo za upotrebu (njema\u010dki+engleski) 7.4V 1500mAh LI-PO baterija Napomena: Za daljinski upravlja\u010d su potrebne 4 x 1.5V AA Mignon baterije Boje sortirane ovisno o dostupnosti Crvena\/crna ili plava\/crna<\/p>\n","protected":false},"excerpt":{"rendered":"<p>Fighter 1 PRO, 4WD Short Course u mjerilu 1:12. Potpuno opremljen, RTR &#8211; spreman za tr\u010danje. Sa 1500mAh25C LI-PO baterijom, proklizavaju\u0107im kva\u010dilom i \u010dvrstom zadnjom osovinom. Komponente izra\u0111ene od visokokvalitetnih materijala \u0160asija izra\u0111ena od robusnih vlaknastih plo\u010da. Aluminijumski amortizeri Gume protiv klizanja i habanja. Osetljiv, visokokvalitetan radio daljinski upravlja\u010d od 2,4 GHz. Upravljanje se mo\u017ee [&hellip;]<\/p>\n","protected":false},"featured_media":11491,"template":"","meta":[],"product_cat":[514,515],"product_tag":[],"acf":[],"yoast_head":"<!-- This site is optimized with the Yoast SEO plugin v21.7 - https:\/\/yoast.com\/wordpress\/plugins\/seo\/ -->\n<title>Fighter PRO 4WD bez \u010detkica 1:12 Short Course, RTR, 2.4GHz - TECHNIC TOYS SHOP<\/title>\n<meta name=\"robots\" content=\"index, follow, max-snippet:-1, max-image-preview:large, max-video-preview:-1\" \/>\n<link rel=\"canonical\" href=\"https:\/\/www.technic-toys.com\/hr\/proizvod\/fighter-pro-4wd-bez-cetkica-112-short-course-rtr-2-4ghz\/\" \/>\n<meta property=\"og:locale\" content=\"hr_HR\" \/>\n<meta property=\"og:type\" content=\"article\" \/>\n<meta property=\"og:title\" content=\"Fighter PRO 4WD bez \u010detkica 1:12 Short Course, RTR, 2.4GHz - TECHNIC TOYS SHOP\" \/>\n<meta property=\"og:description\" content=\"Fighter 1 PRO, 4WD Short Course u mjerilu 1:12. Potpuno opremljen, RTR &#8211; spreman za tr\u010danje. Sa 1500mAh25C LI-PO baterijom, proklizavaju\u0107im kva\u010dilom i \u010dvrstom zadnjom osovinom. Komponente izra\u0111ene od visokokvalitetnih materijala \u0160asija izra\u0111ena od robusnih vlaknastih plo\u010da. Aluminijumski amortizeri Gume protiv klizanja i habanja. Osetljiv, visokokvalitetan radio daljinski upravlja\u010d od 2,4 GHz. Upravljanje se mo\u017ee [&hellip;]\" \/>\n<meta property=\"og:url\" content=\"https:\/\/www.technic-toys.com\/hr\/proizvod\/fighter-pro-4wd-bez-cetkica-112-short-course-rtr-2-4ghz\/\" \/>\n<meta property=\"og:site_name\" content=\"TECHNIC TOYS SHOP\" \/>\n<meta property=\"article:modified_time\" content=\"2022-08-01T10:45:10+00:00\" \/>\n<meta property=\"og:image\" content=\"https:\/\/www.technic-toys.com\/wp-content\/uploads\/2022\/04\/22245.jpg\" \/>\n\t<meta property=\"og:image:width\" content=\"2560\" \/>\n\t<meta property=\"og:image:height\" content=\"1468\" \/>\n\t<meta property=\"og:image:type\" content=\"image\/jpeg\" \/>\n<meta name=\"twitter:card\" content=\"summary_large_image\" \/>\n<meta name=\"twitter:label1\" content=\"Procijenjeno vrijeme \u010ditanja\" \/>\n\t<meta name=\"twitter:data1\" content=\"1 minuta\" \/>\n<script type=\"application\/ld+json\" class=\"yoast-schema-graph\">{\"@context\":\"https:\/\/schema.org\",\"@graph\":[{\"@type\":\"WebPage\",\"@id\":\"https:\/\/www.technic-toys.com\/hr\/proizvod\/fighter-pro-4wd-bez-cetkica-112-short-course-rtr-2-4ghz\/\",\"url\":\"https:\/\/www.technic-toys.com\/hr\/proizvod\/fighter-pro-4wd-bez-cetkica-112-short-course-rtr-2-4ghz\/\",\"name\":\"Fighter PRO 4WD bez \u010detkica 1:12 Short Course, RTR, 2.4GHz - TECHNIC TOYS SHOP\",\"isPartOf\":{\"@id\":\"https:\/\/www.technic-toys.com\/en\/#website\"},\"datePublished\":\"2022-04-08T19:32:13+00:00\",\"dateModified\":\"2022-08-01T10:45:10+00:00\",\"breadcrumb\":{\"@id\":\"https:\/\/www.technic-toys.com\/hr\/proizvod\/fighter-pro-4wd-bez-cetkica-112-short-course-rtr-2-4ghz\/#breadcrumb\"},\"inLanguage\":\"hr\",\"potentialAction\":[{\"@type\":\"ReadAction\",\"target\":[\"https:\/\/www.technic-toys.com\/hr\/proizvod\/fighter-pro-4wd-bez-cetkica-112-short-course-rtr-2-4ghz\/\"]}]},{\"@type\":\"BreadcrumbList\",\"@id\":\"https:\/\/www.technic-toys.com\/hr\/proizvod\/fighter-pro-4wd-bez-cetkica-112-short-course-rtr-2-4ghz\/#breadcrumb\",\"itemListElement\":[{\"@type\":\"ListItem\",\"position\":1,\"name\":\"Domov\",\"item\":\"https:\/\/www.technic-toys.com\/hr\/\"},{\"@type\":\"ListItem\",\"position\":2,\"name\":\"Shop\",\"item\":\"https:\/\/www.technic-toys.com\/hr\/shop-2\/\"},{\"@type\":\"ListItem\",\"position\":3,\"name\":\"Fighter PRO 4WD bez \u010detkica 1:12 Short Course, RTR, 2.4GHz\"}]},{\"@type\":\"WebSite\",\"@id\":\"https:\/\/www.technic-toys.com\/en\/#website\",\"url\":\"https:\/\/www.technic-toys.com\/en\/\",\"name\":\"TECHNIC TOYS SHOP\",\"description\":\"\",\"potentialAction\":[{\"@type\":\"SearchAction\",\"target\":{\"@type\":\"EntryPoint\",\"urlTemplate\":\"https:\/\/www.technic-toys.com\/en\/?s={search_term_string}\"},\"query-input\":\"required name=search_term_string\"}],\"inLanguage\":\"hr\"}]}<\/script>\n<!-- \/ Yoast SEO plugin. -->","yoast_head_json":{"title":"Fighter PRO 4WD bez \u010detkica 1:12 Short Course, RTR, 2.4GHz - TECHNIC TOYS SHOP","robots":{"index":"index","follow":"follow","max-snippet":"max-snippet:-1","max-image-preview":"max-image-preview:large","max-video-preview":"max-video-preview:-1"},"canonical":"https:\/\/www.technic-toys.com\/hr\/proizvod\/fighter-pro-4wd-bez-cetkica-112-short-course-rtr-2-4ghz\/","og_locale":"hr_HR","og_type":"article","og_title":"Fighter PRO 4WD bez \u010detkica 1:12 Short Course, RTR, 2.4GHz - TECHNIC TOYS SHOP","og_description":"Fighter 1 PRO, 4WD Short Course u mjerilu 1:12. Potpuno opremljen, RTR &#8211; spreman za tr\u010danje. Sa 1500mAh25C LI-PO baterijom, proklizavaju\u0107im kva\u010dilom i \u010dvrstom zadnjom osovinom. Komponente izra\u0111ene od visokokvalitetnih materijala \u0160asija izra\u0111ena od robusnih vlaknastih plo\u010da. Aluminijumski amortizeri Gume protiv klizanja i habanja. Osetljiv, visokokvalitetan radio daljinski upravlja\u010d od 2,4 GHz. Upravljanje se mo\u017ee [&hellip;]","og_url":"https:\/\/www.technic-toys.com\/hr\/proizvod\/fighter-pro-4wd-bez-cetkica-112-short-course-rtr-2-4ghz\/","og_site_name":"TECHNIC TOYS SHOP","article_modified_time":"2022-08-01T10:45:10+00:00","og_image":[{"width":2560,"height":1468,"url":"https:\/\/www.technic-toys.com\/wp-content\/uploads\/2022\/04\/22245.jpg","type":"image\/jpeg"}],"twitter_card":"summary_large_image","twitter_misc":{"Procijenjeno vrijeme \u010ditanja":"1 minuta"},"schema":{"@context":"https:\/\/schema.org","@graph":[{"@type":"WebPage","@id":"https:\/\/www.technic-toys.com\/hr\/proizvod\/fighter-pro-4wd-bez-cetkica-112-short-course-rtr-2-4ghz\/","url":"https:\/\/www.technic-toys.com\/hr\/proizvod\/fighter-pro-4wd-bez-cetkica-112-short-course-rtr-2-4ghz\/","name":"Fighter PRO 4WD bez \u010detkica 1:12 Short Course, RTR, 2.4GHz - TECHNIC TOYS SHOP","isPartOf":{"@id":"https:\/\/www.technic-toys.com\/en\/#website"},"datePublished":"2022-04-08T19:32:13+00:00","dateModified":"2022-08-01T10:45:10+00:00","breadcrumb":{"@id":"https:\/\/www.technic-toys.com\/hr\/proizvod\/fighter-pro-4wd-bez-cetkica-112-short-course-rtr-2-4ghz\/#breadcrumb"},"inLanguage":"hr","potentialAction":[{"@type":"ReadAction","target":["https:\/\/www.technic-toys.com\/hr\/proizvod\/fighter-pro-4wd-bez-cetkica-112-short-course-rtr-2-4ghz\/"]}]},{"@type":"BreadcrumbList","@id":"https:\/\/www.technic-toys.com\/hr\/proizvod\/fighter-pro-4wd-bez-cetkica-112-short-course-rtr-2-4ghz\/#breadcrumb","itemListElement":[{"@type":"ListItem","position":1,"name":"Domov","item":"https:\/\/www.technic-toys.com\/hr\/"},{"@type":"ListItem","position":2,"name":"Shop","item":"https:\/\/www.technic-toys.com\/hr\/shop-2\/"},{"@type":"ListItem","position":3,"name":"Fighter PRO 4WD bez \u010detkica 1:12 Short Course, RTR, 2.4GHz"}]},{"@type":"WebSite","@id":"https:\/\/www.technic-toys.com\/en\/#website","url":"https:\/\/www.technic-toys.com\/en\/","name":"TECHNIC TOYS SHOP","description":"","potentialAction":[{"@type":"SearchAction","target":{"@type":"EntryPoint","urlTemplate":"https:\/\/www.technic-toys.com\/en\/?s={search_term_string}"},"query-input":"required name=search_term_string"}],"inLanguage":"hr"}]}},"_links":{"self":[{"href":"https:\/\/www.technic-toys.com\/hr\/wp-json\/wp\/v2\/product\/19440"}],"collection":[{"href":"https:\/\/www.technic-toys.com\/hr\/wp-json\/wp\/v2\/product"}],"about":[{"href":"https:\/\/www.technic-toys.com\/hr\/wp-json\/wp\/v2\/types\/product"}],"wp:featuredmedia":[{"embeddable":true,"href":"https:\/\/www.technic-toys.com\/hr\/wp-json\/wp\/v2\/media\/11491"}],"wp:attachment":[{"href":"https:\/\/www.technic-toys.com\/hr\/wp-json\/wp\/v2\/media?parent=19440"}],"wp:term":[{"taxonomy":"product_cat","embeddable":true,"href":"https:\/\/www.technic-toys.com\/hr\/wp-json\/wp\/v2\/product_cat?post=19440"},{"taxonomy":"product_tag","embeddable":true,"href":"https:\/\/www.technic-toys.com\/hr\/wp-json\/wp\/v2\/product_tag?post=19440"}],"curies":[{"name":"wp","href":"https:\/\/api.w.org\/{rel}","templated":true}]}}