{"id":19442,"date":"2022-04-08T15:53:46","date_gmt":"2022-04-08T19:32:13","guid":{"rendered":"https:\/\/www.technic-toys.com\/izdelek\/am6-thunderstorm-monster-truck-1-6-rtr-amx-racing\/"},"modified":"2022-08-01T12:45:11","modified_gmt":"2022-08-01T10:45:11","slug":"am6-thunderstorm-monster-truck-1-6-rtr-amx-racing","status":"publish","type":"product","link":"https:\/\/www.technic-toys.com\/hr\/proizvod\/am6-thunderstorm-monster-truck-1-6-rtr-amx-racing\/","title":{"rendered":"AM6 Thunderstorm Monster Truck 1\/6 RTR AMX Racing"},"content":{"rendered":"<p>Monster kamion Thunderstorm 1:6 postavlja nove standarde u svojoj klasi u pogledu cijene\/performanse i uvjerava visokokvalitetnom izradom uparenom sa neobuzdanom snagom.Ovaj model ve\u0107 posti\u017ee ogromne brzine sa 4S \/ 14.8V. Zahvaljuju\u0107i visokokvalitetnoj i preciznoj opremi, uvijek je u potpunosti upravljiv, bilo na neravnom terenu ili na ulici! Gume za sve terene uvijek osiguravaju dovoljnu vu\u010du i pru\u017eaju odli\u010dno iskustvo vo\u017enje!Zahvaljuju\u0107i pogonu na 4WD, ovo \u010dudovi\u0161te se osje\u0107a ugodno na bilo kojoj podlozi, a zahvaljuju\u0107i dizajnu za\u0161ti\u0107enom od vode, blato, prskana voda i prljav\u0161tina nisu problem. \u0160asija i udarni tornjevi su napravljeni od metala Thunderstorm se isporu\u010duje kao RTR paket koji uklju\u010duje 2x 2S 7.4V 3900mAh LiPo baterije sa XT90 utika\u010dima i punja\u010dem od 6A\/50W Karakteristike: Aluminijumska plo\u010da \u0161asije Aluminijumske \u0161asije Aluminijumske udarne tornjeve C prednji i povratni pogon u prednjem dijelu Metalni zup\u010danik servo sa 20,32 kg\/cm sila aluminijska servo ruka podesiva podesiva amortizer pritiska ulja podesiva \u0161asija 2,4 GHz GT2 predajnik 2 x 2S 7,4 V 3900 mAh LiPo baterija punja\u010d 6 A \/ 50 W tehni\u010dki podaci: motor: 1420 brush74 baterija: 2 x 7,4 V 3900 mAh 50 C XT90 kontroler: Hobbywing WP Max8 150 A punja\u010d: J2,6 A \/ kg XT90 50WServo1 \/ kg \/ 6VLxWxH: 620x480x320mm Te\u017eina: 4 mm slobodne udaljenosti: 5.6mm. isporuke:Monstertruck ThunderstormSender GT2 2.4GHzLiPo punja\u010d 220V 6A\/50W2 x LiPo baterija 3900mAh 7.4V 50Cuputstvo njema\u010dki \/ engleski<\/p>\n","protected":false},"excerpt":{"rendered":"<p>Monster kamion Thunderstorm 1:6 postavlja nove standarde u svojoj klasi u pogledu cijene\/performanse i uvjerava visokokvalitetnom izradom uparenom sa neobuzdanom snagom.Ovaj model ve\u0107 posti\u017ee ogromne brzine sa 4S \/ 14.8V. Zahvaljuju\u0107i visokokvalitetnoj i preciznoj opremi, uvijek je u potpunosti upravljiv, bilo na neravnom terenu ili na ulici! Gume za sve terene uvijek osiguravaju dovoljnu vu\u010du [&hellip;]<\/p>\n","protected":false},"featured_media":11511,"template":"","meta":[],"product_cat":[514,515],"product_tag":[],"acf":[],"yoast_head":"<!-- This site is optimized with the Yoast SEO plugin v21.7 - https:\/\/yoast.com\/wordpress\/plugins\/seo\/ -->\n<title>AM6 Thunderstorm Monster Truck 1\/6 RTR AMX Racing - TECHNIC TOYS SHOP<\/title>\n<meta name=\"robots\" content=\"index, follow, max-snippet:-1, max-image-preview:large, max-video-preview:-1\" \/>\n<link rel=\"canonical\" href=\"https:\/\/www.technic-toys.com\/hr\/proizvod\/am6-thunderstorm-monster-truck-1-6-rtr-amx-racing\/\" \/>\n<meta property=\"og:locale\" content=\"hr_HR\" \/>\n<meta property=\"og:type\" content=\"article\" \/>\n<meta property=\"og:title\" content=\"AM6 Thunderstorm Monster Truck 1\/6 RTR AMX Racing - TECHNIC TOYS SHOP\" \/>\n<meta property=\"og:description\" content=\"Monster kamion Thunderstorm 1:6 postavlja nove standarde u svojoj klasi u pogledu cijene\/performanse i uvjerava visokokvalitetnom izradom uparenom sa neobuzdanom snagom.Ovaj model ve\u0107 posti\u017ee ogromne brzine sa 4S \/ 14.8V. Zahvaljuju\u0107i visokokvalitetnoj i preciznoj opremi, uvijek je u potpunosti upravljiv, bilo na neravnom terenu ili na ulici! Gume za sve terene uvijek osiguravaju dovoljnu vu\u010du [&hellip;]\" \/>\n<meta property=\"og:url\" content=\"https:\/\/www.technic-toys.com\/hr\/proizvod\/am6-thunderstorm-monster-truck-1-6-rtr-amx-racing\/\" \/>\n<meta property=\"og:site_name\" content=\"TECHNIC TOYS SHOP\" \/>\n<meta property=\"article:modified_time\" content=\"2022-08-01T10:45:11+00:00\" \/>\n<meta property=\"og:image\" content=\"https:\/\/www.technic-toys.com\/wp-content\/uploads\/2022\/04\/22259.jpg\" \/>\n\t<meta property=\"og:image:width\" content=\"2560\" \/>\n\t<meta property=\"og:image:height\" content=\"1468\" \/>\n\t<meta property=\"og:image:type\" content=\"image\/jpeg\" \/>\n<meta name=\"twitter:card\" content=\"summary_large_image\" \/>\n<meta name=\"twitter:label1\" content=\"Procijenjeno vrijeme \u010ditanja\" \/>\n\t<meta name=\"twitter:data1\" content=\"1 minuta\" \/>\n<script type=\"application\/ld+json\" class=\"yoast-schema-graph\">{\"@context\":\"https:\/\/schema.org\",\"@graph\":[{\"@type\":\"WebPage\",\"@id\":\"https:\/\/www.technic-toys.com\/hr\/proizvod\/am6-thunderstorm-monster-truck-1-6-rtr-amx-racing\/\",\"url\":\"https:\/\/www.technic-toys.com\/hr\/proizvod\/am6-thunderstorm-monster-truck-1-6-rtr-amx-racing\/\",\"name\":\"AM6 Thunderstorm Monster Truck 1\/6 RTR AMX Racing - TECHNIC TOYS SHOP\",\"isPartOf\":{\"@id\":\"https:\/\/www.technic-toys.com\/en\/#website\"},\"datePublished\":\"2022-04-08T19:32:13+00:00\",\"dateModified\":\"2022-08-01T10:45:11+00:00\",\"breadcrumb\":{\"@id\":\"https:\/\/www.technic-toys.com\/hr\/proizvod\/am6-thunderstorm-monster-truck-1-6-rtr-amx-racing\/#breadcrumb\"},\"inLanguage\":\"hr\",\"potentialAction\":[{\"@type\":\"ReadAction\",\"target\":[\"https:\/\/www.technic-toys.com\/hr\/proizvod\/am6-thunderstorm-monster-truck-1-6-rtr-amx-racing\/\"]}]},{\"@type\":\"BreadcrumbList\",\"@id\":\"https:\/\/www.technic-toys.com\/hr\/proizvod\/am6-thunderstorm-monster-truck-1-6-rtr-amx-racing\/#breadcrumb\",\"itemListElement\":[{\"@type\":\"ListItem\",\"position\":1,\"name\":\"Domov\",\"item\":\"https:\/\/www.technic-toys.com\/hr\/\"},{\"@type\":\"ListItem\",\"position\":2,\"name\":\"Shop\",\"item\":\"https:\/\/www.technic-toys.com\/hr\/shop-2\/\"},{\"@type\":\"ListItem\",\"position\":3,\"name\":\"AM6 Thunderstorm Monster Truck 1\/6 RTR AMX Racing\"}]},{\"@type\":\"WebSite\",\"@id\":\"https:\/\/www.technic-toys.com\/en\/#website\",\"url\":\"https:\/\/www.technic-toys.com\/en\/\",\"name\":\"TECHNIC TOYS SHOP\",\"description\":\"\",\"potentialAction\":[{\"@type\":\"SearchAction\",\"target\":{\"@type\":\"EntryPoint\",\"urlTemplate\":\"https:\/\/www.technic-toys.com\/en\/?s={search_term_string}\"},\"query-input\":\"required name=search_term_string\"}],\"inLanguage\":\"hr\"}]}<\/script>\n<!-- \/ Yoast SEO plugin. -->","yoast_head_json":{"title":"AM6 Thunderstorm Monster Truck 1\/6 RTR AMX Racing - TECHNIC TOYS SHOP","robots":{"index":"index","follow":"follow","max-snippet":"max-snippet:-1","max-image-preview":"max-image-preview:large","max-video-preview":"max-video-preview:-1"},"canonical":"https:\/\/www.technic-toys.com\/hr\/proizvod\/am6-thunderstorm-monster-truck-1-6-rtr-amx-racing\/","og_locale":"hr_HR","og_type":"article","og_title":"AM6 Thunderstorm Monster Truck 1\/6 RTR AMX Racing - TECHNIC TOYS SHOP","og_description":"Monster kamion Thunderstorm 1:6 postavlja nove standarde u svojoj klasi u pogledu cijene\/performanse i uvjerava visokokvalitetnom izradom uparenom sa neobuzdanom snagom.Ovaj model ve\u0107 posti\u017ee ogromne brzine sa 4S \/ 14.8V. Zahvaljuju\u0107i visokokvalitetnoj i preciznoj opremi, uvijek je u potpunosti upravljiv, bilo na neravnom terenu ili na ulici! Gume za sve terene uvijek osiguravaju dovoljnu vu\u010du [&hellip;]","og_url":"https:\/\/www.technic-toys.com\/hr\/proizvod\/am6-thunderstorm-monster-truck-1-6-rtr-amx-racing\/","og_site_name":"TECHNIC TOYS SHOP","article_modified_time":"2022-08-01T10:45:11+00:00","og_image":[{"width":2560,"height":1468,"url":"https:\/\/www.technic-toys.com\/wp-content\/uploads\/2022\/04\/22259.jpg","type":"image\/jpeg"}],"twitter_card":"summary_large_image","twitter_misc":{"Procijenjeno vrijeme \u010ditanja":"1 minuta"},"schema":{"@context":"https:\/\/schema.org","@graph":[{"@type":"WebPage","@id":"https:\/\/www.technic-toys.com\/hr\/proizvod\/am6-thunderstorm-monster-truck-1-6-rtr-amx-racing\/","url":"https:\/\/www.technic-toys.com\/hr\/proizvod\/am6-thunderstorm-monster-truck-1-6-rtr-amx-racing\/","name":"AM6 Thunderstorm Monster Truck 1\/6 RTR AMX Racing - TECHNIC TOYS SHOP","isPartOf":{"@id":"https:\/\/www.technic-toys.com\/en\/#website"},"datePublished":"2022-04-08T19:32:13+00:00","dateModified":"2022-08-01T10:45:11+00:00","breadcrumb":{"@id":"https:\/\/www.technic-toys.com\/hr\/proizvod\/am6-thunderstorm-monster-truck-1-6-rtr-amx-racing\/#breadcrumb"},"inLanguage":"hr","potentialAction":[{"@type":"ReadAction","target":["https:\/\/www.technic-toys.com\/hr\/proizvod\/am6-thunderstorm-monster-truck-1-6-rtr-amx-racing\/"]}]},{"@type":"BreadcrumbList","@id":"https:\/\/www.technic-toys.com\/hr\/proizvod\/am6-thunderstorm-monster-truck-1-6-rtr-amx-racing\/#breadcrumb","itemListElement":[{"@type":"ListItem","position":1,"name":"Domov","item":"https:\/\/www.technic-toys.com\/hr\/"},{"@type":"ListItem","position":2,"name":"Shop","item":"https:\/\/www.technic-toys.com\/hr\/shop-2\/"},{"@type":"ListItem","position":3,"name":"AM6 Thunderstorm Monster Truck 1\/6 RTR AMX Racing"}]},{"@type":"WebSite","@id":"https:\/\/www.technic-toys.com\/en\/#website","url":"https:\/\/www.technic-toys.com\/en\/","name":"TECHNIC TOYS SHOP","description":"","potentialAction":[{"@type":"SearchAction","target":{"@type":"EntryPoint","urlTemplate":"https:\/\/www.technic-toys.com\/en\/?s={search_term_string}"},"query-input":"required name=search_term_string"}],"inLanguage":"hr"}]}},"_links":{"self":[{"href":"https:\/\/www.technic-toys.com\/hr\/wp-json\/wp\/v2\/product\/19442"}],"collection":[{"href":"https:\/\/www.technic-toys.com\/hr\/wp-json\/wp\/v2\/product"}],"about":[{"href":"https:\/\/www.technic-toys.com\/hr\/wp-json\/wp\/v2\/types\/product"}],"wp:featuredmedia":[{"embeddable":true,"href":"https:\/\/www.technic-toys.com\/hr\/wp-json\/wp\/v2\/media\/11511"}],"wp:attachment":[{"href":"https:\/\/www.technic-toys.com\/hr\/wp-json\/wp\/v2\/media?parent=19442"}],"wp:term":[{"taxonomy":"product_cat","embeddable":true,"href":"https:\/\/www.technic-toys.com\/hr\/wp-json\/wp\/v2\/product_cat?post=19442"},{"taxonomy":"product_tag","embeddable":true,"href":"https:\/\/www.technic-toys.com\/hr\/wp-json\/wp\/v2\/product_tag?post=19442"}],"curies":[{"name":"wp","href":"https:\/\/api.w.org\/{rel}","templated":true}]}}