{"id":19443,"date":"2022-04-08T15:53:46","date_gmt":"2022-04-08T19:32:13","guid":{"rendered":"https:\/\/www.technic-toys.com\/izdelek\/amxracing-am10sc-v3-kamion-za-kratke-staze-rtr-crveno-crno\/"},"modified":"2022-08-01T12:45:11","modified_gmt":"2022-08-01T10:45:11","slug":"amxracing-am10sc-v3-kamion-za-kratke-staze-rtr-crveno-crno","status":"publish","type":"product","link":"https:\/\/www.technic-toys.com\/hr\/proizvod\/amxracing-am10sc-v3-kamion-za-kratke-staze-rtr-crveno-crno\/","title":{"rendered":"AMXRacing AM10SC V3 Kamion za kratke staze RTR crveno\/crno"},"content":{"rendered":"<p>100% dizajniran od strane AMEWI i razvijen za zahtjevno RC iskustvo, ovaj kamion kratkih kurseva jedan je od na\u0161ih najboljih prodava\u010da u kategoriji zahvaljuju\u0107i visokokvalitetnim komponentama i dobroj izradi. To je potpuno opremljen RTR model (Ready-to-Run) u skali 1:10.<br \/>AM10SC ima pouzdan 4&#215;4 pogon na sva \u010detiri to\u010dka, a tako\u0111er je opremljen neovisnim ovjesom kota\u010da, nezavisnim oprugama kota\u010da, visokim -Ugra\u0111eni kvalitetni kugli\u010dni le\u017eajevi i lako klizni takmi\u010darski amortizeri. Sna\u017ean motor bez \u010detkica sa 5200KV (obrtaja po voltu) u vezi sa 7.4V 4000mAh 25C LiPo osigurava u V3 verziji zaista ekstremno ubrzanje i dobru vu\u010du na terenu. Elektronika otporna na prskanje, stabilne metalne CVD pogonske osovine, stabilizatori na prednjoj i stra\u017enjoj osovini, glavni diferencijal otporan na pra\u0161inu i prskanje, le\u017eajevi i kaljeni pogoni i kardansko vratilo gotovo bez klizanja omogu\u0107avaju poseban u\u017eitak u vo\u017enji na bilo kojoj povr\u0161ini. Meka i fleksibilna plastika, poklopac od izdr\u017eljivog polikarbonata i dodatni poklopac za pra\u0161inu za podru\u010dje elektronike i motora osiguravaju dug vijek trajanja za sve komponente.<br \/>Mo\u0107na baterija sa 7.4V 4000mAh LiPo 25C ve\u0107 je uklju\u010dena u obim isporuke i isporu\u010duje se sa 220V LiPo balans punja\u010dem (1A struja punjenja) napunjenim. Amortizeri, poja\u010danja prijenosa i zglobovi upravlja\u010da izra\u0111eni su od visokokvalitetnog plavog eloksiranog aluminija. Komplet dolazi sa visokokvalitetnim, programabilnim 4-kanalnim kompjuterskim daljinskim upravlja\u010dem od 2,4 GHz koji pru\u017ea osjetljiv i precizan osje\u0107aj kontrole s dometom do 150m. Za opciono osvetljenje ili sli\u010dno, predajnik nudi dva dodatna kanala koji se mogu prebaciti, intenzitet gasa i upravljanje se mogu pode\u0161avati preko predajnika (brzina i ugao upravljanja). Predajnik se tako\u0111er mo\u017ee koristiti, na primjer, za programiranje dvostrukih brzina, ekspo i uslova vo\u017enje. Oda\u0161ilja\u010d tako\u0111er ima dva potenciometra za pode\u0161avanje za gas i upravljanje.<br \/>Istaknuto: kompozitna \u0161asija, mostovi amortizera, nosa\u010d mjenja\u010da i zglob upravlja\u010da od aluminija &#8211; za jo\u0161 ve\u0107u stabilnost modela Elektronika otporna na prskanje &#8211; za vo\u017enju kroz lokve i blato Modularni dizajn &#8211; pojedina\u010dni moduli se mogu ukloniti za odr\u017eavanje i popravke bez potrebe za rastavljanjem cijelog vozila<br \/>Dodatne karakteristike: visokokvalitetni aluminijski dijelovi kao \u0161to su amortizeri, zglobovi upravlja\u010da i nosa\u010di mjenja\u010da CVD pogonske osovine od visoke -kvalitetni metal 5200KV motor bez \u010detkica metalni diferencijal 55A otporan na prskanje bez \u010detkica kontroler za\u0161tita od pra\u0161ine za elektroniku 7, 4V 4000mAh 25C LiPo baterija 220V punja\u010d 4-kanalni 2.4GHz kompjuterski predajnik<br \/>Tehni\u010dki podaci: Du\u017eina0mm Wid: Hemm 54 185 mm Te\u017eina: 2295 g uklju\u010duju\u0107i bateriju Me\u0111uosovinsko rastojanje: 325 mm \u0160irina prednjeg traga: 250 mm \u0160irina zadnjeg traga: 250 mm Razmak od tla: 50 mm Prednji to\u010dkovi: spoljni pre\u010dnik\/\u0161irina 105 mm\/42 mm zadnji to\u010dkovi: spolja\u0161nji pre\u010dnik \u0161irina 105mm\/42mm pre\u010dnik felge: 62mm pokreta\u010d to\u010dka: 12mm menja\u010d: POM CNC ko\u010dnica: elektronski kontroler: motor bez \u010detkica 55A: 52x35mm 5200KV sistem pogona: kardanski servo upravlja\u010d: 9kg MG glavni materijal: plastika 6 maksimalna brzina\/h 5kx. vreme vo\u017enje: 10-15 min odeljak za baterije Dimenzije: 135-165x50mm Baterija: Li-Po, 2S, 7.4V, 4000mAh, 25C, tvrdo ku\u0107i\u0161te, utika\u010d: Deans \/ T-Plug, Dx\u0160xV: 140x45x22mm, te\u017eina: Remo -kanalni, 2.4GHz kompjuterski predajnik sa 10 modela memorije Domet: cca 150m Punja\u010d: 220V 1A balansni punja\u010d Vrijeme punjenja: cca 240min<br \/>Obim isporuke: AM10SC V3 4&#215;4 4-kanalni kompjuterski daljinski upravlja\u010d LiPo baterija Dust punja\u010d 220V za\u0161titni poklopac Detaljne upute sa slikama DE\/EN upute za kontroler Razni alati< br \/>Potreban pribor: 4x AA baterije za daljinski upravlja\u010d<\/p>\n","protected":false},"excerpt":{"rendered":"<p>100% dizajniran od strane AMEWI i razvijen za zahtjevno RC iskustvo, ovaj kamion kratkih kurseva jedan je od na\u0161ih najboljih prodava\u010da u kategoriji zahvaljuju\u0107i visokokvalitetnim komponentama i dobroj izradi. To je potpuno opremljen RTR model (Ready-to-Run) u skali 1:10.AM10SC ima pouzdan 4&#215;4 pogon na sva \u010detiri to\u010dka, a tako\u0111er je opremljen neovisnim ovjesom kota\u010da, nezavisnim [&hellip;]<\/p>\n","protected":false},"featured_media":11522,"template":"","meta":[],"product_cat":[514,515],"product_tag":[],"acf":[],"yoast_head":"<!-- This site is optimized with the Yoast SEO plugin v21.7 - https:\/\/yoast.com\/wordpress\/plugins\/seo\/ -->\n<title>AMXRacing AM10SC V3 Kamion za kratke staze RTR crveno\/crno - TECHNIC TOYS SHOP<\/title>\n<meta name=\"robots\" content=\"index, follow, max-snippet:-1, max-image-preview:large, max-video-preview:-1\" \/>\n<link rel=\"canonical\" href=\"https:\/\/www.technic-toys.com\/hr\/proizvod\/amxracing-am10sc-v3-kamion-za-kratke-staze-rtr-crveno-crno\/\" \/>\n<meta property=\"og:locale\" content=\"hr_HR\" \/>\n<meta property=\"og:type\" content=\"article\" \/>\n<meta property=\"og:title\" content=\"AMXRacing AM10SC V3 Kamion za kratke staze RTR crveno\/crno - TECHNIC TOYS SHOP\" \/>\n<meta property=\"og:description\" content=\"100% dizajniran od strane AMEWI i razvijen za zahtjevno RC iskustvo, ovaj kamion kratkih kurseva jedan je od na\u0161ih najboljih prodava\u010da u kategoriji zahvaljuju\u0107i visokokvalitetnim komponentama i dobroj izradi. To je potpuno opremljen RTR model (Ready-to-Run) u skali 1:10.AM10SC ima pouzdan 4&#215;4 pogon na sva \u010detiri to\u010dka, a tako\u0111er je opremljen neovisnim ovjesom kota\u010da, nezavisnim [&hellip;]\" \/>\n<meta property=\"og:url\" content=\"https:\/\/www.technic-toys.com\/hr\/proizvod\/amxracing-am10sc-v3-kamion-za-kratke-staze-rtr-crveno-crno\/\" \/>\n<meta property=\"og:site_name\" content=\"TECHNIC TOYS SHOP\" \/>\n<meta property=\"article:modified_time\" content=\"2022-08-01T10:45:11+00:00\" \/>\n<meta property=\"og:image\" content=\"https:\/\/www.technic-toys.com\/wp-content\/uploads\/2022\/04\/22260.jpg\" \/>\n\t<meta property=\"og:image:width\" content=\"2560\" \/>\n\t<meta property=\"og:image:height\" content=\"1468\" \/>\n\t<meta property=\"og:image:type\" content=\"image\/jpeg\" \/>\n<meta name=\"twitter:card\" content=\"summary_large_image\" \/>\n<meta name=\"twitter:label1\" content=\"Procijenjeno vrijeme \u010ditanja\" \/>\n\t<meta name=\"twitter:data1\" content=\"3 minute\" \/>\n<script type=\"application\/ld+json\" class=\"yoast-schema-graph\">{\"@context\":\"https:\/\/schema.org\",\"@graph\":[{\"@type\":\"WebPage\",\"@id\":\"https:\/\/www.technic-toys.com\/hr\/proizvod\/amxracing-am10sc-v3-kamion-za-kratke-staze-rtr-crveno-crno\/\",\"url\":\"https:\/\/www.technic-toys.com\/hr\/proizvod\/amxracing-am10sc-v3-kamion-za-kratke-staze-rtr-crveno-crno\/\",\"name\":\"AMXRacing AM10SC V3 Kamion za kratke staze RTR crveno\/crno - TECHNIC TOYS SHOP\",\"isPartOf\":{\"@id\":\"https:\/\/www.technic-toys.com\/en\/#website\"},\"datePublished\":\"2022-04-08T19:32:13+00:00\",\"dateModified\":\"2022-08-01T10:45:11+00:00\",\"breadcrumb\":{\"@id\":\"https:\/\/www.technic-toys.com\/hr\/proizvod\/amxracing-am10sc-v3-kamion-za-kratke-staze-rtr-crveno-crno\/#breadcrumb\"},\"inLanguage\":\"hr\",\"potentialAction\":[{\"@type\":\"ReadAction\",\"target\":[\"https:\/\/www.technic-toys.com\/hr\/proizvod\/amxracing-am10sc-v3-kamion-za-kratke-staze-rtr-crveno-crno\/\"]}]},{\"@type\":\"BreadcrumbList\",\"@id\":\"https:\/\/www.technic-toys.com\/hr\/proizvod\/amxracing-am10sc-v3-kamion-za-kratke-staze-rtr-crveno-crno\/#breadcrumb\",\"itemListElement\":[{\"@type\":\"ListItem\",\"position\":1,\"name\":\"Domov\",\"item\":\"https:\/\/www.technic-toys.com\/hr\/\"},{\"@type\":\"ListItem\",\"position\":2,\"name\":\"Shop\",\"item\":\"https:\/\/www.technic-toys.com\/hr\/shop-2\/\"},{\"@type\":\"ListItem\",\"position\":3,\"name\":\"AMXRacing AM10SC V3 Kamion za kratke staze RTR crveno\/crno\"}]},{\"@type\":\"WebSite\",\"@id\":\"https:\/\/www.technic-toys.com\/en\/#website\",\"url\":\"https:\/\/www.technic-toys.com\/en\/\",\"name\":\"TECHNIC TOYS SHOP\",\"description\":\"\",\"potentialAction\":[{\"@type\":\"SearchAction\",\"target\":{\"@type\":\"EntryPoint\",\"urlTemplate\":\"https:\/\/www.technic-toys.com\/en\/?s={search_term_string}\"},\"query-input\":\"required name=search_term_string\"}],\"inLanguage\":\"hr\"}]}<\/script>\n<!-- \/ Yoast SEO plugin. -->","yoast_head_json":{"title":"AMXRacing AM10SC V3 Kamion za kratke staze RTR crveno\/crno - TECHNIC TOYS SHOP","robots":{"index":"index","follow":"follow","max-snippet":"max-snippet:-1","max-image-preview":"max-image-preview:large","max-video-preview":"max-video-preview:-1"},"canonical":"https:\/\/www.technic-toys.com\/hr\/proizvod\/amxracing-am10sc-v3-kamion-za-kratke-staze-rtr-crveno-crno\/","og_locale":"hr_HR","og_type":"article","og_title":"AMXRacing AM10SC V3 Kamion za kratke staze RTR crveno\/crno - TECHNIC TOYS SHOP","og_description":"100% dizajniran od strane AMEWI i razvijen za zahtjevno RC iskustvo, ovaj kamion kratkih kurseva jedan je od na\u0161ih najboljih prodava\u010da u kategoriji zahvaljuju\u0107i visokokvalitetnim komponentama i dobroj izradi. To je potpuno opremljen RTR model (Ready-to-Run) u skali 1:10.AM10SC ima pouzdan 4&#215;4 pogon na sva \u010detiri to\u010dka, a tako\u0111er je opremljen neovisnim ovjesom kota\u010da, nezavisnim [&hellip;]","og_url":"https:\/\/www.technic-toys.com\/hr\/proizvod\/amxracing-am10sc-v3-kamion-za-kratke-staze-rtr-crveno-crno\/","og_site_name":"TECHNIC TOYS SHOP","article_modified_time":"2022-08-01T10:45:11+00:00","og_image":[{"width":2560,"height":1468,"url":"https:\/\/www.technic-toys.com\/wp-content\/uploads\/2022\/04\/22260.jpg","type":"image\/jpeg"}],"twitter_card":"summary_large_image","twitter_misc":{"Procijenjeno vrijeme \u010ditanja":"3 minute"},"schema":{"@context":"https:\/\/schema.org","@graph":[{"@type":"WebPage","@id":"https:\/\/www.technic-toys.com\/hr\/proizvod\/amxracing-am10sc-v3-kamion-za-kratke-staze-rtr-crveno-crno\/","url":"https:\/\/www.technic-toys.com\/hr\/proizvod\/amxracing-am10sc-v3-kamion-za-kratke-staze-rtr-crveno-crno\/","name":"AMXRacing AM10SC V3 Kamion za kratke staze RTR crveno\/crno - TECHNIC TOYS SHOP","isPartOf":{"@id":"https:\/\/www.technic-toys.com\/en\/#website"},"datePublished":"2022-04-08T19:32:13+00:00","dateModified":"2022-08-01T10:45:11+00:00","breadcrumb":{"@id":"https:\/\/www.technic-toys.com\/hr\/proizvod\/amxracing-am10sc-v3-kamion-za-kratke-staze-rtr-crveno-crno\/#breadcrumb"},"inLanguage":"hr","potentialAction":[{"@type":"ReadAction","target":["https:\/\/www.technic-toys.com\/hr\/proizvod\/amxracing-am10sc-v3-kamion-za-kratke-staze-rtr-crveno-crno\/"]}]},{"@type":"BreadcrumbList","@id":"https:\/\/www.technic-toys.com\/hr\/proizvod\/amxracing-am10sc-v3-kamion-za-kratke-staze-rtr-crveno-crno\/#breadcrumb","itemListElement":[{"@type":"ListItem","position":1,"name":"Domov","item":"https:\/\/www.technic-toys.com\/hr\/"},{"@type":"ListItem","position":2,"name":"Shop","item":"https:\/\/www.technic-toys.com\/hr\/shop-2\/"},{"@type":"ListItem","position":3,"name":"AMXRacing AM10SC V3 Kamion za kratke staze RTR crveno\/crno"}]},{"@type":"WebSite","@id":"https:\/\/www.technic-toys.com\/en\/#website","url":"https:\/\/www.technic-toys.com\/en\/","name":"TECHNIC TOYS SHOP","description":"","potentialAction":[{"@type":"SearchAction","target":{"@type":"EntryPoint","urlTemplate":"https:\/\/www.technic-toys.com\/en\/?s={search_term_string}"},"query-input":"required name=search_term_string"}],"inLanguage":"hr"}]}},"_links":{"self":[{"href":"https:\/\/www.technic-toys.com\/hr\/wp-json\/wp\/v2\/product\/19443"}],"collection":[{"href":"https:\/\/www.technic-toys.com\/hr\/wp-json\/wp\/v2\/product"}],"about":[{"href":"https:\/\/www.technic-toys.com\/hr\/wp-json\/wp\/v2\/types\/product"}],"wp:featuredmedia":[{"embeddable":true,"href":"https:\/\/www.technic-toys.com\/hr\/wp-json\/wp\/v2\/media\/11522"}],"wp:attachment":[{"href":"https:\/\/www.technic-toys.com\/hr\/wp-json\/wp\/v2\/media?parent=19443"}],"wp:term":[{"taxonomy":"product_cat","embeddable":true,"href":"https:\/\/www.technic-toys.com\/hr\/wp-json\/wp\/v2\/product_cat?post=19443"},{"taxonomy":"product_tag","embeddable":true,"href":"https:\/\/www.technic-toys.com\/hr\/wp-json\/wp\/v2\/product_tag?post=19443"}],"curies":[{"name":"wp","href":"https:\/\/api.w.org\/{rel}","templated":true}]}}