{"id":19454,"date":"2022-04-08T15:53:46","date_gmt":"2022-04-08T19:32:28","guid":{"rendered":"https:\/\/www.technic-toys.com\/izdelek\/crawler-crane-2-4ghz-scale-114\/"},"modified":"2022-08-01T12:45:12","modified_gmt":"2022-08-01T10:45:12","slug":"crawler-crane-2-4ghz-scale-114","status":"publish","type":"product","link":"https:\/\/www.technic-toys.com\/hr\/proizvod\/crawler-crane-2-4ghz-scale-114\/","title":{"rendered":"Crawler Crane, 2.4GHz Scale 1:14"},"content":{"rendered":"<p>Dizalica gusjeni\u010dar sa metalnom kukom, M 1:14, 15 kanala Kvalitetan i \u010disto obra\u0111en bager kran sa pravom metalnom kukom i 15 funkcija u mjerilu 1:14. Pravi gumeni lanci osiguravaju stabilno dr\u017eanje. Toranj se mo\u017ee rotirati za 360\u00b0, hvataljka se mo\u017ee podi\u0107i ili spustiti. Uklju\u010duju\u0107i svjetlo i zvuk. Preko intuitivnog 2,4 GHz kontrolera mo\u017ee se kontrolisati ukupno 15 razli\u010ditih funkcija. Tehni\u010dki podaci: Dimenzije: Du\u017eina bez hvataljke 29 cm Du\u017eina hvataljke: 53 cm \u0160irina 17 cm, visina 28,5 cm Te\u017eina spremnosti za vo\u017enju: 1960 g Opseg: 1 min. vreme vo\u017enje: 0 min. Baterija: 7.2V 400mAh Mi-MH2.4 GHz radio daljinski upravlja\u010d Te\u017eina spreman za vo\u017enju: 1960g15 Funkcije: naprijed\/nazad, skrenite desno\/lijevo Ruka: desno\/lijevo\/gore\/dolje Kuka: gore\/dolje, svjetlo, SoundTurm: skrenite desno\/lijevo , demo na\u010din isporuke: 1x kran gusjeni\u010dar 1x daljinski upravlja\u010d 1x punjiva baterija 7.2V 400mAh Mi-MH 1x USB kabel za punjenje 1x imitacija drvenog prtlja\u017enika 1x uputstvo za upotrebu<\/p>\n","protected":false},"excerpt":{"rendered":"<p>Dizalica gusjeni\u010dar sa metalnom kukom, M 1:14, 15 kanala Kvalitetan i \u010disto obra\u0111en bager kran sa pravom metalnom kukom i 15 funkcija u mjerilu 1:14. Pravi gumeni lanci osiguravaju stabilno dr\u017eanje. Toranj se mo\u017ee rotirati za 360\u00b0, hvataljka se mo\u017ee podi\u0107i ili spustiti. Uklju\u010duju\u0107i svjetlo i zvuk. Preko intuitivnog 2,4 GHz kontrolera mo\u017ee se kontrolisati [&hellip;]<\/p>\n","protected":false},"featured_media":11625,"template":"","meta":[],"product_cat":[514,420],"product_tag":[],"acf":[],"yoast_head":"<!-- This site is optimized with the Yoast SEO plugin v21.7 - https:\/\/yoast.com\/wordpress\/plugins\/seo\/ -->\n<title>Crawler Crane, 2.4GHz Scale 1:14 - TECHNIC TOYS SHOP<\/title>\n<meta name=\"robots\" content=\"index, follow, max-snippet:-1, max-image-preview:large, max-video-preview:-1\" \/>\n<link rel=\"canonical\" href=\"https:\/\/www.technic-toys.com\/hr\/proizvod\/crawler-crane-2-4ghz-scale-114\/\" \/>\n<meta property=\"og:locale\" content=\"hr_HR\" \/>\n<meta property=\"og:type\" content=\"article\" \/>\n<meta property=\"og:title\" content=\"Crawler Crane, 2.4GHz Scale 1:14 - TECHNIC TOYS SHOP\" \/>\n<meta property=\"og:description\" content=\"Dizalica gusjeni\u010dar sa metalnom kukom, M 1:14, 15 kanala Kvalitetan i \u010disto obra\u0111en bager kran sa pravom metalnom kukom i 15 funkcija u mjerilu 1:14. Pravi gumeni lanci osiguravaju stabilno dr\u017eanje. Toranj se mo\u017ee rotirati za 360\u00b0, hvataljka se mo\u017ee podi\u0107i ili spustiti. Uklju\u010duju\u0107i svjetlo i zvuk. Preko intuitivnog 2,4 GHz kontrolera mo\u017ee se kontrolisati [&hellip;]\" \/>\n<meta property=\"og:url\" content=\"https:\/\/www.technic-toys.com\/hr\/proizvod\/crawler-crane-2-4ghz-scale-114\/\" \/>\n<meta property=\"og:site_name\" content=\"TECHNIC TOYS SHOP\" \/>\n<meta property=\"article:modified_time\" content=\"2022-08-01T10:45:12+00:00\" \/>\n<meta name=\"twitter:card\" content=\"summary_large_image\" \/>\n<meta name=\"twitter:label1\" content=\"Procijenjeno vrijeme \u010ditanja\" \/>\n\t<meta name=\"twitter:data1\" content=\"1 minuta\" \/>\n<script type=\"application\/ld+json\" class=\"yoast-schema-graph\">{\"@context\":\"https:\/\/schema.org\",\"@graph\":[{\"@type\":\"WebPage\",\"@id\":\"https:\/\/www.technic-toys.com\/hr\/proizvod\/crawler-crane-2-4ghz-scale-114\/\",\"url\":\"https:\/\/www.technic-toys.com\/hr\/proizvod\/crawler-crane-2-4ghz-scale-114\/\",\"name\":\"Crawler Crane, 2.4GHz Scale 1:14 - TECHNIC TOYS SHOP\",\"isPartOf\":{\"@id\":\"https:\/\/www.technic-toys.com\/en\/#website\"},\"datePublished\":\"2022-04-08T19:32:28+00:00\",\"dateModified\":\"2022-08-01T10:45:12+00:00\",\"breadcrumb\":{\"@id\":\"https:\/\/www.technic-toys.com\/hr\/proizvod\/crawler-crane-2-4ghz-scale-114\/#breadcrumb\"},\"inLanguage\":\"hr\",\"potentialAction\":[{\"@type\":\"ReadAction\",\"target\":[\"https:\/\/www.technic-toys.com\/hr\/proizvod\/crawler-crane-2-4ghz-scale-114\/\"]}]},{\"@type\":\"BreadcrumbList\",\"@id\":\"https:\/\/www.technic-toys.com\/hr\/proizvod\/crawler-crane-2-4ghz-scale-114\/#breadcrumb\",\"itemListElement\":[{\"@type\":\"ListItem\",\"position\":1,\"name\":\"Domov\",\"item\":\"https:\/\/www.technic-toys.com\/hr\/\"},{\"@type\":\"ListItem\",\"position\":2,\"name\":\"Shop\",\"item\":\"https:\/\/www.technic-toys.com\/hr\/shop-2\/\"},{\"@type\":\"ListItem\",\"position\":3,\"name\":\"Crawler Crane, 2.4GHz Scale 1:14\"}]},{\"@type\":\"WebSite\",\"@id\":\"https:\/\/www.technic-toys.com\/en\/#website\",\"url\":\"https:\/\/www.technic-toys.com\/en\/\",\"name\":\"TECHNIC TOYS SHOP\",\"description\":\"\",\"potentialAction\":[{\"@type\":\"SearchAction\",\"target\":{\"@type\":\"EntryPoint\",\"urlTemplate\":\"https:\/\/www.technic-toys.com\/en\/?s={search_term_string}\"},\"query-input\":\"required name=search_term_string\"}],\"inLanguage\":\"hr\"}]}<\/script>\n<!-- \/ Yoast SEO plugin. -->","yoast_head_json":{"title":"Crawler Crane, 2.4GHz Scale 1:14 - TECHNIC TOYS SHOP","robots":{"index":"index","follow":"follow","max-snippet":"max-snippet:-1","max-image-preview":"max-image-preview:large","max-video-preview":"max-video-preview:-1"},"canonical":"https:\/\/www.technic-toys.com\/hr\/proizvod\/crawler-crane-2-4ghz-scale-114\/","og_locale":"hr_HR","og_type":"article","og_title":"Crawler Crane, 2.4GHz Scale 1:14 - TECHNIC TOYS SHOP","og_description":"Dizalica gusjeni\u010dar sa metalnom kukom, M 1:14, 15 kanala Kvalitetan i \u010disto obra\u0111en bager kran sa pravom metalnom kukom i 15 funkcija u mjerilu 1:14. Pravi gumeni lanci osiguravaju stabilno dr\u017eanje. Toranj se mo\u017ee rotirati za 360\u00b0, hvataljka se mo\u017ee podi\u0107i ili spustiti. Uklju\u010duju\u0107i svjetlo i zvuk. Preko intuitivnog 2,4 GHz kontrolera mo\u017ee se kontrolisati [&hellip;]","og_url":"https:\/\/www.technic-toys.com\/hr\/proizvod\/crawler-crane-2-4ghz-scale-114\/","og_site_name":"TECHNIC TOYS SHOP","article_modified_time":"2022-08-01T10:45:12+00:00","twitter_card":"summary_large_image","twitter_misc":{"Procijenjeno vrijeme \u010ditanja":"1 minuta"},"schema":{"@context":"https:\/\/schema.org","@graph":[{"@type":"WebPage","@id":"https:\/\/www.technic-toys.com\/hr\/proizvod\/crawler-crane-2-4ghz-scale-114\/","url":"https:\/\/www.technic-toys.com\/hr\/proizvod\/crawler-crane-2-4ghz-scale-114\/","name":"Crawler Crane, 2.4GHz Scale 1:14 - TECHNIC TOYS SHOP","isPartOf":{"@id":"https:\/\/www.technic-toys.com\/en\/#website"},"datePublished":"2022-04-08T19:32:28+00:00","dateModified":"2022-08-01T10:45:12+00:00","breadcrumb":{"@id":"https:\/\/www.technic-toys.com\/hr\/proizvod\/crawler-crane-2-4ghz-scale-114\/#breadcrumb"},"inLanguage":"hr","potentialAction":[{"@type":"ReadAction","target":["https:\/\/www.technic-toys.com\/hr\/proizvod\/crawler-crane-2-4ghz-scale-114\/"]}]},{"@type":"BreadcrumbList","@id":"https:\/\/www.technic-toys.com\/hr\/proizvod\/crawler-crane-2-4ghz-scale-114\/#breadcrumb","itemListElement":[{"@type":"ListItem","position":1,"name":"Domov","item":"https:\/\/www.technic-toys.com\/hr\/"},{"@type":"ListItem","position":2,"name":"Shop","item":"https:\/\/www.technic-toys.com\/hr\/shop-2\/"},{"@type":"ListItem","position":3,"name":"Crawler Crane, 2.4GHz Scale 1:14"}]},{"@type":"WebSite","@id":"https:\/\/www.technic-toys.com\/en\/#website","url":"https:\/\/www.technic-toys.com\/en\/","name":"TECHNIC TOYS SHOP","description":"","potentialAction":[{"@type":"SearchAction","target":{"@type":"EntryPoint","urlTemplate":"https:\/\/www.technic-toys.com\/en\/?s={search_term_string}"},"query-input":"required name=search_term_string"}],"inLanguage":"hr"}]}},"_links":{"self":[{"href":"https:\/\/www.technic-toys.com\/hr\/wp-json\/wp\/v2\/product\/19454"}],"collection":[{"href":"https:\/\/www.technic-toys.com\/hr\/wp-json\/wp\/v2\/product"}],"about":[{"href":"https:\/\/www.technic-toys.com\/hr\/wp-json\/wp\/v2\/types\/product"}],"wp:featuredmedia":[{"embeddable":true,"href":"https:\/\/www.technic-toys.com\/hr\/wp-json\/wp\/v2\/media\/11625"}],"wp:attachment":[{"href":"https:\/\/www.technic-toys.com\/hr\/wp-json\/wp\/v2\/media?parent=19454"}],"wp:term":[{"taxonomy":"product_cat","embeddable":true,"href":"https:\/\/www.technic-toys.com\/hr\/wp-json\/wp\/v2\/product_cat?post=19454"},{"taxonomy":"product_tag","embeddable":true,"href":"https:\/\/www.technic-toys.com\/hr\/wp-json\/wp\/v2\/product_tag?post=19454"}],"curies":[{"name":"wp","href":"https:\/\/api.w.org\/{rel}","templated":true}]}}