{"id":19460,"date":"2022-04-08T16:01:04","date_gmt":"2022-04-08T19:32:28","guid":{"rendered":"https:\/\/www.technic-toys.com\/izdelek\/terminator-monster-truck-bruseni-4wd-110-rtr\/"},"modified":"2022-08-01T12:45:08","modified_gmt":"2022-08-01T10:45:08","slug":"terminator-monster-truck-bruseni-4wd-110-rtr","status":"publish","type":"product","link":"https:\/\/www.technic-toys.com\/hr\/proizvod\/terminator-monster-truck-bruseni-4wd-110-rtr\/","title":{"rendered":"Terminator Monster Truck bru\u0161eni 4WD 1:10, RTR"},"content":{"rendered":"<p>Terminator, krajnji daljnji razvoj provjerenog i popularnog Torchea! U pore\u0111enju sa Torcheom, izdr\u017eljivost je ponovo pove\u0107ana zamenom \u0161asije visokokvalitetnom aluminijumskom \u0161asijom! Terminator ima potpuno podesivu \u0161asiju, prednji i zadnji amortizeri pritiska ulja opremljeni su aluminijumskom kapom i podesivi su zahvaljuju\u0107i isporu\u010denim kop\u010dama. Zahvaljuju\u0107i 4WD pogonu na sve kota\u010de u kombinaciji s ogromnim kota\u010dima kamiona, Terminator se probija kroz gotovo svaki teren i zahvaljuju\u0107i vodootpornoj elektronici, nijedna lokva ga ne mo\u017ee zaustaviti.<br \/>Karakteristike: Visokokvalitetna aluminijumska \u0161asija Aluminijumska gornja paluba 8x amortizeri pritiska ulja sa aluminijskim poklopcima Bru\u0161eni motor 540 23T Hobbywing 40A regulator brzine vodootporan \u010celi\u010dni diferencijali sprijeda i straga Sa 2-kanalnim 2,4GHz daljinskim upravlja\u010dem<br \/>Tehni\u010dki podaci: Du\u017eina: 430 mm \u0160irina: 3020 mm Hemm Te\u017eina: 2,0 kg (bez baterije) Me\u0111uosovinsko rastojanje: 275 mm pre\u010dnik to\u010dka: 125 mm \u0161irina to\u010dka: 68 mm Omjer prijenosa: 10,3:1 Baterija: 7,2 V 2000 mAh NiMh \u0161tapi\u0107 Max brzina: oko 35 km\/h Vrijeme punjenja: oko 8x sati<br \/>Tehni\u010dki podaci ESC: kontinuirano optere\u0107enje: 40A kratkotrajno optere\u0107enje: 180A naprijed \/ 90A nazad Funkcije: naprijed \/ nazad \/ ko\u010dnica BEC izlaz: 5V \/ 2A Radni napon: 7.2V &#8211; 7.4V Granica motora: 12T 540 ili 550 @ 2S LiPo baterija: Tamiya Dimenzije: pribli\u017eno 46,5x34x28.5mm Te\u017eina: 65g W vodonepropusnost: da br \/>Tehni\u010dki podaci servo: Sila pozicioniranja: 6,0 kg @ 6V Vrijeme pozicioniranja: 0,18 sekundi \/ @ 6V Prijenos: Plasti\u010dni obru\u010d zup\u010danika: 25 zubaca Sistem konektora: JR Dimenzije: 40,1&#215;20,4&#215;38,6V Napon < br \/>Daljinski upravlja\u010d sa tehni\u010dkim podacima: kanali: 2 funkcije unazad: da trim gas\/ko\u010dnica: da trim upravljanje: da dvostruko upravljanje: da dual rate gas\/ko\u010dnica: nema potrebnih baterija: 8x AA Mignon prijemnik: 3 kanala (vodootporan )<br \/>Obim isporuke: RC monster kamion Terminator 2.4GHz pi\u0161tolj daljinski upravlja\u010d NiMH baterija punja\u010d prigu\u0161ne kop\u010de Detaljna uputstva sa slikama<\/p>\n","protected":false},"excerpt":{"rendered":"<p>Terminator, krajnji daljnji razvoj provjerenog i popularnog Torchea! U pore\u0111enju sa Torcheom, izdr\u017eljivost je ponovo pove\u0107ana zamenom \u0161asije visokokvalitetnom aluminijumskom \u0161asijom! Terminator ima potpuno podesivu \u0161asiju, prednji i zadnji amortizeri pritiska ulja opremljeni su aluminijumskom kapom i podesivi su zahvaljuju\u0107i isporu\u010denim kop\u010dama. Zahvaljuju\u0107i 4WD pogonu na sve kota\u010de u kombinaciji s ogromnim kota\u010dima kamiona, Terminator [&hellip;]<\/p>\n","protected":false},"featured_media":11682,"template":"","meta":[],"product_cat":[514,515],"product_tag":[],"acf":[],"yoast_head":"<!-- This site is optimized with the Yoast SEO plugin v21.7 - https:\/\/yoast.com\/wordpress\/plugins\/seo\/ -->\n<title>Terminator Monster Truck bru\u0161eni 4WD 1:10, RTR - TECHNIC TOYS SHOP<\/title>\n<meta name=\"robots\" content=\"index, follow, max-snippet:-1, max-image-preview:large, max-video-preview:-1\" \/>\n<link rel=\"canonical\" href=\"https:\/\/www.technic-toys.com\/hr\/proizvod\/terminator-monster-truck-bruseni-4wd-110-rtr\/\" \/>\n<meta property=\"og:locale\" content=\"hr_HR\" \/>\n<meta property=\"og:type\" content=\"article\" \/>\n<meta property=\"og:title\" content=\"Terminator Monster Truck bru\u0161eni 4WD 1:10, RTR - TECHNIC TOYS SHOP\" \/>\n<meta property=\"og:description\" content=\"Terminator, krajnji daljnji razvoj provjerenog i popularnog Torchea! U pore\u0111enju sa Torcheom, izdr\u017eljivost je ponovo pove\u0107ana zamenom \u0161asije visokokvalitetnom aluminijumskom \u0161asijom! Terminator ima potpuno podesivu \u0161asiju, prednji i zadnji amortizeri pritiska ulja opremljeni su aluminijumskom kapom i podesivi su zahvaljuju\u0107i isporu\u010denim kop\u010dama. Zahvaljuju\u0107i 4WD pogonu na sve kota\u010de u kombinaciji s ogromnim kota\u010dima kamiona, Terminator [&hellip;]\" \/>\n<meta property=\"og:url\" content=\"https:\/\/www.technic-toys.com\/hr\/proizvod\/terminator-monster-truck-bruseni-4wd-110-rtr\/\" \/>\n<meta property=\"og:site_name\" content=\"TECHNIC TOYS SHOP\" \/>\n<meta property=\"article:modified_time\" content=\"2022-08-01T10:45:08+00:00\" \/>\n<meta property=\"og:image\" content=\"https:\/\/www.technic-toys.com\/wp-content\/uploads\/2022\/04\/22318.jpg\" \/>\n\t<meta property=\"og:image:width\" content=\"1280\" \/>\n\t<meta property=\"og:image:height\" content=\"734\" \/>\n\t<meta property=\"og:image:type\" content=\"image\/jpeg\" \/>\n<meta name=\"twitter:card\" content=\"summary_large_image\" \/>\n<meta name=\"twitter:label1\" content=\"Procijenjeno vrijeme \u010ditanja\" \/>\n\t<meta name=\"twitter:data1\" content=\"1 minuta\" \/>\n<script type=\"application\/ld+json\" class=\"yoast-schema-graph\">{\"@context\":\"https:\/\/schema.org\",\"@graph\":[{\"@type\":\"WebPage\",\"@id\":\"https:\/\/www.technic-toys.com\/hr\/proizvod\/terminator-monster-truck-bruseni-4wd-110-rtr\/\",\"url\":\"https:\/\/www.technic-toys.com\/hr\/proizvod\/terminator-monster-truck-bruseni-4wd-110-rtr\/\",\"name\":\"Terminator Monster Truck bru\u0161eni 4WD 1:10, RTR - TECHNIC TOYS SHOP\",\"isPartOf\":{\"@id\":\"https:\/\/www.technic-toys.com\/en\/#website\"},\"datePublished\":\"2022-04-08T19:32:28+00:00\",\"dateModified\":\"2022-08-01T10:45:08+00:00\",\"breadcrumb\":{\"@id\":\"https:\/\/www.technic-toys.com\/hr\/proizvod\/terminator-monster-truck-bruseni-4wd-110-rtr\/#breadcrumb\"},\"inLanguage\":\"hr\",\"potentialAction\":[{\"@type\":\"ReadAction\",\"target\":[\"https:\/\/www.technic-toys.com\/hr\/proizvod\/terminator-monster-truck-bruseni-4wd-110-rtr\/\"]}]},{\"@type\":\"BreadcrumbList\",\"@id\":\"https:\/\/www.technic-toys.com\/hr\/proizvod\/terminator-monster-truck-bruseni-4wd-110-rtr\/#breadcrumb\",\"itemListElement\":[{\"@type\":\"ListItem\",\"position\":1,\"name\":\"Domov\",\"item\":\"https:\/\/www.technic-toys.com\/hr\/\"},{\"@type\":\"ListItem\",\"position\":2,\"name\":\"Shop\",\"item\":\"https:\/\/www.technic-toys.com\/hr\/shop-2\/\"},{\"@type\":\"ListItem\",\"position\":3,\"name\":\"Terminator Monster Truck bru\u0161eni 4WD 1:10, RTR\"}]},{\"@type\":\"WebSite\",\"@id\":\"https:\/\/www.technic-toys.com\/en\/#website\",\"url\":\"https:\/\/www.technic-toys.com\/en\/\",\"name\":\"TECHNIC TOYS SHOP\",\"description\":\"\",\"potentialAction\":[{\"@type\":\"SearchAction\",\"target\":{\"@type\":\"EntryPoint\",\"urlTemplate\":\"https:\/\/www.technic-toys.com\/en\/?s={search_term_string}\"},\"query-input\":\"required name=search_term_string\"}],\"inLanguage\":\"hr\"}]}<\/script>\n<!-- \/ Yoast SEO plugin. -->","yoast_head_json":{"title":"Terminator Monster Truck bru\u0161eni 4WD 1:10, RTR - TECHNIC TOYS SHOP","robots":{"index":"index","follow":"follow","max-snippet":"max-snippet:-1","max-image-preview":"max-image-preview:large","max-video-preview":"max-video-preview:-1"},"canonical":"https:\/\/www.technic-toys.com\/hr\/proizvod\/terminator-monster-truck-bruseni-4wd-110-rtr\/","og_locale":"hr_HR","og_type":"article","og_title":"Terminator Monster Truck bru\u0161eni 4WD 1:10, RTR - TECHNIC TOYS SHOP","og_description":"Terminator, krajnji daljnji razvoj provjerenog i popularnog Torchea! U pore\u0111enju sa Torcheom, izdr\u017eljivost je ponovo pove\u0107ana zamenom \u0161asije visokokvalitetnom aluminijumskom \u0161asijom! Terminator ima potpuno podesivu \u0161asiju, prednji i zadnji amortizeri pritiska ulja opremljeni su aluminijumskom kapom i podesivi su zahvaljuju\u0107i isporu\u010denim kop\u010dama. Zahvaljuju\u0107i 4WD pogonu na sve kota\u010de u kombinaciji s ogromnim kota\u010dima kamiona, Terminator [&hellip;]","og_url":"https:\/\/www.technic-toys.com\/hr\/proizvod\/terminator-monster-truck-bruseni-4wd-110-rtr\/","og_site_name":"TECHNIC TOYS SHOP","article_modified_time":"2022-08-01T10:45:08+00:00","og_image":[{"width":1280,"height":734,"url":"https:\/\/www.technic-toys.com\/wp-content\/uploads\/2022\/04\/22318.jpg","type":"image\/jpeg"}],"twitter_card":"summary_large_image","twitter_misc":{"Procijenjeno vrijeme \u010ditanja":"1 minuta"},"schema":{"@context":"https:\/\/schema.org","@graph":[{"@type":"WebPage","@id":"https:\/\/www.technic-toys.com\/hr\/proizvod\/terminator-monster-truck-bruseni-4wd-110-rtr\/","url":"https:\/\/www.technic-toys.com\/hr\/proizvod\/terminator-monster-truck-bruseni-4wd-110-rtr\/","name":"Terminator Monster Truck bru\u0161eni 4WD 1:10, RTR - TECHNIC TOYS SHOP","isPartOf":{"@id":"https:\/\/www.technic-toys.com\/en\/#website"},"datePublished":"2022-04-08T19:32:28+00:00","dateModified":"2022-08-01T10:45:08+00:00","breadcrumb":{"@id":"https:\/\/www.technic-toys.com\/hr\/proizvod\/terminator-monster-truck-bruseni-4wd-110-rtr\/#breadcrumb"},"inLanguage":"hr","potentialAction":[{"@type":"ReadAction","target":["https:\/\/www.technic-toys.com\/hr\/proizvod\/terminator-monster-truck-bruseni-4wd-110-rtr\/"]}]},{"@type":"BreadcrumbList","@id":"https:\/\/www.technic-toys.com\/hr\/proizvod\/terminator-monster-truck-bruseni-4wd-110-rtr\/#breadcrumb","itemListElement":[{"@type":"ListItem","position":1,"name":"Domov","item":"https:\/\/www.technic-toys.com\/hr\/"},{"@type":"ListItem","position":2,"name":"Shop","item":"https:\/\/www.technic-toys.com\/hr\/shop-2\/"},{"@type":"ListItem","position":3,"name":"Terminator Monster Truck bru\u0161eni 4WD 1:10, RTR"}]},{"@type":"WebSite","@id":"https:\/\/www.technic-toys.com\/en\/#website","url":"https:\/\/www.technic-toys.com\/en\/","name":"TECHNIC TOYS SHOP","description":"","potentialAction":[{"@type":"SearchAction","target":{"@type":"EntryPoint","urlTemplate":"https:\/\/www.technic-toys.com\/en\/?s={search_term_string}"},"query-input":"required name=search_term_string"}],"inLanguage":"hr"}]}},"_links":{"self":[{"href":"https:\/\/www.technic-toys.com\/hr\/wp-json\/wp\/v2\/product\/19460"}],"collection":[{"href":"https:\/\/www.technic-toys.com\/hr\/wp-json\/wp\/v2\/product"}],"about":[{"href":"https:\/\/www.technic-toys.com\/hr\/wp-json\/wp\/v2\/types\/product"}],"wp:featuredmedia":[{"embeddable":true,"href":"https:\/\/www.technic-toys.com\/hr\/wp-json\/wp\/v2\/media\/11682"}],"wp:attachment":[{"href":"https:\/\/www.technic-toys.com\/hr\/wp-json\/wp\/v2\/media?parent=19460"}],"wp:term":[{"taxonomy":"product_cat","embeddable":true,"href":"https:\/\/www.technic-toys.com\/hr\/wp-json\/wp\/v2\/product_cat?post=19460"},{"taxonomy":"product_tag","embeddable":true,"href":"https:\/\/www.technic-toys.com\/hr\/wp-json\/wp\/v2\/product_tag?post=19460"}],"curies":[{"name":"wp","href":"https:\/\/api.w.org\/{rel}","templated":true}]}}