{"id":19461,"date":"2022-04-08T16:01:04","date_gmt":"2022-04-08T19:32:28","guid":{"rendered":"https:\/\/www.technic-toys.com\/izdelek\/dune-breaker-sand-buggy-brusen-4wd-110\/"},"modified":"2022-08-01T12:45:08","modified_gmt":"2022-08-01T10:45:08","slug":"dune-breaker-sand-buggy-brusen-4wd-110","status":"publish","type":"product","link":"https:\/\/www.technic-toys.com\/hr\/proizvod\/dune-breaker-sand-buggy-brusen-4wd-110\/","title":{"rendered":"Dune Breaker Sand Buggy bru\u0161en, 4WD 1:10"},"content":{"rendered":"<p>Dune Breaker, krajnji dalji razvoj dokazanog Breakera!U pore\u0111enju sa Breakerom, izdr\u017eljivost je jo\u0161 vi\u0161e pove\u0107ana zamjenom \u0161asije visokokvalitetnom aluminijskom \u0161asijom! Dune Breaker ima potpuno podesivu \u0161asiju, prednji i zadnji amortizeri pritiska ulja su podesivi pomo\u0107u aluminijumskog ovjesa i zahvaljuju\u0107i isporu\u010denim kop\u010dama. Zahvaljuju\u0107i 4WD pogonu na sva \u010detiri to\u010dka, Dune Breaker se probija kroz gotovo svaki teren i zahvaljuju\u0107i vodootpornoj elektronici, nijedna lokva ga ne mo\u017ee zaustaviti. Karakteristike: Visokokvalitetna aluminijumska \u0161asijaAluminijumska gornja paluba Uljni amortizeri sa aluminijumskim ovjesom Bru\u0161eni motor 540 240THobbywing regulator brzine vodootporan \u010celi\u010dni diferencijali sprijeda i straga Sa 2-kanalnim 2.4GHz daljinskim upravlja\u010demTehni\u010dki podaci:Dimenzije (Dx\u0160xV): 440x255x162mm Te\u017eina: 1.9kg (bez baterije) Me\u0111uosovinsko rastojanje: 265mm Razmak od tla: 26mmGear pack:16mmGe2. Kontinuirano optere\u0107enje: 40AS Kratkotrajno optere\u0107enje: 180A naprijed \/ 90A nazad. Funkcije: naprijed \/ nazad \/ ko\u010dnica. BEC izlaz: 5V \/ 2AO Radni napon: 7,2V &#8211; 7,4V Granica motora: 12T 540 ili 550 @ 2S LiPo baterija Priklju\u010dak: 6x25x 4x. 5mm Te\u017eina: 65g Vodootporan: da Tehni\u010dki podaci motor: Namotaji: 23Struja: 15AV Napon: 7.2V &#8211; 7.4VSVeli\u010dina: 540Talas: 9.6mm \/ \u00d8 3.17mm Dimenzije: Du\u017eina: 54mm \/ 0mm Tehni\u010dki podaci 36. Servo SP6001:Sila aktiviranja: 6,0 kg @ 6VA Vrijeme aktiviranja: 0,18 sekundi \/ @ 6V Zup\u010danik: Plasti\u010dni obru\u010d zup\u010danika: 25 zubaca Sistem utika\u010da: JRD Dimenzije: 40,1&#215;20,4x38mm Napon: 4,8V Tehn. : daTrim plin\/ko\u010dnica: daTrim upravljanje: da Dvostruko upravljanje plinom\/ko\u010dnicom: ne Potrebne baterije: 8x AA Mignon Prijemnik: 3 kanalni (vodootporan) Obim isporuke: RC Sand Buggy Dune Breaker2.4GHz pi\u0161tolj pi\u0161tolj kop\u010de sa daljinskim upravlja\u010demCharMH instrukcije za baterijuChartailed slike<\/p>\n","protected":false},"excerpt":{"rendered":"<p>Dune Breaker, krajnji dalji razvoj dokazanog Breakera!U pore\u0111enju sa Breakerom, izdr\u017eljivost je jo\u0161 vi\u0161e pove\u0107ana zamjenom \u0161asije visokokvalitetnom aluminijskom \u0161asijom! Dune Breaker ima potpuno podesivu \u0161asiju, prednji i zadnji amortizeri pritiska ulja su podesivi pomo\u0107u aluminijumskog ovjesa i zahvaljuju\u0107i isporu\u010denim kop\u010dama. Zahvaljuju\u0107i 4WD pogonu na sva \u010detiri to\u010dka, Dune Breaker se probija kroz gotovo svaki [&hellip;]<\/p>\n","protected":false},"featured_media":11692,"template":"","meta":[],"product_cat":[514,515],"product_tag":[],"acf":[],"yoast_head":"<!-- This site is optimized with the Yoast SEO plugin v21.7 - https:\/\/yoast.com\/wordpress\/plugins\/seo\/ -->\n<title>Dune Breaker Sand Buggy bru\u0161en, 4WD 1:10 - TECHNIC TOYS SHOP<\/title>\n<meta name=\"robots\" content=\"index, follow, max-snippet:-1, max-image-preview:large, max-video-preview:-1\" \/>\n<link rel=\"canonical\" href=\"https:\/\/www.technic-toys.com\/hr\/proizvod\/dune-breaker-sand-buggy-brusen-4wd-110\/\" \/>\n<meta property=\"og:locale\" content=\"hr_HR\" \/>\n<meta property=\"og:type\" content=\"article\" \/>\n<meta property=\"og:title\" content=\"Dune Breaker Sand Buggy bru\u0161en, 4WD 1:10 - TECHNIC TOYS SHOP\" \/>\n<meta property=\"og:description\" content=\"Dune Breaker, krajnji dalji razvoj dokazanog Breakera!U pore\u0111enju sa Breakerom, izdr\u017eljivost je jo\u0161 vi\u0161e pove\u0107ana zamjenom \u0161asije visokokvalitetnom aluminijskom \u0161asijom! Dune Breaker ima potpuno podesivu \u0161asiju, prednji i zadnji amortizeri pritiska ulja su podesivi pomo\u0107u aluminijumskog ovjesa i zahvaljuju\u0107i isporu\u010denim kop\u010dama. Zahvaljuju\u0107i 4WD pogonu na sva \u010detiri to\u010dka, Dune Breaker se probija kroz gotovo svaki [&hellip;]\" \/>\n<meta property=\"og:url\" content=\"https:\/\/www.technic-toys.com\/hr\/proizvod\/dune-breaker-sand-buggy-brusen-4wd-110\/\" \/>\n<meta property=\"og:site_name\" content=\"TECHNIC TOYS SHOP\" \/>\n<meta property=\"article:modified_time\" content=\"2022-08-01T10:45:08+00:00\" \/>\n<meta property=\"og:image\" content=\"https:\/\/www.technic-toys.com\/wp-content\/uploads\/2022\/04\/22319.jpg\" \/>\n\t<meta property=\"og:image:width\" content=\"2560\" \/>\n\t<meta property=\"og:image:height\" content=\"1468\" \/>\n\t<meta property=\"og:image:type\" content=\"image\/jpeg\" \/>\n<meta name=\"twitter:card\" content=\"summary_large_image\" \/>\n<meta name=\"twitter:label1\" content=\"Procijenjeno vrijeme \u010ditanja\" \/>\n\t<meta name=\"twitter:data1\" content=\"1 minuta\" \/>\n<script type=\"application\/ld+json\" class=\"yoast-schema-graph\">{\"@context\":\"https:\/\/schema.org\",\"@graph\":[{\"@type\":\"WebPage\",\"@id\":\"https:\/\/www.technic-toys.com\/hr\/proizvod\/dune-breaker-sand-buggy-brusen-4wd-110\/\",\"url\":\"https:\/\/www.technic-toys.com\/hr\/proizvod\/dune-breaker-sand-buggy-brusen-4wd-110\/\",\"name\":\"Dune Breaker Sand Buggy bru\u0161en, 4WD 1:10 - TECHNIC TOYS SHOP\",\"isPartOf\":{\"@id\":\"https:\/\/www.technic-toys.com\/en\/#website\"},\"datePublished\":\"2022-04-08T19:32:28+00:00\",\"dateModified\":\"2022-08-01T10:45:08+00:00\",\"breadcrumb\":{\"@id\":\"https:\/\/www.technic-toys.com\/hr\/proizvod\/dune-breaker-sand-buggy-brusen-4wd-110\/#breadcrumb\"},\"inLanguage\":\"hr\",\"potentialAction\":[{\"@type\":\"ReadAction\",\"target\":[\"https:\/\/www.technic-toys.com\/hr\/proizvod\/dune-breaker-sand-buggy-brusen-4wd-110\/\"]}]},{\"@type\":\"BreadcrumbList\",\"@id\":\"https:\/\/www.technic-toys.com\/hr\/proizvod\/dune-breaker-sand-buggy-brusen-4wd-110\/#breadcrumb\",\"itemListElement\":[{\"@type\":\"ListItem\",\"position\":1,\"name\":\"Domov\",\"item\":\"https:\/\/www.technic-toys.com\/hr\/\"},{\"@type\":\"ListItem\",\"position\":2,\"name\":\"Shop\",\"item\":\"https:\/\/www.technic-toys.com\/hr\/shop-2\/\"},{\"@type\":\"ListItem\",\"position\":3,\"name\":\"Dune Breaker Sand Buggy bru\u0161en, 4WD 1:10\"}]},{\"@type\":\"WebSite\",\"@id\":\"https:\/\/www.technic-toys.com\/en\/#website\",\"url\":\"https:\/\/www.technic-toys.com\/en\/\",\"name\":\"TECHNIC TOYS SHOP\",\"description\":\"\",\"potentialAction\":[{\"@type\":\"SearchAction\",\"target\":{\"@type\":\"EntryPoint\",\"urlTemplate\":\"https:\/\/www.technic-toys.com\/en\/?s={search_term_string}\"},\"query-input\":\"required name=search_term_string\"}],\"inLanguage\":\"hr\"}]}<\/script>\n<!-- \/ Yoast SEO plugin. -->","yoast_head_json":{"title":"Dune Breaker Sand Buggy bru\u0161en, 4WD 1:10 - TECHNIC TOYS SHOP","robots":{"index":"index","follow":"follow","max-snippet":"max-snippet:-1","max-image-preview":"max-image-preview:large","max-video-preview":"max-video-preview:-1"},"canonical":"https:\/\/www.technic-toys.com\/hr\/proizvod\/dune-breaker-sand-buggy-brusen-4wd-110\/","og_locale":"hr_HR","og_type":"article","og_title":"Dune Breaker Sand Buggy bru\u0161en, 4WD 1:10 - TECHNIC TOYS SHOP","og_description":"Dune Breaker, krajnji dalji razvoj dokazanog Breakera!U pore\u0111enju sa Breakerom, izdr\u017eljivost je jo\u0161 vi\u0161e pove\u0107ana zamjenom \u0161asije visokokvalitetnom aluminijskom \u0161asijom! Dune Breaker ima potpuno podesivu \u0161asiju, prednji i zadnji amortizeri pritiska ulja su podesivi pomo\u0107u aluminijumskog ovjesa i zahvaljuju\u0107i isporu\u010denim kop\u010dama. Zahvaljuju\u0107i 4WD pogonu na sva \u010detiri to\u010dka, Dune Breaker se probija kroz gotovo svaki [&hellip;]","og_url":"https:\/\/www.technic-toys.com\/hr\/proizvod\/dune-breaker-sand-buggy-brusen-4wd-110\/","og_site_name":"TECHNIC TOYS SHOP","article_modified_time":"2022-08-01T10:45:08+00:00","og_image":[{"width":2560,"height":1468,"url":"https:\/\/www.technic-toys.com\/wp-content\/uploads\/2022\/04\/22319.jpg","type":"image\/jpeg"}],"twitter_card":"summary_large_image","twitter_misc":{"Procijenjeno vrijeme \u010ditanja":"1 minuta"},"schema":{"@context":"https:\/\/schema.org","@graph":[{"@type":"WebPage","@id":"https:\/\/www.technic-toys.com\/hr\/proizvod\/dune-breaker-sand-buggy-brusen-4wd-110\/","url":"https:\/\/www.technic-toys.com\/hr\/proizvod\/dune-breaker-sand-buggy-brusen-4wd-110\/","name":"Dune Breaker Sand Buggy bru\u0161en, 4WD 1:10 - TECHNIC TOYS SHOP","isPartOf":{"@id":"https:\/\/www.technic-toys.com\/en\/#website"},"datePublished":"2022-04-08T19:32:28+00:00","dateModified":"2022-08-01T10:45:08+00:00","breadcrumb":{"@id":"https:\/\/www.technic-toys.com\/hr\/proizvod\/dune-breaker-sand-buggy-brusen-4wd-110\/#breadcrumb"},"inLanguage":"hr","potentialAction":[{"@type":"ReadAction","target":["https:\/\/www.technic-toys.com\/hr\/proizvod\/dune-breaker-sand-buggy-brusen-4wd-110\/"]}]},{"@type":"BreadcrumbList","@id":"https:\/\/www.technic-toys.com\/hr\/proizvod\/dune-breaker-sand-buggy-brusen-4wd-110\/#breadcrumb","itemListElement":[{"@type":"ListItem","position":1,"name":"Domov","item":"https:\/\/www.technic-toys.com\/hr\/"},{"@type":"ListItem","position":2,"name":"Shop","item":"https:\/\/www.technic-toys.com\/hr\/shop-2\/"},{"@type":"ListItem","position":3,"name":"Dune Breaker Sand Buggy bru\u0161en, 4WD 1:10"}]},{"@type":"WebSite","@id":"https:\/\/www.technic-toys.com\/en\/#website","url":"https:\/\/www.technic-toys.com\/en\/","name":"TECHNIC TOYS SHOP","description":"","potentialAction":[{"@type":"SearchAction","target":{"@type":"EntryPoint","urlTemplate":"https:\/\/www.technic-toys.com\/en\/?s={search_term_string}"},"query-input":"required name=search_term_string"}],"inLanguage":"hr"}]}},"_links":{"self":[{"href":"https:\/\/www.technic-toys.com\/hr\/wp-json\/wp\/v2\/product\/19461"}],"collection":[{"href":"https:\/\/www.technic-toys.com\/hr\/wp-json\/wp\/v2\/product"}],"about":[{"href":"https:\/\/www.technic-toys.com\/hr\/wp-json\/wp\/v2\/types\/product"}],"wp:featuredmedia":[{"embeddable":true,"href":"https:\/\/www.technic-toys.com\/hr\/wp-json\/wp\/v2\/media\/11692"}],"wp:attachment":[{"href":"https:\/\/www.technic-toys.com\/hr\/wp-json\/wp\/v2\/media?parent=19461"}],"wp:term":[{"taxonomy":"product_cat","embeddable":true,"href":"https:\/\/www.technic-toys.com\/hr\/wp-json\/wp\/v2\/product_cat?post=19461"},{"taxonomy":"product_tag","embeddable":true,"href":"https:\/\/www.technic-toys.com\/hr\/wp-json\/wp\/v2\/product_tag?post=19461"}],"curies":[{"name":"wp","href":"https:\/\/api.w.org\/{rel}","templated":true}]}}