{"id":19462,"date":"2022-04-08T16:01:04","date_gmt":"2022-04-08T19:32:28","guid":{"rendered":"https:\/\/www.technic-toys.com\/izdelek\/evo-x-6000-buggy-brushless-110-4wd-rtr-zelena\/"},"modified":"2022-08-01T12:45:08","modified_gmt":"2022-08-01T10:45:08","slug":"evo-x-6000-buggy-brushless-110-4wd-rtr-zelena","status":"publish","type":"product","link":"https:\/\/www.technic-toys.com\/hr\/proizvod\/evo-x-6000-buggy-brushless-110-4wd-rtr-zelena\/","title":{"rendered":"EVO-X 6000 Buggy Brushless 1:10 4WD RTR zelena"},"content":{"rendered":"<p>EVO X 6000 BL Buggy &#8211; zelena Stabilna &#8211; brza &#8211; i jedinstven koncept. Nova evolucija u sektoru buggy vozila! Srednji raspored \u0161asije motora sa 6000KV 60A pogonom bez \u010detkica osigurava grubi pogon sa savr\u0161enom ravnote\u017eom skoka na stazi. Aluminijska osnovna plo\u010da, masivni diferencijali i sredi\u0161nji diferencijal napravljen od CNC glodanog i toplotno otpornog CNC POM-a nagla\u0161avaju vrhunski nivo ovog vozila. EVO X dolazi sa potpuno programabilnim kompjuterskim daljinskim upravlja\u010dem, koji ima sva potrebna pode\u0161avanja programiranja. Kao baterija se koristi 2-\u0107elijski Lipo paket sa 4000 mAh, tako da je vrijeme vo\u017enje vi\u0161e nego dovoljno. Isporu\u010deni automatski punja\u010d od 1A ponovo puni bateriju u kratkom vremenu. Stick paketi do 7500mAh mogu se bez problema koristiti u vozilu. Evo X raste s vama: Ako nemate dovoljno snage, mo\u017eete nadograditi EVO X na vozilo pogodno za takmi\u010denja. Ovdje se tako\u0111er mogu koristiti Shorttie paketi itd. Ovaj koncept je do sada jedinstven!<br \/>Tehni\u010dki podaci: Du\u017eina: 375 mm \u0160irina: 246 mm Visina: 151 mm Te\u017eina: 1.940 g (spremno za vo\u017enju uklju\u010duju\u0107i bateriju) Me\u0111uosovinsko rastojanje: 290 mm Veli\u010dina gume: 42 x 85 mm Prenos: Centralni diferencijal Prenosni odnos: 1:7.85 Ko\u010dnica: elektronski kontroler: 60A motor: 540 6000KV sistem pogona: kardan glavni materijal: plasti\u010dna baterija: LiPo 2S 7.4V 4000mAh 25C tvrdo ku\u0107i\u0161te, T-plug daljinski upravlja\u010d: 2-kanalni 2.4GHz punja\u010d: LiPo 1A<br >Obim isporuke: buggy LiPo punja\u010d baterija Daljinski upravlja\u010d 2.4GHz Klju\u010d za instalaciju<br \/>Potreban pribor: 4x AA Mignon baterije za daljinski upravlja\u010d<\/p>\n","protected":false},"excerpt":{"rendered":"<p>6000KV 60A kombo<\/p>\n","protected":false},"featured_media":11699,"template":"","meta":[],"product_cat":[514,515],"product_tag":[],"acf":[],"yoast_head":"<!-- This site is optimized with the Yoast SEO plugin v21.7 - https:\/\/yoast.com\/wordpress\/plugins\/seo\/ -->\n<title>EVO-X 6000 Buggy Brushless 1:10 4WD RTR zelena - TECHNIC TOYS SHOP<\/title>\n<meta name=\"robots\" content=\"index, follow, max-snippet:-1, max-image-preview:large, max-video-preview:-1\" \/>\n<link rel=\"canonical\" href=\"https:\/\/www.technic-toys.com\/hr\/proizvod\/evo-x-6000-buggy-brushless-110-4wd-rtr-zelena\/\" \/>\n<meta property=\"og:locale\" content=\"hr_HR\" \/>\n<meta property=\"og:type\" content=\"article\" \/>\n<meta property=\"og:title\" content=\"EVO-X 6000 Buggy Brushless 1:10 4WD RTR zelena - TECHNIC TOYS SHOP\" \/>\n<meta property=\"og:description\" content=\"6000KV 60A kombo\" \/>\n<meta property=\"og:url\" content=\"https:\/\/www.technic-toys.com\/hr\/proizvod\/evo-x-6000-buggy-brushless-110-4wd-rtr-zelena\/\" \/>\n<meta property=\"og:site_name\" content=\"TECHNIC TOYS SHOP\" \/>\n<meta property=\"article:modified_time\" content=\"2022-08-01T10:45:08+00:00\" \/>\n<meta property=\"og:image\" content=\"https:\/\/www.technic-toys.com\/wp-content\/uploads\/2022\/04\/22320.jpg\" \/>\n\t<meta property=\"og:image:width\" content=\"2560\" \/>\n\t<meta property=\"og:image:height\" content=\"1468\" \/>\n\t<meta property=\"og:image:type\" content=\"image\/jpeg\" \/>\n<meta name=\"twitter:card\" content=\"summary_large_image\" \/>\n<meta name=\"twitter:label1\" content=\"Procijenjeno vrijeme \u010ditanja\" \/>\n\t<meta name=\"twitter:data1\" content=\"1 minuta\" \/>\n<script type=\"application\/ld+json\" class=\"yoast-schema-graph\">{\"@context\":\"https:\/\/schema.org\",\"@graph\":[{\"@type\":\"WebPage\",\"@id\":\"https:\/\/www.technic-toys.com\/hr\/proizvod\/evo-x-6000-buggy-brushless-110-4wd-rtr-zelena\/\",\"url\":\"https:\/\/www.technic-toys.com\/hr\/proizvod\/evo-x-6000-buggy-brushless-110-4wd-rtr-zelena\/\",\"name\":\"EVO-X 6000 Buggy Brushless 1:10 4WD RTR zelena - TECHNIC TOYS SHOP\",\"isPartOf\":{\"@id\":\"https:\/\/www.technic-toys.com\/en\/#website\"},\"datePublished\":\"2022-04-08T19:32:28+00:00\",\"dateModified\":\"2022-08-01T10:45:08+00:00\",\"breadcrumb\":{\"@id\":\"https:\/\/www.technic-toys.com\/hr\/proizvod\/evo-x-6000-buggy-brushless-110-4wd-rtr-zelena\/#breadcrumb\"},\"inLanguage\":\"hr\",\"potentialAction\":[{\"@type\":\"ReadAction\",\"target\":[\"https:\/\/www.technic-toys.com\/hr\/proizvod\/evo-x-6000-buggy-brushless-110-4wd-rtr-zelena\/\"]}]},{\"@type\":\"BreadcrumbList\",\"@id\":\"https:\/\/www.technic-toys.com\/hr\/proizvod\/evo-x-6000-buggy-brushless-110-4wd-rtr-zelena\/#breadcrumb\",\"itemListElement\":[{\"@type\":\"ListItem\",\"position\":1,\"name\":\"Domov\",\"item\":\"https:\/\/www.technic-toys.com\/hr\/\"},{\"@type\":\"ListItem\",\"position\":2,\"name\":\"Shop\",\"item\":\"https:\/\/www.technic-toys.com\/hr\/shop-2\/\"},{\"@type\":\"ListItem\",\"position\":3,\"name\":\"EVO-X 6000 Buggy Brushless 1:10 4WD RTR zelena\"}]},{\"@type\":\"WebSite\",\"@id\":\"https:\/\/www.technic-toys.com\/en\/#website\",\"url\":\"https:\/\/www.technic-toys.com\/en\/\",\"name\":\"TECHNIC TOYS SHOP\",\"description\":\"\",\"potentialAction\":[{\"@type\":\"SearchAction\",\"target\":{\"@type\":\"EntryPoint\",\"urlTemplate\":\"https:\/\/www.technic-toys.com\/en\/?s={search_term_string}\"},\"query-input\":\"required name=search_term_string\"}],\"inLanguage\":\"hr\"}]}<\/script>\n<!-- \/ Yoast SEO plugin. -->","yoast_head_json":{"title":"EVO-X 6000 Buggy Brushless 1:10 4WD RTR zelena - TECHNIC TOYS SHOP","robots":{"index":"index","follow":"follow","max-snippet":"max-snippet:-1","max-image-preview":"max-image-preview:large","max-video-preview":"max-video-preview:-1"},"canonical":"https:\/\/www.technic-toys.com\/hr\/proizvod\/evo-x-6000-buggy-brushless-110-4wd-rtr-zelena\/","og_locale":"hr_HR","og_type":"article","og_title":"EVO-X 6000 Buggy Brushless 1:10 4WD RTR zelena - TECHNIC TOYS SHOP","og_description":"6000KV 60A kombo","og_url":"https:\/\/www.technic-toys.com\/hr\/proizvod\/evo-x-6000-buggy-brushless-110-4wd-rtr-zelena\/","og_site_name":"TECHNIC TOYS SHOP","article_modified_time":"2022-08-01T10:45:08+00:00","og_image":[{"width":2560,"height":1468,"url":"https:\/\/www.technic-toys.com\/wp-content\/uploads\/2022\/04\/22320.jpg","type":"image\/jpeg"}],"twitter_card":"summary_large_image","twitter_misc":{"Procijenjeno vrijeme \u010ditanja":"1 minuta"},"schema":{"@context":"https:\/\/schema.org","@graph":[{"@type":"WebPage","@id":"https:\/\/www.technic-toys.com\/hr\/proizvod\/evo-x-6000-buggy-brushless-110-4wd-rtr-zelena\/","url":"https:\/\/www.technic-toys.com\/hr\/proizvod\/evo-x-6000-buggy-brushless-110-4wd-rtr-zelena\/","name":"EVO-X 6000 Buggy Brushless 1:10 4WD RTR zelena - TECHNIC TOYS SHOP","isPartOf":{"@id":"https:\/\/www.technic-toys.com\/en\/#website"},"datePublished":"2022-04-08T19:32:28+00:00","dateModified":"2022-08-01T10:45:08+00:00","breadcrumb":{"@id":"https:\/\/www.technic-toys.com\/hr\/proizvod\/evo-x-6000-buggy-brushless-110-4wd-rtr-zelena\/#breadcrumb"},"inLanguage":"hr","potentialAction":[{"@type":"ReadAction","target":["https:\/\/www.technic-toys.com\/hr\/proizvod\/evo-x-6000-buggy-brushless-110-4wd-rtr-zelena\/"]}]},{"@type":"BreadcrumbList","@id":"https:\/\/www.technic-toys.com\/hr\/proizvod\/evo-x-6000-buggy-brushless-110-4wd-rtr-zelena\/#breadcrumb","itemListElement":[{"@type":"ListItem","position":1,"name":"Domov","item":"https:\/\/www.technic-toys.com\/hr\/"},{"@type":"ListItem","position":2,"name":"Shop","item":"https:\/\/www.technic-toys.com\/hr\/shop-2\/"},{"@type":"ListItem","position":3,"name":"EVO-X 6000 Buggy Brushless 1:10 4WD RTR zelena"}]},{"@type":"WebSite","@id":"https:\/\/www.technic-toys.com\/en\/#website","url":"https:\/\/www.technic-toys.com\/en\/","name":"TECHNIC TOYS SHOP","description":"","potentialAction":[{"@type":"SearchAction","target":{"@type":"EntryPoint","urlTemplate":"https:\/\/www.technic-toys.com\/en\/?s={search_term_string}"},"query-input":"required name=search_term_string"}],"inLanguage":"hr"}]}},"_links":{"self":[{"href":"https:\/\/www.technic-toys.com\/hr\/wp-json\/wp\/v2\/product\/19462"}],"collection":[{"href":"https:\/\/www.technic-toys.com\/hr\/wp-json\/wp\/v2\/product"}],"about":[{"href":"https:\/\/www.technic-toys.com\/hr\/wp-json\/wp\/v2\/types\/product"}],"wp:featuredmedia":[{"embeddable":true,"href":"https:\/\/www.technic-toys.com\/hr\/wp-json\/wp\/v2\/media\/11699"}],"wp:attachment":[{"href":"https:\/\/www.technic-toys.com\/hr\/wp-json\/wp\/v2\/media?parent=19462"}],"wp:term":[{"taxonomy":"product_cat","embeddable":true,"href":"https:\/\/www.technic-toys.com\/hr\/wp-json\/wp\/v2\/product_cat?post=19462"},{"taxonomy":"product_tag","embeddable":true,"href":"https:\/\/www.technic-toys.com\/hr\/wp-json\/wp\/v2\/product_tag?post=19462"}],"curies":[{"name":"wp","href":"https:\/\/api.w.org\/{rel}","templated":true}]}}