{"id":19474,"date":"2022-04-08T16:01:04","date_gmt":"2022-04-08T19:32:46","guid":{"rendered":"https:\/\/www.technic-toys.com\/izdelek\/amxrock-cruiser-srebrno-siva-110-rtr\/"},"modified":"2022-08-01T12:45:09","modified_gmt":"2022-08-01T10:45:09","slug":"amxrock-cruiser-srebrno-siva-110-rtr","status":"publish","type":"product","link":"https:\/\/www.technic-toys.com\/hr\/proizvod\/amxrock-cruiser-srebrno-siva-110-rtr\/","title":{"rendered":"AMXRock Cruiser srebrno siva 1:10, RTR"},"content":{"rendered":"<p>Ova nova Amewi serija RTR gusjenica uklju\u010duje sve \u0161to vam je potrebno za puzanje! Visokokvalitetna oprema uparena sa vrhunskom tehnologijom kao \u0161to je vodootporni Hobbywing WP-1625 kontroler, za\u0161ti\u0107eni servo upravlja\u010da od 3 kg, baterija od 1500 mAh 7,2 V, fino podesiv prijemnik od 2,4 GHz i metalna \u0161asija upotpunjuju ovaj sjajan paket. Kontroler ima planinski prekid koji ga spre\u010dava da se kotrlja van puta. U vezi s mekim gumama visokog prianjanja i visokim klirensom od tla, ovo rezultira super po\u010detnim paketom u zanimljiv svijet gusjeni\u010dara i skalera. Vozilo ima izuzetna svojstva penjanja, a mogu\u0107i nagib \u010dini model vrhunskim terenskim proizvodom, koji ne ostavlja ni\u0161ta \u0161to se \u017eeli. Vozilo je tako\u0111e fabri\u010dki opremljeno LED sistemom osvetljenja V\/H. Cijela struktura modela ograni\u010dena je na osnovne stvari i stoga je idealna i za apsolutne po\u010detnike! Izgled modela baziran je na dobro poznatom Defenderu. Sve naljepnice su ve\u0107 pri\u010dvr\u0161\u0107ene. Samo baterija mora biti napunjena i predajnik opremljen baterijama, onda mo\u017eete po\u010deti! Tehni\u010dki podaci: Du\u017eina: 440 mm \u0160irina: 200 mm Visina: 245 mm Me\u0111uosovinsko rastojanje: 260 mm Razmak od tla: 65 mm Smanjenje prijenosa: 1:77 Baterija: 7.2VhAights. : Vozilo spremno za vo\u017enju 2.4GHz predajnik Baterija NiMH punja\u010d Uputstvo za upotrebu (njema\u010dki\/engleski) Potreban pribor 4x AA baterije za predajnik<\/p>\n","protected":false},"excerpt":{"rendered":"<p>Ova nova Amewi serija RTR gusjenica uklju\u010duje sve \u0161to vam je potrebno za puzanje! Visokokvalitetna oprema uparena sa vrhunskom tehnologijom kao \u0161to je vodootporni Hobbywing WP-1625 kontroler, za\u0161ti\u0107eni servo upravlja\u010da od 3 kg, baterija od 1500 mAh 7,2 V, fino podesiv prijemnik od 2,4 GHz i metalna \u0161asija upotpunjuju ovaj sjajan paket. Kontroler ima planinski [&hellip;]<\/p>\n","protected":false},"featured_media":11821,"template":"","meta":[],"product_cat":[514,515],"product_tag":[],"acf":[],"yoast_head":"<!-- This site is optimized with the Yoast SEO plugin v21.7 - https:\/\/yoast.com\/wordpress\/plugins\/seo\/ -->\n<title>AMXRock Cruiser srebrno siva 1:10, RTR - TECHNIC TOYS SHOP<\/title>\n<meta name=\"robots\" content=\"index, follow, max-snippet:-1, max-image-preview:large, max-video-preview:-1\" \/>\n<link rel=\"canonical\" href=\"https:\/\/www.technic-toys.com\/hr\/proizvod\/amxrock-cruiser-srebrno-siva-110-rtr\/\" \/>\n<meta property=\"og:locale\" content=\"hr_HR\" \/>\n<meta property=\"og:type\" content=\"article\" \/>\n<meta property=\"og:title\" content=\"AMXRock Cruiser srebrno siva 1:10, RTR - TECHNIC TOYS SHOP\" \/>\n<meta property=\"og:description\" content=\"Ova nova Amewi serija RTR gusjenica uklju\u010duje sve \u0161to vam je potrebno za puzanje! Visokokvalitetna oprema uparena sa vrhunskom tehnologijom kao \u0161to je vodootporni Hobbywing WP-1625 kontroler, za\u0161ti\u0107eni servo upravlja\u010da od 3 kg, baterija od 1500 mAh 7,2 V, fino podesiv prijemnik od 2,4 GHz i metalna \u0161asija upotpunjuju ovaj sjajan paket. Kontroler ima planinski [&hellip;]\" \/>\n<meta property=\"og:url\" content=\"https:\/\/www.technic-toys.com\/hr\/proizvod\/amxrock-cruiser-srebrno-siva-110-rtr\/\" \/>\n<meta property=\"og:site_name\" content=\"TECHNIC TOYS SHOP\" \/>\n<meta property=\"article:modified_time\" content=\"2022-08-01T10:45:09+00:00\" \/>\n<meta property=\"og:image\" content=\"https:\/\/www.technic-toys.com\/wp-content\/uploads\/2022\/04\/22335.jpg\" \/>\n\t<meta property=\"og:image:width\" content=\"1280\" \/>\n\t<meta property=\"og:image:height\" content=\"734\" \/>\n\t<meta property=\"og:image:type\" content=\"image\/jpeg\" \/>\n<meta name=\"twitter:card\" content=\"summary_large_image\" \/>\n<meta name=\"twitter:label1\" content=\"Procijenjeno vrijeme \u010ditanja\" \/>\n\t<meta name=\"twitter:data1\" content=\"1 minuta\" \/>\n<script type=\"application\/ld+json\" class=\"yoast-schema-graph\">{\"@context\":\"https:\/\/schema.org\",\"@graph\":[{\"@type\":\"WebPage\",\"@id\":\"https:\/\/www.technic-toys.com\/hr\/proizvod\/amxrock-cruiser-srebrno-siva-110-rtr\/\",\"url\":\"https:\/\/www.technic-toys.com\/hr\/proizvod\/amxrock-cruiser-srebrno-siva-110-rtr\/\",\"name\":\"AMXRock Cruiser srebrno siva 1:10, RTR - TECHNIC TOYS SHOP\",\"isPartOf\":{\"@id\":\"https:\/\/www.technic-toys.com\/en\/#website\"},\"datePublished\":\"2022-04-08T19:32:46+00:00\",\"dateModified\":\"2022-08-01T10:45:09+00:00\",\"breadcrumb\":{\"@id\":\"https:\/\/www.technic-toys.com\/hr\/proizvod\/amxrock-cruiser-srebrno-siva-110-rtr\/#breadcrumb\"},\"inLanguage\":\"hr\",\"potentialAction\":[{\"@type\":\"ReadAction\",\"target\":[\"https:\/\/www.technic-toys.com\/hr\/proizvod\/amxrock-cruiser-srebrno-siva-110-rtr\/\"]}]},{\"@type\":\"BreadcrumbList\",\"@id\":\"https:\/\/www.technic-toys.com\/hr\/proizvod\/amxrock-cruiser-srebrno-siva-110-rtr\/#breadcrumb\",\"itemListElement\":[{\"@type\":\"ListItem\",\"position\":1,\"name\":\"Domov\",\"item\":\"https:\/\/www.technic-toys.com\/hr\/\"},{\"@type\":\"ListItem\",\"position\":2,\"name\":\"Shop\",\"item\":\"https:\/\/www.technic-toys.com\/hr\/shop-2\/\"},{\"@type\":\"ListItem\",\"position\":3,\"name\":\"AMXRock Cruiser srebrno siva 1:10, RTR\"}]},{\"@type\":\"WebSite\",\"@id\":\"https:\/\/www.technic-toys.com\/en\/#website\",\"url\":\"https:\/\/www.technic-toys.com\/en\/\",\"name\":\"TECHNIC TOYS SHOP\",\"description\":\"\",\"potentialAction\":[{\"@type\":\"SearchAction\",\"target\":{\"@type\":\"EntryPoint\",\"urlTemplate\":\"https:\/\/www.technic-toys.com\/en\/?s={search_term_string}\"},\"query-input\":\"required name=search_term_string\"}],\"inLanguage\":\"hr\"}]}<\/script>\n<!-- \/ Yoast SEO plugin. -->","yoast_head_json":{"title":"AMXRock Cruiser srebrno siva 1:10, RTR - TECHNIC TOYS SHOP","robots":{"index":"index","follow":"follow","max-snippet":"max-snippet:-1","max-image-preview":"max-image-preview:large","max-video-preview":"max-video-preview:-1"},"canonical":"https:\/\/www.technic-toys.com\/hr\/proizvod\/amxrock-cruiser-srebrno-siva-110-rtr\/","og_locale":"hr_HR","og_type":"article","og_title":"AMXRock Cruiser srebrno siva 1:10, RTR - TECHNIC TOYS SHOP","og_description":"Ova nova Amewi serija RTR gusjenica uklju\u010duje sve \u0161to vam je potrebno za puzanje! Visokokvalitetna oprema uparena sa vrhunskom tehnologijom kao \u0161to je vodootporni Hobbywing WP-1625 kontroler, za\u0161ti\u0107eni servo upravlja\u010da od 3 kg, baterija od 1500 mAh 7,2 V, fino podesiv prijemnik od 2,4 GHz i metalna \u0161asija upotpunjuju ovaj sjajan paket. Kontroler ima planinski [&hellip;]","og_url":"https:\/\/www.technic-toys.com\/hr\/proizvod\/amxrock-cruiser-srebrno-siva-110-rtr\/","og_site_name":"TECHNIC TOYS SHOP","article_modified_time":"2022-08-01T10:45:09+00:00","og_image":[{"width":1280,"height":734,"url":"https:\/\/www.technic-toys.com\/wp-content\/uploads\/2022\/04\/22335.jpg","type":"image\/jpeg"}],"twitter_card":"summary_large_image","twitter_misc":{"Procijenjeno vrijeme \u010ditanja":"1 minuta"},"schema":{"@context":"https:\/\/schema.org","@graph":[{"@type":"WebPage","@id":"https:\/\/www.technic-toys.com\/hr\/proizvod\/amxrock-cruiser-srebrno-siva-110-rtr\/","url":"https:\/\/www.technic-toys.com\/hr\/proizvod\/amxrock-cruiser-srebrno-siva-110-rtr\/","name":"AMXRock Cruiser srebrno siva 1:10, RTR - TECHNIC TOYS SHOP","isPartOf":{"@id":"https:\/\/www.technic-toys.com\/en\/#website"},"datePublished":"2022-04-08T19:32:46+00:00","dateModified":"2022-08-01T10:45:09+00:00","breadcrumb":{"@id":"https:\/\/www.technic-toys.com\/hr\/proizvod\/amxrock-cruiser-srebrno-siva-110-rtr\/#breadcrumb"},"inLanguage":"hr","potentialAction":[{"@type":"ReadAction","target":["https:\/\/www.technic-toys.com\/hr\/proizvod\/amxrock-cruiser-srebrno-siva-110-rtr\/"]}]},{"@type":"BreadcrumbList","@id":"https:\/\/www.technic-toys.com\/hr\/proizvod\/amxrock-cruiser-srebrno-siva-110-rtr\/#breadcrumb","itemListElement":[{"@type":"ListItem","position":1,"name":"Domov","item":"https:\/\/www.technic-toys.com\/hr\/"},{"@type":"ListItem","position":2,"name":"Shop","item":"https:\/\/www.technic-toys.com\/hr\/shop-2\/"},{"@type":"ListItem","position":3,"name":"AMXRock Cruiser srebrno siva 1:10, RTR"}]},{"@type":"WebSite","@id":"https:\/\/www.technic-toys.com\/en\/#website","url":"https:\/\/www.technic-toys.com\/en\/","name":"TECHNIC TOYS SHOP","description":"","potentialAction":[{"@type":"SearchAction","target":{"@type":"EntryPoint","urlTemplate":"https:\/\/www.technic-toys.com\/en\/?s={search_term_string}"},"query-input":"required name=search_term_string"}],"inLanguage":"hr"}]}},"_links":{"self":[{"href":"https:\/\/www.technic-toys.com\/hr\/wp-json\/wp\/v2\/product\/19474"}],"collection":[{"href":"https:\/\/www.technic-toys.com\/hr\/wp-json\/wp\/v2\/product"}],"about":[{"href":"https:\/\/www.technic-toys.com\/hr\/wp-json\/wp\/v2\/types\/product"}],"wp:featuredmedia":[{"embeddable":true,"href":"https:\/\/www.technic-toys.com\/hr\/wp-json\/wp\/v2\/media\/11821"}],"wp:attachment":[{"href":"https:\/\/www.technic-toys.com\/hr\/wp-json\/wp\/v2\/media?parent=19474"}],"wp:term":[{"taxonomy":"product_cat","embeddable":true,"href":"https:\/\/www.technic-toys.com\/hr\/wp-json\/wp\/v2\/product_cat?post=19474"},{"taxonomy":"product_tag","embeddable":true,"href":"https:\/\/www.technic-toys.com\/hr\/wp-json\/wp\/v2\/product_tag?post=19474"}],"curies":[{"name":"wp","href":"https:\/\/api.w.org\/{rel}","templated":true}]}}